{"id":14398,"date":"2018-12-30T11:11:49","date_gmt":"2018-12-30T10:11:49","guid":{"rendered":"https:\/\/www.topohvar.at\/?page_id=14398"},"modified":"2021-11-12T15:58:54","modified_gmt":"2021-11-12T14:58:54","slug":"hv-in-11-1","status":"publish","type":"page","link":"https:\/\/www.topohvar.at\/topo\/orte\/hv\/hv-in-11-1\/","title":{"rendered":"HVAR &#8211; Natpis \u00bbNa Velikom Muntu\u00ab"},"content":{"rendered":"<p><a name=\"seite_oben\"><\/a><br \/>\n<img loading=\"lazy\" decoding=\"async\" class=\"alignnone wp-image-14380 size-large\" src=\"https:\/\/www.topohvar.at\/wp-content\/uploads\/2018\/12\/HV-IN-11-1-1024x503.jpg\" alt=\"\" width=\"640\" height=\"314\" srcset=\"https:\/\/www.topohvar.at\/wp-content\/uploads\/2018\/12\/HV-IN-11-1-1024x503.jpg 1024w, https:\/\/www.topohvar.at\/wp-content\/uploads\/2018\/12\/HV-IN-11-1-300x147.jpg 300w, https:\/\/www.topohvar.at\/wp-content\/uploads\/2018\/12\/HV-IN-11-1-768x377.jpg 768w, https:\/\/www.topohvar.at\/wp-content\/uploads\/2018\/12\/HV-IN-11-1.jpg 1080w\" sizes=\"auto, (max-width: 640px) 100vw, 640px\" \/><\/p>\n<p><strong>Ime \/ Name<br \/>\n<\/strong>Natpis \u00bbNa Velikom Muntu\u00ab \/ Inschrift bei Veli Munat<\/p>\n<p><strong>Code: <\/strong>HV-IN-11\u00a0 \u00a0 \u00a0 \u00a0 \u00a0 \u00a0 \u00a0 \u00a0 \u00a0 \u00a0 \u00a0 \u00a0 \u00a0 \u00a0 \u00a0 \u00a0 \u00a0 \u00a0 \u00a0<strong><a href=\"https:\/\/www.topohvar.at\/orte\/hv\/hv-in-03-1\/\"><img loading=\"lazy\" decoding=\"async\" class=\"alignnone wp-image-533 size-full\" src=\"https:\/\/www.topohvar.at\/wp-content\/uploads\/2018\/07\/push-l-30.jpg\" alt=\"\" width=\"61\" height=\"30\" \/><\/a> <a href=\"https:\/\/www.topohvar.at\/orte\/hv\/\"><img loading=\"lazy\" decoding=\"async\" class=\"alignnone wp-image-535 size-full\" src=\"https:\/\/www.topohvar.at\/wp-content\/uploads\/2018\/07\/push-o-30.jpg\" alt=\"\" width=\"61\" height=\"30\" \/><\/a> <a href=\"https:\/\/www.topohvar.at\/orte\/hv\/hv-in-01-1\/\"><img loading=\"lazy\" decoding=\"async\" class=\"alignnone wp-image-536 size-full\" src=\"https:\/\/www.topohvar.at\/wp-content\/uploads\/2018\/07\/push-r-30.jpg\" alt=\"\" width=\"61\" height=\"30\" \/><\/a>\u00a0<\/strong><\/p>\n<hr \/>\n<p><strong>Adresa \/ Adresse<br \/>\n<\/strong>Grad Hvar,\u00a0Ulica Jurja Novaka, Veli Munat<\/p>\n<p><strong>Lokacija<\/strong><strong> \/ Position<a href=\"https:\/\/goo.gl\/maps\/kMV1WiYP5TM4truJ9\"><img loading=\"lazy\" decoding=\"async\" class=\"alignright wp-image-15980\" src=\"https:\/\/www.topohvar.at\/wp-content\/uploads\/2019\/01\/1689.jpg\" alt=\"\" width=\"134\" height=\"100\" \/><\/a><br \/>\n<\/strong><span style=\"color: #3366ff;\"><a style=\"color: #3366ff;\" href=\"https:\/\/goo.gl\/maps\/kMV1WiYP5TM4truJ9\">Latitude: N 43,17195\u00b0\u00a0 \u00a0Longitude: E 16,44338\u00b0<\/a> <\/span><strong><br \/>\n<\/strong>Visina \/ H\u00f6he: 5 m<\/p>\n<p><strong>Katastarska \u010destica<\/strong><strong> \/ Grundst\u00fccke<br \/>\n<\/strong>401\/1<div class='content-column one_half'><div style=\"padding-right:6px;\"><p><strong>Datum snimanja \/ Erfassungsdatum<br \/>\n<\/strong>01.01.2000 00:00:00<\/p>\n<hr \/>\n<p><strong>Informacije<\/strong><\/p>\n<p>Preko ulice ju\u017eno uz Katedralu dva su vrta: Moli (zapadno, uz zvonarevu ku\u0107u) i Veli Munat isto\u010dnije. Isprva je, me\u0111utim, ovdje bilo groblje, kao i u cijeloj ,,veloj crikvi&#8220; i oko nje: na Malom Muntu nala\u017eeni su grobovi.<\/p><\/div><\/div><div class='content-column one_half last_column'><div style=\"padding-right:0px;padding-left:6px;\"><p><strong>Stupanj za\u0161tite<\/strong><strong> \/ Schutzstellung<br \/>\n<\/strong>&#8211;<\/p>\n<hr \/>\n<p><strong>Info<\/strong><\/p>\n<p>\u00dcber der Stra\u00dfe s\u00fcdlich der Kathedrale gibt es zwei G\u00e4rten: Moli-Munat (im Westen, neben dem Gl\u00f6cknerhaus) und Veli-Munat \u00f6stlich davon. Fr\u00fcher waren im ganzen Bereich um die Kathedrale Grabst\u00e4tten und auch in Moli-Munat wurden Gr\u00e4ber gefunden.<\/p><\/div><\/div><div class='clear_column'><\/div><div class='content-column one_half'><div style=\"padding-right:6px;\"><p>Od groblja na Muntu ima tek jedan vidljivi ostatak, skroman i dosad neuo\u010den, a to je ulomak kri\u017ea koji je neko\u0107 obilje\u017eavao ovo kr\u0161\u0107ansko pokapali\u0161te: gornji dio uzdu\u017ene kamene grede (84 x 15 x 16 cm), uzidan vodoravno na visini od 114 cm od plo\u010dnika ulice (ovdje u rijetko sa\u010duvanoj starinskoj &#8222;inkunjaduri&#8220; od &#8222;pisaka&#8220;, oblutaka), na samom zapadnom kraju ju\u017enoga podzida Velog Munta, uz ulicu sa stubama prema Sv. Mikuli, koja ga dijeli od &#8222;Molega&#8220; Munta<\/p><\/div><\/div><div class='content-column one_half last_column'><div style=\"padding-right:0px;padding-left:6px;\"><p>Vom diesem Friedhof auf Munat gibt es nur einen sichtbaren \u00dcberrest, bescheiden und unber\u00fchrt. Das Fragment des Kreuzes, das einst diesen christlichen Begr\u00e4bnisplatz markierte: der obere Teil des langen Steinbalkens (84 x 15 x 16 cm), horizontal eingemauert in einer H\u00f6hr von 114 cm \u00fcber dem hier selten erhaltenen alten Kopfsteinpflaster, am westlichen Ende der s\u00fcdlichen Sockelmauer von Veli Munat, entlang des Weges zur Stiege zum Friedhof der ihn von Moli Munat trennt.<\/p><\/div><\/div><div class='clear_column'><\/div><div class='content-column one_half'><div style=\"padding-right:6px;\"><p>Na natpisnoj plo\u010dici (odvojenoj tek tankim crtama) uko\u0161en je standardni Kristov titulus INRI (po\u010detno &#8222;I&#8220; je otpalo), u lijepoj kapitali (visina slova 6 cm, odvojena uobi\u010dajenim trokutastim zaporkama). Vjerojatna datacija: oko 1600. g.<\/p><\/div><\/div><div class='content-column one_half last_column'><div style=\"padding-right:0px;padding-left:6px;\"><p>Auf dem Schild (durch d\u00fcnne Linien getrennt) stehen die Christus-Initialen INRI (das Anfangs-I fehlt), in feinem Gro\u00dfbuchstaben (6 cm hoch, durch dreieckige Kerben getrennt). Vermutliche Datierung: um 1600.<\/p><\/div><\/div><div class='clear_column'><\/div><\/p>\n<p style=\"text-align: right;\"><span style=\"color: #3366ff;\"><a style=\"color: #3366ff;\" href=\"#seite_oben\">natrag na vrh \/ Seitenanfang<\/a><\/span><\/p>\n<p style=\"text-align: center;\"><em>(Jo\u0161ko Kova\u010di\u0107, Kruvenica br. 12)<\/em><\/p>\n<hr \/>\n<p><strong>Linkovi \/ Links<\/strong><\/p>\n<p><span style=\"color: #3366ff;\">&#8211;<\/span><\/p>\n","protected":false},"excerpt":{"rendered":"<p>Ime \/ Name Natpis \u00bbNa Velikom Muntu\u00ab \/ Inschrift bei Veli Munat Code: HV-IN-11\u00a0 \u00a0 \u00a0 \u00a0 \u00a0 \u00a0 \u00a0 \u00a0 \u00a0 \u00a0 \u00a0 \u00a0 \u00a0 \u00a0 \u00a0 \u00a0 \u00a0 \u00a0 \u00a0 \u00a0 Adresa \/ Adresse Grad Hvar,\u00a0Ulica Jurja Novaka, &hellip; <a href=\"https:\/\/www.topohvar.at\/topo\/orte\/hv\/hv-in-11-1\/\">Weiterlesen <span class=\"meta-nav\">&rarr;<\/span><\/a><\/p>\n","protected":false},"author":1,"featured_media":0,"parent":80,"menu_order":0,"comment_status":"closed","ping_status":"closed","template":"","meta":{"footnotes":""},"class_list":["post-14398","page","type-page","status-publish","hentry"],"_links":{"self":[{"href":"https:\/\/www.topohvar.at\/topo\/wp-json\/wp\/v2\/pages\/14398","targetHints":{"allow":["GET"]}}],"collection":[{"href":"https:\/\/www.topohvar.at\/topo\/wp-json\/wp\/v2\/pages"}],"about":[{"href":"https:\/\/www.topohvar.at\/topo\/wp-json\/wp\/v2\/types\/page"}],"author":[{"embeddable":true,"href":"https:\/\/www.topohvar.at\/topo\/wp-json\/wp\/v2\/users\/1"}],"replies":[{"embeddable":true,"href":"https:\/\/www.topohvar.at\/topo\/wp-json\/wp\/v2\/comments?post=14398"}],"version-history":[{"count":8,"href":"https:\/\/www.topohvar.at\/topo\/wp-json\/wp\/v2\/pages\/14398\/revisions"}],"predecessor-version":[{"id":53460,"href":"https:\/\/www.topohvar.at\/topo\/wp-json\/wp\/v2\/pages\/14398\/revisions\/53460"}],"up":[{"embeddable":true,"href":"https:\/\/www.topohvar.at\/topo\/wp-json\/wp\/v2\/pages\/80"}],"wp:attachment":[{"href":"https:\/\/www.topohvar.at\/topo\/wp-json\/wp\/v2\/media?parent=14398"}],"curies":[{"name":"wp","href":"https:\/\/api.w.org\/{rel}","templated":true}]}}