{"id":14402,"date":"2018-12-30T11:16:06","date_gmt":"2018-12-30T10:16:06","guid":{"rendered":"https:\/\/www.topohvar.at\/?page_id=14402"},"modified":"2021-11-12T16:00:45","modified_gmt":"2021-11-12T15:00:45","slug":"hv-in-02-1","status":"publish","type":"page","link":"https:\/\/www.topohvar.at\/topo\/orte\/hv\/hv-in-02-1\/","title":{"rendered":"HVAR &#8211; Natpis \u00bbIESU CHSTE TIBI SOLI GLORIA\u00ab"},"content":{"rendered":"<p><a name=\"seite_oben\"><\/a><br \/>\n<img loading=\"lazy\" decoding=\"async\" class=\"alignnone wp-image-14372 size-large\" src=\"https:\/\/www.topohvar.at\/wp-content\/uploads\/2018\/12\/HV-IN-02-1-1024x503.jpg\" alt=\"\" width=\"640\" height=\"314\" srcset=\"https:\/\/www.topohvar.at\/wp-content\/uploads\/2018\/12\/HV-IN-02-1-1024x503.jpg 1024w, https:\/\/www.topohvar.at\/wp-content\/uploads\/2018\/12\/HV-IN-02-1-300x147.jpg 300w, https:\/\/www.topohvar.at\/wp-content\/uploads\/2018\/12\/HV-IN-02-1-768x377.jpg 768w, https:\/\/www.topohvar.at\/wp-content\/uploads\/2018\/12\/HV-IN-02-1.jpg 1080w\" sizes=\"auto, (max-width: 640px) 100vw, 640px\" \/><\/p>\n<p><strong>Ime \/ Name<br \/>\n<\/strong>Natpis \u00bbIESU CHSTE TIBI SOLI GLORIA\u00ab \/ Inschrift &#8211;\u00a0Jesus Christus, dir allein geb\u00fchrt Ehre<\/p>\n<p><strong>Code: <\/strong>HV-IN-02\u00a0 \u00a0 \u00a0 \u00a0 \u00a0 \u00a0 \u00a0 \u00a0 \u00a0 \u00a0 \u00a0 \u00a0 \u00a0 \u00a0 \u00a0 \u00a0 \u00a0 \u00a0 \u00a0<strong><a href=\"https:\/\/www.topohvar.at\/orte\/hv\/hv-in-01-1\/\"><img loading=\"lazy\" decoding=\"async\" class=\"alignnone wp-image-533 size-full\" src=\"https:\/\/www.topohvar.at\/wp-content\/uploads\/2018\/07\/push-l-30.jpg\" alt=\"\" width=\"61\" height=\"30\" \/><\/a> <a href=\"https:\/\/www.topohvar.at\/orte\/hv\/\"><img loading=\"lazy\" decoding=\"async\" class=\"alignnone wp-image-535 size-full\" src=\"https:\/\/www.topohvar.at\/wp-content\/uploads\/2018\/07\/push-o-30.jpg\" alt=\"\" width=\"61\" height=\"30\" \/><\/a> <a href=\"https:\/\/www.topohvar.at\/orte\/hv\/hv-in-04-1\/\"><img loading=\"lazy\" decoding=\"async\" class=\"alignnone wp-image-536 size-full\" src=\"https:\/\/www.topohvar.at\/wp-content\/uploads\/2018\/07\/push-r-30.jpg\" alt=\"\" width=\"61\" height=\"30\" \/><\/a>\u00a0<\/strong><\/p>\n<hr \/>\n<p><strong>Adresa \/ Adresse<br \/>\n<\/strong>Grad Hvar,\u00a0Ulica Matija Ivani\u0107a 13<\/p>\n<p><strong>Lokacija<\/strong><strong> \/ Position<a href=\"https:\/\/goo.gl\/maps\/VVBhRebnuaJrXK19A\"><img loading=\"lazy\" decoding=\"async\" class=\"alignright wp-image-15989\" src=\"https:\/\/www.topohvar.at\/wp-content\/uploads\/2019\/01\/0261.jpg\" alt=\"\" width=\"134\" height=\"100\" \/><\/a><br \/>\n<\/strong><span style=\"color: #3366ff;\"><a style=\"color: #3366ff;\" href=\"https:\/\/goo.gl\/maps\/VVBhRebnuaJrXK19A\">Latitude: N 43,17330\u00b0\u00a0 \u00a0Longitude: E 16,44139\u00b0<\/a> <\/span><strong><br \/>\n<\/strong>Visina \/ H\u00f6he: 22 m<\/p>\n<p><strong>Katastarska \u010destica<\/strong><strong> \/ Grundst\u00fccke<br \/>\n<\/strong>*64, 223\/2<div class='content-column one_half'><div style=\"padding-right:6px;\"><p><strong>Datum snimanja \/ Erfassungsdatum<br \/>\n<\/strong>13.02.2015 12:16:31<\/p>\n<hr \/>\n<p><strong>Informacije<\/strong><\/p>\n<p>Na ulaz u vrt sa sjevera renesansni portal s pobo\u017enim natpisom u kapitali:<\/p><\/div><\/div><div class='content-column one_half last_column'><div style=\"padding-right:0px;padding-left:6px;\"><p><strong>Stupanj za\u0161tite<\/strong><strong> \/ Schutzstellung<br \/>\n<\/strong>&#8211;<\/p>\n<hr \/>\n<p><strong>Info<\/strong><\/p>\n<p>Der n\u00f6rdliche Eingang in den Garten hat ein Renaissanceportal mit der frommen Inschrift am T\u00fcrsturz:<\/p><\/div><\/div><div class='clear_column'><\/div><\/p>\n<p style=\"text-align: center;\">IESV\u2022CH(Ri)STE\u2022TIBI\u2022SOLI\u2022GLORJA<\/p>\n<div class='content-column one_half'><div style=\"padding-right:6px;\"><p>(= Isuse Kriste, ti zaslu\u017euje\u0161 samo \u010dast)<\/p><\/div><\/div><div class='content-column one_half last_column'><div style=\"padding-right:0px;padding-left:6px;\"><p>(= Jesus Christus, dir allein geb\u00fchrt Ehre)<\/p><\/div><\/div><div class='clear_column'><\/div><div class='content-column one_half'><div style=\"padding-right:6px;\"><p>Na Goljavi jugozapadna od gradskih vrata ima ku\u0107a koja je regra\u0111ena vjerojatno u ovo vrijeme. Stariji dijelovi imaju plo\u0161ne, vjerojatno renesansne otvore iz 16 st.<\/p><\/div><\/div><div class='content-column one_half last_column'><div style=\"padding-right:0px;padding-left:6px;\"><p>In Golja, s\u00fcdwestlich des Stadttores befindet sich ein Haus, das wahrscheinlich zu dieser Zeit wieder aufgebaut wurde. Die \u00e4lteren Teile haben flache, wahrscheinlich Renaissance-\u00d6ffnungen aus dem 16. Jahrhundert.<\/p><\/div><\/div><div class='clear_column'><\/div><div class='content-column one_half'><div style=\"padding-right:6px;\"><p>Oko 1700. ku\u0107a je nadogra\u0111ena za oko 3 m prema jugu i dobila na toj strani mali barokni balkon (\u201epergul&#8220;) s odgovaraju\u0107im prozorima (ovo je pro\u010delje gotovo posve zakrilo novo zdanje hotela \u201ePalace\u201c), a sa zapada trijem s \u010detiri luka na stupovima i bucelom zdenca gdje je lo\u0161e klesani grb s uspravljenim medvjedom koji dr\u017ei i\u0161\u010dupana stablo, o\u010dito \u201estemma parlante\u201c podizatelja, obitelji Bervaldi.<\/p><\/div><\/div><div class='content-column one_half last_column'><div style=\"padding-right:0px;padding-left:6px;\"><p>Um 1700 wird das Haus um etwa 3 Meter gegen S\u00fcden erh\u00f6ht und erh\u00e4lt auf der Seite einen kleinen barocken Balkon und entsprechende Fenster (das ist die Front die durch das Geb\u00e4ude des Hotel &#8222;Palast&#8220; fast verdeckt wird). Auf der Westseite gibt es eine Vorhalle mit vier B\u00f6gen auf den S\u00e4ulen und einem Busch einer Scheune mit einem schlecht gestalteten Wappen mit einem aufrechten B\u00e4ren, der einen versunkenen Baum h\u00e4lt, offensichtlich das &#8222;Wappen&#8220; des Sch\u00f6pfers, die Familie Bervaldi.<\/p><\/div><\/div><div class='clear_column'><\/div><\/p>\n<p style=\"text-align: right;\"><span style=\"color: #3366ff;\"><a style=\"color: #3366ff;\" href=\"#seite_oben\">natrag na vrh \/ Seitenanfang<\/a><\/span><\/p>\n<hr \/>\n<p><strong>Linkovi \/ Links<\/strong><\/p>\n<p><span style=\"color: #3366ff;\"><a style=\"color: #3366ff;\" href=\"https:\/\/www.topohvar.at\/orte\/hv\/hv-tg-93-1\/\">Ku\u0107a \u00bbBiv\u0161ia ku\u0107a Bervaldi\u00ab \/ ehemaliges Haus Bervaldi<\/a><\/span><br \/>\n<span style=\"color: #3366ff;\"><a style=\"color: #3366ff;\" href=\"https:\/\/www.topohvar.at\/orte\/hv\/hv-op-21-1\/\">Gustirna s grbom Bervaldi \/ Zisterne mit dem Wappen der Bervaldi<\/a><\/span><\/p>\n","protected":false},"excerpt":{"rendered":"<p>Ime \/ Name Natpis \u00bbIESU CHSTE TIBI SOLI GLORIA\u00ab \/ Inschrift &#8211;\u00a0Jesus Christus, dir allein geb\u00fchrt Ehre Code: HV-IN-02\u00a0 \u00a0 \u00a0 \u00a0 \u00a0 \u00a0 \u00a0 \u00a0 \u00a0 \u00a0 \u00a0 \u00a0 \u00a0 \u00a0 \u00a0 \u00a0 \u00a0 \u00a0 \u00a0 \u00a0 Adresa \/ &hellip; <a href=\"https:\/\/www.topohvar.at\/topo\/orte\/hv\/hv-in-02-1\/\">Weiterlesen <span class=\"meta-nav\">&rarr;<\/span><\/a><\/p>\n","protected":false},"author":1,"featured_media":0,"parent":80,"menu_order":0,"comment_status":"closed","ping_status":"closed","template":"","meta":{"footnotes":""},"class_list":["post-14402","page","type-page","status-publish","hentry"],"_links":{"self":[{"href":"https:\/\/www.topohvar.at\/topo\/wp-json\/wp\/v2\/pages\/14402","targetHints":{"allow":["GET"]}}],"collection":[{"href":"https:\/\/www.topohvar.at\/topo\/wp-json\/wp\/v2\/pages"}],"about":[{"href":"https:\/\/www.topohvar.at\/topo\/wp-json\/wp\/v2\/types\/page"}],"author":[{"embeddable":true,"href":"https:\/\/www.topohvar.at\/topo\/wp-json\/wp\/v2\/users\/1"}],"replies":[{"embeddable":true,"href":"https:\/\/www.topohvar.at\/topo\/wp-json\/wp\/v2\/comments?post=14402"}],"version-history":[{"count":9,"href":"https:\/\/www.topohvar.at\/topo\/wp-json\/wp\/v2\/pages\/14402\/revisions"}],"predecessor-version":[{"id":53462,"href":"https:\/\/www.topohvar.at\/topo\/wp-json\/wp\/v2\/pages\/14402\/revisions\/53462"}],"up":[{"embeddable":true,"href":"https:\/\/www.topohvar.at\/topo\/wp-json\/wp\/v2\/pages\/80"}],"wp:attachment":[{"href":"https:\/\/www.topohvar.at\/topo\/wp-json\/wp\/v2\/media?parent=14402"}],"curies":[{"name":"wp","href":"https:\/\/api.w.org\/{rel}","templated":true}]}}