{"id":14409,"date":"2018-12-30T17:37:12","date_gmt":"2018-12-30T16:37:12","guid":{"rendered":"https:\/\/www.topohvar.at\/?page_id=14409"},"modified":"2025-05-22T17:23:08","modified_gmt":"2025-05-22T15:23:08","slug":"hv-ip-08-1","status":"publish","type":"page","link":"https:\/\/www.topohvar.at\/topo\/orte\/hv\/hv-ip-08-1\/","title":{"rendered":"HVAR &#8211; Informativna plo\u010da \u00bbBicikloturisti\u010dka ruta Hvar &#8211; Vira (1)\u00ab"},"content":{"rendered":"<p><a name=\"seite_oben\"><\/a><br \/>\n<img loading=\"lazy\" decoding=\"async\" class=\"alignnone wp-image-14418 size-large\" src=\"https:\/\/www.topohvar.at\/wp-content\/uploads\/2018\/12\/hv-ip-08-1-1024x503.jpg\" alt=\"\" width=\"640\" height=\"314\" srcset=\"https:\/\/www.topohvar.at\/wp-content\/uploads\/2018\/12\/hv-ip-08-1-1024x503.jpg 1024w, https:\/\/www.topohvar.at\/wp-content\/uploads\/2018\/12\/hv-ip-08-1-300x147.jpg 300w, https:\/\/www.topohvar.at\/wp-content\/uploads\/2018\/12\/hv-ip-08-1-768x377.jpg 768w, https:\/\/www.topohvar.at\/wp-content\/uploads\/2018\/12\/hv-ip-08-1.jpg 1080w\" sizes=\"auto, (max-width: 640px) 100vw, 640px\" \/><\/p>\n<p><strong>Ime \/ Name<br \/>\n<\/strong>Informativna plo\u010da \u00bbBicikloturisti\u010dka ruta Hvar &#8211; Vira (1)\u00ab \/ Infotafel &#8211; Radroute Hvar &#8211; Vir (1)<\/p>\n<p><strong>Code: <\/strong>HV-IP-08\u00a0 \u00a0 \u00a0 \u00a0 \u00a0 \u00a0 \u00a0 \u00a0 \u00a0 \u00a0 \u00a0 \u00a0 \u00a0 \u00a0 \u00a0 \u00a0 \u00a0 \u00a0\u00a0<a href=\"https:\/\/www.topohvar.at\/hv-is-37-1\/\"><img loading=\"lazy\" decoding=\"async\" class=\"alignnone wp-image-12300 size-full\" src=\"https:\/\/www.topohvar.at\/wp-content\/uploads\/2018\/09\/push-vor-30.jpg\" alt=\"\" width=\"61\" height=\"30\" \/><\/a>\u00a0<strong><a href=\"https:\/\/www.topohvar.at\/orte\/hv\/hv-ip-17-1\/\"><img loading=\"lazy\" decoding=\"async\" class=\"alignnone wp-image-533 size-full\" src=\"https:\/\/www.topohvar.at\/wp-content\/uploads\/2018\/07\/push-l-30.jpg\" alt=\"\" width=\"61\" height=\"30\" \/><\/a> <a href=\"https:\/\/www.topohvar.at\/orte\/hv\/\"><img loading=\"lazy\" decoding=\"async\" class=\"alignnone wp-image-535 size-full\" src=\"https:\/\/www.topohvar.at\/wp-content\/uploads\/2018\/07\/push-o-30.jpg\" alt=\"\" width=\"61\" height=\"30\" \/><\/a> <a href=\"https:\/\/www.topohvar.at\/orte\/hv\/hv-ip-13-2\/\"><img loading=\"lazy\" decoding=\"async\" class=\"alignnone wp-image-536 size-full\" src=\"https:\/\/www.topohvar.at\/wp-content\/uploads\/2018\/07\/push-r-30.jpg\" alt=\"\" width=\"61\" height=\"30\" \/><\/a>\u00a0<a href=\"https:\/\/www.topohvar.at\/hv-is-37-1\/\"><img loading=\"lazy\" decoding=\"async\" class=\"alignnone wp-image-12299 size-full\" src=\"https:\/\/www.topohvar.at\/wp-content\/uploads\/2018\/09\/push-next-30.jpg\" alt=\"\" width=\"61\" height=\"30\" \/><\/a><\/strong><\/p>\n<hr \/>\n<p><strong>Adresa \/ Adresse<br \/>\n<\/strong>Hvar, cesta na Vira<\/p>\n<p><strong>Lokacija<\/strong><strong> \/ Position<a href=\"https:\/\/goo.gl\/maps\/dCnenhxdcaGhF9Li7\"><img loading=\"lazy\" decoding=\"async\" class=\"alignright wp-image-15996\" src=\"https:\/\/www.topohvar.at\/wp-content\/uploads\/2019\/01\/1433.jpg\" alt=\"\" width=\"133\" height=\"100\" \/><\/a><br \/>\n<\/strong><span style=\"color: #3366ff;\"><a style=\"color: #3366ff;\" href=\"https:\/\/goo.gl\/maps\/dCnenhxdcaGhF9Li7\">Latitude: N 43,17596\u00b0\u00a0 \u00a0Longitude: E 16,43867\u00b0<\/a> <\/span><strong><br \/>\n<\/strong>Visina \/ H\u00f6he: 99 m<\/p>\n<p><strong>Katastarska \u010destica<\/strong><strong> \/ Grundst\u00fccke<br \/>\n<\/strong>9\/2<div class='content-column one_half'><div style=\"padding-right:6px;\"><p><strong>Datum snimanja \/ Erfassungsdatum<br \/>\n<\/strong>21.02.2017 14:13:37<\/p>\n<hr \/>\n<p><strong>Informacije<\/strong><\/p>\n<p>Vo\u017enja biciklom ovom rutom povremeno zahtjeva ve\u0107i fizi\u010dki napor te se smatra srednje te\u0161kom rutom. Pogodna je za sve vrste bicikala, a ujedno je poveznica sa obilaskom tvr\u0111ave \u0160panjola.<\/p><\/div><\/div><div class='content-column one_half last_column'><div style=\"padding-right:0px;padding-left:6px;\"><p><strong>Stupanj za\u0161tite<\/strong><strong> \/ Schutzstellung<br \/>\n<\/strong>&#8211;<\/p>\n<hr \/>\n<p><strong>Info<\/strong><\/p>\n<p>Diese Route erfordert gelegentlich gr\u00f6\u00dfere k\u00f6rperliche Anstrengungen und gilt als mittelschwere Route. Sie eignet sich f\u00fcr alle Arten von Fahrr\u00e4dern und ist auch gut mit einem Besuch der Festung Spanjola zu verbinden.<\/p><\/div><\/div><div class='clear_column'><\/div><div class='content-column one_half'><div style=\"padding-right:6px;\"><p>Cijela povr\u0161ina pokrivena je asfaltom. Osim tijekom sezone (srpanj i kolovoz), motorni promet je malog inteziteta.<\/p>\n<p>Osnovni podaci o ruti:<br \/>\nDu\u017eina rute: 4030 m<br \/>\nPodloga &#8211; asfalt<br \/>\nVisinska razlika -120 m<br \/>\nSrednje te\u0161ka ruta<\/p><\/div><\/div><div class='content-column one_half last_column'><div style=\"padding-right:0px;padding-left:6px;\"><p>Die Strecke ist vollst\u00e4ndig asphaltiert. Au\u00dferhalb der Saison (Juli und August) ist der Autoverkehr von geringer Intensit\u00e4t.<\/p>\n<p>Grundlegende Strecken-Informationen:<br \/>\nStreckenl\u00e4nge: 4030 m<br \/>\nOberfl\u00e4che &#8211; Asphalt<br \/>\nH\u00f6henunterschied -120 m<br \/>\nMittelschwere Route<\/p><\/div><\/div><div class='clear_column'><\/div><div class='content-column one_half'><div style=\"padding-right:6px;\"><p>Natpis na plo\u010du:<\/p>\n<p>Srednje te\u0161ka ruta (povremeno zahtjeva ve\u0107i fizi\u010dki napot), pogodna je za sve vrste bicikala, a cijelom povr\u0161inom asfaltom.<\/p><\/div><\/div><div class='content-column one_half last_column'><div style=\"padding-right:0px;padding-left:6px;\"><p>Tafeltext:<\/p>\n<p>Die mittelschwere Route (die gelegentlich gr\u00f6\u00dfere k\u00f6rperliche Anstrengung erfordert) eignet sich f\u00fcr alle Arten von Fahrr\u00e4dern und ist zur G\u00e4nze asphaltiert.<\/p><\/div><\/div><div class='clear_column'><\/div><div class='content-column one_half'><div style=\"padding-right:6px;\"><p>Od grada Hvara ide se odvojkom ceste iza povijesne hvarske tvr\u0111ave Fortice do visoravni Rudina gdje se s ju\u017ene strane ceste nalazi helidrom, a sjeverno vidikovac Smokovnik. Zgrada stra\u017earske vojarne iz 1833.g. preure\u0111ena je u danas renomirani restoran \u201ePanorama\u201c. Uz dio ceste s ju\u017ene strane vidljiv je sa\u010duvani potez napoleonskog puta Vira grad iz 1813.g.<\/p><\/div><\/div><div class='content-column one_half last_column'><div style=\"padding-right:0px;padding-left:6px;\"><p>Von der Stadt Hvar f\u00fchrt die Stra\u00dfe vorbei an der historischen Festung der Stadt Hvar (Fortica) bis zur Hochebene Rudina, wo sich s\u00fcdlich der Stra\u00dfe ein Hubschrauberplatz befindet, und man n\u00f6rdlich Smokovnik sieht, eine ehemalige Wachkaserne aus dem Jahr 1833 und danach in das renommierte Restaurant &#8222;Panorama&#8220; umgebaut. Entlang eines Teils der Stra\u00dfe ist s\u00fcdlich ist ein Denkmal aus napoleonischer Zeit, die Stra\u00dfe Vira aus dem Jahr 1813 erhalten.<\/p><\/div><\/div><div class='clear_column'><\/div><div class='content-column one_half'><div style=\"padding-right:6px;\"><p>Zatim se spu\u0161ta do uvale Vira (Sokolica), ina\u010de jo\u0161 od pretpovijesi sjeverne luke grada Hvara. O tome svjedo\u010di i skupina pretpovijesnih kamenih grobnih gomila (tumulusa) u blizini auto-kampa \u201eVira\u201c. U samoj uvali, koja je danas ribarska luka grada Hvara, nalazi se ostaci crkvice Gospe od Ru\u017earija iz 1596.g. i biskupskog ljetnikovca iz 17-18-st., te sa\u010duvani primjerak vapnenice, gra\u0111evine oto\u010dke tradicijske arhitekture.<\/p><\/div><\/div><div class='content-column one_half last_column'><div style=\"padding-right:0px;padding-left:6px;\"><p>Dann geht es hinunter in die Bucht Vira (Sokolica), seit pr\u00e4historischer Zeit der n\u00f6rdlichen Hafen von Hvar. Dies zeigt eine Gruppe pr\u00e4historischer H\u00fcgelgr\u00e4ber (Tumuli) in der N\u00e4he des Autocamps &#8222;Vira&#8220;. In der Bucht, die heute der Fischerhafen von Hvar ist, befinden sich \u00dcberreste der Kirche Unserer Lieben Frau vom Rosenkranz aus dem Jahr 1596, eine bisch\u00f6fliche Sommerresidenz aus dem 17.-18. Jahrhundert und eine erhaltene Kopie eines Kalkofens, ein Geb\u00e4ude traditioneller Inselarchitektur.<\/p><\/div><\/div><div class='clear_column'><\/div><div class='content-column one_half'><div style=\"padding-right:6px;\"><p>Odmorizi se mo\u017ee u uvali, a osobito na prelijepom vidikovcu Smokovnik, u restoranu \u201ePanorama\u201c. Tako\u0111er u povratku i na hvarskoj Fortici kod obli\u017enje, ju\u017eno blizu ceste, te crkve Gospe Kruvenice iz 15.-16. Stolje\u010da,l s lijepim pogledom na grad.<\/p><\/div><\/div><div class='content-column one_half last_column'><div style=\"padding-right:0px;padding-left:6px;\"><p>Sie k\u00f6nnen sich in der Bucht und vor allem bei einer sch\u00f6nen Aussicht auf Smokovnik im Restaurant &#8222;Panorama&#8220; entspannen. Auch bei der R\u00fcckkehr nach Hvar in der Fortica und von dort in der N\u00e4he,\u00a0s\u00fcdlich der Stra\u00dfe bei dir Kirche der Gottesmutter von Kruvenica aus den 15.-16. Jh. mit einem sch\u00f6nen Blick auf die Stadt.<\/p><\/div><\/div><div class='clear_column'><\/div><\/p>\n<p style=\"text-align: right;\"><span style=\"color: #3366ff;\"><a style=\"color: #3366ff;\" href=\"#seite_oben\">natrag na vrh \/ Seitenanfang<\/a><\/span><\/p>\n<hr \/>\n<p><strong>Linkovi \/ Links<\/strong><\/p>\n<p><span style=\"color: #3366ff;\"><a style=\"color: #3366ff;\" href=\"https:\/\/www.topohvar.at\/topo\/orte\/hv\/hv-pu-12-1\/\">Objekt \u00bbBiciklisti\u010dka ruta Hvar &#8211; Vira\u00ab \/ Radroute Hvar &#8211; Vira<\/a><br \/>\n<a style=\"color: #3366ff;\" href=\"https:\/\/www.topohvar.at\/orte\/hv\/hv-td-10-1\/\">Utvrda Fortica \/ Festung Fortica<\/a><\/span><br \/>\n<span style=\"color: #3366ff;\"><a style=\"color: #3366ff;\" href=\"https:\/\/www.topohvar.at\/orte\/hv\/hv-td-16-1\/\">Biv\u0161i vojni promatranje \/ ehemaliger milit\u00e4rischer Beobachtungspunkt Smokovnik<\/a><\/span><br \/>\n<a href=\"https:\/\/www.topohvar.at\/orte\/hv\/hv-po-04-1\/\"><span style=\"color: #3366ff;\">Prapovijesne gomile \/ Pr\u00e4historische H\u00fcgelgr\u00e4ber<\/span><\/a><br \/>\n<span style=\"color: #3366ff;\"><a style=\"color: #3366ff;\" href=\"https:\/\/www.topohvar.at\/orte\/hv\/hv-ck-06-1\/\">Crkvica Gospe od Ru\u017earija \/ Kirche der Muttergottes vom Rosenkranz<\/a><\/span><br \/>\n<span style=\"color: #3366ff;\"><a style=\"color: #3366ff;\" href=\"https:\/\/www.topohvar.at\/orte\/hv\/hv-tg-82-1\/\">Ljetnikovac biskupskog ljetnikovca \/ Bisch\u00f6fliche Sommerresidenz<\/a><\/span><br \/>\n<span style=\"color: #3366ff;\"><a style=\"color: #3366ff;\" href=\"https:\/\/www.topohvar.at\/orte\/hv\/hv-ob-01-1\/\">Vapnenica \/ Kalkofen<\/a><\/span><br \/>\n<span style=\"color: #3366ff;\"><a style=\"color: #3366ff;\" href=\"https:\/\/www.topohvar.at\/orte\/hv\/hv-ck-04-1\/\">Crkvica \u00bbGospa Kruvenica\u00ab \/ Kirche &#8211; Unsere liebe Frau Krunevica<\/a><\/span><\/p>\n","protected":false},"excerpt":{"rendered":"<p>Ime \/ Name Informativna plo\u010da \u00bbBicikloturisti\u010dka ruta Hvar &#8211; Vira (1)\u00ab \/ Infotafel &#8211; Radroute Hvar &#8211; Vir (1) Code: HV-IP-08\u00a0 \u00a0 \u00a0 \u00a0 \u00a0 \u00a0 \u00a0 \u00a0 \u00a0 \u00a0 \u00a0 \u00a0 \u00a0 \u00a0 \u00a0 \u00a0 \u00a0 \u00a0\u00a0\u00a0 \u00a0 Adresa &hellip; <a href=\"https:\/\/www.topohvar.at\/topo\/orte\/hv\/hv-ip-08-1\/\">Weiterlesen <span class=\"meta-nav\">&rarr;<\/span><\/a><\/p>\n","protected":false},"author":1,"featured_media":0,"parent":80,"menu_order":0,"comment_status":"closed","ping_status":"closed","template":"","meta":{"footnotes":""},"class_list":["post-14409","page","type-page","status-publish","hentry"],"_links":{"self":[{"href":"https:\/\/www.topohvar.at\/topo\/wp-json\/wp\/v2\/pages\/14409","targetHints":{"allow":["GET"]}}],"collection":[{"href":"https:\/\/www.topohvar.at\/topo\/wp-json\/wp\/v2\/pages"}],"about":[{"href":"https:\/\/www.topohvar.at\/topo\/wp-json\/wp\/v2\/types\/page"}],"author":[{"embeddable":true,"href":"https:\/\/www.topohvar.at\/topo\/wp-json\/wp\/v2\/users\/1"}],"replies":[{"embeddable":true,"href":"https:\/\/www.topohvar.at\/topo\/wp-json\/wp\/v2\/comments?post=14409"}],"version-history":[{"count":24,"href":"https:\/\/www.topohvar.at\/topo\/wp-json\/wp\/v2\/pages\/14409\/revisions"}],"predecessor-version":[{"id":72291,"href":"https:\/\/www.topohvar.at\/topo\/wp-json\/wp\/v2\/pages\/14409\/revisions\/72291"}],"up":[{"embeddable":true,"href":"https:\/\/www.topohvar.at\/topo\/wp-json\/wp\/v2\/pages\/80"}],"wp:attachment":[{"href":"https:\/\/www.topohvar.at\/topo\/wp-json\/wp\/v2\/media?parent=14409"}],"curies":[{"name":"wp","href":"https:\/\/api.w.org\/{rel}","templated":true}]}}