{"id":14428,"date":"2018-12-30T17:52:47","date_gmt":"2018-12-30T16:52:47","guid":{"rendered":"https:\/\/www.topohvar.at\/?page_id=14428"},"modified":"2021-11-12T16:10:23","modified_gmt":"2021-11-12T15:10:23","slug":"hv-ip-07-1","status":"publish","type":"page","link":"https:\/\/www.topohvar.at\/topo\/orte\/hv\/hv-ip-07-1\/","title":{"rendered":"HVAR &#8211; Informativna plo\u010da \u00bbPark dr. Josipa Avelinija\u00ab"},"content":{"rendered":"<p><a name=\"seite_oben\"><\/a><br \/>\n<img loading=\"lazy\" decoding=\"async\" class=\"alignnone wp-image-14417 size-large\" src=\"https:\/\/www.topohvar.at\/wp-content\/uploads\/2018\/12\/hv-ip-07-1-1024x503.jpg\" alt=\"\" width=\"640\" height=\"314\" srcset=\"https:\/\/www.topohvar.at\/wp-content\/uploads\/2018\/12\/hv-ip-07-1-1024x503.jpg 1024w, https:\/\/www.topohvar.at\/wp-content\/uploads\/2018\/12\/hv-ip-07-1-300x147.jpg 300w, https:\/\/www.topohvar.at\/wp-content\/uploads\/2018\/12\/hv-ip-07-1-768x377.jpg 768w, https:\/\/www.topohvar.at\/wp-content\/uploads\/2018\/12\/hv-ip-07-1.jpg 1080w\" sizes=\"auto, (max-width: 640px) 100vw, 640px\" \/><\/p>\n<p><strong>Ime \/ Name<br \/>\n<\/strong>Informativna plo\u010da \/ Infotafel \u00bbPark dr. Josipa Avelinija\u00ab<\/p>\n<p><strong>Code: <\/strong>HV-IP-07\u00a0 \u00a0 \u00a0 \u00a0 \u00a0 \u00a0 \u00a0 \u00a0 \u00a0 \u00a0 \u00a0 \u00a0 \u00a0 \u00a0 \u00a0 \u00a0 \u00a0 \u00a0\u00a0<a href=\"https:\/\/www.topohvar.at\/hv-is-37-1\/\"><img loading=\"lazy\" decoding=\"async\" class=\"alignnone wp-image-12300 size-full\" src=\"https:\/\/www.topohvar.at\/wp-content\/uploads\/2018\/09\/push-vor-30.jpg\" alt=\"\" width=\"61\" height=\"30\" \/><\/a>\u00a0<strong><a href=\"https:\/\/www.topohvar.at\/orte\/hv\/hv-ip-05-1\/\"><img loading=\"lazy\" decoding=\"async\" class=\"alignnone wp-image-533 size-full\" src=\"https:\/\/www.topohvar.at\/wp-content\/uploads\/2018\/07\/push-l-30.jpg\" alt=\"\" width=\"61\" height=\"30\" \/><\/a> <a href=\"https:\/\/www.topohvar.at\/orte\/hv\/\"><img loading=\"lazy\" decoding=\"async\" class=\"alignnone wp-image-535 size-full\" src=\"https:\/\/www.topohvar.at\/wp-content\/uploads\/2018\/07\/push-o-30.jpg\" alt=\"\" width=\"61\" height=\"30\" \/><\/a> <a href=\"https:\/\/www.topohvar.at\/orte\/hv\/hv-ip-03-1\/\"><img loading=\"lazy\" decoding=\"async\" class=\"alignnone wp-image-536 size-full\" src=\"https:\/\/www.topohvar.at\/wp-content\/uploads\/2018\/07\/push-r-30.jpg\" alt=\"\" width=\"61\" height=\"30\" \/><\/a>\u00a0<a href=\"https:\/\/www.topohvar.at\/hv-is-37-1\/\"><img loading=\"lazy\" decoding=\"async\" class=\"alignnone wp-image-12299 size-full\" src=\"https:\/\/www.topohvar.at\/wp-content\/uploads\/2018\/09\/push-next-30.jpg\" alt=\"\" width=\"61\" height=\"30\" \/><\/a><\/strong><\/p>\n<hr \/>\n<p><strong>Adresa \/ Adresse<br \/>\n<\/strong>Grad Hvar,\u00a0Park dr. Josipa Avelinija<\/p>\n<p><strong>Lokacija<\/strong><strong> \/ Position<a href=\"https:\/\/goo.gl\/maps\/oGTNRHaWxX4jgzxN8\"><img loading=\"lazy\" decoding=\"async\" class=\"alignright wp-image-16026\" src=\"https:\/\/www.topohvar.at\/wp-content\/uploads\/2019\/01\/1432.jpg\" alt=\"\" width=\"133\" height=\"100\" \/><\/a><br \/>\n<\/strong><span style=\"color: #3366ff;\"><a style=\"color: #3366ff;\" href=\"https:\/\/goo.gl\/maps\/oGTNRHaWxX4jgzxN8\">Latitude: N 43,17372\u00b0\u00a0 \u00a0Longitude: E 16,44244\u00b0<\/a> <\/span><strong><br \/>\n<\/strong>Visina \/ H\u00f6he: 40 m<\/p>\n<p><strong>Katastarska \u010destica<\/strong><strong> \/ Grundst\u00fccke<br \/>\n<\/strong>289\/1<div class='content-column one_half'><div style=\"padding-right:6px;\"><p><strong>Datum snimanja \/ Erfassungsdatum<br \/>\n<\/strong>21.02.2017 13:27:41<\/p>\n<hr \/>\n<p><strong>Informacije<\/strong><\/p>\n<p>Natpis:<\/p><\/div><\/div><div class='content-column one_half last_column'><div style=\"padding-right:0px;padding-left:6px;\"><p><strong>Stupanj za\u0161tite<\/strong><strong> \/ Schutzstellung<br \/>\n<\/strong>&#8211;<\/p>\n<hr \/>\n<p><strong>Info<\/strong><\/p>\n<p>Inschrift:<\/p><\/div><\/div><div class='clear_column'><\/div><\/p>\n<p style=\"text-align: right;\"><span style=\"color: #3366ff;\"><a style=\"color: #3366ff;\" href=\"#seite_oben\">natrag na vrh \/ Seitenanfang<\/a><\/span><\/p>\n<hr \/>\n<p><strong>Park dr. Josipa Avelinija<\/strong><br \/>\n<strong>Perivoj mediteranskog bilja<\/strong><\/p>\n<p><strong>Dr. Josip Avelini Park<\/strong><br \/>\n<strong>Mediterranean Herb Garden<\/strong><\/p>\n<div class='content-column one_third'><div style=\"padding-right:6px;\"><p>Park dr. Josipa Avelinija<br \/>\nPerivoj mediteranskog bilja<\/p>\n<p>\u201ePark dr. Josipa Avelinija\u201c po\u0107eo se ure\u0111ivati ranih 1930-ih godina 20. stolje\u0107a zalaganjem dr. Josipa Avelinija (zaslu\u017enog turisti\u010dkog djelatnika Hvara onoga vremena). Prvi posjet kralja Aleksandra Hvaru 1925. godine bio je poti\u010daj ure\u0111enju parka. U kraljevu \u010dast, park je kratkotrajno dobio ime \u201ePark kralja Aleksandra\u201c, a tvr\u0111ava Fortica\/\u0160panjola premenovala se u \u201eAleksandrovac\u201c. Park je ure\u0111en na prostoru \u0161etnice. Od svog ure\u0111enja bio je zami\u0161ljen kao perivoj mediteranskog bilja u kojem rastu autohtone kulture borova, \u010dempresa, masline, planike, kadulje, metvice, lavande, ru\u017emarina, smija, te uvecene kulture kaktusa, agava, palmi, mimiza, narana\u010da, bugenvillija \u2026<\/p><\/div><\/div><div class='content-column one_third'><div style=\"padding-right:6px;\"><p>Dr. Josip Avelini Park<br \/>\nMediterranean Herb Garden<\/p>\n<p>The design oft he Dr. Josip Avelini Park began in the early 1930s at the intercession of Dr. Josip Avelini (a prominent Hvar tourist operator at the time). The first visit of King Alexander of Yugoslavia to Hvar in 1925 provided the initial impetus for the construction of the park. In the king\u00b4s honor, the park was briefly named King Alexander Park, and the fortress of Fortica\/\u0160panjola war renamed Aleksandrovac. The park was laid out in the area of the promenade. Since ist design, the park has been conceived as a Mediterranean herb garden, with indigenous varieties of pine, cypress, olive, bearberry, sage, mint, lavender, rosemary, immortelle, and imported varieties of cactuses, agave, palms, mimosa, oranges and bourgainvillea.<\/p><\/div><\/div><div class='content-column one_third last_column'><div style=\"padding-right:0px;padding-left:6px;\"><p>Dr. Josip Avelini Park<br \/>\nMediterraner Kr\u00e4utergarten<\/p>\n<p>Die Gestaltung des Dr. Josip Avelini Parks begann in den fr\u00fchen 1930er Jahren auf F\u00fcrsprache von Dr. Josip Avelini (ein zu dieser Zeit bekannter Hvarer Tourismusunternehmer). Der erste Besuch von K\u00f6nig Alexander von Jugoslawien in Hvar im Jahr 1925 gab den ersten Ansto\u00df f\u00fcr die Planung des Parks. Zu Ehren des K\u00f6nigs wurde der Park kurz K\u00f6nig Alexander Park genannt und die Festung Fortica\/\u0160panjola in Aleksandrovac umbenannt. Der Park wurde im Bereich der Promenade angelegt. Seit seiner Gestaltung ist der Park als mediterraner Kr\u00e4utergarten konzipiert, mit einheimischen Sorten von Kiefern, Zypressen, Oliven, B\u00e4rentrauben, Salbei, Minze, Lavendel, Rosmarin, Immortelle und importierten Kulturen von Kakteen, Agaven, Palmen, Mimosen, Orangen und Bourgenville.<\/p><\/div><\/div><div class='clear_column'><\/div><div class='content-column one_third'><div style=\"padding-right:6px;\"><p>Dr. Josip Avelini<\/p>\n<p>Josip Avelini (Hvar, 1891. \u2013 Hvar, 1947.) zastu\u017eni je hvarski lije\u010dnik, dru\u0161tveni i turisti\u010dki djetatnik. Od 1921. do 1929. godine bio je op\u010dinski na\u010delnik, a od 1927. Do 1939. godine upravitelj tada najve\u010dega hvarskog hotela Palace. Za vrijeme svog mandata, intenzivno je radio na obnovi gospodarskoga i kulturnoga \u017eivota grada \u010damulog nakon Prvoga svjetskog rata. Njegovim predanim za\u010daganjem izgra\u0111eni su temelji modernoga turizma u Hvaru, koji je s vremenom postao dominantna grana gospodarstva. Radio je organizirano i sistematski, podjednako na podiranju komunale infrastrukture, kao i na promi\u0111tni Hvara, koji se od tada naziva Jadranska Madcina. U njegovo vrijema ure\u0111uja se pla\u017ee, parkovi i \u0161etnice. Godine 1922.\/1923. uvodi se prva vodovodna mre\u017ea u Hvaru, koja se napajala iz okolnih izvora vode. Godine 1924. Po\u010daden je drvored palmi na rivi, a 1925. Sagra\u0111ena je mala elektri\u010dna centrala koja je osvjetjavala grad u no\u010dnem satima. Novo i za ono vrijeme vrlebnokameno kupali\u0161te Bonj izgra\u0111eno je 1927. godine, a po\u010detkom 1930-tih rapo\u010delo je i ure\u0111enje mediteranskog bilja ispod gradske tvr\u0111ave. Njegovu iniciativu slijedili su ostali Hvarani, koji se po\u010dinju ozbijnje baviti turiznom.<\/p><\/div><\/div><div class='content-column one_third'><div style=\"padding-right:6px;\"><p>Dr. Josip Avelini<\/p>\n<p>Josip Avelini (1891-1947) was a promninent Hvar physician and social tourist operator. From 1921 until 1929, he was the distrikt mayor, and from 1927 until 1939 he worked as the manager of the largest hotel in Hvar at the time, the Palace. During this time, he worked intensively on the restoration oft he economic and cultural life oft he city, which had faded after the World War I. His cealous activities created in Hvar the base of modern tourism, which subsequently became the dominant branch oft he town\u00b4s economy. He worked in an organized and systematic manner, both to improve municipal infrastructure and to promote Hvar, which has since been called the Madeira oft he Adriatic. During this time, beachers, parks and promenades were laid out. In 1922-1923, the first water supply network, supplied from the surrounding springs, was constructed. In 1924, a palm alley was planted on the quay, and in 1925, a small power station was built, which lite the city at night. The new, and for this time magnificent, stone bathing area of Bonj was built in 1927. At the beginning oft he 1939s, construction oft he Mediterranean Herb Garden began beneath the city fortress. Avelini\u00b4s initiative was followed by other inhabitants of Hvar who bagan working on tourism more seriously.<\/p><\/div><\/div><div class='content-column one_third last_column'><div style=\"padding-right:0px;padding-left:6px;\"><p>Dr. Josip Avelini<\/p>\n<p>Josip Avelini (1891-1947) war ein prominenter Hvarer Arzt und sozialer Reiseveranstalter. Von 1921 bis 1929 war er Bezirksb\u00fcrgermeister und von 1927 bis 1939 leitete er das zu dieser Zeit gr\u00f6\u00dfte Hotel in Hvar, das Palast-Hotel. W\u00e4hrend seiner Amtszeit arbeitete er intensiv an der Wiederherstellung des wirtschaftlichen und kulturellen Lebens der Stadt, das nach dem Ersten Weltkrieg verblasst war. Seine eifrigen Aktivit\u00e4ten schufen in Hvar die Grundlage des modernen Tourismus, der sp\u00e4ter zum dominierenden Wirtschaftszweig der Stadt wurde. Er arbeitete organisiert und systematisch, um die kommunale Infrastruktur zu verbessern und um Hvar zu f\u00f6rdern, das seitdem Madeira der Adria genannt wird. In dieser Zeit wurden Str\u00e4nde, Parks und Promenaden angelegt. In den Jahren 1922-1923 wurde das erste Wasserleitungsnetz errichtet, das aus den umliegenden Quellen gespeist wurde. 1924 wurde am Kai eine Palmenallee angelegt und 1925 ein kleines Kraftwerk gebaut, das nachts die Stadt beleuchtete. Die neue und f\u00fcr diese Zeit pr\u00e4chtige Steinbadeanstalt \u201eBonj\u201c wurde 1927 erbaut. Anfang der 1939er Jahre begann der Bau des mediterranen Kr\u00e4utergartens unter der Stadtfestung. Die Initiative von Avelini wurde von anderen Bewohnern von Hvar befolgt, die sich nunmehr ernsthaft mit dem Tourismus besch\u00e4ftigten.<\/p><\/div><\/div><div class='clear_column'><\/div><\/p>\n<hr \/>\n<p><strong>Linkovi \/ Links<\/strong><\/p>\n<p><span style=\"color: #3366ff;\"><a style=\"color: #3366ff;\" href=\"https:\/\/www.topohvar.at\/orte\/hv\/hv-ov-02-1\/\">Park dr. Josipa Avelinija<\/a><br \/>\n<a style=\"color: #3366ff;\" href=\"https:\/\/www.topohvar.at\/topo\/orte\/hv\/hv-ob-07-1\/\">Objekt \u00bbPrvo kupali\u0161te u Hvaru\u00ab \/ Erster Badestrand in Hvar<\/a><br \/>\n<\/span><\/p>\n","protected":false},"excerpt":{"rendered":"<p>Ime \/ Name Informativna plo\u010da \/ Infotafel \u00bbPark dr. Josipa Avelinija\u00ab Code: HV-IP-07\u00a0 \u00a0 \u00a0 \u00a0 \u00a0 \u00a0 \u00a0 \u00a0 \u00a0 \u00a0 \u00a0 \u00a0 \u00a0 \u00a0 \u00a0 \u00a0 \u00a0 \u00a0\u00a0\u00a0 \u00a0 Adresa \/ Adresse Grad Hvar,\u00a0Park dr. Josipa Avelinija Lokacija &hellip; <a href=\"https:\/\/www.topohvar.at\/topo\/orte\/hv\/hv-ip-07-1\/\">Weiterlesen <span class=\"meta-nav\">&rarr;<\/span><\/a><\/p>\n","protected":false},"author":1,"featured_media":0,"parent":80,"menu_order":0,"comment_status":"closed","ping_status":"closed","template":"","meta":{"footnotes":""},"class_list":["post-14428","page","type-page","status-publish","hentry"],"_links":{"self":[{"href":"https:\/\/www.topohvar.at\/topo\/wp-json\/wp\/v2\/pages\/14428","targetHints":{"allow":["GET"]}}],"collection":[{"href":"https:\/\/www.topohvar.at\/topo\/wp-json\/wp\/v2\/pages"}],"about":[{"href":"https:\/\/www.topohvar.at\/topo\/wp-json\/wp\/v2\/types\/page"}],"author":[{"embeddable":true,"href":"https:\/\/www.topohvar.at\/topo\/wp-json\/wp\/v2\/users\/1"}],"replies":[{"embeddable":true,"href":"https:\/\/www.topohvar.at\/topo\/wp-json\/wp\/v2\/comments?post=14428"}],"version-history":[{"count":13,"href":"https:\/\/www.topohvar.at\/topo\/wp-json\/wp\/v2\/pages\/14428\/revisions"}],"predecessor-version":[{"id":53472,"href":"https:\/\/www.topohvar.at\/topo\/wp-json\/wp\/v2\/pages\/14428\/revisions\/53472"}],"up":[{"embeddable":true,"href":"https:\/\/www.topohvar.at\/topo\/wp-json\/wp\/v2\/pages\/80"}],"wp:attachment":[{"href":"https:\/\/www.topohvar.at\/topo\/wp-json\/wp\/v2\/media?parent=14428"}],"curies":[{"name":"wp","href":"https:\/\/api.w.org\/{rel}","templated":true}]}}