{"id":14441,"date":"2018-12-30T18:32:04","date_gmt":"2018-12-30T17:32:04","guid":{"rendered":"https:\/\/www.topohvar.at\/?page_id=14441"},"modified":"2023-12-20T16:47:13","modified_gmt":"2023-12-20T15:47:13","slug":"hv-is-37-1","status":"publish","type":"page","link":"https:\/\/www.topohvar.at\/topo\/orte\/hv\/hv-is-37-1\/","title":{"rendered":"HVAR &#8211; Spomen plo\u010da \u00bb\u0160ime Dujmovi\u0107\u00ab"},"content":{"rendered":"<p><a name=\"seite_oben\"><\/a><br \/>\n<img loading=\"lazy\" decoding=\"async\" class=\"alignnone wp-image-387 size-full\" src=\"https:\/\/www.topohvar.at\/wp-content\/uploads\/2018\/07\/00-00-00-1.jpg\" alt=\"\" width=\"114\" height=\"56\" \/><\/p>\n<p><strong>Ime \/ Name<br \/>\n<\/strong>Spomen plo\u010da \/ Gedenktafel \u00bb\u0160ime Dujmovi\u0107\u00ab<\/p>\n<p><strong>Code: <\/strong>HV-IS-37\u00a0 \u00a0 \u00a0 \u00a0 \u00a0 \u00a0 \u00a0 \u00a0 \u00a0 \u00a0 \u00a0 \u00a0 \u00a0 \u00a0 \u00a0 \u00a0 \u00a0 \u00a0\u00a0<a href=\"https:\/\/www.topohvar.at\/hv-ip-08-1\/\"><img loading=\"lazy\" decoding=\"async\" class=\"alignnone wp-image-12300 size-full\" src=\"https:\/\/www.topohvar.at\/wp-content\/uploads\/2018\/09\/push-vor-30.jpg\" alt=\"\" width=\"61\" height=\"30\" \/><\/a>\u00a0<strong><a href=\"https:\/\/www.topohvar.at\/orte\/hv\/hv-is-32-1\/\"><img loading=\"lazy\" decoding=\"async\" class=\"alignnone wp-image-533 size-full\" src=\"https:\/\/www.topohvar.at\/wp-content\/uploads\/2018\/07\/push-l-30.jpg\" alt=\"\" width=\"61\" height=\"30\" \/><\/a> <a href=\"https:\/\/www.topohvar.at\/orte\/hv\/\"><img loading=\"lazy\" decoding=\"async\" class=\"alignnone wp-image-535 size-full\" src=\"https:\/\/www.topohvar.at\/wp-content\/uploads\/2018\/07\/push-o-30.jpg\" alt=\"\" width=\"61\" height=\"30\" \/><\/a> <a href=\"https:\/\/www.topohvar.at\/orte\/hv\/hv-is-18-1\/\"><img loading=\"lazy\" decoding=\"async\" class=\"alignnone wp-image-536 size-full\" src=\"https:\/\/www.topohvar.at\/wp-content\/uploads\/2018\/07\/push-r-30.jpg\" alt=\"\" width=\"61\" height=\"30\" \/><\/a>\u00a0<a href=\"https:\/\/www.topohvar.at\/hv-ip-08-1\/\"><img loading=\"lazy\" decoding=\"async\" class=\"alignnone wp-image-12299 size-full\" src=\"https:\/\/www.topohvar.at\/wp-content\/uploads\/2018\/09\/push-next-30.jpg\" alt=\"\" width=\"61\" height=\"30\" \/><\/a><\/strong><\/p>\n<hr \/>\n<p><strong>Adresa \/ Adresse<br \/>\n<\/strong>Grad Hvar^, Glavica<\/p>\n<p><strong>Lokacija<\/strong><strong> \/ Position<img loading=\"lazy\" decoding=\"async\" class=\"wp-image-387 size-full alignright\" src=\"https:\/\/www.topohvar.at\/wp-content\/uploads\/2018\/07\/00-00-00-1.jpg\" alt=\"\" width=\"114\" height=\"56\" \/><br \/>\n<\/strong>Latitude: N 43\u00b0\u00a0 \u00a0Longitude: E 16\u00b0 <strong><br \/>\n<\/strong>Visina \/ H\u00f6he: &#8211; m<\/p>\n<p><strong>Katastarska \u010destica<\/strong><strong> \/ Grundst\u00fccke<br \/>\n<\/strong>&#8211;<div class='content-column one_half'><div style=\"padding-right:6px;\"><p><strong>Datum snimanja \/ Erfassungsdatum<br \/>\n<\/strong>01.01.2000 00:00:00<\/p>\n<hr \/>\n<p><strong>Informacije<\/strong><\/p>\n<p>Dana 26. sije\u010dnja 1968. g. umro je kipar \u0160ime Dujmovi\u0107 (r. 2. srpnja 1887.), prvi moderni kipar grada Hvara i jedini iz prve polovice 20. stolje\u0107a. Poha\u0111ao je kiparsku akademiju u Be\u010du, bio je suradnik Ivana Me\u0161trovi\u0107a, izradio je brojne studije i modele u gipsu, nekoliko radova u kamenu (kojima je pokazao svoje vrsno klesarska umije\u0107e) i relativno impozantan javni Spomenik oslobo\u0111enja postavljen 1927. g. i neslavno skinut 1941. g., od \u010dega se do dana\u0161njih dana sa\u010duvala tek zavr\u0161na figuralna kompozicija.<\/p><\/div><\/div><div class='content-column one_half last_column'><div style=\"padding-right:0px;padding-left:6px;\"><p><strong>Stupanj za\u0161tite<\/strong><strong> \/ Schutzstellung<br \/>\n<\/strong>&#8211;<\/p>\n<hr \/>\n<p><strong>Info<\/strong><\/p>\n<p>Am 26. Januar 1968 starb der Bildhauer \u0160ime Dujmovi\u0107 (geb. 2. Juli 1887), der erste moderne Bildhauer von Hvar in der ersten H\u00e4lfte des 20. Jahrhunderts. Er besuchte die Bildhauer-Akademie in Wien, war Assistent von Ivan Me\u0161trovi\u0107, machte eine Reihe von Studien und Modellen in Gips und einige Arbeiten in Stein, die seine hervorragende Handwerkskunst zeigen. Im Jahr 1927 schuf er ein relativ imposantes \u00f6ffentliches Befreiungsdenkmal das 1941 unabsichtlich entfernt wurde und von dem bis heute nur die endg\u00fcltige figurale Komposition erhalten ist.<\/p><\/div><\/div><div class='clear_column'><\/div><div class='content-column one_half'><div style=\"padding-right:6px;\"><p>Na godi\u0161njicu umjetnikove smrti 1969., Centar za za\u0161titu kulturne ba\u0161tine otoka Hvara (dana\u0161nji Muzej hvarske ba\u0161tine), postavio je spomen plo\u010du na ku\u0107i na Glavici u kojoj je \u017eivio i stvarao. Na\u017ealost, zbog preinaka koje je na\u010dinio novi vlasnik ku\u0107e<\/p><\/div><\/div><div class='content-column one_half last_column'><div style=\"padding-right:0px;padding-left:6px;\"><p>Am Jahrestag des Todes des K\u00fcnstlers im Jahr 1969 errichtete das Zentrum f\u00fcr den Schutz des Kulturerbes von Hvar (das heutige Heritage Museum Hvar), eine Gedenktafel am Hause in Glavica, wo er lebte und arbeitete. Aufgrund der \u00c4nderungen, die der neue Eigent\u00fcmer des Hauses vornahm, ist die Tafel leider nicht mehr sichtbar.<\/p><\/div><\/div><div class='clear_column'><\/div><\/p>\n<p style=\"text-align: right;\"><span style=\"color: #3366ff;\"><a style=\"color: #3366ff;\" href=\"#seite_oben\">natrag na vrh \/ Seitenanfang<\/a><\/span><\/p>\n<p><img loading=\"lazy\" decoding=\"async\" class=\"size-full wp-image-16050 aligncenter\" src=\"https:\/\/www.topohvar.at\/wp-content\/uploads\/2019\/01\/hv-is-37-11.jpg\" alt=\"\" width=\"300\" height=\"345\" srcset=\"https:\/\/www.topohvar.at\/wp-content\/uploads\/2019\/01\/hv-is-37-11.jpg 300w, https:\/\/www.topohvar.at\/wp-content\/uploads\/2019\/01\/hv-is-37-11-261x300.jpg 261w\" sizes=\"auto, (max-width: 300px) 100vw, 300px\" \/><\/p>\n<hr \/>\n<p><strong>Linkovi \/ Links<\/strong><\/p>\n<p><span style=\"color: #3366ff;\"><a style=\"color: #3366ff;\" href=\"https:\/\/www.topohvar.at\/topo\/orte\/hv\/hv-tg-79-1\/\">Ku\u0107a \/ Haus &#8222;Dujmovi\u0107&#8220;<\/a><\/span><\/p>\n","protected":false},"excerpt":{"rendered":"<p>Ime \/ Name Spomen plo\u010da \/ Gedenktafel \u00bb\u0160ime Dujmovi\u0107\u00ab Code: HV-IS-37\u00a0 \u00a0 \u00a0 \u00a0 \u00a0 \u00a0 \u00a0 \u00a0 \u00a0 \u00a0 \u00a0 \u00a0 \u00a0 \u00a0 \u00a0 \u00a0 \u00a0 \u00a0\u00a0\u00a0 \u00a0 Adresa \/ Adresse Grad Hvar^, Glavica Lokacija \/ Position Latitude: N &hellip; <a href=\"https:\/\/www.topohvar.at\/topo\/orte\/hv\/hv-is-37-1\/\">Weiterlesen <span class=\"meta-nav\">&rarr;<\/span><\/a><\/p>\n","protected":false},"author":1,"featured_media":0,"parent":80,"menu_order":0,"comment_status":"closed","ping_status":"closed","template":"","meta":{"footnotes":""},"class_list":["post-14441","page","type-page","status-publish","hentry"],"_links":{"self":[{"href":"https:\/\/www.topohvar.at\/topo\/wp-json\/wp\/v2\/pages\/14441","targetHints":{"allow":["GET"]}}],"collection":[{"href":"https:\/\/www.topohvar.at\/topo\/wp-json\/wp\/v2\/pages"}],"about":[{"href":"https:\/\/www.topohvar.at\/topo\/wp-json\/wp\/v2\/types\/page"}],"author":[{"embeddable":true,"href":"https:\/\/www.topohvar.at\/topo\/wp-json\/wp\/v2\/users\/1"}],"replies":[{"embeddable":true,"href":"https:\/\/www.topohvar.at\/topo\/wp-json\/wp\/v2\/comments?post=14441"}],"version-history":[{"count":11,"href":"https:\/\/www.topohvar.at\/topo\/wp-json\/wp\/v2\/pages\/14441\/revisions"}],"predecessor-version":[{"id":65370,"href":"https:\/\/www.topohvar.at\/topo\/wp-json\/wp\/v2\/pages\/14441\/revisions\/65370"}],"up":[{"embeddable":true,"href":"https:\/\/www.topohvar.at\/topo\/wp-json\/wp\/v2\/pages\/80"}],"wp:attachment":[{"href":"https:\/\/www.topohvar.at\/topo\/wp-json\/wp\/v2\/media?parent=14441"}],"curies":[{"name":"wp","href":"https:\/\/api.w.org\/{rel}","templated":true}]}}