{"id":14508,"date":"2018-12-30T19:44:50","date_gmt":"2018-12-30T18:44:50","guid":{"rendered":"https:\/\/www.topohvar.at\/?page_id=14508"},"modified":"2022-11-16T09:38:52","modified_gmt":"2022-11-16T08:38:52","slug":"hv-is-20-1","status":"publish","type":"page","link":"https:\/\/www.topohvar.at\/topo\/orte\/hv\/hv-is-20-1\/","title":{"rendered":"HVAR &#8211; Spomen plo\u010da \u00bbMandra\u010d\u00ab"},"content":{"rendered":"<p><a name=\"seite_oben\"><\/a><br \/>\n<img loading=\"lazy\" decoding=\"async\" class=\"alignnone wp-image-14461 size-large\" src=\"https:\/\/www.topohvar.at\/wp-content\/uploads\/2018\/12\/hv-is-20-1-1024x503.jpg\" alt=\"\" width=\"640\" height=\"314\" srcset=\"https:\/\/www.topohvar.at\/wp-content\/uploads\/2018\/12\/hv-is-20-1-1024x503.jpg 1024w, https:\/\/www.topohvar.at\/wp-content\/uploads\/2018\/12\/hv-is-20-1-300x147.jpg 300w, https:\/\/www.topohvar.at\/wp-content\/uploads\/2018\/12\/hv-is-20-1-768x377.jpg 768w, https:\/\/www.topohvar.at\/wp-content\/uploads\/2018\/12\/hv-is-20-1.jpg 1080w\" sizes=\"auto, (max-width: 640px) 100vw, 640px\" \/><\/p>\n<p><strong>Ime \/ Name<br \/>\n<\/strong>Spomen plo\u010da \/ Gedenktafel \u00bbMandra\u010d\u00ab<\/p>\n<p><strong>Code: <\/strong>HV-IS-20\u00a0 \u00a0 \u00a0 \u00a0 \u00a0 \u00a0 \u00a0 \u00a0 \u00a0 \u00a0 \u00a0 \u00a0 \u00a0 \u00a0 \u00a0 \u00a0 \u00a0 \u00a0\u00a0<a href=\"https:\/\/www.topohvar.at\/hv-ip-08-1\/\"><img loading=\"lazy\" decoding=\"async\" class=\"alignnone wp-image-12300 size-full\" src=\"https:\/\/www.topohvar.at\/wp-content\/uploads\/2018\/09\/push-vor-30.jpg\" alt=\"\" width=\"61\" height=\"30\" \/><\/a>\u00a0<strong><a href=\"https:\/\/www.topohvar.at\/orte\/hv\/hv-is-22-1\/\"><img loading=\"lazy\" decoding=\"async\" class=\"alignnone wp-image-533 size-full\" src=\"https:\/\/www.topohvar.at\/wp-content\/uploads\/2018\/07\/push-l-30.jpg\" alt=\"\" width=\"61\" height=\"30\" \/><\/a> <a href=\"https:\/\/www.topohvar.at\/orte\/hv\/\"><img loading=\"lazy\" decoding=\"async\" class=\"alignnone wp-image-535 size-full\" src=\"https:\/\/www.topohvar.at\/wp-content\/uploads\/2018\/07\/push-o-30.jpg\" alt=\"\" width=\"61\" height=\"30\" \/><\/a> <a href=\"https:\/\/www.topohvar.at\/orte\/hv\/hv-is-47-1\/\"><img loading=\"lazy\" decoding=\"async\" class=\"alignnone wp-image-536 size-full\" src=\"https:\/\/www.topohvar.at\/wp-content\/uploads\/2018\/07\/push-r-30.jpg\" alt=\"\" width=\"61\" height=\"30\" \/><\/a>\u00a0<a href=\"https:\/\/www.topohvar.at\/hv-ip-08-1\/\"><img loading=\"lazy\" decoding=\"async\" class=\"alignnone wp-image-12299 size-full\" src=\"https:\/\/www.topohvar.at\/wp-content\/uploads\/2018\/09\/push-next-30.jpg\" alt=\"\" width=\"61\" height=\"30\" \/><\/a><\/strong><\/p>\n<hr \/>\n<p><strong>Adresa \/ Adresse<br \/>\n<\/strong>Grad Hvar,\u00a0Trg sv. Stjepana, povijesna luka<\/p>\n<p><strong>Lokacija<\/strong><strong> \/ Position<a href=\"https:\/\/goo.gl\/maps\/uiQqMmAZttirTZEYA\"><img loading=\"lazy\" decoding=\"async\" class=\"alignright wp-image-16203\" src=\"https:\/\/www.topohvar.at\/wp-content\/uploads\/2019\/01\/0296.jpg\" alt=\"\" width=\"134\" height=\"100\" \/><\/a><br \/>\n<\/strong><span style=\"color: #3366ff;\"><a style=\"color: #3366ff;\" href=\"https:\/\/goo.gl\/maps\/uiQqMmAZttirTZEYA\">Latitude: N 43,17240\u00b0\u00a0 \u00a0Longitude: E 16,44147\u00b0<\/a> <\/span><strong><br \/>\n<\/strong>Visina \/ H\u00f6he: 0 m<\/p>\n<p><strong>Katastarska \u010destica<\/strong><strong> \/ Grundst\u00fccke<br \/>\n<\/strong>4536<div class='content-column one_half'><div style=\"padding-right:6px;\"><p><strong>Datum snimanja \/ Erfassungsdatum<br \/>\n<\/strong>18.02.2015 15:45:01<\/p>\n<hr \/>\n<p><strong>Informacije<\/strong><\/p>\n<p style=\"text-align: right;\">Natpis:<\/p><\/div><\/div><div class='content-column one_half last_column'><div style=\"padding-right:0px;padding-left:6px;\"><p><strong>Stupanj za\u0161tite<\/strong><strong> \/ Schutzstellung<br \/>\n<\/strong>Z-5167<\/p>\n<hr \/>\n<p><strong>Info<\/strong><\/p>\n<p>Inschrift:<\/p><\/div><\/div><div class='clear_column'><\/div><\/p>\n<p style=\"text-align: center;\">D . O . M<\/p>\n<p style=\"text-align: center;\">EXCMO D.D.ALOYSIO MARIN PROV.GEN.DAL ALB<br \/>\nAPPROBANTE<br \/>\nN.V.D. MARCO DANDULO PRVET<br \/>\nREGENTE<br \/>\nCOMMUNITAS PHARAE<br \/>\nPER<br \/>\nURBIS DEPUTATOS<br \/>\nFOSSAM PROFUNDIUS DUXIT<br \/>\nA C<br \/>\nHISCE MURIS SEPIVIT<br \/>\nANNO DOMINI MDCCXCV<\/p>\n<div class='content-column one_half'><div style=\"padding-right:6px;\"><p>(= D O M (<strong>D<\/strong>eo\u00a0<strong>O<\/strong>ptimo\u00a0<strong>M<\/strong>aximo = najboljem i najve\u0107em Bogu) Predsjedao je D.D. Aloysio Marin Prov. Post Dal. Alb. Odobrenje N.V.D. Marco Dandula, desni\u010dar Pharosa, predstavnik grada, iskopao je duboki jarak koji je otvorio ovu slanu vodu. Godine Gospodnje 1795)<\/p><\/div><\/div><div class='content-column one_half last_column'><div style=\"padding-right:0px;padding-left:6px;\"><p><span style=\"color: #000000;\">(=\u00a0<\/span>D O M (<strong>D<\/strong>eo\u00a0<strong>O<\/strong>ptimo\u00a0<strong>M<\/strong>aximo = Gott ist der beste und gr\u00f6\u00dfte) Unter dem Vorsitz von D.D. Aloysio Marin Prov. Gen. Dal. Alb. Genehmigung N.V.D. Marco Dandula rechter Regent der Gemeinde Pharos stellvertretend f\u00fcr die Stadt, grub einen tiefen Graben der sich f\u00fcr das Salzwasser \u00f6ffnete. Im Jahr des Herrn 1795)<\/p><\/div><\/div><div class='clear_column'><\/div><\/p>\n<p><img loading=\"lazy\" decoding=\"async\" class=\"size-full wp-image-61870\" src=\"https:\/\/www.topohvar.at\/wp-content\/uploads\/2022\/11\/hv-is-20-20.jpg\" alt=\"\" width=\"856\" height=\"423\" srcset=\"https:\/\/www.topohvar.at\/wp-content\/uploads\/2022\/11\/hv-is-20-20.jpg 856w, https:\/\/www.topohvar.at\/wp-content\/uploads\/2022\/11\/hv-is-20-20-300x148.jpg 300w, https:\/\/www.topohvar.at\/wp-content\/uploads\/2022\/11\/hv-is-20-20-768x380.jpg 768w\" sizes=\"auto, (max-width: 856px) 100vw, 856px\" \/><\/p>\n<p style=\"text-align: right;\"><span style=\"color: #3366ff;\"><a style=\"color: #3366ff;\" href=\"#seite_oben\">natrag na vrh \/ Seitenanfang<\/a><\/span><\/p>\n<hr \/>\n<p><strong>Linkovi \/ Links<\/strong><\/p>\n<p><span style=\"color: #3366ff;\"><a style=\"color: #3366ff;\" href=\"https:\/\/www.topohvar.at\/orte\/hv\/hv-pu-02-1\/\">Objekt \u00bbMandra\u010d\u00ab \/ historischer Hafen\u00a0Mandra\u010d<\/a><\/span><\/p>\n","protected":false},"excerpt":{"rendered":"<p>Ime \/ Name Spomen plo\u010da \/ Gedenktafel \u00bbMandra\u010d\u00ab Code: HV-IS-20\u00a0 \u00a0 \u00a0 \u00a0 \u00a0 \u00a0 \u00a0 \u00a0 \u00a0 \u00a0 \u00a0 \u00a0 \u00a0 \u00a0 \u00a0 \u00a0 \u00a0 \u00a0\u00a0\u00a0 \u00a0 Adresa \/ Adresse Grad Hvar,\u00a0Trg sv. Stjepana, povijesna luka Lokacija \/ Position &hellip; <a href=\"https:\/\/www.topohvar.at\/topo\/orte\/hv\/hv-is-20-1\/\">Weiterlesen <span class=\"meta-nav\">&rarr;<\/span><\/a><\/p>\n","protected":false},"author":1,"featured_media":0,"parent":80,"menu_order":0,"comment_status":"closed","ping_status":"closed","template":"","meta":{"footnotes":""},"class_list":["post-14508","page","type-page","status-publish","hentry"],"_links":{"self":[{"href":"https:\/\/www.topohvar.at\/topo\/wp-json\/wp\/v2\/pages\/14508","targetHints":{"allow":["GET"]}}],"collection":[{"href":"https:\/\/www.topohvar.at\/topo\/wp-json\/wp\/v2\/pages"}],"about":[{"href":"https:\/\/www.topohvar.at\/topo\/wp-json\/wp\/v2\/types\/page"}],"author":[{"embeddable":true,"href":"https:\/\/www.topohvar.at\/topo\/wp-json\/wp\/v2\/users\/1"}],"replies":[{"embeddable":true,"href":"https:\/\/www.topohvar.at\/topo\/wp-json\/wp\/v2\/comments?post=14508"}],"version-history":[{"count":12,"href":"https:\/\/www.topohvar.at\/topo\/wp-json\/wp\/v2\/pages\/14508\/revisions"}],"predecessor-version":[{"id":61871,"href":"https:\/\/www.topohvar.at\/topo\/wp-json\/wp\/v2\/pages\/14508\/revisions\/61871"}],"up":[{"embeddable":true,"href":"https:\/\/www.topohvar.at\/topo\/wp-json\/wp\/v2\/pages\/80"}],"wp:attachment":[{"href":"https:\/\/www.topohvar.at\/topo\/wp-json\/wp\/v2\/media?parent=14508"}],"curies":[{"name":"wp","href":"https:\/\/api.w.org\/{rel}","templated":true}]}}