{"id":14530,"date":"2018-12-30T20:03:12","date_gmt":"2018-12-30T19:03:12","guid":{"rendered":"https:\/\/www.topohvar.at\/?page_id=14530"},"modified":"2020-03-11T17:32:38","modified_gmt":"2020-03-11T16:32:38","slug":"hv-is-36-1","status":"publish","type":"page","link":"https:\/\/www.topohvar.at\/topo\/orte\/hv\/hv-is-36-1\/","title":{"rendered":"HVAR &#8211; Spomen plo\u010da \u00bbGrgur Bu\u010di\u0107 (1)\u00ab"},"content":{"rendered":"<p><img loading=\"lazy\" decoding=\"async\" class=\"alignnone wp-image-387 size-full\" src=\"https:\/\/www.topohvar.at\/wp-content\/uploads\/2018\/07\/00-00-00-1.jpg\" alt=\"\" width=\"114\" height=\"56\" \/><\/p>\n<p><strong>Ime \/ Name<br \/>\n<\/strong>Spomen plo\u010da \/ Gedenktafel \u00bbGrgur Bu\u010di\u0107 (1)\u00ab<\/p>\n<p><strong>Code: <\/strong>HV-IS-36\u00a0 \u00a0 \u00a0 \u00a0 \u00a0 \u00a0 \u00a0 \u00a0 \u00a0 \u00a0 \u00a0 \u00a0 \u00a0 \u00a0 \u00a0 \u00a0 \u00a0 \u00a0\u00a0<a href=\"https:\/\/www.topohvar.at\/hv-ip-08-1\/\"><img loading=\"lazy\" decoding=\"async\" class=\"alignnone wp-image-12300 size-full\" src=\"https:\/\/www.topohvar.at\/wp-content\/uploads\/2018\/09\/push-vor-30.jpg\" alt=\"\" width=\"61\" height=\"30\" \/><\/a>\u00a0<strong><a href=\"https:\/\/www.topohvar.at\/orte\/hv\/hv-is-14-1\/\"><img loading=\"lazy\" decoding=\"async\" class=\"alignnone wp-image-533 size-full\" src=\"https:\/\/www.topohvar.at\/wp-content\/uploads\/2018\/07\/push-l-30.jpg\" alt=\"\" width=\"61\" height=\"30\" \/><\/a> <a href=\"https:\/\/www.topohvar.at\/orte\/hv\/\"><img loading=\"lazy\" decoding=\"async\" class=\"alignnone wp-image-535 size-full\" src=\"https:\/\/www.topohvar.at\/wp-content\/uploads\/2018\/07\/push-o-30.jpg\" alt=\"\" width=\"61\" height=\"30\" \/><\/a> <a href=\"https:\/\/www.topohvar.at\/orte\/hv\/hv-is-13-1\/\"><img loading=\"lazy\" decoding=\"async\" class=\"alignnone wp-image-536 size-full\" src=\"https:\/\/www.topohvar.at\/wp-content\/uploads\/2018\/07\/push-r-30.jpg\" alt=\"\" width=\"61\" height=\"30\" \/><\/a>\u00a0<a href=\"https:\/\/www.topohvar.at\/hv-ip-08-1\/\"><img loading=\"lazy\" decoding=\"async\" class=\"alignnone wp-image-12299 size-full\" src=\"https:\/\/www.topohvar.at\/wp-content\/uploads\/2018\/09\/push-next-30.jpg\" alt=\"\" width=\"61\" height=\"30\" \/><\/a><\/strong><\/p>\n<hr \/>\n<p><strong>Adresa \/ Adresse<br \/>\n<\/strong>Grad Hvar,\u00a0Ulica Dinka Kova\u010devi\u0107a 3, Venerande<\/p>\n<p><strong>Lokalna polo\u017eaj \/ Position<a href=\"https:\/\/goo.gl\/maps\/ACAingz6DMCSRYZm9\"><img loading=\"lazy\" decoding=\"async\" class=\"alignright wp-image-15602\" src=\"https:\/\/www.topohvar.at\/wp-content\/uploads\/2019\/01\/0225.jpg\" alt=\"\" width=\"134\" height=\"100\" \/><\/a><br \/>\n<\/strong><span style=\"color: #3366ff;\"><a style=\"color: #3366ff;\" href=\"https:\/\/goo.gl\/maps\/ACAingz6DMCSRYZm9\">Latitude: N 43,17097\u00b0\u00a0 \u00a0Longitude: E 16,43705\u00b0<\/a> <\/span><strong><br \/>\n<\/strong>Visina \/ H\u00f6he: 20 m<\/p>\n<p><strong>Zemlji\u0161te \/ Grundst\u00fccke<br \/>\n<\/strong>*553<div class='content-column one_half'><div style=\"padding-right:6px;\"><p><strong>Datum snimanja \/ Erfassungsdatum<br \/>\n<\/strong>01.01.2000 00:00:00<\/p>\n<hr \/>\n<p><strong>Informacije<\/strong><\/p>\n<p>U Venerande podignuta je plo\u010da s natpisom:<\/p>\n<p>Dana 1. o\u017eujka 1858. g. osnovana je Meteorolo\u0161ka postaja Hvar. Postaju je osnovao Carsko-kraljevski zavod za meteorologiju i zemljin magnetizam u Be\u010du, a prvi motritelj i voditelj postaje bio je Hvaranin Grgur Bu\u010di\u0107 (1829.-1911.), zaposlen u hvarskom po\u0161tanskom uredu kao telegrafist. Bu\u010di\u0107 je bez prekida vodio meteorolo\u0161ka motrenjja sve do kraja 1899. g., tj. gotovo pune 42. godine. Stoga hvarska postaja, iakonije prva osnovana na ovim prostorima, od svih hrvatskih meteorolo\u0161kih postaja dr\u017ei primat po najdu\u017eoj, neprekinutoj bazi meteorolo\u0161kih podataka. Osnutak meteorolo\u0161ke postaje imao je dalekose\u017ene posljedice na razvoj turizma.<\/p><\/div><\/div><div class='content-column one_half last_column'><div style=\"padding-right:0px;padding-left:6px;\"><p><strong>Za\u0161titni polo\u017eaj \/ Schutzstellung<br \/>\n<\/strong>&#8211;<\/p>\n<hr \/>\n<p><strong>Info<\/strong><\/p>\n<p>Auf Venerande h\u00e4ngt eine Tafel mit folgender Inschrift:<\/p>\n<p>Am 1. M\u00e4rz 1858 wurde die Meteorologische Station Hvar gegr\u00fcndet. Sie wurde vom kk-Institut f\u00fcr Meteorologie und Erdmagnetismus in Wien gegr\u00fcndet. Der erste Beobachter und Leiter war der Hvaraner Grgur Bu\u010di\u0107 (1829-1911), der als Telegraphist in der Postfiliale in Hvar arbeitete. Bis Ende 1899, also fast 42 Jahre, f\u00fchrte der Buchhalter ununterbrochen meteorologische Beobachtungen durch. Deshalb hat die Beobachtungsstation Hvar, von allen kroatischen meteorologischen Stationen die l\u00e4ngste ununterbrochen aufgezeichnete meteorologische Datenbank. Die Grundlagen der Wetterstation hatten weitreichende Folgen f\u00fcr die Entwicklung des Tourismus auf Hvar-<\/p><\/div><\/div><div class='clear_column'><\/div><\/p>\n<hr \/>\n<p><strong>Linkovi \/ Links<\/strong><\/p>\n<p><span style=\"color: #3366ff;\"><a style=\"color: #3366ff;\" href=\"https:\/\/www.topohvar.at\/orte\/hv\/hv-ca-03-1\/\">Biv\u0161i gr\u010dko-pravoslavni samostan \/ ehemaliges griechisch-orthodoxes Kloster<\/a>\u00a0<\/span><br \/>\n<span style=\"color: #3366ff;\"><a style=\"color: #3366ff;\" href=\"https:\/\/www.topohvar.at\/orte\/hv\/hv-td-14-1\/\">Biv\u0161a tvr\u0111ava \/ ehemalige Festung \u00bbVenerande\u00ab<\/a><br \/>\n<a style=\"color: #3366ff;\" href=\"https:\/\/www.topohvar.at\/orte\/hv\/hv-tg-46-1\/\">Ku\u0107a Grgura Bu\u010di\u0107a \/ Haus des Georg Bu\u010di\u0107<\/a><br \/>\n<a style=\"color: #3366ff;\" href=\"https:\/\/www.topohvar.at\/orte\/hv\/hv-is-19-1\/\">Spomen plo\u010da (2) u ku<\/a><a style=\"color: #3366ff;\" href=\"https:\/\/www.topohvar.at\/orte\/hv\/hv-is-19-1\/\">\u0107<\/a><a style=\"color: #3366ff;\" href=\"https:\/\/www.topohvar.at\/orte\/hv\/hv-is-19-1\/\">i\u00a0Bu<\/a><a style=\"color: #3366ff;\" href=\"https:\/\/www.topohvar.at\/orte\/hv\/hv-is-19-1\/\">\u010di\u0107<\/a><a style=\"color: #3366ff;\" href=\"https:\/\/www.topohvar.at\/orte\/hv\/hv-is-19-1\/\">a \/ Gedenktafel (2) am Haus Bu\u010di\u0107\u00a0<\/a><br \/>\n<\/span><\/p>\n","protected":false},"excerpt":{"rendered":"<p>Ime \/ Name Spomen plo\u010da \/ Gedenktafel \u00bbGrgur Bu\u010di\u0107 (1)\u00ab Code: HV-IS-36\u00a0 \u00a0 \u00a0 \u00a0 \u00a0 \u00a0 \u00a0 \u00a0 \u00a0 \u00a0 \u00a0 \u00a0 \u00a0 \u00a0 \u00a0 \u00a0 \u00a0 \u00a0\u00a0\u00a0 \u00a0 Adresa \/ Adresse Grad Hvar,\u00a0Ulica Dinka Kova\u010devi\u0107a 3, Venerande Lokalna &hellip; <a href=\"https:\/\/www.topohvar.at\/topo\/orte\/hv\/hv-is-36-1\/\">Weiterlesen <span class=\"meta-nav\">&rarr;<\/span><\/a><\/p>\n","protected":false},"author":1,"featured_media":0,"parent":80,"menu_order":0,"comment_status":"closed","ping_status":"closed","template":"","meta":{"footnotes":""},"class_list":["post-14530","page","type-page","status-publish","hentry"],"_links":{"self":[{"href":"https:\/\/www.topohvar.at\/topo\/wp-json\/wp\/v2\/pages\/14530","targetHints":{"allow":["GET"]}}],"collection":[{"href":"https:\/\/www.topohvar.at\/topo\/wp-json\/wp\/v2\/pages"}],"about":[{"href":"https:\/\/www.topohvar.at\/topo\/wp-json\/wp\/v2\/types\/page"}],"author":[{"embeddable":true,"href":"https:\/\/www.topohvar.at\/topo\/wp-json\/wp\/v2\/users\/1"}],"replies":[{"embeddable":true,"href":"https:\/\/www.topohvar.at\/topo\/wp-json\/wp\/v2\/comments?post=14530"}],"version-history":[{"count":8,"href":"https:\/\/www.topohvar.at\/topo\/wp-json\/wp\/v2\/pages\/14530\/revisions"}],"predecessor-version":[{"id":33159,"href":"https:\/\/www.topohvar.at\/topo\/wp-json\/wp\/v2\/pages\/14530\/revisions\/33159"}],"up":[{"embeddable":true,"href":"https:\/\/www.topohvar.at\/topo\/wp-json\/wp\/v2\/pages\/80"}],"wp:attachment":[{"href":"https:\/\/www.topohvar.at\/topo\/wp-json\/wp\/v2\/media?parent=14530"}],"curies":[{"name":"wp","href":"https:\/\/api.w.org\/{rel}","templated":true}]}}