{"id":14532,"date":"2018-12-30T20:04:49","date_gmt":"2018-12-30T19:04:49","guid":{"rendered":"https:\/\/www.topohvar.at\/?page_id=14532"},"modified":"2024-11-07T15:02:00","modified_gmt":"2024-11-07T14:02:00","slug":"hv-is-13-1","status":"publish","type":"page","link":"https:\/\/www.topohvar.at\/topo\/orte\/hv\/hv-is-13-1\/","title":{"rendered":"HVAR &#8211; Spomen plo\u010da \u00bbDr. Prospero Stanich\u00ab"},"content":{"rendered":"<p><a name=\"seite_oben\"><\/a><br \/>\n<img loading=\"lazy\" decoding=\"async\" class=\"alignnone wp-image-14455 size-large\" src=\"https:\/\/www.topohvar.at\/wp-content\/uploads\/2018\/12\/HV-IS-13-1-1024x503.jpg\" alt=\"\" width=\"640\" height=\"314\" srcset=\"https:\/\/www.topohvar.at\/wp-content\/uploads\/2018\/12\/HV-IS-13-1-1024x503.jpg 1024w, https:\/\/www.topohvar.at\/wp-content\/uploads\/2018\/12\/HV-IS-13-1-300x147.jpg 300w, https:\/\/www.topohvar.at\/wp-content\/uploads\/2018\/12\/HV-IS-13-1-768x377.jpg 768w, https:\/\/www.topohvar.at\/wp-content\/uploads\/2018\/12\/HV-IS-13-1.jpg 1080w\" sizes=\"auto, (max-width: 640px) 100vw, 640px\" \/><\/p>\n<p><strong>Ime \/ Name<br \/>\n<\/strong>Spomen plo\u010da \/ Gedenktafel \u00bbDr. Prospero Stanich\u00ab<\/p>\n<p><strong>Code: <\/strong>HV-IS-13\u00a0 \u00a0 \u00a0 \u00a0 \u00a0 \u00a0 \u00a0 \u00a0 \u00a0 \u00a0 \u00a0 \u00a0 \u00a0 \u00a0 \u00a0 \u00a0 \u00a0 \u00a0\u00a0<a href=\"https:\/\/www.topohvar.at\/hv-ip-08-1\/\"><img loading=\"lazy\" decoding=\"async\" class=\"alignnone wp-image-12300 size-full\" src=\"https:\/\/www.topohvar.at\/wp-content\/uploads\/2018\/09\/push-vor-30.jpg\" alt=\"\" width=\"61\" height=\"30\" \/><\/a>\u00a0<strong><a href=\"https:\/\/www.topohvar.at\/orte\/hv\/hv-is-36-1\/\"><img loading=\"lazy\" decoding=\"async\" class=\"alignnone wp-image-533 size-full\" src=\"https:\/\/www.topohvar.at\/wp-content\/uploads\/2018\/07\/push-l-30.jpg\" alt=\"\" width=\"61\" height=\"30\" \/><\/a> <a href=\"https:\/\/www.topohvar.at\/orte\/hv\/\"><img loading=\"lazy\" decoding=\"async\" class=\"alignnone wp-image-535 size-full\" src=\"https:\/\/www.topohvar.at\/wp-content\/uploads\/2018\/07\/push-o-30.jpg\" alt=\"\" width=\"61\" height=\"30\" \/><\/a> <a href=\"https:\/\/www.topohvar.at\/orte\/hv\/hv-is-51-1\/\"><img loading=\"lazy\" decoding=\"async\" class=\"alignnone wp-image-536 size-full\" src=\"https:\/\/www.topohvar.at\/wp-content\/uploads\/2018\/07\/push-r-30.jpg\" alt=\"\" width=\"61\" height=\"30\" \/><\/a>\u00a0<a href=\"https:\/\/www.topohvar.at\/hv-ip-08-1\/\"><img loading=\"lazy\" decoding=\"async\" class=\"alignnone wp-image-12299 size-full\" src=\"https:\/\/www.topohvar.at\/wp-content\/uploads\/2018\/09\/push-next-30.jpg\" alt=\"\" width=\"61\" height=\"30\" \/><\/a><\/strong><\/p>\n<hr \/>\n<p><strong>Adresa \/ Adresse<br \/>\n<\/strong>Grad Hvar, Ulica Dr. Mate Mili\u010di\u0107a 14<\/p>\n<p><strong>Lokacija<\/strong><strong> \/ Position<a href=\"https:\/\/goo.gl\/maps\/QfRgW2CszyChHXu17\"><img loading=\"lazy\" decoding=\"async\" class=\"alignright wp-image-16302\" src=\"https:\/\/www.topohvar.at\/wp-content\/uploads\/2019\/01\/0282.jpg\" alt=\"\" width=\"134\" height=\"100\" \/><\/a><br \/>\n<\/strong><span style=\"color: #3366ff;\"><a style=\"color: #3366ff;\" href=\"https:\/\/goo.gl\/maps\/QfRgW2CszyChHXu17\">Latitude: N 43,17289\u00b0\u00a0 \u00a0Longitude: E 16,44325\u00b0<\/a> <\/span><strong><br \/>\n<\/strong>Visina \/ H\u00f6he: 12 m<\/p>\n<p><strong>Katastarska \u010destica<\/strong><strong> \/ Grundst\u00fccke<br \/>\n<\/strong>*133<div class='content-column one_half'><div style=\"padding-right:6px;\"><p><strong>Datum snimanja \/ Erfassungsdatum<br \/>\n<\/strong>29.10.2014 15:54:41<\/p>\n<hr \/>\n<p><strong>Informacije<\/strong><\/p>\n<p style=\"text-align: right;\">Natpis:<\/p><\/div><\/div><div class='content-column one_half last_column'><div style=\"padding-right:0px;padding-left:6px;\"><p><strong>Stupanj za\u0161tite<\/strong><strong> \/ Schutzstellung<br \/>\n<\/strong>&#8211;<\/p>\n<hr \/>\n<p><strong>Info<\/strong><\/p>\n<p>Inschrift:<\/p>\n<p style=\"text-align: left;\"><\/div><\/div><div class='clear_column'><\/div><\/p>\n<p style=\"text-align: center;\">UNDER VICE REGAL APPOINTMENT<br \/>\nDR. PROFESSOR STANICH<br \/>\nSPECIALIST: EAR. NOSE AND THROAT<br \/>\nDALKEITH<br \/>\nCROW S. NEST<br \/>\nNORTH SYDNEY<br \/>\nU OVOJ KR\u0160\u0106ANSKOJ KU\u0106I RODIO SE HVARANIN SLAVNI KRALJEVSKI LIJE\u010cNIK<br \/>\nPROFESSOR DOKTOR PROSPERO STANICH 1839.-1915. GODINE<br \/>\nPROF. DR. PROSPERO STANICH, LIJE\u010cIO JE KRALJICU VICTORIJU 1886. GOD. I DOBIO<br \/>\nPRIZNANJE KRALJICE VICTORIJE, DAV\u0160I MU ANATOMSKI MODEL NJEZINOG UHA.<br \/>\nPROF. DR. PROSPERO STANICH 1839.-1915. TREATED QUEEN VICTORIA IN 1886.<br \/>\nAND IN RECOGNITION, QUEEN VICTORIA GAVE HIM A LABELLED MODEL OF HER EAR.<br \/>\nNA OVU DREVNU HVARSKU KU\u0106U POSTAVILI POTOMCI<br \/>\nBRA\u0106A ANTE I FABIJAN STANICH GODINE GOSPODNJE 2013<br \/>\nET DECUS ET PRETIUM RECTI<\/p>\n<p style=\"text-align: left;\"><div class='content-column one_half'><div style=\"padding-right:6px;\"><p>(= Pod imenovanjem vjernosti: dr. Profesor Stanich stru\u010dnjak za uho, nos i vrat, Dalkeith Crow S. Nest North Sydney.<br \/>\nU ovoj kr\u0161\u0107anskoj ku\u0107i rodio se hvaranin slavni kraljevski lije\u010dnik professor doktor Prospero Stanich 1839.-1915. godine. Prof. Dr. Prospero Stanich lije\u010dio je kraljicu Viktoriju 1886. god. i dobioo priznanje kraljice Viktorije, dav\u0161i mu anatomski model njezinog uha. Prof. Dr. Prospero Stanich, 1839.-1915., tretirao je kraljicu Viktoriju 1886. godine. Kao priznanje, primio je od kraljice Viktorije oznaku modela uha.<br \/>\nNa ovu drevnu Hvarsku ku\u0107u, postavili potoci bra\u0107a Ante i Fabijan Stanich, godine gospodnje 2013.<br \/>\n\u010cast i nagrada se nagra\u0111uju)<\/p><\/div><\/div><div class='content-column one_half last_column'><div style=\"padding-right:0px;padding-left:6px;\"><p>(= Unter vizek\u00f6niglicher Ernennung:\u00a0Dr. Professor Stanich Spezialist f\u00fcr Ohren, Nase und Hals,\u00a0Dalkeith Crow S. Nest North Sydney.<br \/>\nIn diesem christlichen Haus wurde der ber\u00fchmte k\u00f6nigliche Arzt Professor Doktor Prospero Stanich 1839 &#8211; 1915 geboren.\u00a0Prof. Dr. Prospero Stanich hat Queen Victoria im Jahr 1886 geheilt und als Anerkennung von K\u00f6nigin Victoria ein anatomisches Modell ihres Ohres erhalten.\u00a0Prof Dr. Prospero Stanich, 1839 -1915, behandelte K\u00f6nigin Victoria im Jahre 1886. Als Anerkennung erhielt er von K\u00f6nigin Victoria ein beschriftetes Modell ihres Ohres.<br \/>\nAuf diesem alten Hvarer Haus befestigten die Nachfahren, die Br\u00fcder Ante und Fabian Stanich, im Jahr des Herrn 2013 diese Tafel.<br \/>\nEhre und Preis werden belohnt)<\/p><\/div><\/div><div class='clear_column'><\/div><div class='content-column one_half'><div style=\"padding-right:6px;\"><p>Natjerani sku\u010denim gospodarsko-politi\u010dkim prilikama mnogi su na\u0161i sunarodnjaci, kako je poznato, napu\u0161tali rodni kraj i odlazili u strane, u pro\u0161losti ve\u0107inom u prekomorske zemlje, u potrazi za boljim \u017eivotom i sigurnijom egzistencijom. Mnogi su od njih svojom sposobno\u0161\u0107u i marljivo\u0161\u0107u stekli u novoj domovini znatan imutak i ugled. U takve spada i hvarski iseljenik dr. Prosper Stani\u0107 (Prospero Stanich).<\/p><\/div><\/div><div class='content-column one_half last_column'><div style=\"padding-right:0px;padding-left:6px;\"><p>Viele unserer Landsleute, die bekanntlich aus angespannten wirtschaftlichen und politischen Verh\u00e4ltnissen stammten, verlie\u00dfen ihre Heimatstadt und gingen in die Fremde. In der Vergangenheit meist in \u00dcberseel\u00e4nder, auf der Suche nach einem besseren Leben und einer sichereren Existenz. Viele von ihnen haben mit ihren F\u00e4higkeiten und ihrem Flei\u00df in ihrer neuen Heimat betr\u00e4chtlichen Reichtum und Ansehen erlangt. So auch der Hvarer Emigrant Dr. Prosper Stani\u0107 (Prospero Stanich).<\/p><\/div><\/div><div class='clear_column'><\/div><div class='content-column one_half'><div style=\"padding-right:6px;\"><p>Obitelj Stani\u0107 je ogranak hvarskih Novaka. Ro\u0111en je u Hvaru 13. rujna 1839. kao Antun-Prosper od oca Kuzme, vojnog pekara (Hvar je tada bio vojno upori\u0161te &#8211; Piazza forte &#8211; s vi\u0161e kasarni, od kojih su mnoge bile po privatnim ku\u0107ama) &#8211; i majke Vice rod. Mari\u010di\u0107. Pekara Stani\u0107 djelovala je u zgradi gdje je danas restoran \u201eFaria\u201c \/\u010d. zgr. br. 133 k. o. Hvar\/, a ku\u0107a gdje se vjerojatno rodio Prosper jest ona danas vi. Gilve \/\u010d. zgr. br. 134\/1\/, koja je bila vlasni\u0161tvo njegova oca. Dana\u0161nja stojna ku\u0107a Stani\u0107 izme\u0111u ovih sagra\u0111ena je kasnije, sredinom XIX. stolje\u0107a.<\/p><\/div><\/div><div class='content-column one_half last_column'><div style=\"padding-right:0px;padding-left:6px;\"><p>Die Familie Stani\u0107 ist ein Zweig der Hvarer Novak. Er wurde in Hvar 13. September 1839 als Antun-Prosper geboren. Sein Vater Cosma war Milit\u00e4rb\u00e4cker (Hvar war damals eine Milit\u00e4rbasis &#8211; Piazza forte &#8211; mit mehreren Kasernen, von denen viele in Privath\u00e4usern waren) und seine Mutter Vice, geborene Mari\u010di\u0107. Der B\u00e4cker Stani\u0107 arbeitete in dem Geb\u00e4ude, in dem heute das Restaurant \u201eFaria&#8220; ist (Grundst\u00fcck Nr. *133) und das Haus in dem Prosper wohl geboren wurde, ist heute Gilve (Grundst\u00fcck Nr. *134\/1), das im Besitz seines Vaters war. Das heutige Haus Stani\u0107 wurde sp\u00e4ter, in der Mitte des 19. Jahrhunderts, zwischen diesen Geb\u00e4uden gebaut.<\/p><\/div><\/div><div class='clear_column'><\/div><div class='content-column one_half'><div style=\"padding-right:6px;\"><p>O Prosperovu \u0161kolovanju nije mnogo poznato. U\u010dio je u Be\u010du kod prof. Grubera i Politzera te u Halleu kod prof. Schwartzea. Kao lije\u010dnik otisnuo se najprije na Novi Zeland. Na lije\u010dni\u010dkoj izlo\u017ebi u Londonu 1873. dobio je zlatnu medalju kao otorinolaringolog i stru\u010dnjak za o\u010dni katarakt. God. 1878. dolazi iz Wellingtona u Sidney (Australija) brodom \u201eWakatipu\u201c i razvija razgranatu praksu. Po desetgodi\u0161njem boravku u Australiji dobiva 1888. i britansko dr\u017eavljanstvo.<\/p><\/div><\/div><div class='content-column one_half last_column'><div style=\"padding-right:0px;padding-left:6px;\"><p>\u00dcber Prosperos Ausbildung nicht viel bekannt. Er studierte in Wien bei den Professoren Gruber und Politzer und in Halle bei Prof. Schwartz. Als Arzt erschien er erstmals in Neuseeland. Auf einem \u00c4rztekongress in London gewann er im Jahr 1873 eine Goldmedaille als HNO-Arzt und Experte des Augenkatarakts. Im Jahr 1878 kommt er mit dem Schiff \u201eWakatipu\u201c von Wellington nach Sydney (Australien) und gr\u00fcndete eine verzweigte Praxis. Nach zehn Jahren Aufenthalt in Australien erhielt er 1888 die britische Staatsb\u00fcrgerschaft.<\/p><\/div><\/div><div class='clear_column'><\/div><div class='content-column one_half'><div style=\"padding-right:6px;\"><p>Poznate su brojne adrese gdje je boravio, a sagradio je kao priznat i imu\u0107an lije\u010dnik i veliku ku\u0107u \u201eStanich Lodge\u201c u 21 York Street, Mount Pleasant, Penrith, u okolici Sidneyja. God. 1894. o\u017eenio se 22-godi\u0161njom London\u010dankom Edith Beli Newton. Njihovo jedino dijete, sin, umro je od 3 mjeseca. U Australiji je dr. Stani\u0107 pomagao drugim iseljenim Hvaranima.<\/p><\/div><\/div><div class='content-column one_half last_column'><div style=\"padding-right:0px;padding-left:6px;\"><p>Es gibt eine Reihe von Adressen wo er sich aufhielt. Als anerkannter und prosperierender Arzt baute er ein gro\u00dfes Haus die \u201eStanich Lodge\u201c in der York Street 21, Mount Pleasant, Penrith, in der N\u00e4he von Sydney. Im Jahr 1894 heiratete er die 22-j\u00e4hrige Londonerin Edith Beli Newton. Ihr einziges Kind, ein Sohn, starb im Alter von 3 Monaten. In Australien unterst\u00fctzte Dr. Stani\u0107 andere Hvaraner.<\/p><\/div><\/div><div class='clear_column'><\/div><div class='content-column one_half'><div style=\"padding-right:6px;\"><p>Njegov je najve\u0107i profesionalni uspjeh bio kada je izlije\u010dio britansku kraljicu Viktoriju od bolesti uha. U obitelji njegova prasinovca Dinka u Hvaru \u010duvaju se, osim brojnih dokumenata o njemu, tako\u0111er i neki lije\u010dni\u010dki dokumenti, veliko gipsano anatomsko uho te pe\u010dat s britanskim grbom koji je dobio u znak priznanja za ovo zlje\u010denje.<\/p><\/div><\/div><div class='content-column one_half last_column'><div style=\"padding-right:0px;padding-left:6px;\"><p>Sein gr\u00f6\u00dfter beruflicher Erfolg war, als er die britische K\u00f6nigin Victoria von einer Ohrenerkrankung heilte. In seiner Familie Dinko in Hvar werden neben zahlreichen Dokumenten \u00fcber ihn, auch einige Krankenakte, ein gro\u00dfes anatomisches Ohrmodell aus Gips sowie ein Siegel mit dem britischen Wappen, das er in Anerkennung f\u00fcr diese Heilung erhielt, aufbewahrt.<\/p><\/div><\/div><div class='clear_column'><\/div><div class='content-column one_half'><div style=\"padding-right:6px;\"><p>Matrica e\u010data promjera 3,5 cm nosi geslo ET DECUS ET PRETIUM RECTI (= nagrada i \u010dast \u010destitoga) s natpisom CITY OF FITZROY (rezidencija tada\u0161njega guvernera Charlesa Augusta Fitzroya kraj Melbourna). Ovdje se \u010duva i negativ gravure (5,5 x 5 cm cca) na kojoj je prikazan kako lije\u010di kraljicu<\/p><\/div><\/div><div class='content-column one_half last_column'><div style=\"padding-right:0px;padding-left:6px;\"><p>Der Siegel mit einem Durchmesser von 3,5 cm tr\u00e4gt die Aufschrift ET DECUS ET PRETIUM RECTI (= Auszeichnung und Ehre) sowie CITY OF FITZROY (Residenz des damaligen Gouverneurs Charles Augustus Fitzroy in der N\u00e4he von Melbourn). Es existiert auch eine Negativgravur (5,5 x 5 cm), die zeigt, wie man die K\u00f6nigin behandelte.<\/p><\/div><\/div><div class='clear_column'><\/div><div class='content-column one_half'><div style=\"padding-right:6px;\"><p>U starosti, \u017eeljan rodne grude, vra\u0107a se u zavi\u010dajni grad, gdje ga do\u010dekuju op\u0107inari sa glazbom. To je bilo oko 1913.; ali njegovu \u017eelju da ostane u domovini omelo je skoro izbijanje Prvoga svjetskog rata, pa je kao dr\u017eavljanin zemlje tada zara\u0107ene s Austro-Ugarskom morao napustiti Hvar i vratiti se u Australiju. Umro je od sr\u010danog udara u Dalkeithu, Oxley Street, North Sidney, 23. velja\u010de 1915. i sahranjen je na groblju Waverly (predgra\u0111e Sidneyja) gdje mu je i nadgrobni spomenik.<\/p><\/div><\/div><div class='content-column one_half last_column'><div style=\"padding-right:0px;padding-left:6px;\"><p>Im Alter kehrte er in seine Heimatstadt zur\u00fcck, wo er von den Gemeindekindern mit der Musik begr\u00fc\u00dft wurde. Das war ungef\u00e4hr 1913. Sein Wunsch zu Hause zu bleiben wurde nicht erf\u00fcllt als er beim Ausbruch des Ersten Weltkrieg als britischer B\u00fcrger Hvar verlassen und zur\u00fcck nach Australien kehren musste. Er starb an einem Herzinfarkt in Dalkeith, Oxley Street, North Sydney, am 23. Februar 1915 und wurde auf dem Friedhof Waverly (ein Vorort von Sidney) begraben, wo sich noch sein Grabstein befindet.<\/p><\/div><\/div><div class='clear_column'><\/div><\/p>\n<p style=\"text-align: right;\"><span style=\"color: #3366ff;\"><a style=\"color: #3366ff;\" href=\"#seite_oben\">natrag na vrh \/ Seitenanfang<\/a><\/span><\/p>\n<p style=\"text-align: center;\"><em>(Kruvenica Nr. 29)<\/em><\/p>\n<hr \/>\n<p><strong>Linkovi \/ Links<\/strong><\/p>\n<p><span style=\"color: #3366ff;\"><a style=\"color: #3366ff;\" href=\"https:\/\/www.topohvar.at\/topo\/orte\/hv\/hv-tg-81-1\/\">Ku\u0107a \/ Haus \u00bbGilve\u00ab<\/a><\/span><\/p>\n","protected":false},"excerpt":{"rendered":"<p>Ime \/ Name Spomen plo\u010da \/ Gedenktafel \u00bbDr. Prospero Stanich\u00ab Code: HV-IS-13\u00a0 \u00a0 \u00a0 \u00a0 \u00a0 \u00a0 \u00a0 \u00a0 \u00a0 \u00a0 \u00a0 \u00a0 \u00a0 \u00a0 \u00a0 \u00a0 \u00a0 \u00a0\u00a0\u00a0 \u00a0 Adresa \/ Adresse Grad Hvar, Ulica Dr. Mate Mili\u010di\u0107a 14 &hellip; <a href=\"https:\/\/www.topohvar.at\/topo\/orte\/hv\/hv-is-13-1\/\">Weiterlesen <span class=\"meta-nav\">&rarr;<\/span><\/a><\/p>\n","protected":false},"author":1,"featured_media":0,"parent":80,"menu_order":0,"comment_status":"closed","ping_status":"closed","template":"","meta":{"footnotes":""},"class_list":["post-14532","page","type-page","status-publish","hentry"],"_links":{"self":[{"href":"https:\/\/www.topohvar.at\/topo\/wp-json\/wp\/v2\/pages\/14532","targetHints":{"allow":["GET"]}}],"collection":[{"href":"https:\/\/www.topohvar.at\/topo\/wp-json\/wp\/v2\/pages"}],"about":[{"href":"https:\/\/www.topohvar.at\/topo\/wp-json\/wp\/v2\/types\/page"}],"author":[{"embeddable":true,"href":"https:\/\/www.topohvar.at\/topo\/wp-json\/wp\/v2\/users\/1"}],"replies":[{"embeddable":true,"href":"https:\/\/www.topohvar.at\/topo\/wp-json\/wp\/v2\/comments?post=14532"}],"version-history":[{"count":20,"href":"https:\/\/www.topohvar.at\/topo\/wp-json\/wp\/v2\/pages\/14532\/revisions"}],"predecessor-version":[{"id":70033,"href":"https:\/\/www.topohvar.at\/topo\/wp-json\/wp\/v2\/pages\/14532\/revisions\/70033"}],"up":[{"embeddable":true,"href":"https:\/\/www.topohvar.at\/topo\/wp-json\/wp\/v2\/pages\/80"}],"wp:attachment":[{"href":"https:\/\/www.topohvar.at\/topo\/wp-json\/wp\/v2\/media?parent=14532"}],"curies":[{"name":"wp","href":"https:\/\/api.w.org\/{rel}","templated":true}]}}