{"id":14540,"date":"2018-12-30T20:10:49","date_gmt":"2018-12-30T19:10:49","guid":{"rendered":"https:\/\/www.topohvar.at\/?page_id=14540"},"modified":"2021-11-12T16:56:18","modified_gmt":"2021-11-12T15:56:18","slug":"hv-is-15-1","status":"publish","type":"page","link":"https:\/\/www.topohvar.at\/topo\/orte\/hv\/hv-is-15-1\/","title":{"rendered":"HVAR &#8211; Spomen plo\u010da \u00bbPartizanski gimnazija\u00ab"},"content":{"rendered":"<p><a name=\"seite_oben\"><\/a><br \/>\n<img loading=\"lazy\" decoding=\"async\" class=\"alignnone wp-image-14457 size-large\" src=\"https:\/\/www.topohvar.at\/wp-content\/uploads\/2018\/12\/HV-IS-15-1-1024x503.jpg\" alt=\"\" width=\"640\" height=\"314\" srcset=\"https:\/\/www.topohvar.at\/wp-content\/uploads\/2018\/12\/HV-IS-15-1-1024x503.jpg 1024w, https:\/\/www.topohvar.at\/wp-content\/uploads\/2018\/12\/HV-IS-15-1-300x147.jpg 300w, https:\/\/www.topohvar.at\/wp-content\/uploads\/2018\/12\/HV-IS-15-1-768x377.jpg 768w, https:\/\/www.topohvar.at\/wp-content\/uploads\/2018\/12\/HV-IS-15-1.jpg 1080w\" sizes=\"auto, (max-width: 640px) 100vw, 640px\" \/><\/p>\n<p><strong>Ime \/ Name<br \/>\n<\/strong>Spomen plo\u010da \u00bbPartizanski gimnazija\u00ab \/ Gedenktafel &#8211; Partisanen-Gymnasium<\/p>\n<p><strong>Code: <\/strong>HV-IS-15\u00a0 \u00a0 \u00a0 \u00a0 \u00a0 \u00a0 \u00a0 \u00a0 \u00a0 \u00a0 \u00a0 \u00a0 \u00a0 \u00a0 \u00a0 \u00a0 \u00a0 \u00a0\u00a0<a href=\"https:\/\/www.topohvar.at\/hv-ip-08-1\/\"><img loading=\"lazy\" decoding=\"async\" class=\"alignnone wp-image-12300 size-full\" src=\"https:\/\/www.topohvar.at\/wp-content\/uploads\/2018\/09\/push-vor-30.jpg\" alt=\"\" width=\"61\" height=\"30\" \/><\/a>\u00a0<strong><a href=\"https:\/\/www.topohvar.at\/orte\/hv\/hv-is-21-1\/\"><img loading=\"lazy\" decoding=\"async\" class=\"alignnone wp-image-533 size-full\" src=\"https:\/\/www.topohvar.at\/wp-content\/uploads\/2018\/07\/push-l-30.jpg\" alt=\"\" width=\"61\" height=\"30\" \/><\/a> <a href=\"https:\/\/www.topohvar.at\/orte\/hv\/\"><img loading=\"lazy\" decoding=\"async\" class=\"alignnone wp-image-535 size-full\" src=\"https:\/\/www.topohvar.at\/wp-content\/uploads\/2018\/07\/push-o-30.jpg\" alt=\"\" width=\"61\" height=\"30\" \/><\/a> <a href=\"https:\/\/www.topohvar.at\/orte\/hv\/hv-is-29-1\/\"><img loading=\"lazy\" decoding=\"async\" class=\"alignnone wp-image-536 size-full\" src=\"https:\/\/www.topohvar.at\/wp-content\/uploads\/2018\/07\/push-r-30.jpg\" alt=\"\" width=\"61\" height=\"30\" \/><\/a>\u00a0<a href=\"https:\/\/www.topohvar.at\/hv-ip-08-1\/\"><img loading=\"lazy\" decoding=\"async\" class=\"alignnone wp-image-12299 size-full\" src=\"https:\/\/www.topohvar.at\/wp-content\/uploads\/2018\/09\/push-next-30.jpg\" alt=\"\" width=\"61\" height=\"30\" \/><\/a><\/strong><\/p>\n<hr \/>\n<p><strong>Adresa \/ Adresse<br \/>\n<\/strong>Grad Hvar,<\/p>\n<p><strong>Lokacija<\/strong><strong> \/ Position<a href=\"https:\/\/goo.gl\/maps\/mUP2u34AN4cR4JLP9\"><img loading=\"lazy\" decoding=\"async\" class=\"alignright wp-image-16364\" src=\"https:\/\/www.topohvar.at\/wp-content\/uploads\/2019\/01\/0377.jpg\" alt=\"\" width=\"134\" height=\"100\" \/><\/a><br \/>\n<\/strong><span style=\"color: #3366ff;\"><a style=\"color: #3366ff;\" href=\"https:\/\/goo.gl\/maps\/mUP2u34AN4cR4JLP9\">Latitude: N 43,16935\u00b0\u00a0 \u00a0Longitude: E 16,44387\u00b0<\/a> <\/span><strong><br \/>\n<\/strong>Visina \/ H\u00f6he: 19 m<\/p>\n<p><strong>Katastarska \u010destica<\/strong><strong> \/ Grundst\u00fccke<br \/>\n<\/strong>3839<div class='content-column one_half'><div style=\"padding-right:6px;\"><p><strong>Datum snimanja \/ Erfassungsdatum<br \/>\n<\/strong>20.02.2015 10:49:07<\/p>\n<hr \/>\n<p><strong>Informacije<\/strong><\/p>\n<p>Spomen plo\u010da od bijelog mramora, nalazi se na pro\u010delju zgrade Osnovne \u0161kole Hvar, na isto\u010dnom zidu ulaznog dijela sa stepeni\u0161tem. Spomen plo\u010da postavljena je 1. maja 1967. godine, od strane Inicijativnog odbora \u0111aka biv\u0161e partizanske gimnazije zajedno sa dru\u0161tveno-politi\u010dkim organizacijama Hvara. Tom prigodom okupili su se pre\u017eivjeli \u0111aci te gimnazije na prigodnoj proslavi u Lo\u017ei hotela Palace.<\/p><\/div><\/div><div class='content-column one_half last_column'><div style=\"padding-right:0px;padding-left:6px;\"><p><strong>Stupanj za\u0161tite<\/strong><strong> \/ Schutzstellung<br \/>\n<\/strong>&#8211;<\/p>\n<hr \/>\n<p><strong>Info<\/strong><\/p>\n<p>Die Gedenktafel aus wei\u00dfem Marmor befindet sich an der Vorderseite der Schule in Hvar, an der Ostwand einer mit Stiegen versehenen Eingangsnische. Die Gedenktafel wurde am 1. Mai 1967 auf Initiative des Komitees ehemaliger Partisanengymasiasten gemeinsam mit den sozio-politischen Organisationen von Hvar errichtet. Zu diesem Anlass versammelten sich die \u00fcberlebenden Sch\u00fcler des Gymnasiums in der Loggia beim Hotel Palace.<\/p><\/div><\/div><div class='clear_column'><\/div><div class='content-column one_half'><div style=\"padding-right:6px;\"><p>Natpis:<\/p>\n<p style=\"text-align: center;\">U OVU ZGRADU OKTOBRA 1945. DO\u0160LI SU<br \/>\n\u0110JACI PARTIZANI DA ORU\u017dJE ZAMIJENE KNJIGOM<br \/>\nI STEKNU ZNANJE ZA NOVE ZADATKE<br \/>\nIZGRADNJE SOCIJALIZMA<\/p>\n<p style=\"text-align: center;\">U ZNAK SJE\u0106ANJA NA TAJ DATUM<br \/>\nOVU SPOMEN PLO\u0106U POSTAVI\u0160E \u0110JACI I NASTAVNICI<br \/>\nBIV\u0160E PARTIZANSKE GIMNAZIJE<br \/>\n\u201eVLADIMIR NAZOR\u201c<\/p>\n<p style=\"padding-left: 160px;\">HVAR, 1. Maja 1967<\/p><\/div><\/div><div class='content-column one_half last_column'><div style=\"padding-right:0px;padding-left:6px;\"><p>Inschrift:<\/p>\n<p style=\"text-align: center;\">In dieses Geb\u00e4ude kamen im Oktober 1945<br \/>\nPartisanensch\u00fcler, um Waffen gegen B\u00fccher<br \/>\nzu tauschen und Wissen um die neuen Aufgaben<br \/>\nf\u00fcr den Aufbau des Sozialismus zu erlangen.<\/p>\n<p style=\"text-align: center;\">In Erinnerung an dieses Datum wurde diese<br \/>\nGedenktafel wurde von Sch\u00fclern und Lehrern<br \/>\ndes ehemaligen Partisanen-Gymnasiums<br \/>\n&#8222;Vladimir Nazor&#8220; errichtet.<\/p>\n<p style=\"padding-left: 160px;\">Hvar, am 1. Mai 1967<\/p><\/div><\/div><div class='clear_column'><\/div><\/p>\n<p style=\"text-align: right;\"><span style=\"color: #3366ff;\"><a style=\"color: #3366ff;\" href=\"#seite_oben\">natrag na vrh \/ Seitenanfang<\/a><\/span><\/p>\n<hr \/>\n<p><strong>Linkovi \/ Links<\/strong><\/p>\n<p><span style=\"color: #3366ff;\"><a style=\"color: #3366ff;\" href=\"https:\/\/www.topohvar.at\/orte\/hv\/hv-tg-66-1\/\">Osnovne \u0161kole Hvar \/ Schule in Hvar<\/a>\u00a0<\/span><\/p>\n","protected":false},"excerpt":{"rendered":"<p>Ime \/ Name Spomen plo\u010da \u00bbPartizanski gimnazija\u00ab \/ Gedenktafel &#8211; Partisanen-Gymnasium Code: HV-IS-15\u00a0 \u00a0 \u00a0 \u00a0 \u00a0 \u00a0 \u00a0 \u00a0 \u00a0 \u00a0 \u00a0 \u00a0 \u00a0 \u00a0 \u00a0 \u00a0 \u00a0 \u00a0\u00a0\u00a0 \u00a0 Adresa \/ Adresse Grad Hvar, Lokacija \/ Position Latitude: &hellip; <a href=\"https:\/\/www.topohvar.at\/topo\/orte\/hv\/hv-is-15-1\/\">Weiterlesen <span class=\"meta-nav\">&rarr;<\/span><\/a><\/p>\n","protected":false},"author":1,"featured_media":0,"parent":80,"menu_order":0,"comment_status":"closed","ping_status":"closed","template":"","meta":{"footnotes":""},"class_list":["post-14540","page","type-page","status-publish","hentry"],"_links":{"self":[{"href":"https:\/\/www.topohvar.at\/topo\/wp-json\/wp\/v2\/pages\/14540","targetHints":{"allow":["GET"]}}],"collection":[{"href":"https:\/\/www.topohvar.at\/topo\/wp-json\/wp\/v2\/pages"}],"about":[{"href":"https:\/\/www.topohvar.at\/topo\/wp-json\/wp\/v2\/types\/page"}],"author":[{"embeddable":true,"href":"https:\/\/www.topohvar.at\/topo\/wp-json\/wp\/v2\/users\/1"}],"replies":[{"embeddable":true,"href":"https:\/\/www.topohvar.at\/topo\/wp-json\/wp\/v2\/comments?post=14540"}],"version-history":[{"count":11,"href":"https:\/\/www.topohvar.at\/topo\/wp-json\/wp\/v2\/pages\/14540\/revisions"}],"predecessor-version":[{"id":53517,"href":"https:\/\/www.topohvar.at\/topo\/wp-json\/wp\/v2\/pages\/14540\/revisions\/53517"}],"up":[{"embeddable":true,"href":"https:\/\/www.topohvar.at\/topo\/wp-json\/wp\/v2\/pages\/80"}],"wp:attachment":[{"href":"https:\/\/www.topohvar.at\/topo\/wp-json\/wp\/v2\/media?parent=14540"}],"curies":[{"name":"wp","href":"https:\/\/api.w.org\/{rel}","templated":true}]}}