{"id":14548,"date":"2018-12-30T20:17:19","date_gmt":"2018-12-30T19:17:19","guid":{"rendered":"https:\/\/www.topohvar.at\/?page_id=14548"},"modified":"2021-11-12T16:59:20","modified_gmt":"2021-11-12T15:59:20","slug":"hv-is-19-1","status":"publish","type":"page","link":"https:\/\/www.topohvar.at\/topo\/orte\/hv\/hv-is-19-1\/","title":{"rendered":"HVAR &#8211; Spomen plo\u010da \u00bbGrgur Bu\u010di\u0107 (2)\u00ab"},"content":{"rendered":"<p><a name=\"seite_oben\"><\/a><br \/>\n<img loading=\"lazy\" decoding=\"async\" class=\"alignnone wp-image-14460 size-large\" src=\"https:\/\/www.topohvar.at\/wp-content\/uploads\/2018\/12\/hv-is-19-1-1024x503.jpg\" alt=\"\" width=\"640\" height=\"314\" srcset=\"https:\/\/www.topohvar.at\/wp-content\/uploads\/2018\/12\/hv-is-19-1-1024x503.jpg 1024w, https:\/\/www.topohvar.at\/wp-content\/uploads\/2018\/12\/hv-is-19-1-300x147.jpg 300w, https:\/\/www.topohvar.at\/wp-content\/uploads\/2018\/12\/hv-is-19-1-768x377.jpg 768w, https:\/\/www.topohvar.at\/wp-content\/uploads\/2018\/12\/hv-is-19-1.jpg 1080w\" sizes=\"auto, (max-width: 640px) 100vw, 640px\" \/><\/p>\n<p><strong>Ime \/ Name<br \/>\n<\/strong>Spomen plo\u010da \/ Gedenktafel \u00bbGrgur Bu\u010di\u0107 (2)\u00ab<\/p>\n<p><strong>Code: <\/strong>HV-IS-19\u00a0 \u00a0 \u00a0 \u00a0 \u00a0 \u00a0 \u00a0 \u00a0 \u00a0 \u00a0 \u00a0 \u00a0 \u00a0 \u00a0 \u00a0 \u00a0 \u00a0 \u00a0\u00a0<a href=\"https:\/\/www.topohvar.at\/hv-ip-08-1\/\"><img loading=\"lazy\" decoding=\"async\" class=\"alignnone wp-image-12300 size-full\" src=\"https:\/\/www.topohvar.at\/wp-content\/uploads\/2018\/09\/push-vor-30.jpg\" alt=\"\" width=\"61\" height=\"30\" \/><\/a>\u00a0<strong><a href=\"https:\/\/www.topohvar.at\/orte\/hv\/hv-is-26-1\/\"><img loading=\"lazy\" decoding=\"async\" class=\"alignnone wp-image-533 size-full\" src=\"https:\/\/www.topohvar.at\/wp-content\/uploads\/2018\/07\/push-l-30.jpg\" alt=\"\" width=\"61\" height=\"30\" \/><\/a> <a href=\"https:\/\/www.topohvar.at\/orte\/hv\/\"><img loading=\"lazy\" decoding=\"async\" class=\"alignnone wp-image-535 size-full\" src=\"https:\/\/www.topohvar.at\/wp-content\/uploads\/2018\/07\/push-o-30.jpg\" alt=\"\" width=\"61\" height=\"30\" \/><\/a> <a href=\"https:\/\/www.topohvar.at\/orte\/hv\/hv-is-33-1\/\"><img loading=\"lazy\" decoding=\"async\" class=\"alignnone wp-image-536 size-full\" src=\"https:\/\/www.topohvar.at\/wp-content\/uploads\/2018\/07\/push-r-30.jpg\" alt=\"\" width=\"61\" height=\"30\" \/><\/a>\u00a0<a href=\"https:\/\/www.topohvar.at\/hv-ip-08-1\/\"><img loading=\"lazy\" decoding=\"async\" class=\"alignnone wp-image-12299 size-full\" src=\"https:\/\/www.topohvar.at\/wp-content\/uploads\/2018\/09\/push-next-30.jpg\" alt=\"\" width=\"61\" height=\"30\" \/><\/a><\/strong><\/p>\n<hr \/>\n<p><strong>Adresa \/ Adresse<br \/>\n<\/strong>Grad Hvar,\u00a0Ulica Pu\u010dkog Prevrata<\/p>\n<p><strong>Lokacija<\/strong><strong> \/ Position<a href=\"https:\/\/goo.gl\/maps\/g4zzwDb9Rtb16jk6A\"><img loading=\"lazy\" decoding=\"async\" class=\"alignright wp-image-16386\" src=\"https:\/\/www.topohvar.at\/wp-content\/uploads\/2019\/01\/0356.jpg\" alt=\"\" width=\"134\" height=\"100\" \/><\/a><br \/>\n<\/strong><span style=\"color: #3366ff;\"><a style=\"color: #3366ff;\" href=\"https:\/\/goo.gl\/maps\/g4zzwDb9Rtb16jk6A\">Latitude: N 43,17117\u00b0\u00a0 \u00a0Longitude: E 16,44220\u00b0<\/a> <\/span><strong><br \/>\n<\/strong>Visina \/ H\u00f6he: 13 m<\/p>\n<p><strong>Katastarska \u010destica<\/strong><strong> \/ Grundst\u00fccke<br \/>\n<\/strong>458\/1<div class='content-column one_half'><div style=\"padding-right:6px;\"><p><strong>Datum snimanja \/ Erfassungsdatum<br \/>\n<\/strong>13.02.2015 12:45:44<\/p>\n<hr \/>\n<p><strong>Informacije<\/strong><\/p>\n<p>U ku\u0107i Grgura Bu\u010di\u0107a podignuta je plo\u010da s natpisom::<\/p><\/div><\/div><div class='content-column one_half last_column'><div style=\"padding-right:0px;padding-left:6px;\"><p><strong>Stupanj za\u0161tite<\/strong><strong> \/ Schutzstellung<br \/>\n<\/strong>&#8211;<\/p>\n<hr \/>\n<p><strong>Info<\/strong><\/p>\n<p>Am Haus des Grgur Bu\u010di\u0107 h\u00e4ngt eine Tafel mit folgender Inschrift:<\/p><\/div><\/div><div class='clear_column'><\/div><div class='content-column one_half'><div style=\"padding-right:6px;\"><p style=\"text-align: center;\">U OVOJ KU\u0106I JE PROVEO SVOJ \u017dIVOT<br \/>\n<strong>GRGUR BU\u010cI\u0106<\/strong><br \/>\n7.XI.1829 &#8211; 11.II.1911<br \/>\nPO\u010cASNI DOKTOR FILOZOFSKOG FAKULTETA<br \/>\nU GRACU<br \/>\nSVESTRANI PRIRODOSLOVAC<\/p>\n<p style=\"padding-left: 150px; text-align: left;\">CENTAR Z.Z.K.B. 1975.<\/p><\/div><\/div><div class='content-column one_half last_column'><div style=\"padding-right:0px;padding-left:6px;\"><p style=\"text-align: center;\">In diesem Haus verbrachte sein Leben<br \/>\n<strong>Grgor Bu\u010di\u0107<\/strong><br \/>\n7. 11. 1829 &#8211; 11. 2. 1911<br \/>\nEhrendoktor der Philosophischen Fakult\u00e4t<br \/>\nin Graz<br \/>\nund vielseitiger Naturforscher.<\/p>\n<p style=\"padding-left: 80px;\">Center Z.Z.K.B. Im Jahr 1975.<\/p><\/div><\/div><div class='clear_column'><\/div><\/p>\n<p style=\"text-align: right;\"><span style=\"color: #3366ff;\"><a style=\"color: #3366ff;\" href=\"#seite_oben\">natrag na vrh \/ Seitenanfang<\/a><\/span><\/p>\n<p><img loading=\"lazy\" decoding=\"async\" class=\"alignnone size-full wp-image-16390 aligncenter\" src=\"https:\/\/www.topohvar.at\/wp-content\/uploads\/2019\/01\/hv-is-19-11.jpg\" alt=\"\" width=\"299\" height=\"400\" srcset=\"https:\/\/www.topohvar.at\/wp-content\/uploads\/2019\/01\/hv-is-19-11.jpg 299w, https:\/\/www.topohvar.at\/wp-content\/uploads\/2019\/01\/hv-is-19-11-224x300.jpg 224w\" sizes=\"auto, (max-width: 299px) 100vw, 299px\" \/><\/p>\n<hr \/>\n<p><strong>Linkovi \/ Links<\/strong><\/p>\n<p><span style=\"color: #3366ff;\"><a style=\"color: #3366ff;\" href=\"https:\/\/www.topohvar.at\/orte\/hv\/hv-tg-46-1\/\">Ku\u0107a Grgura Bu\u010di\u0107a \/ Haus des Georg Bu\u010di\u0107<\/a>\u00a0<\/span><br \/>\n<span style=\"color: #3366ff;\"><a style=\"color: #3366ff;\" href=\"https:\/\/www.topohvar.at\/orte\/hv\/hv-is-36-1\/\">Spomen plo\u010da <\/a><a style=\"color: #3366ff;\" href=\"https:\/\/www.topohvar.at\/orte\/hv\/hv-is-36-1\/\">\u00bbGrgur Bu\u010di\u0107 (1)\u00ab<\/a><a style=\"color: #3366ff;\" href=\"https:\/\/www.topohvar.at\/orte\/hv\/hv-is-36-1\/\">\u00a0na Venerande \/ Gedenktafel \u00bbGrgur Bu\u010di\u0107 (1)\u00ab auf Venerande<\/a><\/span><\/p>\n<p>&nbsp;<\/p>\n","protected":false},"excerpt":{"rendered":"<p>Ime \/ Name Spomen plo\u010da \/ Gedenktafel \u00bbGrgur Bu\u010di\u0107 (2)\u00ab Code: HV-IS-19\u00a0 \u00a0 \u00a0 \u00a0 \u00a0 \u00a0 \u00a0 \u00a0 \u00a0 \u00a0 \u00a0 \u00a0 \u00a0 \u00a0 \u00a0 \u00a0 \u00a0 \u00a0\u00a0\u00a0 \u00a0 Adresa \/ Adresse Grad Hvar,\u00a0Ulica Pu\u010dkog Prevrata Lokacija \/ Position &hellip; <a href=\"https:\/\/www.topohvar.at\/topo\/orte\/hv\/hv-is-19-1\/\">Weiterlesen <span class=\"meta-nav\">&rarr;<\/span><\/a><\/p>\n","protected":false},"author":1,"featured_media":0,"parent":80,"menu_order":0,"comment_status":"closed","ping_status":"closed","template":"","meta":{"footnotes":""},"class_list":["post-14548","page","type-page","status-publish","hentry"],"_links":{"self":[{"href":"https:\/\/www.topohvar.at\/topo\/wp-json\/wp\/v2\/pages\/14548","targetHints":{"allow":["GET"]}}],"collection":[{"href":"https:\/\/www.topohvar.at\/topo\/wp-json\/wp\/v2\/pages"}],"about":[{"href":"https:\/\/www.topohvar.at\/topo\/wp-json\/wp\/v2\/types\/page"}],"author":[{"embeddable":true,"href":"https:\/\/www.topohvar.at\/topo\/wp-json\/wp\/v2\/users\/1"}],"replies":[{"embeddable":true,"href":"https:\/\/www.topohvar.at\/topo\/wp-json\/wp\/v2\/comments?post=14548"}],"version-history":[{"count":13,"href":"https:\/\/www.topohvar.at\/topo\/wp-json\/wp\/v2\/pages\/14548\/revisions"}],"predecessor-version":[{"id":53521,"href":"https:\/\/www.topohvar.at\/topo\/wp-json\/wp\/v2\/pages\/14548\/revisions\/53521"}],"up":[{"embeddable":true,"href":"https:\/\/www.topohvar.at\/topo\/wp-json\/wp\/v2\/pages\/80"}],"wp:attachment":[{"href":"https:\/\/www.topohvar.at\/topo\/wp-json\/wp\/v2\/media?parent=14548"}],"curies":[{"name":"wp","href":"https:\/\/api.w.org\/{rel}","templated":true}]}}