{"id":14558,"date":"2018-12-30T20:25:18","date_gmt":"2018-12-30T19:25:18","guid":{"rendered":"https:\/\/www.topohvar.at\/?page_id=14558"},"modified":"2021-11-15T10:22:56","modified_gmt":"2021-11-15T09:22:56","slug":"hv-is-32-1","status":"publish","type":"page","link":"https:\/\/www.topohvar.at\/topo\/orte\/hv\/hv-is-32-1\/","title":{"rendered":"HVAR &#8211; Spomen plo\u010da \u00bbBoravku \u0160taba mornarice NOVJ u Hvaru\u00ab"},"content":{"rendered":"<p><a name=\"seite_oben\"><\/a><br \/>\n<img loading=\"lazy\" decoding=\"async\" class=\"alignnone wp-image-387 size-full\" src=\"https:\/\/www.topohvar.at\/wp-content\/uploads\/2018\/07\/00-00-00-1.jpg\" alt=\"\" width=\"114\" height=\"56\" \/><\/p>\n<p><strong>Ime \/ Name<br \/>\n<\/strong>Spomen plo\u010da \u00bbBoravku \u0160taba mornarice NOVJ u Hvaru\u00ab \/\u00a0Gedenktafel &#8211; Marinestab des \u201eNeuen Jugoslawien\u201c in Hvar<\/p>\n<p><strong>Code: <\/strong>HV-IS-32\u00a0 \u00a0 \u00a0 \u00a0 \u00a0 \u00a0 \u00a0 \u00a0 \u00a0 \u00a0 \u00a0 \u00a0 \u00a0 \u00a0 \u00a0 \u00a0 \u00a0 \u00a0\u00a0<a href=\"https:\/\/www.topohvar.at\/hv-ip-08-1\/\"><img loading=\"lazy\" decoding=\"async\" class=\"alignnone wp-image-12300 size-full\" src=\"https:\/\/www.topohvar.at\/wp-content\/uploads\/2018\/09\/push-vor-30.jpg\" alt=\"\" width=\"61\" height=\"30\" \/><\/a>\u00a0<strong><a href=\"https:\/\/www.topohvar.at\/orte\/hv\/hv-is-08-1\/\"><img loading=\"lazy\" decoding=\"async\" class=\"alignnone wp-image-533 size-full\" src=\"https:\/\/www.topohvar.at\/wp-content\/uploads\/2018\/07\/push-l-30.jpg\" alt=\"\" width=\"61\" height=\"30\" \/><\/a> <a href=\"https:\/\/www.topohvar.at\/orte\/hv\/\"><img loading=\"lazy\" decoding=\"async\" class=\"alignnone wp-image-535 size-full\" src=\"https:\/\/www.topohvar.at\/wp-content\/uploads\/2018\/07\/push-o-30.jpg\" alt=\"\" width=\"61\" height=\"30\" \/><\/a> <a href=\"https:\/\/www.topohvar.at\/orte\/hv\/hv-is-37-1\/\"><img loading=\"lazy\" decoding=\"async\" class=\"alignnone wp-image-536 size-full\" src=\"https:\/\/www.topohvar.at\/wp-content\/uploads\/2018\/07\/push-r-30.jpg\" alt=\"\" width=\"61\" height=\"30\" \/><\/a>\u00a0<a href=\"https:\/\/www.topohvar.at\/hv-ip-08-1\/\"><img loading=\"lazy\" decoding=\"async\" class=\"alignnone wp-image-12299 size-full\" src=\"https:\/\/www.topohvar.at\/wp-content\/uploads\/2018\/09\/push-next-30.jpg\" alt=\"\" width=\"61\" height=\"30\" \/><\/a><\/strong><\/p>\n<hr \/>\n<p><strong>Adresa \/ Adresse<br \/>\n<\/strong>Grad Hvar,\u00a0Obala Fabrika 29<\/p>\n<p><strong>Lokacija<\/strong><strong> \/ Position<a href=\"https:\/\/goo.gl\/maps\/go9oriNbmhjVfgqP9\"><img loading=\"lazy\" decoding=\"async\" class=\"alignright wp-image-17460\" src=\"https:\/\/www.topohvar.at\/wp-content\/uploads\/2019\/01\/1446.jpg\" alt=\"\" width=\"134\" height=\"100\" \/><\/a><br \/>\n<\/strong><span style=\"color: #3366ff;\"><a style=\"color: #3366ff;\" href=\"https:\/\/goo.gl\/maps\/go9oriNbmhjVfgqP9\">Latitude: N 43,17187\u00b0\u00a0 \u00a0Longitude: E 16,43907\u00b0<\/a> <\/span><strong><br \/>\n<\/strong>Visina \/ H\u00f6he: 4 m<\/p>\n<p><strong>Katastarska \u010destica<\/strong><strong> \/ Grundst\u00fccke<br \/>\n<\/strong>*601\/1<div class='content-column one_half'><div style=\"padding-right:6px;\"><p><strong>Datum snimanja \/ Erfassungsdatum<br \/>\n<\/strong>01.01.2000 00:00:00<\/p>\n<hr \/>\n<p><strong>Informacije<\/strong><\/p>\n<p>Spomen plo\u010da od bijelog mramora postavljena je na zgradi Skup\u0161tine op\u0107ine Hvar u spomen boravku \u0161taba mornarice NOV-e Jugoslavije od njegovog osnutka 1943. godine do 1944. godine. Spomen plo\u010da postavljena je 1964. godine od strane Komande ratne mornarice, uz proslavu Dana mornarice.<\/p><\/div><\/div><div class='content-column one_half last_column'><div style=\"padding-right:0px;padding-left:6px;\"><p><strong>Stupanj za\u0161tite<\/strong><strong> \/ Schutzstellung<br \/>\n<\/strong>RST 812- 1974<strong><br \/>\n<\/strong><\/p>\n<hr \/>\n<p><strong>Info<\/strong><\/p>\n<p>Die Tafel aus wei\u00dfem Marmor wurde im Geb\u00e4ude der Stadtverwaltung von Hvar errichtet und erinnert an den Aufenthalt des Stabes der jugoslawischen Marine seit ihrer Gr\u00fcndung im Jahr 1943 bis 1944. Die Gedenktafel wurde 1964 vom Marinekommando am Tag der Marine errichtet<\/p><\/div><\/div><div class='clear_column'><\/div><div class='content-column one_half'><div style=\"padding-right:6px;\"><p>Natpis:<\/p>\n<p style=\"text-align: center;\">U OVOJ ZGRADI NALAZIO SE<br \/>\n\u0160TAB MORNARICE NOV-E JUGOSLAVIJE<br \/>\nOD SVOG OSNUTKA 24. X 1943.<br \/>\nDO 19. I. 1944. GODINE<\/p>\n<p style=\"text-align: center;\">RATNA MORNARICA<br \/>\n1964. godine<\/p><\/div><\/div><div class='content-column one_half last_column'><div style=\"padding-right:0px;padding-left:6px;\"><p>Inschrift:<\/p>\n<p style=\"text-align: center;\">In diesem Geb\u00e4ude befand sich<br \/>\nder Marinestab des \u201eNeuen Jugoslawien\u201c<br \/>\nvon seiner Gr\u00fcndung am 24. Oktober 1943<br \/>\nbis zum 19. J\u00e4nner 1944.<\/p>\n<p style=\"text-align: center;\">Die Kriegsmarine<br \/>\nim Jahr 1964<\/p><\/div><\/div><div class='clear_column'><\/div><div class='content-column one_half'><div style=\"padding-right:6px;\"><p>Plo\u010da o\u010dito vi\u0161e nije dostupna u 2018. godini.<\/p><\/div><\/div><div class='content-column one_half last_column'><div style=\"padding-right:0px;padding-left:6px;\"><p>Die Tafel ist im Jahr 2018 offenbar nicht mejhr vorhanden.<\/p><\/div><\/div><div class='clear_column'><\/div><\/p>\n<p style=\"text-align: right;\"><span style=\"color: #3366ff;\"><a style=\"color: #3366ff;\" href=\"#seite_oben\">natrag na vrh \/ Seitenanfang<\/a><\/span><\/p>\n<hr \/>\n<p><strong>Linkovi \/ Links<\/strong><\/p>\n<p><span style=\"color: #3366ff;\"><a style=\"color: #3366ff;\" href=\"https:\/\/www.topohvar.at\/topo\/orte\/hv\/hv-tg-80-1\/\">Zgrada \u00bbGradska vije\u0107nica\u00ab \/ Geb\u00e4ude -Rathaus<\/a><\/span><\/p>\n","protected":false},"excerpt":{"rendered":"<p>Ime \/ Name Spomen plo\u010da \u00bbBoravku \u0160taba mornarice NOVJ u Hvaru\u00ab \/\u00a0Gedenktafel &#8211; Marinestab des \u201eNeuen Jugoslawien\u201c in Hvar Code: HV-IS-32\u00a0 \u00a0 \u00a0 \u00a0 \u00a0 \u00a0 \u00a0 \u00a0 \u00a0 \u00a0 \u00a0 \u00a0 \u00a0 \u00a0 \u00a0 \u00a0 \u00a0 \u00a0\u00a0\u00a0 \u00a0 Adresa &hellip; <a href=\"https:\/\/www.topohvar.at\/topo\/orte\/hv\/hv-is-32-1\/\">Weiterlesen <span class=\"meta-nav\">&rarr;<\/span><\/a><\/p>\n","protected":false},"author":1,"featured_media":0,"parent":80,"menu_order":0,"comment_status":"closed","ping_status":"closed","template":"","meta":{"footnotes":""},"class_list":["post-14558","page","type-page","status-publish","hentry"],"_links":{"self":[{"href":"https:\/\/www.topohvar.at\/topo\/wp-json\/wp\/v2\/pages\/14558","targetHints":{"allow":["GET"]}}],"collection":[{"href":"https:\/\/www.topohvar.at\/topo\/wp-json\/wp\/v2\/pages"}],"about":[{"href":"https:\/\/www.topohvar.at\/topo\/wp-json\/wp\/v2\/types\/page"}],"author":[{"embeddable":true,"href":"https:\/\/www.topohvar.at\/topo\/wp-json\/wp\/v2\/users\/1"}],"replies":[{"embeddable":true,"href":"https:\/\/www.topohvar.at\/topo\/wp-json\/wp\/v2\/comments?post=14558"}],"version-history":[{"count":9,"href":"https:\/\/www.topohvar.at\/topo\/wp-json\/wp\/v2\/pages\/14558\/revisions"}],"predecessor-version":[{"id":53530,"href":"https:\/\/www.topohvar.at\/topo\/wp-json\/wp\/v2\/pages\/14558\/revisions\/53530"}],"up":[{"embeddable":true,"href":"https:\/\/www.topohvar.at\/topo\/wp-json\/wp\/v2\/pages\/80"}],"wp:attachment":[{"href":"https:\/\/www.topohvar.at\/topo\/wp-json\/wp\/v2\/media?parent=14558"}],"curies":[{"name":"wp","href":"https:\/\/api.w.org\/{rel}","templated":true}]}}