{"id":14647,"date":"2018-12-31T18:16:25","date_gmt":"2018-12-31T17:16:25","guid":{"rendered":"https:\/\/www.topohvar.at\/?page_id=14647"},"modified":"2021-11-15T10:36:57","modified_gmt":"2021-11-15T09:36:57","slug":"hv-ig-32-1","status":"publish","type":"page","link":"https:\/\/www.topohvar.at\/topo\/orte\/hv\/hv-ig-32-1\/","title":{"rendered":"HVAR &#8211; Grb \u00bbPetra Hektorovi\u0107a u nadvratniku\u00ab"},"content":{"rendered":"<p><a name=\"seite_oben\"><\/a><br \/>\n<img loading=\"lazy\" decoding=\"async\" class=\"alignnone wp-image-14597 size-large\" src=\"https:\/\/www.topohvar.at\/wp-content\/uploads\/2018\/12\/hv-ig-32-1-1024x503.jpg\" alt=\"\" width=\"640\" height=\"314\" srcset=\"https:\/\/www.topohvar.at\/wp-content\/uploads\/2018\/12\/hv-ig-32-1-1024x503.jpg 1024w, https:\/\/www.topohvar.at\/wp-content\/uploads\/2018\/12\/hv-ig-32-1-300x147.jpg 300w, https:\/\/www.topohvar.at\/wp-content\/uploads\/2018\/12\/hv-ig-32-1-768x377.jpg 768w, https:\/\/www.topohvar.at\/wp-content\/uploads\/2018\/12\/hv-ig-32-1.jpg 1080w\" sizes=\"auto, (max-width: 640px) 100vw, 640px\" \/><\/p>\n<p><strong>Ime \/ Name<br \/>\n<\/strong>Grb \u00bbPetra Hektorovi\u0107a u nadvratniku\u00ab \/ Wappen des Peter Hektorovi\u0107 am T\u00fcrsturz<\/p>\n<p><strong>Code: <\/strong>HV-IG-32\u00a0 \u00a0 \u00a0 \u00a0 \u00a0 \u00a0 \u00a0 \u00a0 \u00a0 \u00a0 \u00a0 \u00a0 \u00a0 \u00a0 \u00a0 \u00a0 \u00a0 \u00a0\u00a0\u00a0<strong><a href=\"https:\/\/www.topohvar.at\/orte\/hv\/hv-ig-08-1\/\"><img loading=\"lazy\" decoding=\"async\" class=\"alignnone wp-image-533 size-full\" src=\"https:\/\/www.topohvar.at\/wp-content\/uploads\/2018\/07\/push-l-30.jpg\" alt=\"\" width=\"61\" height=\"30\" \/><\/a> <a href=\"https:\/\/www.topohvar.at\/orte\/hv\/\"><img loading=\"lazy\" decoding=\"async\" class=\"alignnone wp-image-535 size-full\" src=\"https:\/\/www.topohvar.at\/wp-content\/uploads\/2018\/07\/push-o-30.jpg\" alt=\"\" width=\"61\" height=\"30\" \/><\/a> <a href=\"https:\/\/www.topohvar.at\/orte\/hv\/hv-ig-20-1\/\"><img loading=\"lazy\" decoding=\"async\" class=\"alignnone wp-image-536 size-full\" src=\"https:\/\/www.topohvar.at\/wp-content\/uploads\/2018\/07\/push-r-30.jpg\" alt=\"\" width=\"61\" height=\"30\" \/><\/a>\u00a0<a href=\"https:\/\/www.topohvar.at\/hv-ir-22-1\/\"><img loading=\"lazy\" decoding=\"async\" class=\"alignnone wp-image-12299 size-full\" src=\"https:\/\/www.topohvar.at\/wp-content\/uploads\/2018\/09\/push-next-30.jpg\" alt=\"\" width=\"61\" height=\"30\" \/><\/a><\/strong><\/p>\n<hr \/>\n<p><strong>Adresa \/ Adresse<br \/>\n<\/strong>Grad Hvar,\u00a0Ulica Jurja Novaka 14, O\u0161pidol<\/p>\n<p><strong>Lokacija<\/strong><strong> \/ Position<a href=\"https:\/\/goo.gl\/maps\/5E7cRBUpLyp7rCV6A\"><img loading=\"lazy\" decoding=\"async\" class=\"alignright wp-image-16549\" src=\"https:\/\/www.topohvar.at\/wp-content\/uploads\/2019\/01\/0371.jpg\" alt=\"\" width=\"134\" height=\"100\" \/><\/a><br \/>\n<\/strong><a href=\"https:\/\/goo.gl\/maps\/5E7cRBUpLyp7rCV6A\">Latitude: N 43,17176\u00b0\u00a0 \u00a0Longitude: E 16,44404\u00b0<\/a> <strong><br \/>\n<\/strong>Visina \/ H\u00f6he: 8 m<\/p>\n<p><strong>Katastarska \u010destica<\/strong><strong> \/ Grundst\u00fccke<br \/>\n<\/strong>*383\/1<div class='content-column one_half'><div style=\"padding-right:6px;\"><p><strong>Datum snimanja \/ Erfassungsdatum<br \/>\n<\/strong>28.02.2017 13:49:00<\/p>\n<hr \/>\n<p><strong>Informacije<\/strong><\/p>\n<p>U kvartu Burak u Hvaru, jugoisto\u010dno od katedrale, nalazi se renesansna gra\u0111evina, takozvani &#8222;O\u0161pidol&#8220;. Pripadao je obitelji Grivi\u010di\u0107 1525. godine, obitelji Bartu\u010devi\u0107 oko 1600., a kasnije i obitelji Grisogono.<\/p><\/div><\/div><div class='content-column one_half last_column'><div style=\"padding-right:0px;padding-left:6px;\"><p><strong>Stupanj za\u0161tite<\/strong><strong> \/ Schutzstellung<br \/>\n<\/strong>&#8211;<\/p>\n<hr \/>\n<p><strong>Info<\/strong><\/p>\n<p>Im Hvarer Ortsteil Burak s\u00fcd\u00f6stlich der Kathedrale, steht ein Renaissance-Geb\u00e4ude, das so genannte &#8222;O\u0161pidol&#8220;. Es geh\u00f6rte im Jahr 1525 der Familie Grivi\u010di\u0107, um 1600 der Familie Bartu\u010devi\u0107 und sp\u00e4ter der Familie Grisogono.<\/p><\/div><\/div><div class='clear_column'><\/div><div class='content-column one_half'><div style=\"padding-right:6px;\"><p>Grb Grivi\u010di\u0107 s inicijalima T.(?) G. nalazi se na nadvratniku ulaznog dijela ku\u0107e. Srodne obitelji Hektorovi\u0107i, Barbi\u0107i, Golubini\u0107i, Grivi\u010di\u0107i, Jak\u0161e i Pireti\u0107i imaju isti grb.<\/p><\/div><\/div><div class='content-column one_half last_column'><div style=\"padding-right:0px;padding-left:6px;\"><p>Am T\u00fcrsturz des Hauseinganges befindet sich das Wappen der Familie Grivi\u010di\u0107 mit den Initialen T.(?). G. Die verwandten Familien der Hektorovi\u0107, Barbi\u0107, Golubini\u0107, Grivi\u010di\u0107, Jak\u0161a und Pireti\u0107 besitzen die gleichen Wappen.<\/p><\/div><\/div><div class='clear_column'><\/div><\/p>\n<p style=\"text-align: right;\"><span style=\"color: #3366ff;\"><a style=\"color: #3366ff;\" href=\"#seite_oben\">natrag na vrh \/ Seitenanfang<\/a><\/span><\/p>\n<hr \/>\n<p><strong>Linkovi \/ Links<\/strong><\/p>\n<p><span style=\"color: #3366ff;\"><a style=\"color: #3366ff;\" href=\"https:\/\/www.topohvar.at\/orte\/hv\/hv-tg-60-1\/\">Ku\u0107a \/ Haus \u00bbO\u0161pidol\u00ab<\/a>\u00a0<\/span><\/p>\n","protected":false},"excerpt":{"rendered":"<p>Ime \/ Name Grb \u00bbPetra Hektorovi\u0107a u nadvratniku\u00ab \/ Wappen des Peter Hektorovi\u0107 am T\u00fcrsturz Code: HV-IG-32\u00a0 \u00a0 \u00a0 \u00a0 \u00a0 \u00a0 \u00a0 \u00a0 \u00a0 \u00a0 \u00a0 \u00a0 \u00a0 \u00a0 \u00a0 \u00a0 \u00a0 \u00a0\u00a0\u00a0 \u00a0 Adresa \/ Adresse Grad Hvar,\u00a0Ulica &hellip; <a href=\"https:\/\/www.topohvar.at\/topo\/orte\/hv\/hv-ig-32-1\/\">Weiterlesen <span class=\"meta-nav\">&rarr;<\/span><\/a><\/p>\n","protected":false},"author":1,"featured_media":0,"parent":80,"menu_order":0,"comment_status":"closed","ping_status":"closed","template":"","meta":{"footnotes":""},"class_list":["post-14647","page","type-page","status-publish","hentry"],"_links":{"self":[{"href":"https:\/\/www.topohvar.at\/topo\/wp-json\/wp\/v2\/pages\/14647","targetHints":{"allow":["GET"]}}],"collection":[{"href":"https:\/\/www.topohvar.at\/topo\/wp-json\/wp\/v2\/pages"}],"about":[{"href":"https:\/\/www.topohvar.at\/topo\/wp-json\/wp\/v2\/types\/page"}],"author":[{"embeddable":true,"href":"https:\/\/www.topohvar.at\/topo\/wp-json\/wp\/v2\/users\/1"}],"replies":[{"embeddable":true,"href":"https:\/\/www.topohvar.at\/topo\/wp-json\/wp\/v2\/comments?post=14647"}],"version-history":[{"count":14,"href":"https:\/\/www.topohvar.at\/topo\/wp-json\/wp\/v2\/pages\/14647\/revisions"}],"predecessor-version":[{"id":53547,"href":"https:\/\/www.topohvar.at\/topo\/wp-json\/wp\/v2\/pages\/14647\/revisions\/53547"}],"up":[{"embeddable":true,"href":"https:\/\/www.topohvar.at\/topo\/wp-json\/wp\/v2\/pages\/80"}],"wp:attachment":[{"href":"https:\/\/www.topohvar.at\/topo\/wp-json\/wp\/v2\/media?parent=14647"}],"curies":[{"name":"wp","href":"https:\/\/api.w.org\/{rel}","templated":true}]}}