{"id":14651,"date":"2018-12-31T18:19:42","date_gmt":"2018-12-31T17:19:42","guid":{"rendered":"https:\/\/www.topohvar.at\/?page_id=14651"},"modified":"2021-11-15T10:38:39","modified_gmt":"2021-11-15T09:38:39","slug":"hv-ig-10-1","status":"publish","type":"page","link":"https:\/\/www.topohvar.at\/topo\/orte\/hv\/hv-ig-10-1\/","title":{"rendered":"HVAR &#8211; Grb \u00bbU ku\u0107i Novak\u00ab"},"content":{"rendered":"<p><a name=\"seite_oben\"><\/a><br \/>\n<img loading=\"lazy\" decoding=\"async\" class=\"alignnone wp-image-14575 size-large\" src=\"https:\/\/www.topohvar.at\/wp-content\/uploads\/2018\/12\/hv-ig-10-1-1024x503.jpg\" alt=\"\" width=\"640\" height=\"314\" srcset=\"https:\/\/www.topohvar.at\/wp-content\/uploads\/2018\/12\/hv-ig-10-1-1024x503.jpg 1024w, https:\/\/www.topohvar.at\/wp-content\/uploads\/2018\/12\/hv-ig-10-1-300x147.jpg 300w, https:\/\/www.topohvar.at\/wp-content\/uploads\/2018\/12\/hv-ig-10-1-768x377.jpg 768w, https:\/\/www.topohvar.at\/wp-content\/uploads\/2018\/12\/hv-ig-10-1.jpg 1080w\" sizes=\"auto, (max-width: 640px) 100vw, 640px\" \/><\/p>\n<p><strong>Ime \/ Name<br \/>\n<\/strong>Grb \u00bbU ku\u0107i Novak\u00ab \/ Wappen am Haus Novak<\/p>\n<p><strong>Code: <\/strong>HV-IG-10\u00a0 \u00a0 \u00a0 \u00a0 \u00a0 \u00a0 \u00a0 \u00a0 \u00a0 \u00a0 \u00a0 \u00a0 \u00a0 \u00a0 \u00a0 \u00a0 \u00a0 \u00a0\u00a0\u00a0<strong><a href=\"https:\/\/www.topohvar.at\/orte\/hv\/hv-ig-20-1\/\"><img loading=\"lazy\" decoding=\"async\" class=\"alignnone wp-image-533 size-full\" src=\"https:\/\/www.topohvar.at\/wp-content\/uploads\/2018\/07\/push-l-30.jpg\" alt=\"\" width=\"61\" height=\"30\" \/><\/a> <a href=\"https:\/\/www.topohvar.at\/orte\/hv\/\"><img loading=\"lazy\" decoding=\"async\" class=\"alignnone wp-image-535 size-full\" src=\"https:\/\/www.topohvar.at\/wp-content\/uploads\/2018\/07\/push-o-30.jpg\" alt=\"\" width=\"61\" height=\"30\" \/><\/a> <a href=\"https:\/\/www.topohvar.at\/orte\/hv\/hv-ig-57-1\/\"><img loading=\"lazy\" decoding=\"async\" class=\"alignnone wp-image-536 size-full\" src=\"https:\/\/www.topohvar.at\/wp-content\/uploads\/2018\/07\/push-r-30.jpg\" alt=\"\" width=\"61\" height=\"30\" \/><\/a>\u00a0<a href=\"https:\/\/www.topohvar.at\/hv-ir-22-1\/\"><img loading=\"lazy\" decoding=\"async\" class=\"alignnone wp-image-12299 size-full\" src=\"https:\/\/www.topohvar.at\/wp-content\/uploads\/2018\/09\/push-next-30.jpg\" alt=\"\" width=\"61\" height=\"30\" \/><\/a><\/strong><\/p>\n<hr \/>\n<p><strong>Adresa \/ Adresse<br \/>\n<\/strong>Grad Hvar,Ulica Kroz Burak 1 \/ Ulica Jurja Matijevi\u0107a 15,\u00a0ku\u0107a Novak<\/p>\n<p><strong>Lokacija<\/strong><strong> \/ Position<a href=\"https:\/\/goo.gl\/maps\/S8RTUn5LSxeijZt66\"><img loading=\"lazy\" decoding=\"async\" class=\"alignright wp-image-16564\" src=\"https:\/\/www.topohvar.at\/wp-content\/uploads\/2019\/01\/0360.jpg\" alt=\"\" width=\"134\" height=\"100\" \/><\/a><br \/>\n<\/strong><span style=\"color: #3366ff;\"><a style=\"color: #3366ff;\" href=\"https:\/\/goo.gl\/maps\/S8RTUn5LSxeijZt66\">Latitude: N 43,17190\u00b0\u00a0 \u00a0Longitude: E 16,44168\u00b0<\/a> <\/span><strong><br \/>\n<\/strong>Visina \/ H\u00f6he: 3 m<\/p>\n<p><strong>Katastarska \u010destica<\/strong><strong> \/ Grundst\u00fccke<br \/>\n<\/strong>*213<div class='content-column one_half'><div style=\"padding-right:6px;\"><p><strong>Datum snimanja \/ Erfassungsdatum<br \/>\n<\/strong>25.02.2016 16:08:00<\/p>\n<hr \/>\n<p><strong>Informacije<\/strong><\/p>\n<p>Iznad ulaznih vrata u ku\u0107i \u201eNovak\u201c izvana je neprepoznatljiv grb.\u00a0Godine 1678., naredila je mleta\u010dka vlada, da se uklone svijavni spomenici, da se otuku (izbri\u0161u) svi natpisi njenihhvalisavih predstavnika u dalmatinskim gradovima, kaoi njihovi kipovi, te okle\u0161u njihovi grbovi.\u00a0U Dalmaciji je to nai\u0161lo na negodovanje. Stoga je 1691. godine mleta\u010dka vlada ponovila tu naredbu, koji se tada uglavnom izvr\u0161avala.<\/p><\/div><\/div><div class='content-column one_half last_column'><div style=\"padding-right:0px;padding-left:6px;\"><p><strong>Stupanj za\u0161tite<\/strong><strong> \/ Schutzstellung<br \/>\n<\/strong>&#8211;<\/p>\n<hr \/>\n<p><strong>Info<\/strong><\/p>\n<p>\u00dcber der Eingangst\u00fcre des Hauses \u201eNovak\u201c befindet sich ein unkenntlich gemachtes Wappen.\u00a0Im Jahr 1678 hat die venezianische Regierung befohlen, alle Denkm\u00e4ler zu entfernen, alle Inschriften der edlen Vertreter in den dalmatinischen St\u00e4dten zu l\u00f6schen sowie ihre Statuen zu vernichten und ihre Wappen unkenntlich zu machen.\u00a0In Dalmatien wurde dies zun\u00e4chst verweigert. Deshalb wiederholte die venezianische Regierung im Jahre 1691 erneut diesen Befehl, der dann gr\u00f6\u00dftenteils auch ausgef\u00fchrt wurde.<\/p><\/div><\/div><div class='clear_column'><\/div><\/p>\n<p style=\"text-align: right;\"><span style=\"color: #3366ff;\"><a style=\"color: #3366ff;\" href=\"#seite_oben\">natrag na vrh \/ Seitenanfang<\/a><\/span><\/p>\n<hr \/>\n<p><strong>Linkovi \/ Links<\/strong><\/p>\n<p><a href=\"https:\/\/www.topohvar.at\/orte\/hv\/hv-tg-49-1\/\"><span style=\"color: #3366ff;\">Ku\u0107a \/ Haus \u00bbNovak\u00ab<\/span><\/a><br \/>\n<a href=\"https:\/\/www.topohvar.at\/orte\/hv\/hv-ir-44-1\/\"><span style=\"color: #3366ff;\">Reljef \u00bbna nadvratniku ku\u0107e Novaka\u00ab \/ Relief am T\u00fcrsturz zum Haus Novak<\/span><\/a><\/p>\n","protected":false},"excerpt":{"rendered":"<p>Ime \/ Name Grb \u00bbU ku\u0107i Novak\u00ab \/ Wappen am Haus Novak Code: HV-IG-10\u00a0 \u00a0 \u00a0 \u00a0 \u00a0 \u00a0 \u00a0 \u00a0 \u00a0 \u00a0 \u00a0 \u00a0 \u00a0 \u00a0 \u00a0 \u00a0 \u00a0 \u00a0\u00a0\u00a0 \u00a0 Adresa \/ Adresse Grad Hvar,Ulica Kroz Burak 1 &hellip; <a href=\"https:\/\/www.topohvar.at\/topo\/orte\/hv\/hv-ig-10-1\/\">Weiterlesen <span class=\"meta-nav\">&rarr;<\/span><\/a><\/p>\n","protected":false},"author":1,"featured_media":0,"parent":80,"menu_order":0,"comment_status":"closed","ping_status":"closed","template":"","meta":{"footnotes":""},"class_list":["post-14651","page","type-page","status-publish","hentry"],"_links":{"self":[{"href":"https:\/\/www.topohvar.at\/topo\/wp-json\/wp\/v2\/pages\/14651","targetHints":{"allow":["GET"]}}],"collection":[{"href":"https:\/\/www.topohvar.at\/topo\/wp-json\/wp\/v2\/pages"}],"about":[{"href":"https:\/\/www.topohvar.at\/topo\/wp-json\/wp\/v2\/types\/page"}],"author":[{"embeddable":true,"href":"https:\/\/www.topohvar.at\/topo\/wp-json\/wp\/v2\/users\/1"}],"replies":[{"embeddable":true,"href":"https:\/\/www.topohvar.at\/topo\/wp-json\/wp\/v2\/comments?post=14651"}],"version-history":[{"count":20,"href":"https:\/\/www.topohvar.at\/topo\/wp-json\/wp\/v2\/pages\/14651\/revisions"}],"predecessor-version":[{"id":53549,"href":"https:\/\/www.topohvar.at\/topo\/wp-json\/wp\/v2\/pages\/14651\/revisions\/53549"}],"up":[{"embeddable":true,"href":"https:\/\/www.topohvar.at\/topo\/wp-json\/wp\/v2\/pages\/80"}],"wp:attachment":[{"href":"https:\/\/www.topohvar.at\/topo\/wp-json\/wp\/v2\/media?parent=14651"}],"curies":[{"name":"wp","href":"https:\/\/api.w.org\/{rel}","templated":true}]}}