{"id":14665,"date":"2018-12-31T18:31:07","date_gmt":"2018-12-31T17:31:07","guid":{"rendered":"https:\/\/www.topohvar.at\/?page_id=14665"},"modified":"2021-11-15T10:46:04","modified_gmt":"2021-11-15T09:46:04","slug":"hv-ig-07-1","status":"publish","type":"page","link":"https:\/\/www.topohvar.at\/topo\/orte\/hv\/hv-ig-07-1\/","title":{"rendered":"HVAR &#8211; Grb \u00bbBiskupa Tome Tomasinija\u00ab"},"content":{"rendered":"<p><a name=\"seite_oben\"><\/a><br \/>\n<img loading=\"lazy\" decoding=\"async\" class=\"alignnone wp-image-14572 size-large\" src=\"https:\/\/www.topohvar.at\/wp-content\/uploads\/2018\/12\/hv-ig-07-1-1024x503.jpg\" alt=\"\" width=\"640\" height=\"314\" srcset=\"https:\/\/www.topohvar.at\/wp-content\/uploads\/2018\/12\/hv-ig-07-1-1024x503.jpg 1024w, https:\/\/www.topohvar.at\/wp-content\/uploads\/2018\/12\/hv-ig-07-1-300x147.jpg 300w, https:\/\/www.topohvar.at\/wp-content\/uploads\/2018\/12\/hv-ig-07-1-768x377.jpg 768w, https:\/\/www.topohvar.at\/wp-content\/uploads\/2018\/12\/hv-ig-07-1.jpg 1080w\" sizes=\"auto, (max-width: 640px) 100vw, 640px\" \/><\/p>\n<p><strong>Ime \/ Name<br \/>\n<\/strong>Grb\u00a0 \/ Wappen \u00bbBiskupa Tome Tomasinija\u00ab<\/p>\n<p><strong>Code: <\/strong>HV-IG-07\u00a0 \u00a0 \u00a0 \u00a0 \u00a0 \u00a0 \u00a0 \u00a0 \u00a0 \u00a0 \u00a0 \u00a0 \u00a0 \u00a0 \u00a0 \u00a0 \u00a0 \u00a0\u00a0\u00a0<strong><a href=\"https:\/\/www.topohvar.at\/orte\/hv\/hv-ig-56-1\/\"><img loading=\"lazy\" decoding=\"async\" class=\"alignnone wp-image-533 size-full\" src=\"https:\/\/www.topohvar.at\/wp-content\/uploads\/2018\/07\/push-l-30.jpg\" alt=\"\" width=\"61\" height=\"30\" \/><\/a> <a href=\"https:\/\/www.topohvar.at\/orte\/hv\/\"><img loading=\"lazy\" decoding=\"async\" class=\"alignnone wp-image-535 size-full\" src=\"https:\/\/www.topohvar.at\/wp-content\/uploads\/2018\/07\/push-o-30.jpg\" alt=\"\" width=\"61\" height=\"30\" \/><\/a> <a href=\"https:\/\/www.topohvar.at\/orte\/hv\/hv-ig-33-1\/\"><img loading=\"lazy\" decoding=\"async\" class=\"alignnone wp-image-536 size-full\" src=\"https:\/\/www.topohvar.at\/wp-content\/uploads\/2018\/07\/push-r-30.jpg\" alt=\"\" width=\"61\" height=\"30\" \/><\/a>\u00a0<a href=\"https:\/\/www.topohvar.at\/hv-ir-22-1\/\"><img loading=\"lazy\" decoding=\"async\" class=\"alignnone wp-image-12299 size-full\" src=\"https:\/\/www.topohvar.at\/wp-content\/uploads\/2018\/09\/push-next-30.jpg\" alt=\"\" width=\"61\" height=\"30\" \/><\/a><\/strong><\/p>\n<hr \/>\n<p><strong>Adresa \/ Adresse<br \/>\n<\/strong>Grad Hvar,\u00a0Ulica Marije Mari\u010di\u0107 1, ku\u0107a Strossmayer<\/p>\n<p><strong>Lokacija<\/strong><strong> \/ Position<a href=\"https:\/\/goo.gl\/maps\/Fq5rDvjyCETdLayN8\"><img loading=\"lazy\" decoding=\"async\" class=\"alignright wp-image-16633\" src=\"https:\/\/www.topohvar.at\/wp-content\/uploads\/2019\/01\/0341.jpg\" alt=\"\" width=\"134\" height=\"100\" \/><\/a><br \/>\n<\/strong><span style=\"color: #3366ff;\"><a style=\"color: #3366ff;\" href=\"https:\/\/goo.gl\/maps\/Fq5rDvjyCETdLayN8\">Latitude: N 43,17295\u00b0\u00a0 \u00a0Longitude: E 16,44226\u00b0<\/a> <\/span><strong><br \/>\n<\/strong>Visina \/ H\u00f6he: 13 m<\/p>\n<p><strong>Katastarska \u010destica<\/strong><strong> \/ Grundst\u00fccke<br \/>\n<\/strong>*93<div class='content-column one_half'><div style=\"padding-right:6px;\"><p><strong>Datum snimanja \/ Erfassungsdatum<br \/>\n<\/strong>25.02.2016 10:20:37<\/p>\n<hr \/>\n<p><strong>Informacije<\/strong><\/p>\n<p>Grb biskupa Tomasinija sa\u010duvan je i danas na nadvratniku Orlane u Grodi, ku\u0107e koju je on dao podignuto unutar gradskih zidina zbog ve\u0107e sigurnosti u slu\u010daju napada na grad.<\/p><\/div><\/div><div class='content-column one_half last_column'><div style=\"padding-right:0px;padding-left:6px;\"><p><strong>Stupanj za\u0161tite<\/strong><strong> \/ Schutzstellung<br \/>\n<\/strong>&#8211;<\/p>\n<hr \/>\n<p><strong>Info<\/strong><\/p>\n<p>Das Wappen des Bischofs Tomasini ist noch immer auf dem T\u00fcrsturz von Orlane in Grodi erhalten, einem Haus, das Tomasini innerhalb der Stadtmauern errichten lie\u00df um mehr Sicherheit im Falle eines Angriffs auf die Stadt zu haben.<\/p><\/div><\/div><div class='clear_column'><\/div><\/p>\n<hr \/>\n<div class='content-column one_half'><div style=\"padding-right:6px;\"><p>2012 navr\u0161ava se 550 godina od smrti Tome Tomasinija, dominikaca, teologa i diplomata, jednog od najnamenitijih hvarskih biskupa. Vjerojatno se rodio zadnih godina 14.st. u Veneciji. Bio je Mle\u010danin iz imu\u010dne obitelji, dominikanac glasovit samostana sv. Ivana i Pavla i doktor teologije, smatra se da je studirao na dominikanskom generalnom u\u010dili\u0161tu u Padovi ili Bologni.<\/p><\/div><\/div><div class='content-column one_half last_column'><div style=\"padding-right:0px;padding-left:6px;\"><p>2012 ist das Jahr 550 Jahre nach dem Tod des Bischofs Toma Tomasini. Er war Dominikaner, Theologe und Diplomat, einer der angesehensten Bisch\u00f6fe von Hvar. Geboren wurde er wahrscheinlich Ende des 14. Jahrhundert in Venedig. Er war Adeliger aus angesehener Familie, Dominikaner des ber\u00fchmten Klosters St. Johannes und Paulus und Doktor der Theologievermutlich hat er auf der Dominikanischen Schule in Padua oder Bologna studiert.<\/p><\/div><\/div><div class='clear_column'><\/div><div class='content-column one_half'><div style=\"padding-right:6px;\"><p>Hvarsku biskupiju je preuzeo 20. svibnja 1430. godine.\u00a0Tomasini je dao poru\u0161iti katedralu sv. Stjepana sagra\u0111enu oko 1400.g. i na njenom mjestu podignuti prezbiteri dana\u0161nje Katedrale.\u00a0Tomasini je preminuo vjerojatno u studenom 1462., i pokopan je u hvarskoj katedrali, u srednjoj od tri grobnice koje je dao napraviti za potrebe biskupa.<\/p><\/div><\/div><div class='content-column one_half last_column'><div style=\"padding-right:0px;padding-left:6px;\"><p>Er \u00fcbernahm die Di\u00f6zese Hvar am 20. Mai 1430.\u00a0Tomasini lie\u00df die Kathedrale St. Stefan, die erst um 1400 erbaut wurde, niederrei\u00dfen und an seiner Stelle das Presbyterium der heutigen Kathedrale erbauen.\u00a0Tomasini starb wahrscheinlich im November 1462 und wurde in der Kathedrale von Hvar begraben, in der Mitte der drei Gr\u00e4ber, die er f\u00fcr Bisch\u00f6fe reserviert hatte.<\/p><\/div><\/div><div class='clear_column'><\/div><\/p>\n<p style=\"text-align: right;\"><span style=\"color: #3366ff;\"><a style=\"color: #3366ff;\" href=\"#seite_oben\">natrag na vrh \/ Seitenanfang<\/a><\/span><\/p>\n<hr \/>\n<p><strong>Linkovi \/ Links<\/strong><\/p>\n<p><span style=\"color: #3366ff;\"><a style=\"color: #3366ff;\" href=\"https:\/\/www.topohvar.at\/orte\/hv\/hv-tg-31-1\/\">Ku\u0107a \/ Haus \u00bbBiskupa Tome Tomassinija (Strossmayer)\u00ab<\/a><\/span><\/p>\n","protected":false},"excerpt":{"rendered":"<p>Ime \/ Name Grb\u00a0 \/ Wappen \u00bbBiskupa Tome Tomasinija\u00ab Code: HV-IG-07\u00a0 \u00a0 \u00a0 \u00a0 \u00a0 \u00a0 \u00a0 \u00a0 \u00a0 \u00a0 \u00a0 \u00a0 \u00a0 \u00a0 \u00a0 \u00a0 \u00a0 \u00a0\u00a0\u00a0 \u00a0 Adresa \/ Adresse Grad Hvar,\u00a0Ulica Marije Mari\u010di\u0107 1, ku\u0107a Strossmayer Lokacija &hellip; <a href=\"https:\/\/www.topohvar.at\/topo\/orte\/hv\/hv-ig-07-1\/\">Weiterlesen <span class=\"meta-nav\">&rarr;<\/span><\/a><\/p>\n","protected":false},"author":1,"featured_media":0,"parent":80,"menu_order":0,"comment_status":"closed","ping_status":"closed","template":"","meta":{"footnotes":""},"class_list":["post-14665","page","type-page","status-publish","hentry"],"_links":{"self":[{"href":"https:\/\/www.topohvar.at\/topo\/wp-json\/wp\/v2\/pages\/14665","targetHints":{"allow":["GET"]}}],"collection":[{"href":"https:\/\/www.topohvar.at\/topo\/wp-json\/wp\/v2\/pages"}],"about":[{"href":"https:\/\/www.topohvar.at\/topo\/wp-json\/wp\/v2\/types\/page"}],"author":[{"embeddable":true,"href":"https:\/\/www.topohvar.at\/topo\/wp-json\/wp\/v2\/users\/1"}],"replies":[{"embeddable":true,"href":"https:\/\/www.topohvar.at\/topo\/wp-json\/wp\/v2\/comments?post=14665"}],"version-history":[{"count":14,"href":"https:\/\/www.topohvar.at\/topo\/wp-json\/wp\/v2\/pages\/14665\/revisions"}],"predecessor-version":[{"id":53559,"href":"https:\/\/www.topohvar.at\/topo\/wp-json\/wp\/v2\/pages\/14665\/revisions\/53559"}],"up":[{"embeddable":true,"href":"https:\/\/www.topohvar.at\/topo\/wp-json\/wp\/v2\/pages\/80"}],"wp:attachment":[{"href":"https:\/\/www.topohvar.at\/topo\/wp-json\/wp\/v2\/media?parent=14665"}],"curies":[{"name":"wp","href":"https:\/\/api.w.org\/{rel}","templated":true}]}}