{"id":14830,"date":"2019-01-01T13:27:22","date_gmt":"2019-01-01T12:27:22","guid":{"rendered":"https:\/\/www.topohvar.at\/?page_id=14830"},"modified":"2021-11-26T17:11:24","modified_gmt":"2021-11-26T16:11:24","slug":"hv-ir-11-1","status":"publish","type":"page","link":"https:\/\/www.topohvar.at\/topo\/orte\/hv\/hv-ir-11-1\/","title":{"rendered":"HVAR &#8211; Reljef \u00bbIznad glavnih vrata Spanjole\u00ab"},"content":{"rendered":"<p><a name=\"seite_oben\"><\/a><br \/>\n<img loading=\"lazy\" decoding=\"async\" class=\"alignnone wp-image-14753 size-large\" src=\"https:\/\/www.topohvar.at\/wp-content\/uploads\/2019\/01\/hv-ir-11-1-1024x503.jpg\" alt=\"\" width=\"640\" height=\"314\" srcset=\"https:\/\/www.topohvar.at\/wp-content\/uploads\/2019\/01\/hv-ir-11-1-1024x503.jpg 1024w, https:\/\/www.topohvar.at\/wp-content\/uploads\/2019\/01\/hv-ir-11-1-300x147.jpg 300w, https:\/\/www.topohvar.at\/wp-content\/uploads\/2019\/01\/hv-ir-11-1-768x377.jpg 768w, https:\/\/www.topohvar.at\/wp-content\/uploads\/2019\/01\/hv-ir-11-1.jpg 1080w\" sizes=\"auto, (max-width: 640px) 100vw, 640px\" \/><\/p>\n<p><strong>Ime \/ Name<br \/>\n<\/strong>Reljef \u00bbIznad glavnih vrata Spanjole\u00ab \/ Relief beim Haupttor der Festung<\/p>\n<p><strong>Code: <\/strong>HV-IR-11\u00a0 \u00a0 \u00a0 \u00a0 \u00a0 \u00a0 \u00a0 \u00a0 \u00a0 \u00a0 \u00a0 \u00a0 \u00a0 \u00a0 \u00a0 \u00a0 \u00a0 \u00a0\u00a0<a href=\"https:\/\/www.topohvar.at\/hv-ig-23-1\/\"><img loading=\"lazy\" decoding=\"async\" class=\"alignnone wp-image-12300 size-full\" src=\"https:\/\/www.topohvar.at\/wp-content\/uploads\/2018\/09\/push-vor-30.jpg\" alt=\"\" width=\"61\" height=\"30\" \/><\/a>\u00a0<strong><a href=\"https:\/\/www.topohvar.at\/orte\/hv\/hv-ir-10-1\/\"><img loading=\"lazy\" decoding=\"async\" class=\"alignnone wp-image-533 size-full\" src=\"https:\/\/www.topohvar.at\/wp-content\/uploads\/2018\/07\/push-l-30.jpg\" alt=\"\" width=\"61\" height=\"30\" \/><\/a> <a href=\"https:\/\/www.topohvar.at\/orte\/hv\/\"><img loading=\"lazy\" decoding=\"async\" class=\"alignnone wp-image-535 size-full\" src=\"https:\/\/www.topohvar.at\/wp-content\/uploads\/2018\/07\/push-o-30.jpg\" alt=\"\" width=\"61\" height=\"30\" \/><\/a> <a href=\"https:\/\/www.topohvar.at\/orte\/hv\/hv-ir-12-1\/\"><img loading=\"lazy\" decoding=\"async\" class=\"alignnone wp-image-536 size-full\" src=\"https:\/\/www.topohvar.at\/wp-content\/uploads\/2018\/07\/push-r-30.jpg\" alt=\"\" width=\"61\" height=\"30\" \/><\/a>\u00a0<\/strong><\/p>\n<hr \/>\n<p><strong>Adresa \/ Adresse<br \/>\n<\/strong>Grad Hvar,\u00a0Utvrda \/ Festung Fortica, Spanjola<\/p>\n<p><strong>Lokacija<\/strong><strong> \/ Position<a href=\"https:\/\/goo.gl\/maps\/j8KuXSt3JpPe1cMfA\"><img loading=\"lazy\" decoding=\"async\" class=\"alignright wp-image-16996\" src=\"https:\/\/www.topohvar.at\/wp-content\/uploads\/2019\/01\/0309.jpg\" alt=\"\" width=\"134\" height=\"100\" \/><\/a><br \/>\n<\/strong><span style=\"color: #3366ff;\"><a style=\"color: #3366ff;\" href=\"https:\/\/goo.gl\/maps\/j8KuXSt3JpPe1cMfA\">Latitude: N 43,17487\u00b0\u00a0 \u00a0Longitude: E 16,44186\u00b0<\/a> <\/span><strong><br \/>\n<\/strong>Visina \/ H\u00f6he: 90 m<\/p>\n<p><strong>Katastarska <\/strong><strong>\u010d<\/strong><strong>estica <\/strong><strong>\/ Grundst\u00fccke<br \/>\n<\/strong>*147, 343\/2<div class='content-column one_half'><div style=\"padding-right:6px;\"><p><strong>Datum snimanja \/ Erfassungsdatum<br \/>\n<\/strong>21.02.2017 15:49:00<\/p>\n<hr \/>\n<p><strong>Informacije<\/strong><\/p>\n<p>Reljef na nadvratniku nekadna\u0161njeg glavog ulaza u Forticu, ulac je bio otvoren sve do po\u010detka 1990-ich) sa grifonima i lavljom glavom, u koji su ukomponirana dva grba u kartu\u0161ama, ali na\u017ealost otu\u010denih polja, vjerotatno grbovi knezova za \u010dije je vladavine zapo\u010deta i dovr\u0161ena gradnja Fortice (1551.g. knez je bio Vincenzo Orio).<\/p><\/div><\/div><div class='content-column one_half last_column'><div style=\"padding-right:0px;padding-left:6px;\"><p><strong>Stupanj za\u0161tite<\/strong><strong> \/ Schutzstellung<br \/>\n<\/strong>&#8211;<\/p>\n<hr \/>\n<p><strong>Info<\/strong><\/p>\n<p>Das Relief am T\u00fcrsturz des ehemaligen Haupteingangs zur Fortica (der Eingang war bis Anfang der 90er Jahre ge\u00f6ffnet) zeigt einen Greif und einen L\u00f6wenkopf sowie zwei Wappen deren Felder leider besch\u00e4digt sind, wahrscheinlich die Wappen von F\u00fcrsten, w\u00e4hrend dessen Herrschaft der Bau der Fortica begonnen und abgeschlossen wurde (1551 regierte F\u00fcrst Vincenzo Orio).<\/p><\/div><\/div><div class='clear_column'><\/div><div class='content-column one_half'><div style=\"padding-right:6px;\"><p>Reljef lava je nalazi iznad nadvratniku. Trup mu je vitak i nagla\u0161en mu je spol, kao i pand\u017ee na \u0161apama. Rasko\u0161na griva i glava su skulpuralno oblikovane, izlaze iz reljefa. Ima otvorene ralje i nedostaje mu donja \u010deljust. Knjiga bez natpisa nalazi se na kamenom postolju, a iza knjige je reljef tvr\u0111ave. Iznad reljefa je godina MDLI (1551.), godina dovr\u0161etka gradnje Fortice.<\/p><\/div><\/div><div class='content-column one_half last_column'><div style=\"padding-right:0px;padding-left:6px;\"><p>Das Relief des L\u00f6wen befindet sich oberhalb des T\u00fcrsturzes. Sein K\u00f6rper ist schlank, sein Geschlecht, sowie durch die Krallen auf den Pfoten sind betont. Die \u00fcppige M\u00e4hne und der Kopf sind skulptural ausgebildet und treten aus dem Relief hervor. Der Rachen ist ge\u00f6ffnet und sein Unterkiefer fehlt. Das Buch ohne die Inschrift befindet sich auf einem steinernen Podest, und hinter dem Buch zeigt das Relief eine Festung. \u00dcber dem Relief ist die Jahreszahl MDLI (1551) eingemei\u00dfelt, das Jahr der Fertigstellung Baues der Fortica.<\/p><\/div><\/div><div class='clear_column'><\/div><\/p>\n<p style=\"text-align: right;\"><span style=\"color: #3366ff;\"><a style=\"color: #3366ff;\" href=\"#seite_oben\">natrag na vrh \/ Seitenanfang<\/a><\/span><\/p>\n<p style=\"text-align: center;\"><em>(Hvar i Venezija, kulturne i povijesne poveznice)<\/em><\/p>\n<hr \/>\n<p><strong>Linkovi \/ Links<\/strong><\/p>\n<p><span style=\"color: #3366ff;\"><a style=\"color: #3366ff;\" href=\"https:\/\/www.topohvar.at\/orte\/hv\/hv-td-10-1\/\">Tvr\u0111ava \u00bbGradska tvr\u0111ava, tvr\u0111ava Fortica, \u0160panjola\u00ab \/ Festung &#8211; Stadtburg, Fortica,\u00a0\u0160panjola<\/a><\/span><br \/>\n<span style=\"color: #3366ff;\"><a style=\"color: #3366ff;\" href=\"https:\/\/www.topohvar.at\/orte\/hv\/hv-ir-10-1\/\">Reljef plo\u010da \u00bbNa ju\u017enom ulazu \u0160panjole\u00ab \/ Reliefplatte beim S\u00fcdeingang der Festung<\/a><\/span><br \/>\n<span style=\"color: #3366ff;\"><a style=\"color: #3366ff;\" href=\"https:\/\/www.topohvar.at\/orte\/hv\/hv-ir-12-1\/\">Reljef \u00bbLav sv. Marka na jugoisto\u010dnoj bastionu Fortice\u00ab \/ Markusl\u00f6we auf der s\u00fcd\u00f6stlichen Bastion der Festung<\/a><\/span><br \/>\n<span style=\"color: #3366ff;\"><a style=\"color: #3366ff;\" href=\"https:\/\/www.topohvar.at\/orte\/hv\/hv-ir-13-1\/\">Reljef \u00bbLav sv. Marka na ju\u017enom bastionu Fortice\u00ab\u00a0\/ Markusl\u00f6we auf der s\u00fcdlichen Bastion der Festung<\/a><\/span><br \/>\n<span style=\"color: #3366ff;\"><a style=\"color: #3366ff;\" href=\"https:\/\/www.topohvar.at\/orte\/hv\/hv-ir-14-1\/\">Reljef \u00bbLav sv. Marka na jugozapadnom bastionu Fortice\u00ab\u00a0\/ Markusl\u00f6we auf der s\u00fcdwestlichen Bastion der Festung<\/a><\/span><br \/>\n<span style=\"color: #3366ff;\"><a style=\"color: #3366ff;\" href=\"https:\/\/www.topohvar.at\/orte\/hv\/hv-ir-15-1\/\">Reljef \u00bbLav sv. Marka na sjevernom bastionu Fortice\u00ab\u00a0\/ Markusl\u00f6we auf der n\u00f6rdlichen Bastion der Festung<\/a><\/span><\/p>\n","protected":false},"excerpt":{"rendered":"<p>Ime \/ Name Reljef \u00bbIznad glavnih vrata Spanjole\u00ab \/ Relief beim Haupttor der Festung Code: HV-IR-11\u00a0 \u00a0 \u00a0 \u00a0 \u00a0 \u00a0 \u00a0 \u00a0 \u00a0 \u00a0 \u00a0 \u00a0 \u00a0 \u00a0 \u00a0 \u00a0 \u00a0 \u00a0\u00a0\u00a0 \u00a0 Adresa \/ Adresse Grad Hvar,\u00a0Utvrda \/ &hellip; <a href=\"https:\/\/www.topohvar.at\/topo\/orte\/hv\/hv-ir-11-1\/\">Weiterlesen <span class=\"meta-nav\">&rarr;<\/span><\/a><\/p>\n","protected":false},"author":1,"featured_media":0,"parent":80,"menu_order":0,"comment_status":"closed","ping_status":"closed","template":"","meta":{"footnotes":""},"class_list":["post-14830","page","type-page","status-publish","hentry"],"_links":{"self":[{"href":"https:\/\/www.topohvar.at\/topo\/wp-json\/wp\/v2\/pages\/14830","targetHints":{"allow":["GET"]}}],"collection":[{"href":"https:\/\/www.topohvar.at\/topo\/wp-json\/wp\/v2\/pages"}],"about":[{"href":"https:\/\/www.topohvar.at\/topo\/wp-json\/wp\/v2\/types\/page"}],"author":[{"embeddable":true,"href":"https:\/\/www.topohvar.at\/topo\/wp-json\/wp\/v2\/users\/1"}],"replies":[{"embeddable":true,"href":"https:\/\/www.topohvar.at\/topo\/wp-json\/wp\/v2\/comments?post=14830"}],"version-history":[{"count":9,"href":"https:\/\/www.topohvar.at\/topo\/wp-json\/wp\/v2\/pages\/14830\/revisions"}],"predecessor-version":[{"id":53623,"href":"https:\/\/www.topohvar.at\/topo\/wp-json\/wp\/v2\/pages\/14830\/revisions\/53623"}],"up":[{"embeddable":true,"href":"https:\/\/www.topohvar.at\/topo\/wp-json\/wp\/v2\/pages\/80"}],"wp:attachment":[{"href":"https:\/\/www.topohvar.at\/topo\/wp-json\/wp\/v2\/media?parent=14830"}],"curies":[{"name":"wp","href":"https:\/\/api.w.org\/{rel}","templated":true}]}}