{"id":14834,"date":"2019-01-01T13:30:28","date_gmt":"2019-01-01T12:30:28","guid":{"rendered":"https:\/\/www.topohvar.at\/?page_id=14834"},"modified":"2021-11-26T17:12:58","modified_gmt":"2021-11-26T16:12:58","slug":"hv-ir-13-1","status":"publish","type":"page","link":"https:\/\/www.topohvar.at\/topo\/orte\/hv\/hv-ir-13-1\/","title":{"rendered":"HVAR &#8211; Reljef \u00bbLav sv. Marka na ju\u017enom bastionu Fortice\u00ab"},"content":{"rendered":"<p><a name=\"seite_oben\"><\/a><br \/>\n<img loading=\"lazy\" decoding=\"async\" class=\"alignnone wp-image-14755 size-large\" src=\"https:\/\/www.topohvar.at\/wp-content\/uploads\/2019\/01\/hv-ir-13-1-1024x503.jpg\" alt=\"\" width=\"640\" height=\"314\" srcset=\"https:\/\/www.topohvar.at\/wp-content\/uploads\/2019\/01\/hv-ir-13-1-1024x503.jpg 1024w, https:\/\/www.topohvar.at\/wp-content\/uploads\/2019\/01\/hv-ir-13-1-300x147.jpg 300w, https:\/\/www.topohvar.at\/wp-content\/uploads\/2019\/01\/hv-ir-13-1-768x377.jpg 768w, https:\/\/www.topohvar.at\/wp-content\/uploads\/2019\/01\/hv-ir-13-1.jpg 1080w\" sizes=\"auto, (max-width: 640px) 100vw, 640px\" \/><\/p>\n<p><strong>Ime \/ Name<br \/>\n<\/strong>Reljef \u00bbLav sv. Marka na ju\u017enom bastionu Fortice\u00ab \/ Markusl\u00f6we an der s\u00fcdlichen Bastion der Festung<\/p>\n<p><strong>Code: <\/strong>HV-IR-13\u00a0 \u00a0 \u00a0 \u00a0 \u00a0 \u00a0 \u00a0 \u00a0 \u00a0 \u00a0 \u00a0 \u00a0 \u00a0 \u00a0 \u00a0 \u00a0 \u00a0 \u00a0\u00a0<a href=\"https:\/\/www.topohvar.at\/hv-ig-23-1\/\"><img loading=\"lazy\" decoding=\"async\" class=\"alignnone wp-image-12300 size-full\" src=\"https:\/\/www.topohvar.at\/wp-content\/uploads\/2018\/09\/push-vor-30.jpg\" alt=\"\" width=\"61\" height=\"30\" \/><\/a>\u00a0<strong><a href=\"https:\/\/www.topohvar.at\/orte\/hv\/hv-ir-12-1\/\"><img loading=\"lazy\" decoding=\"async\" class=\"alignnone wp-image-533 size-full\" src=\"https:\/\/www.topohvar.at\/wp-content\/uploads\/2018\/07\/push-l-30.jpg\" alt=\"\" width=\"61\" height=\"30\" \/><\/a> <a href=\"https:\/\/www.topohvar.at\/orte\/hv\/\"><img loading=\"lazy\" decoding=\"async\" class=\"alignnone wp-image-535 size-full\" src=\"https:\/\/www.topohvar.at\/wp-content\/uploads\/2018\/07\/push-o-30.jpg\" alt=\"\" width=\"61\" height=\"30\" \/><\/a> <a href=\"https:\/\/www.topohvar.at\/orte\/hv\/hv-ir-14-1\/\"><img loading=\"lazy\" decoding=\"async\" class=\"alignnone wp-image-536 size-full\" src=\"https:\/\/www.topohvar.at\/wp-content\/uploads\/2018\/07\/push-r-30.jpg\" alt=\"\" width=\"61\" height=\"30\" \/><\/a>\u00a0<\/strong><\/p>\n<hr \/>\n<p><strong>Adresa \/ Adresse<br \/>\n<\/strong>Grad Hvar,\u00a0Utvrda \/ Festung Fortica, Spanjola<\/p>\n<p><strong>Lokacija<\/strong><strong> \/ Position<a href=\"https:\/\/goo.gl\/maps\/V1fXAVQaZD5NJ9t6A\"><img loading=\"lazy\" decoding=\"async\" class=\"alignright wp-image-16996\" src=\"https:\/\/www.topohvar.at\/wp-content\/uploads\/2019\/01\/0309.jpg\" alt=\"\" width=\"134\" height=\"100\" \/><\/a><br \/>\n<\/strong><span style=\"color: #3366ff;\"><a style=\"color: #3366ff;\" href=\"https:\/\/goo.gl\/maps\/ppTDhooJa4kekQWh6\">Latitude: N 43,17487\u00b0\u00a0 \u00a0Longitude: E 16,44186\u00b0<\/a> <\/span><strong><br \/>\n<\/strong>Visina \/ H\u00f6he: 90 m<\/p>\n<p><strong>Katastarska <\/strong><strong>\u010d<\/strong><strong>estica <\/strong><strong>\/ Grundst\u00fccke<br \/>\n<\/strong>*147, 343\/2<div class='content-column one_half'><div style=\"padding-right:6px;\"><p><strong>Datum snimanja \/ Erfassungsdatum<br \/>\n<\/strong>21.02.2017 15:35:00<\/p>\n<hr \/>\n<p><strong>Informacije<\/strong><\/p>\n<p>Reljefi lava sv. Marka mogu se na\u0107i na sva \u010detiri tornja Fortice. Lav se nalazi na sredini \u00a0ju\u017enom bastionu Fortice, ispod polukru\u017enog istaka na vrhu. Reljef je dosta o\u0161te\u0107en i razaznaju se jedino obrisi nju\u0161ke, lijevog krila, dio repa, bedra, stra\u017enje \u0161ape i knjige.<\/p><\/div><\/div><div class='content-column one_half last_column'><div style=\"padding-right:0px;padding-left:6px;\"><p><strong>Stupanj za\u0161tite<\/strong><strong> \/ Schutzstellung<br \/>\n<\/strong>&#8211;<\/p>\n<hr \/>\n<p><strong>Info<\/strong><\/p>\n<p>Reliefs von Markus-L\u00f6wen finden sich auf allen vier T\u00fcrmen der Fortica. Der L\u00f6we befindet sich in der Mitte der s\u00fcdlichen Bastion unter der halbrunden Turmkrone. Das Relief ist ziemlich besch\u00e4digt und nur die Konturen von Schnauze, linken Fl\u00fcgel, Teil des Schwanzes, Oberschenkel, Pfote und Buch sind erhalten.<\/p><\/div><\/div><div class='clear_column'><\/div><div class='content-column one_half'><div style=\"padding-right:6px;\"><p>Ispod reljefa je okvir u kojem je nekada bio grb.<\/p><\/div><\/div><div class='content-column one_half last_column'><div style=\"padding-right:0px;padding-left:6px;\"><p>Unterhalb des Reliefs befindet sich ein Rahmen in dem sich einst ein Wappen befand.<\/p><\/div><\/div><div class='clear_column'><\/div><\/p>\n<p style=\"text-align: right;\"><span style=\"color: #3366ff;\"><a style=\"color: #3366ff;\" href=\"#seite_oben\">natrag na vrh \/ Seitenanfang<\/a><\/span><\/p>\n<p style=\"text-align: center;\"><em>(Hvar i Venezija, kulturne i povijesne poveznice)<\/em><\/p>\n<hr \/>\n<p><strong>Linkovi \/ Links<\/strong><\/p>\n<p><span style=\"color: #3366ff;\"><a style=\"color: #3366ff;\" href=\"https:\/\/www.topohvar.at\/orte\/hv\/hv-td-10-1\/\">Tvr\u0111ava \u00bbGradska tvr\u0111ava, tvr\u0111ava Fortica, \u0160panjola\u00ab \/ Festung &#8211; Stadtburg, Fortica,\u00a0\u0160panjola<\/a><\/span><br \/>\n<span style=\"color: #3366ff;\"><a style=\"color: #3366ff;\" href=\"https:\/\/www.topohvar.at\/orte\/hv\/hv-ir-10-1\/\">Reljef plo\u010da \u00bbNa ju\u017enom ulazu \u0160panjole\u00ab \/ Reliefplatte beim S\u00fcdeingang der Festung<\/a><\/span><br \/>\n<span style=\"color: #3366ff;\"><a style=\"color: #3366ff;\" href=\"https:\/\/www.topohvar.at\/orte\/hv\/hv-ir-11-1\/\">Reljef \u00bbIznad glavnih vrata \u0160panjole\u00ab \/ Relief \u00fcber dem Haupttor der Festung<\/a><\/span><br \/>\n<span style=\"color: #3366ff;\"><a style=\"color: #3366ff;\" href=\"https:\/\/www.topohvar.at\/orte\/hv\/hv-ir-12-1\/\">Reljef \u00bbLav sv. Marka na jugoisto\u010dnoj bastionu Fortice\u00ab \/ Markusl\u00f6we auf der s\u00fcd\u00f6stlichen Bastion der Festung<\/a><\/span><br \/>\n<span style=\"color: #3366ff;\"><a style=\"color: #3366ff;\" href=\"https:\/\/www.topohvar.at\/orte\/hv\/hv-ir-14-1\/\">Reljef \u00bbLav sv. Marka na jugozapadnom bastionu Fortice\u00ab\u00a0\/ Markusl\u00f6we auf der s\u00fcdwestlichen Bastion der Festung<\/a><\/span><br \/>\n<span style=\"color: #3366ff;\"><a style=\"color: #3366ff;\" href=\"https:\/\/www.topohvar.at\/orte\/hv\/hv-ir-15-1\/\">Reljef \u00bbLav sv. Marka na sjevernom bastionu Fortice\u00ab\u00a0\/ Markusl\u00f6we auf der n\u00f6rdlichen Bastion der Festung<\/a><\/span><\/p>\n","protected":false},"excerpt":{"rendered":"<p>Ime \/ Name Reljef \u00bbLav sv. Marka na ju\u017enom bastionu Fortice\u00ab \/ Markusl\u00f6we an der s\u00fcdlichen Bastion der Festung Code: HV-IR-13\u00a0 \u00a0 \u00a0 \u00a0 \u00a0 \u00a0 \u00a0 \u00a0 \u00a0 \u00a0 \u00a0 \u00a0 \u00a0 \u00a0 \u00a0 \u00a0 \u00a0 \u00a0\u00a0\u00a0 \u00a0 Adresa &hellip; <a href=\"https:\/\/www.topohvar.at\/topo\/orte\/hv\/hv-ir-13-1\/\">Weiterlesen <span class=\"meta-nav\">&rarr;<\/span><\/a><\/p>\n","protected":false},"author":1,"featured_media":0,"parent":80,"menu_order":0,"comment_status":"closed","ping_status":"closed","template":"","meta":{"footnotes":""},"class_list":["post-14834","page","type-page","status-publish","hentry"],"_links":{"self":[{"href":"https:\/\/www.topohvar.at\/topo\/wp-json\/wp\/v2\/pages\/14834","targetHints":{"allow":["GET"]}}],"collection":[{"href":"https:\/\/www.topohvar.at\/topo\/wp-json\/wp\/v2\/pages"}],"about":[{"href":"https:\/\/www.topohvar.at\/topo\/wp-json\/wp\/v2\/types\/page"}],"author":[{"embeddable":true,"href":"https:\/\/www.topohvar.at\/topo\/wp-json\/wp\/v2\/users\/1"}],"replies":[{"embeddable":true,"href":"https:\/\/www.topohvar.at\/topo\/wp-json\/wp\/v2\/comments?post=14834"}],"version-history":[{"count":11,"href":"https:\/\/www.topohvar.at\/topo\/wp-json\/wp\/v2\/pages\/14834\/revisions"}],"predecessor-version":[{"id":53625,"href":"https:\/\/www.topohvar.at\/topo\/wp-json\/wp\/v2\/pages\/14834\/revisions\/53625"}],"up":[{"embeddable":true,"href":"https:\/\/www.topohvar.at\/topo\/wp-json\/wp\/v2\/pages\/80"}],"wp:attachment":[{"href":"https:\/\/www.topohvar.at\/topo\/wp-json\/wp\/v2\/media?parent=14834"}],"curies":[{"name":"wp","href":"https:\/\/api.w.org\/{rel}","templated":true}]}}