{"id":14836,"date":"2019-01-01T13:31:57","date_gmt":"2019-01-01T12:31:57","guid":{"rendered":"https:\/\/www.topohvar.at\/?page_id=14836"},"modified":"2021-11-26T17:13:48","modified_gmt":"2021-11-26T16:13:48","slug":"hv-ir-14-1","status":"publish","type":"page","link":"https:\/\/www.topohvar.at\/topo\/orte\/hv\/hv-ir-14-1\/","title":{"rendered":"HVAR &#8211; Reljef \u00bbLav sv. Marka na jugozapadnom bastionu Fortice\u00ab"},"content":{"rendered":"<p><a name=\"seite_oben\"><\/a><br \/>\n<img loading=\"lazy\" decoding=\"async\" class=\"alignnone wp-image-14756 size-large\" src=\"https:\/\/www.topohvar.at\/wp-content\/uploads\/2019\/01\/hv-ir-14-1-1024x503.jpg\" alt=\"\" width=\"640\" height=\"314\" srcset=\"https:\/\/www.topohvar.at\/wp-content\/uploads\/2019\/01\/hv-ir-14-1-1024x503.jpg 1024w, https:\/\/www.topohvar.at\/wp-content\/uploads\/2019\/01\/hv-ir-14-1-300x147.jpg 300w, https:\/\/www.topohvar.at\/wp-content\/uploads\/2019\/01\/hv-ir-14-1-768x377.jpg 768w, https:\/\/www.topohvar.at\/wp-content\/uploads\/2019\/01\/hv-ir-14-1.jpg 1080w\" sizes=\"auto, (max-width: 640px) 100vw, 640px\" \/><\/p>\n<p><strong>Ime \/ Name<br \/>\n<\/strong>Reljef \u00bbLav sv. Marka na jugozapadnom bastionu Fortice\u00ab \/ Relief &#8211; Markusl\u00f6we an der s\u00fcdwestlichen Bastion der Festung<\/p>\n<p><strong>Code: <\/strong>HV-IR-14\u00a0 \u00a0 \u00a0 \u00a0 \u00a0 \u00a0 \u00a0 \u00a0 \u00a0 \u00a0 \u00a0 \u00a0 \u00a0 \u00a0 \u00a0 \u00a0 \u00a0 \u00a0\u00a0<a href=\"https:\/\/www.topohvar.at\/hv-ig-23-1\/\"><img loading=\"lazy\" decoding=\"async\" class=\"alignnone wp-image-12300 size-full\" src=\"https:\/\/www.topohvar.at\/wp-content\/uploads\/2018\/09\/push-vor-30.jpg\" alt=\"\" width=\"61\" height=\"30\" \/><\/a>\u00a0<strong><a href=\"https:\/\/www.topohvar.at\/orte\/hv\/hv-ir-13-1\/\"><img loading=\"lazy\" decoding=\"async\" class=\"alignnone wp-image-533 size-full\" src=\"https:\/\/www.topohvar.at\/wp-content\/uploads\/2018\/07\/push-l-30.jpg\" alt=\"\" width=\"61\" height=\"30\" \/><\/a> <a href=\"https:\/\/www.topohvar.at\/orte\/hv\/\"><img loading=\"lazy\" decoding=\"async\" class=\"alignnone wp-image-535 size-full\" src=\"https:\/\/www.topohvar.at\/wp-content\/uploads\/2018\/07\/push-o-30.jpg\" alt=\"\" width=\"61\" height=\"30\" \/><\/a> <a href=\"https:\/\/www.topohvar.at\/orte\/hv\/hv-ir-15-1\/\"><img loading=\"lazy\" decoding=\"async\" class=\"alignnone wp-image-536 size-full\" src=\"https:\/\/www.topohvar.at\/wp-content\/uploads\/2018\/07\/push-r-30.jpg\" alt=\"\" width=\"61\" height=\"30\" \/><\/a>\u00a0<\/strong><\/p>\n<hr \/>\n<p><strong>Adresa \/ Adresse<br \/>\n<\/strong>Grad Hvar,\u00a0Utvrda \/ Festung Fortica, Spanjola<\/p>\n<p><strong>Lokacija<\/strong><strong> \/ Position<a href=\"https:\/\/goo.gl\/maps\/qHcnA5jcDKYT5N82A\"><img loading=\"lazy\" decoding=\"async\" class=\"alignright wp-image-16996\" src=\"https:\/\/www.topohvar.at\/wp-content\/uploads\/2019\/01\/0309.jpg\" alt=\"\" width=\"134\" height=\"100\" \/><\/a><br \/>\n<\/strong><span style=\"color: #3366ff;\"><a style=\"color: #3366ff;\" href=\"https:\/\/goo.gl\/maps\/qHcnA5jcDKYT5N82A\">Latitude: N 43,17487\u00b0\u00a0 \u00a0Longitude: E 16,44186\u00b0<\/a> <\/span><strong><br \/>\n<\/strong>Visina \/ H\u00f6he: 90 m<\/p>\n<p><strong>Katastarska <\/strong><strong>\u010d<\/strong><strong>estica <\/strong><strong>\/ Grundst\u00fccke<br \/>\n<\/strong>*147, 343\/2<div class='content-column one_half'><div style=\"padding-right:6px;\"><p><strong>Datum snimanja \/ Erfassungsdatum<br \/>\n<\/strong>21.02.2017 15:25:00<\/p>\n<hr \/>\n<p><strong>Informacije<\/strong><\/p>\n<p>Reljefi lava sv. Marka mogu se na\u0107i na sva \u010detiri tornja Fortice. Kao i jav na jugoisto\u010dnoj kuli, i ovaj se nalazi ispod krunom jugozapadnog bastiona.. Prema je znatno o\u0161te\u0107en \u2013 nedostaje glava, dio trupa s krilom i stra\u017enji dio mogu\u0107e je pretpostaviti da je ikonografski gotovo bio jednak onome na jugoisto\u010dnoj kuli i zrcalno postavljen prema njemu.<\/p><\/div><\/div><div class='content-column one_half last_column'><div style=\"padding-right:0px;padding-left:6px;\"><p><strong>Stupanj za\u0161tite <\/strong><strong>\/ Schutzstellung<br \/>\n<\/strong>&#8211;<\/p>\n<hr \/>\n<p><strong>Info<\/strong><\/p>\n<p>Reliefs von Markus-L\u00f6wen finden sich auf allen vier T\u00fcrmen der Fortica. Wie der L\u00f6we im S\u00fcdosten, befindet sich auch dieser unter der Krone der s\u00fcdwestlichen Bastion. Dementsprechend ist auch er erheblich besch\u00e4digt \u2013 es fehlt der Kopf, ein Teil des Rumpfes mit dem Fl\u00fcgel und der R\u00fccken. Man kann annehmen, dass er ikonographisch fast ident mit dem an der s\u00fcd\u00f6stlichen Bastion ist, zu diesem allerdings gespiegelt.<\/p><\/div><\/div><div class='clear_column'><\/div><div class='content-column one_half'><div style=\"padding-right:6px;\"><p>Ispod je kamena plo\u010da s otu\u010denim natpisom.<\/p><\/div><\/div><div class='content-column one_half last_column'><div style=\"padding-right:0px;padding-left:6px;\"><p>Unterhalb ist eine Steinplatte mit Inschrift.<\/p><\/div><\/div><div class='clear_column'><\/div><\/p>\n<p style=\"text-align: right;\"><span style=\"color: #3366ff;\"><a style=\"color: #3366ff;\" href=\"#seite_oben\">natrag na vrh \/ Seitenanfang<\/a><\/span><\/p>\n<p style=\"text-align: center;\"><em>(Hvar i Venezija, kulturne i povijesne poveznice)<\/em><\/p>\n<hr \/>\n<p><strong>Linkovi \/ Links<\/strong><\/p>\n<p><span style=\"color: #3366ff;\"><a style=\"color: #3366ff;\" href=\"https:\/\/www.topohvar.at\/orte\/hv\/hv-td-10-1\/\">Tvr\u0111ava \u00bbGradska tvr\u0111ava, tvr\u0111ava Fortica, \u0160panjola\u00ab \/ Festung &#8211; Stadtburg, Fortica,\u00a0\u0160panjola<\/a><\/span><br \/>\n<span style=\"color: #3366ff;\"><a style=\"color: #3366ff;\" href=\"https:\/\/www.topohvar.at\/orte\/hv\/hv-ir-10-1\/\">Reljef plo\u010da \u00bbNa ju\u017enom ulazu \u0160panjole\u00ab \/ Reliefplatte beim S\u00fcdeingang der Festung<\/a><\/span><br \/>\n<span style=\"color: #3366ff;\"><a style=\"color: #3366ff;\" href=\"https:\/\/www.topohvar.at\/orte\/hv\/hv-ir-11-1\/\">Reljef \u00bbIznad glavnih vrata \u0160panjole\u00ab \/ Relief \u00fcber dem Haupttor der Festung<\/a><\/span><br \/>\n<span style=\"color: #3366ff;\"><a style=\"color: #3366ff;\" href=\"https:\/\/www.topohvar.at\/orte\/hv\/hv-ir-12-1\/\">Reljef \u00bbLav sv. Marka na jugoisto\u010dnoj bastionu Fortice\u00ab \/ Markusl\u00f6we auf der s\u00fcd\u00f6stlichen Bastion der Festung<\/a><\/span><br \/>\n<span style=\"color: #3366ff;\"><a style=\"color: #3366ff;\" href=\"https:\/\/www.topohvar.at\/orte\/hv\/hv-ir-13-1\/\">Reljef \u00bbLav sv. Marka na ju\u017enom bastionu Fortice\u00ab\u00a0\/ Markusl\u00f6we auf der s\u00fcdlichen Bastion der Festung<\/a><\/span><br \/>\n<span style=\"color: #3366ff;\"><a style=\"color: #3366ff;\" href=\"https:\/\/www.topohvar.at\/orte\/hv\/hv-ir-15-1\/\">Reljef \u00bbLav sv. Marka na sjevernom bastionu Fortice\u00ab\u00a0\/ Markusl\u00f6we auf der n\u00f6rdlichen Bastion der Festung<\/a><\/span><\/p>\n","protected":false},"excerpt":{"rendered":"<p>Ime \/ Name Reljef \u00bbLav sv. Marka na jugozapadnom bastionu Fortice\u00ab \/ Relief &#8211; Markusl\u00f6we an der s\u00fcdwestlichen Bastion der Festung Code: HV-IR-14\u00a0 \u00a0 \u00a0 \u00a0 \u00a0 \u00a0 \u00a0 \u00a0 \u00a0 \u00a0 \u00a0 \u00a0 \u00a0 \u00a0 \u00a0 \u00a0 \u00a0 \u00a0\u00a0\u00a0 &hellip; <a href=\"https:\/\/www.topohvar.at\/topo\/orte\/hv\/hv-ir-14-1\/\">Weiterlesen <span class=\"meta-nav\">&rarr;<\/span><\/a><\/p>\n","protected":false},"author":1,"featured_media":0,"parent":80,"menu_order":0,"comment_status":"closed","ping_status":"closed","template":"","meta":{"footnotes":""},"class_list":["post-14836","page","type-page","status-publish","hentry"],"_links":{"self":[{"href":"https:\/\/www.topohvar.at\/topo\/wp-json\/wp\/v2\/pages\/14836","targetHints":{"allow":["GET"]}}],"collection":[{"href":"https:\/\/www.topohvar.at\/topo\/wp-json\/wp\/v2\/pages"}],"about":[{"href":"https:\/\/www.topohvar.at\/topo\/wp-json\/wp\/v2\/types\/page"}],"author":[{"embeddable":true,"href":"https:\/\/www.topohvar.at\/topo\/wp-json\/wp\/v2\/users\/1"}],"replies":[{"embeddable":true,"href":"https:\/\/www.topohvar.at\/topo\/wp-json\/wp\/v2\/comments?post=14836"}],"version-history":[{"count":13,"href":"https:\/\/www.topohvar.at\/topo\/wp-json\/wp\/v2\/pages\/14836\/revisions"}],"predecessor-version":[{"id":53626,"href":"https:\/\/www.topohvar.at\/topo\/wp-json\/wp\/v2\/pages\/14836\/revisions\/53626"}],"up":[{"embeddable":true,"href":"https:\/\/www.topohvar.at\/topo\/wp-json\/wp\/v2\/pages\/80"}],"wp:attachment":[{"href":"https:\/\/www.topohvar.at\/topo\/wp-json\/wp\/v2\/media?parent=14836"}],"curies":[{"name":"wp","href":"https:\/\/api.w.org\/{rel}","templated":true}]}}