{"id":14868,"date":"2019-01-02T07:35:46","date_gmt":"2019-01-02T06:35:46","guid":{"rendered":"https:\/\/www.topohvar.at\/?page_id=14868"},"modified":"2021-11-26T17:21:07","modified_gmt":"2021-11-26T16:21:07","slug":"hv-mo-04-1","status":"publish","type":"page","link":"https:\/\/www.topohvar.at\/topo\/orte\/hv\/hv-mo-04-1\/","title":{"rendered":"HVAR &#8211; Bista \u00bbIvan Vu\u010deti\u0107\u00ab"},"content":{"rendered":"<p><a name=\"seite_oben\"><\/a><br \/>\n<img loading=\"lazy\" decoding=\"async\" class=\"alignnone wp-image-14845 size-large\" src=\"https:\/\/www.topohvar.at\/wp-content\/uploads\/2019\/01\/HV-MO-04-1-1024x503.jpg\" alt=\"\" width=\"640\" height=\"314\" srcset=\"https:\/\/www.topohvar.at\/wp-content\/uploads\/2019\/01\/HV-MO-04-1-1024x503.jpg 1024w, https:\/\/www.topohvar.at\/wp-content\/uploads\/2019\/01\/HV-MO-04-1-300x147.jpg 300w, https:\/\/www.topohvar.at\/wp-content\/uploads\/2019\/01\/HV-MO-04-1-768x377.jpg 768w, https:\/\/www.topohvar.at\/wp-content\/uploads\/2019\/01\/HV-MO-04-1.jpg 1080w\" sizes=\"auto, (max-width: 640px) 100vw, 640px\" \/><\/p>\n<p><strong>Ime \/ Name<br \/>\n<\/strong>Bista \/ B\u00fcste \u00bbIvan Vu\u010deti\u0107\u00ab<\/p>\n<p><strong>Code: <\/strong>HV-MO-04\u00a0 \u00a0 \u00a0 \u00a0 \u00a0 \u00a0 \u00a0 \u00a0 \u00a0 \u00a0 \u00a0 \u00a0 \u00a0 \u00a0 \u00a0 \u00a0 \u00a0 \u00a0 \u00a0<strong><a href=\"https:\/\/www.topohvar.at\/orte\/hv\/hv-mo-03-1\/\"><img loading=\"lazy\" decoding=\"async\" class=\"alignnone wp-image-533 size-full\" src=\"https:\/\/www.topohvar.at\/wp-content\/uploads\/2018\/07\/push-l-30.jpg\" alt=\"\" width=\"61\" height=\"30\" \/><\/a> <a href=\"https:\/\/www.topohvar.at\/orte\/hv\/\"><img loading=\"lazy\" decoding=\"async\" class=\"alignnone wp-image-535 size-full\" src=\"https:\/\/www.topohvar.at\/wp-content\/uploads\/2018\/07\/push-o-30.jpg\" alt=\"\" width=\"61\" height=\"30\" \/><\/a> <a href=\"https:\/\/www.topohvar.at\/orte\/hv\/hv-mo-02-1\/\"><img loading=\"lazy\" decoding=\"async\" class=\"alignnone wp-image-536 size-full\" src=\"https:\/\/www.topohvar.at\/wp-content\/uploads\/2018\/07\/push-r-30.jpg\" alt=\"\" width=\"61\" height=\"30\" \/><\/a>\u00a0<\/strong><\/p>\n<hr \/>\n<p><strong>Adresa \/ Adresse<br \/>\n<\/strong>Grad Hvar,\u00a0Park Veli \u0111ardin<\/p>\n<p><strong>Lokacija<\/strong><strong> \/ Position<a href=\"https:\/\/goo.gl\/maps\/6WkRpMA7vFGaPT9Z8\"><img loading=\"lazy\" decoding=\"async\" class=\"alignright wp-image-16086\" src=\"https:\/\/www.topohvar.at\/wp-content\/uploads\/2019\/01\/0289.jpg\" alt=\"\" width=\"134\" height=\"100\" \/><\/a><br \/>\n<\/strong><span style=\"color: #3366ff;\"><a style=\"color: #3366ff;\" href=\"https:\/\/goo.gl\/maps\/6WkRpMA7vFGaPT9Z8\">Latitude: N 43,17247\u00b0\u00a0 \u00a0Longitude: E 16,44078\u00b0<\/a> <\/span><strong><br \/>\n<\/strong>Visina \/ H\u00f6he: 2 m<\/p>\n<p><strong>Katastarska <\/strong><strong>\u010d<\/strong><strong>estica <\/strong><strong>\/ Grundst\u00fccke<br \/>\n<\/strong>4537\/1<div class='content-column one_half'><div style=\"padding-right:6px;\"><p><strong>Datum snimanja \/ Erfassungsdatum<br \/>\n<\/strong>28.10.2014 11:07:28<\/p>\n<hr \/>\n<p><strong>Informacije<\/strong><\/p>\n<p>10. svibnja 2014. u parku \u0110ardin otkriven je spomenik Ivana Vu\u010deti\u0107a. Bron\u010dana bista stoji na mramornoj bazi i djelo je fra Joakima Jakija Gregova.<\/p><\/div><\/div><div class='content-column one_half last_column'><div style=\"padding-right:0px;padding-left:6px;\"><p><strong>Stupanj za\u0161tite<\/strong><strong> \/ Schutzstellung<br \/>\n<\/strong>&#8211;<\/p>\n<hr \/>\n<p><strong>Info<\/strong><\/p>\n<p>Am 10.5.2014 wurde im Park \u0110ardin das Denkmal des Ivan Vu\u010deti\u0107 enth\u00fcllt. Die Bronzeb\u00fcste steht auf einem Marmorsockel und ist ein Werk des Fra Joakim Jaki Gregov.<\/p><\/div><\/div><div class='clear_column'><\/div><div class='content-column one_half'><div style=\"padding-right:6px;\"><p>Natpis na bazi:<\/p>\n<p style=\"text-align: center;\">IVAN VU\u010cETI\u0106<br \/>\nFORANIN,<br \/>\n1858 \u2013 1925<br \/>\nIZUMITELJ DAKTILOSKOPIJE<\/p>\n<p style=\"text-align: center;\">KOJI JE PO PARSTU<br \/>\nPRIPOZNA COVIKA<\/p><\/div><\/div><div class='content-column one_half last_column'><div style=\"padding-right:0px;padding-left:6px;\"><p>Inschrift am Sockel:<\/p>\n<p style=\"text-align: center;\">Ivan Vu\u010deti\u0107<br \/>\nForanin<br \/>\n1858 \u2013 1925<br \/>\nErfinder der Daktyloskopie<\/p>\n<p style=\"text-align: center;\">mit der der Fingerabdruck erkannt<br \/>\nund ausgewertet werden kann.<\/p><\/div><\/div><div class='clear_column'><\/div><div class='content-column one_half'><div style=\"padding-right:6px;\"><p>Ivan Vu\u010deti\u0107 rodio se 20. 7. 1858.g. u Hvaru gdje je \u017eivio i radio do 1884. godine kada je u dobi od 26 godina emigrirao u Argentinu, gdje je nakon \u010detiri godine stupio u Centralni ured policije u La Plati. Kao argentinski dr\u017eavljnin promijenio je ime u Juan Vucetich.<\/p><\/div><\/div><div class='content-column one_half last_column'><div style=\"padding-right:0px;padding-left:6px;\"><p>Ivan Vu\u010deti\u0107 wurde am 20. Juli 1858 in Hvar geboren, wo er lebte und arbeitete, bis er 1884 im Alter von 26 Jahren nach Argentinien auswanderte, wo er nach vier Jahren zum zentralen Polizeib\u00fcro in La Plata wechselte. Als argentinischer Staatsb\u00fcrger \u00e4nderte er seinen Namen in Juan Vucetich.<\/p><\/div><\/div><div class='clear_column'><\/div><div class='content-column one_half'><div style=\"padding-right:6px;\"><p>Tamo je 1891. godine povjeren za \u0161efa odjela za statistiku s antropometrijskim istra\u017eivanjima za identifikaciju po\u010dinitelja. Primijetio je da nijedan otisak prsta nije isti. U po\u010detku je svoju metodu nazvao ikonofalangometrija, ali kasnije ju je preimenovao u daktiloskopiju. Tako je Ivan Vu\u010deti\u0107, neovisno o sir Francisu Galtonu, ro\u0111aku Charlesa Darwina, prepoznao vrijednost daktiloskopije za policijsko izvi\u0111anje.<\/p><\/div><\/div><div class='content-column one_half last_column'><div style=\"padding-right:0px;padding-left:6px;\"><p>Dort wurde er als Leiter der Statistikabteilung 1891 mit anthropometrischen Studien zur T\u00e4teridentifikation beauftragt. Hierbei fiel ihm auf, dass kein Fingerabdruck dem anderen gleicht. Seine Methode nannte er anf\u00e4nglich Iknofalangometrie, benannte sie jedoch sp\u00e4ter um in Daktyloskopie. Somit erkannte Ivan Vu\u010deti\u0107 unabh\u00e4ngig von Sir Francis Galton, einem Vetter von Charles Darwin, den Wert der Daktyloskopie f\u00fcr die polizeiliche Aufkl\u00e4rungsarbeit.<\/p><\/div><\/div><div class='clear_column'><\/div><div class='content-column one_half'><div style=\"padding-right:6px;\"><p>Nakon \u0161to je prou\u010dio Bertionov postupak identifikacije i eksperimente Engleza Galtona koji se bavio otiscima prstiju, intenzivno je po\u010deo istra\u017eivati i prou\u010davati papilarne linije. Nakon \u0161to je prou\u010dio vi\u0161e postoje\u0107ih metoda za klasifikaciju otisaka prstiju i uo\u010dio brojne nedostatke, uspostavio je vlastiti sistem za klasifikaciju otisaka prstiju koji je nazvao ikonofalangometrija.<\/p><\/div><\/div><div class='content-column one_half last_column'><div style=\"padding-right:0px;padding-left:6px;\"><p>Nachdem er Bertions Identifizierungsprozess und die Fingerabdruckexperimente von English Galton studiert hatte, begann er intensiv papill\u00e4re Linien zu erforschen und zu untersuchen. Nachdem er eine Reihe bestehender Methoden zur Klassifizierung von Fingerabdr\u00fccken studiert und eine Reihe von M\u00e4ngeln festgestellt hatte, etablierte er ein eigenes System zur Klassifizierung von Fingerabdr\u00fccken, das er Ikonophalangometrie nannte.<\/p><\/div><\/div><div class='clear_column'><\/div><div class='content-column one_half'><div style=\"padding-right:6px;\"><p>Godine 1891. Vu\u010deti\u0107 je formirao Registar ikonofalangometrije, gdje je pod rednim brojem jedan naveden Julio Torres kojega je daktiloskopirao na tzv. fi\u0161u (karton). Time je osnovana prva desetoprstna zbirka.<\/p><\/div><\/div><div class='content-column one_half last_column'><div style=\"padding-right:0px;padding-left:6px;\"><p>1891 schuf Vu\u010deti\u0107 das Register der Ikonophalangometrie, in dem unter der Nummer eins Julio Torres angef\u00fchrt ist, dessen Fingerabdr\u00fccke er abnahm. So entstand die erste Zehn-Finger-Kollektion.<\/p><\/div><\/div><div class='clear_column'><\/div><div class='content-column one_half'><div style=\"padding-right:6px;\"><p>Od 1911. do 1913. Vu\u010deti\u0107 je nastavio istra\u017eivati i klasificirati otiske prstiju, posebno za argentinsku vladu koja je donijela zakon o upisu otisaka prstiju prilikom ulaska u vojnu slu\u017ebu. 1913. prestao je s radom i krenuo u dug put. Kad se vratio u Argentinu, na\u0161ao se u razo\u010daravaju\u0107oj situaciji: nakon nasilnih prosvjeda protiv pro\u0161irenja registracije otisaka prstiju, vlada je odlu\u010dila protiv toga, konfiscirala Vu\u010deti\u0107ev istra\u017eiva\u010dki rad i zabranila mu da nastavi prou\u010davati tu temu.<\/p><\/div><\/div><div class='content-column one_half last_column'><div style=\"padding-right:0px;padding-left:6px;\"><p>Von 1911 bis 1913 arbeitete Vu\u010deti\u0107 weiter an der Untersuchung und Klassifizierung von Fingerabdr\u00fccken, insbesondere auch f\u00fcr die argentinische Regierung, die ein Gesetz zur Registrierung von Fingerabdr\u00fccken beim Antritt des Milit\u00e4rdienstes erlassen hatte. 1913 beendete er seine T\u00e4tigkeit und begab sich auf eine l\u00e4ngere Reise. Bei seiner R\u00fcckkehr nach Argentinien geriet er in eine f\u00fcr ihn entt\u00e4uschende Situation: Nach heftigen Protesten gegen eine Ausweitung der Registrierung von Fingerabdr\u00fccken verzichtete die Regierung darauf, beschlagnahmte Vu\u010deti\u0107s Forschungsarbeit und verbot ihm die weitere Besch\u00e4ftigung mit dem Thema.<\/p><\/div><\/div><div class='clear_column'><\/div><div class='content-column one_half'><div style=\"padding-right:6px;\"><p>Primijeniv\u0161i svoju metodu identifikacije u praksi rije\u0161io je prvi ve\u0107i slu\u010daj u praksi i to Franciske Rojas koja je optu\u017eila ljubavnika za ubojstvo svoje dvoje djece. Vu\u010deti\u0107 je daktiloskopirao majku i usporedio njene neosporne otiske prstiju s prona\u0111enim spornim krvavim otiscima prstiju papilarnih linija na drvenom okviru vrata, te potvrdio da su identi\u010dni.<\/p><\/div><\/div><div class='content-column one_half last_column'><div style=\"padding-right:0px;padding-left:6px;\"><p>Mit seiner Identifikationsmethode l\u00f6ste er den ersten gro\u00dfen Fall in der Praxis, n\u00e4mlich den Fall der Franziska Rojas, die einen Liebhaber beschuldigte, ihre beiden Kinder get\u00f6tet zu haben. Vucetic nahm der Mutter mit einem Fingerabdruck ab und verglich ihre Fingerabdr\u00fccke mit den gefundenen umstrittenen blutigen Fingerabdr\u00fccken der papill\u00e4ren Linien auf dem h\u00f6lzernen T\u00fcrrahmen und best\u00e4tigte, dass sie identisch waren.<\/p><\/div><\/div><div class='clear_column'><\/div><div class='content-column one_half'><div style=\"padding-right:6px;\"><p>Nakon \u0161to je dvostruko ubojstvo prvi put rasvijetljeno pomo\u0107u otiska prsta \u0161irom svijeta 1892. godine u La Plati, kriminolog je osigurao uvo\u0111enje daktiloskopije u cijeloj zemlji 1896. godine i osnovao statisti\u010dku i obavje\u0161tajnu agenciju u La Plati. Argentina je prva zemlja na svijetu koja je uvela ovaj identifikacijski sustav.<\/p><\/div><\/div><div class='content-column one_half last_column'><div style=\"padding-right:0px;padding-left:6px;\"><p>Nachdem 1892 in La Plata weltweit erstmals ein Doppelmord mit Hilfe eines Fingerabdrucks aufgekl\u00e4rt wurde, sorgte der Kriminologe 1896 f\u00fcr die landesweite Einf\u00fchrung der Daktyloskopie und gr\u00fcndete das B\u00fcro f\u00fcr Statistik und Erkennungswesen in La Plata. Argentinien war somit das erste Land der Erde, das dieses Identifizierungssystem einf\u00fchrte.<\/p><\/div><\/div><div class='clear_column'><\/div><div class='content-column one_half'><div style=\"padding-right:6px;\"><p>Ivan Vu\u010deti\u0107 je izdao brojna djela vezana uz daktiloskopiju, a Vu\u010deti\u0107ev sistem klasifikacije otisaka prstiju usvojili su Brazil, \u010cile, Urugvaj, a kasnije i cijela Ju\u017ena Amerika.<\/p><\/div><\/div><div class='content-column one_half last_column'><div style=\"padding-right:0px;padding-left:6px;\"><p>Ivan Vu\u010deti\u0107 hat zahlreiche Werke zum Thema Fingerabdruck ver\u00f6ffentlicht, und sein Klassifizierungssystem f\u00fcr Fingerabdr\u00fccke wurde von Brasilien, Chile, Uruguay und sp\u00e4ter ganz S\u00fcdamerika \u00fcbernommen.<\/p><\/div><\/div><div class='clear_column'><\/div><div class='content-column one_third'><div style=\"padding-right:6px;\"><p>Ivan Vu\u010deti\u0107 je u dobi od 52 godine dobio diplomu Vje\u0161taka identifikatora, \u010diji je naziv sam predlo\u017eio Vladi Provincije Buenos Airesa.\u00a0Umro je 25. sije\u010dnja 1925. u Doloresu u Buenos Airesu; Argentina<\/p><\/div><\/div><div class='content-column one_third'><div style=\"padding-right:6px;\"><p><img loading=\"lazy\" decoding=\"async\" class=\"aligncenter size-full wp-image-37464\" src=\"https:\/\/www.topohvar.at\/wp-content\/uploads\/2020\/05\/hv-mo-04-7.jpg\" alt=\"\" width=\"200\" height=\"256\" \/><\/p><\/div><\/div><div class='content-column one_third last_column'><div style=\"padding-right:0px;padding-left:6px;\"><p>Ivan Vucetic erhielt im Alter von 52 Jahren ein Diplom als Sachverst\u00e4ndiger, dessen Namen er selbst der Regierung der Provinz Buenos Aires vorschlug. Er starb am 25. Januar 1925 in Dolores, Buenos Aires; Argentinien.<\/p><\/div><\/div><div class='clear_column'><\/div><\/p>\n<p style=\"text-align: right;\"><span style=\"color: #3366ff;\"><a style=\"color: #3366ff;\" href=\"#seite_oben\">natrag na vrh \/ Seitenanfang<\/a><\/span><\/p>\n<hr \/>\n<p><strong>Linkovi \/ Links<\/strong><\/p>\n<p><span style=\"color: #3366ff;\"><a style=\"color: #3366ff;\" href=\"https:\/\/www.topohvar.at\/orte\/hv\/hv-ob-16-1\/\">Mozaik \u00bbOtisak prsta\u00ab \/ Mosaik Fingerabdruck<\/a><br \/>\n<a style=\"color: #3366ff;\" href=\"https:\/\/www.topohvar.at\/orte\/hv\/hv-tg-68-1\/\">Ku\u0107a \/ Haus Vu\u010deti\u0107<\/a><a style=\"color: #3366ff;\" href=\"https:\/\/www.topohvar.at\/orte\/hv\/hv-is-39-1\/\"><br \/>\n<\/a><a style=\"color: #3366ff;\" href=\"https:\/\/www.topohvar.at\/orte\/hv\/hv-is-21-1\/\">Spomen-plo\u010da na ku\u0107i Vu\u010deti\u0107\u00ab \/ Gedenktafel am Haus Vu\u010deti\u0107<\/a><a style=\"color: #3366ff;\" href=\"https:\/\/www.topohvar.at\/orte\/hv\/hv-is-39-1\/\"><br \/>\n<\/a><a style=\"color: #3366ff;\" href=\"https:\/\/www.topohvar.at\/orte\/hv\/hv-is-24-1\/\">Spomen plo\u010da <\/a><a style=\"color: #3366ff;\" href=\"https:\/\/www.topohvar.at\/orte\/hv\/hv-is-24-1\/\">\u00bbIvan Vu\u010deti\u0107\u00ab<\/a><a style=\"color: #3366ff;\" href=\"https:\/\/www.topohvar.at\/orte\/hv\/hv-is-24-1\/\"> na Rivi \/ Gedenktafel \u00bbIvan Vu\u010deti\u0107\u00ab auf der Riva<\/a><br \/>\n<a style=\"color: #3366ff;\" href=\"https:\/\/www.topohvar.at\/orte\/hv\/hv-ov-01-1\/\">Objekt \u00bbPark Veli \u0111ardin\u00ab<\/a><\/span><\/p>\n<p>&nbsp;<\/p>\n<p>&nbsp;<\/p>\n","protected":false},"excerpt":{"rendered":"<p>Ime \/ Name Bista \/ B\u00fcste \u00bbIvan Vu\u010deti\u0107\u00ab Code: HV-MO-04\u00a0 \u00a0 \u00a0 \u00a0 \u00a0 \u00a0 \u00a0 \u00a0 \u00a0 \u00a0 \u00a0 \u00a0 \u00a0 \u00a0 \u00a0 \u00a0 \u00a0 \u00a0 \u00a0 \u00a0 Adresa \/ Adresse Grad Hvar,\u00a0Park Veli \u0111ardin Lokacija \/ Position Latitude: &hellip; <a href=\"https:\/\/www.topohvar.at\/topo\/orte\/hv\/hv-mo-04-1\/\">Weiterlesen <span class=\"meta-nav\">&rarr;<\/span><\/a><\/p>\n","protected":false},"author":1,"featured_media":0,"parent":80,"menu_order":0,"comment_status":"closed","ping_status":"closed","template":"","meta":{"footnotes":""},"class_list":["post-14868","page","type-page","status-publish","hentry"],"_links":{"self":[{"href":"https:\/\/www.topohvar.at\/topo\/wp-json\/wp\/v2\/pages\/14868","targetHints":{"allow":["GET"]}}],"collection":[{"href":"https:\/\/www.topohvar.at\/topo\/wp-json\/wp\/v2\/pages"}],"about":[{"href":"https:\/\/www.topohvar.at\/topo\/wp-json\/wp\/v2\/types\/page"}],"author":[{"embeddable":true,"href":"https:\/\/www.topohvar.at\/topo\/wp-json\/wp\/v2\/users\/1"}],"replies":[{"embeddable":true,"href":"https:\/\/www.topohvar.at\/topo\/wp-json\/wp\/v2\/comments?post=14868"}],"version-history":[{"count":25,"href":"https:\/\/www.topohvar.at\/topo\/wp-json\/wp\/v2\/pages\/14868\/revisions"}],"predecessor-version":[{"id":53632,"href":"https:\/\/www.topohvar.at\/topo\/wp-json\/wp\/v2\/pages\/14868\/revisions\/53632"}],"up":[{"embeddable":true,"href":"https:\/\/www.topohvar.at\/topo\/wp-json\/wp\/v2\/pages\/80"}],"wp:attachment":[{"href":"https:\/\/www.topohvar.at\/topo\/wp-json\/wp\/v2\/media?parent=14868"}],"curies":[{"name":"wp","href":"https:\/\/api.w.org\/{rel}","templated":true}]}}