{"id":14880,"date":"2019-01-02T07:45:38","date_gmt":"2019-01-02T06:45:38","guid":{"rendered":"https:\/\/www.topohvar.at\/?page_id=14880"},"modified":"2021-11-26T17:25:50","modified_gmt":"2021-11-26T16:25:50","slug":"hv-mo-16-1","status":"publish","type":"page","link":"https:\/\/www.topohvar.at\/topo\/orte\/hv\/hv-mo-16-1\/","title":{"rendered":"HVAR &#8211; Bista \u00bbMsgr. Mihi Pu\u0161i\u0107u\u00ab"},"content":{"rendered":"<p><a name=\"seite_oben\"><\/a><br \/>\n<img loading=\"lazy\" decoding=\"async\" class=\"alignnone wp-image-14856 size-large\" src=\"https:\/\/www.topohvar.at\/wp-content\/uploads\/2019\/01\/hv-mo-16-1-1024x503.jpg\" alt=\"\" width=\"640\" height=\"314\" srcset=\"https:\/\/www.topohvar.at\/wp-content\/uploads\/2019\/01\/hv-mo-16-1-1024x503.jpg 1024w, https:\/\/www.topohvar.at\/wp-content\/uploads\/2019\/01\/hv-mo-16-1-300x147.jpg 300w, https:\/\/www.topohvar.at\/wp-content\/uploads\/2019\/01\/hv-mo-16-1-768x377.jpg 768w, https:\/\/www.topohvar.at\/wp-content\/uploads\/2019\/01\/hv-mo-16-1.jpg 1080w\" sizes=\"auto, (max-width: 640px) 100vw, 640px\" \/><\/p>\n<p><strong>Ime \/ Name<br \/>\n<\/strong>Bista \/ B\u00fcste \u00bbMsgr. Mihi Pu\u0161i\u0107u\u00ab<\/p>\n<p><strong>Code: <\/strong>HV-MO-16\u00a0 \u00a0 \u00a0 \u00a0 \u00a0 \u00a0 \u00a0 \u00a0 \u00a0 \u00a0 \u00a0 \u00a0 \u00a0 \u00a0 \u00a0 \u00a0 \u00a0 \u00a0 \u00a0<strong><a href=\"https:\/\/www.topohvar.at\/orte\/hv\/hv-mo-12-1\/\"><img loading=\"lazy\" decoding=\"async\" class=\"alignnone wp-image-533 size-full\" src=\"https:\/\/www.topohvar.at\/wp-content\/uploads\/2018\/07\/push-l-30.jpg\" alt=\"\" width=\"61\" height=\"30\" \/><\/a> <a href=\"https:\/\/www.topohvar.at\/orte\/hv\/\"><img loading=\"lazy\" decoding=\"async\" class=\"alignnone wp-image-535 size-full\" src=\"https:\/\/www.topohvar.at\/wp-content\/uploads\/2018\/07\/push-o-30.jpg\" alt=\"\" width=\"61\" height=\"30\" \/><\/a> <a href=\"https:\/\/www.topohvar.at\/orte\/hv\/hv-mo-17-1\/\"><img loading=\"lazy\" decoding=\"async\" class=\"alignnone wp-image-536 size-full\" src=\"https:\/\/www.topohvar.at\/wp-content\/uploads\/2018\/07\/push-r-30.jpg\" alt=\"\" width=\"61\" height=\"30\" \/><\/a>\u00a0<\/strong><\/p>\n<hr \/>\n<p><strong>Adresa \/ Adresse<br \/>\n<\/strong>Grad Hvar,\u00a0Trg sv. Stjepana 26, Biskopija<\/p>\n<p><strong>Lokacija<\/strong><strong> \/ Position<a href=\"https:\/\/goo.gl\/maps\/SmwTPbd8V2jW6VQn7\"><img loading=\"lazy\" decoding=\"async\" class=\"alignright wp-image-15618\" src=\"https:\/\/www.topohvar.at\/wp-content\/uploads\/2019\/01\/0316.jpg\" alt=\"\" width=\"134\" height=\"100\" \/><\/a><br \/>\n<\/strong><span style=\"color: #3366ff;\"><a style=\"color: #3366ff;\" href=\"https:\/\/goo.gl\/maps\/SmwTPbd8V2jW6VQn7\">Latitude: N 43,17233\u00b0\u00a0 \u00a0Longitude: E 16,44345\u00b0<\/a> <\/span><strong><br \/>\n<\/strong>Visina \/ H\u00f6he: 4 m<\/p>\n<p><strong>Katastarska <\/strong><strong>\u010d<\/strong><strong>estica <\/strong><strong>\/ Grundst\u00fccke<br \/>\n<\/strong>*173, 403<div class='content-column one_half'><div style=\"padding-right:6px;\"><p><strong>Datum snimanja \/ Erfassungsdatum<br \/>\n<\/strong>24.02.2018 09:23:00<\/p>\n<hr \/>\n<p><strong>Informacije<\/strong><\/p>\n<p>Poprsje monsinjora Pu\u0161i\u0107a stoji na zidnom nosa\u010du u dvori\u0161tu biskupske ordinate. Na konzoli je sljede\u0107i natpis:<\/p><\/div><\/div><div class='content-column one_half last_column'><div style=\"padding-right:0px;padding-left:6px;\"><p><strong>Stupanj za\u0161tite<\/strong><strong>\/ Schutzstellung<\/strong><\/p>\n<p>&#8211;<\/p>\n<hr \/>\n<p><strong>Info<\/strong><\/p>\n<p>Im Hof des bisch\u00f6flichen Ordinats steht auf einer Wandkonsole die B\u00fcste des Monsignore Pu\u0161i\u0107. Auf der Konsole befindet sich folgende Inschrift:<\/p><\/div><\/div><div class='clear_column'><\/div><div class='content-column one_half'><div style=\"padding-right:6px;\"><p style=\"text-align: center;\">OCU LIT. POKRETA U HRVATA<br \/>\n<strong>MSGR. MIHI PU<\/strong><strong>\u0160I<\/strong><strong>\u0106U<\/strong><br \/>\nPRIGODOM LIT. SIMPOZIJA<br \/>\nHVAR.\u00a0 4. &#8211; 7. 11. 1986.<\/p><\/div><\/div><div class='content-column one_half last_column'><div style=\"padding-right:0px;padding-left:6px;\"><p style=\"text-align: center;\">Vater der Literaturbewegung in Kroatien<br \/>\n<strong>Msgr. Mihi Pu\u0161i\u0107<\/strong><br \/>\nanl\u00e4sslich eines Literatursymposiums.<br \/>\nHvar. 4. bis 7. 11. 1986.<\/p><\/div><\/div><div class='clear_column'><\/div><div class='content-column one_half'><div style=\"padding-right:6px;\"><p>Poprsje nadbiskupa Mihovila Pu\u0161i\u0107a stvorio je akademski kipar Kuzma Kova\u010di\u0107 1986. godine. Izra\u0111ena je od bronce i ima visinu od oko 60 cm.<\/p><\/div><\/div><div class='content-column one_half last_column'><div style=\"padding-right:0px;padding-left:6px;\"><p>Die B\u00fcste des Erzbischofs Mihovil Pu\u0161i\u0107 wurde vom akademischen Bildhauer\u00a0Kuzma Kova\u010di\u0107 im Jahr 1986 geschaffen. Sie ist aus Bronze und hat eine H\u00f6he von ca. 60 cm.<\/p><\/div><\/div><div class='clear_column'><\/div><\/p>\n<p style=\"text-align: right;\"><span style=\"color: #3366ff;\"><a style=\"color: #3366ff;\" href=\"#seite_oben\">natrag na vrh \/ Seitenanfang<\/a><\/span><\/p>\n<hr \/>\n<p>&nbsp;<\/p>\n<p><strong>Linkovi \/ Links<\/strong><\/p>\n<p><span style=\"color: #3366ff;\"><a style=\"color: #3366ff;\" href=\"https:\/\/www.topohvar.at\/orte\/hv\/hv-tg-75-1\/\">Zgrada \u00bbBiskupski Dvor\u00ab \/ Geb\u00e4ude Bischofspalast<\/a><\/span><br \/>\n<span style=\"color: #3366ff;\"><a style=\"color: #3366ff;\" href=\"https:\/\/www.topohvar.at\/orte\/hv\/hv-ig-09-1\/\">Grb \u00bbiznad\u00a0ulaza u biskupski dvor\u00ab \/ Wappen \u00fcber dem Eingang zum Bischofspalast<\/a><\/span><br \/>\n<span style=\"color: #3366ff;\"><a style=\"color: #3366ff;\" href=\"https:\/\/www.topohvar.at\/orte\/hv\/hv-ig-47-1\/\">Grb \u00bbu dvori\u0161tu biskupskog dvora (1)\u00ab \/ Wappen im Hof des Bischofspalastes (1)<\/a><\/span><br \/>\n<span style=\"color: #3366ff;\"><a style=\"color: #3366ff;\" href=\"https:\/\/www.topohvar.at\/orte\/hv\/hv-ig-48-1\/\">Grb \u00bbu dvori\u0161tu biskupskog dvora (2)\u00ab \/ Wappen im Hof des Bischofspalastes (2)<\/a><br \/>\n<a style=\"color: #3366ff;\" href=\"https:\/\/www.topohvar.at\/orte\/hv\/hv-in-15-1\/\">Natpis u dvori\u0161tu biskupske pala\u010de \/ Inschrift im Hof des Bischofpalastes<\/a><\/span><br \/>\n<span style=\"color: #3366ff;\"><a style=\"color: #3366ff;\" href=\"https:\/\/www.topohvar.at\/orte\/hv\/hv-ca-06-1\/\">Biv\u0161i benediktinski samostan \u00bbSv. Marije od Lesnje\u00ab \/ ehemaliges Benediktinerkloster der hl. Maria von Hvar<\/a><\/span><br \/>\n<span style=\"color: #3366ff;\"><a style=\"color: #3366ff;\" href=\"https:\/\/www.topohvar.at\/orte\/hv\/hv-ir-49-1\/\">Reljef plo\u010da \/ Reliefplatte \u00bbIUBILAEUM A.D. 2000\u00ab<\/a><\/span><br \/>\n<span style=\"color: #3366ff;\"><a style=\"color: #3366ff;\" href=\"https:\/\/www.topohvar.at\/orte\/hv\/hv-is-40-1\/\">Spomen plo\u010da \/ Gedenktafel \u00bbIstas riboli sic Petrus &#8230;\u00ab<\/a><\/span><br \/>\n<span style=\"color: #3366ff;\"><a style=\"color: #3366ff;\" href=\"https:\/\/www.topohvar.at\/orte\/hv\/hv-is-41-1\/\">Spomen plo\u010da \/ Gedenktafel \u00bbGeorgius Dubokovich\u00ab<\/a><\/span><br \/>\n<span style=\"color: #3366ff;\"><a style=\"color: #3366ff;\" href=\"https:\/\/www.topohvar.at\/orte\/hv\/hv-op-10-1\/\">Objekt \u00bb3 gustirne u vrtu biskupskog dvora\u00ab \/ 3 Brunnen im Garten des Bischofpalastes<\/a><\/span><\/p>\n","protected":false},"excerpt":{"rendered":"<p>Ime \/ Name Bista \/ B\u00fcste \u00bbMsgr. Mihi Pu\u0161i\u0107u\u00ab Code: HV-MO-16\u00a0 \u00a0 \u00a0 \u00a0 \u00a0 \u00a0 \u00a0 \u00a0 \u00a0 \u00a0 \u00a0 \u00a0 \u00a0 \u00a0 \u00a0 \u00a0 \u00a0 \u00a0 \u00a0 \u00a0 Adresa \/ Adresse Grad Hvar,\u00a0Trg sv. Stjepana 26, Biskopija Lokacija &hellip; <a href=\"https:\/\/www.topohvar.at\/topo\/orte\/hv\/hv-mo-16-1\/\">Weiterlesen <span class=\"meta-nav\">&rarr;<\/span><\/a><\/p>\n","protected":false},"author":1,"featured_media":0,"parent":80,"menu_order":0,"comment_status":"closed","ping_status":"closed","template":"","meta":{"footnotes":""},"class_list":["post-14880","page","type-page","status-publish","hentry"],"_links":{"self":[{"href":"https:\/\/www.topohvar.at\/topo\/wp-json\/wp\/v2\/pages\/14880","targetHints":{"allow":["GET"]}}],"collection":[{"href":"https:\/\/www.topohvar.at\/topo\/wp-json\/wp\/v2\/pages"}],"about":[{"href":"https:\/\/www.topohvar.at\/topo\/wp-json\/wp\/v2\/types\/page"}],"author":[{"embeddable":true,"href":"https:\/\/www.topohvar.at\/topo\/wp-json\/wp\/v2\/users\/1"}],"replies":[{"embeddable":true,"href":"https:\/\/www.topohvar.at\/topo\/wp-json\/wp\/v2\/comments?post=14880"}],"version-history":[{"count":15,"href":"https:\/\/www.topohvar.at\/topo\/wp-json\/wp\/v2\/pages\/14880\/revisions"}],"predecessor-version":[{"id":53638,"href":"https:\/\/www.topohvar.at\/topo\/wp-json\/wp\/v2\/pages\/14880\/revisions\/53638"}],"up":[{"embeddable":true,"href":"https:\/\/www.topohvar.at\/topo\/wp-json\/wp\/v2\/pages\/80"}],"wp:attachment":[{"href":"https:\/\/www.topohvar.at\/topo\/wp-json\/wp\/v2\/media?parent=14880"}],"curies":[{"name":"wp","href":"https:\/\/api.w.org\/{rel}","templated":true}]}}