{"id":14890,"date":"2019-01-02T07:53:44","date_gmt":"2019-01-02T06:53:44","guid":{"rendered":"https:\/\/www.topohvar.at\/?page_id=14890"},"modified":"2021-11-26T18:43:35","modified_gmt":"2021-11-26T17:43:35","slug":"hv-mo-07-1","status":"publish","type":"page","link":"https:\/\/www.topohvar.at\/topo\/orte\/hv\/hv-mo-07-1\/","title":{"rendered":"HVAR &#8211; Spomen-grobnica palim borcima"},"content":{"rendered":"<p><a name=\"seite_oben\"><\/a><br \/>\n<img loading=\"lazy\" decoding=\"async\" class=\"alignnone wp-image-14848 size-large\" src=\"https:\/\/www.topohvar.at\/wp-content\/uploads\/2019\/01\/HV-MO-07-1-1024x503.jpg\" alt=\"\" width=\"640\" height=\"314\" srcset=\"https:\/\/www.topohvar.at\/wp-content\/uploads\/2019\/01\/HV-MO-07-1-1024x503.jpg 1024w, https:\/\/www.topohvar.at\/wp-content\/uploads\/2019\/01\/HV-MO-07-1-300x147.jpg 300w, https:\/\/www.topohvar.at\/wp-content\/uploads\/2019\/01\/HV-MO-07-1-768x377.jpg 768w, https:\/\/www.topohvar.at\/wp-content\/uploads\/2019\/01\/HV-MO-07-1.jpg 1080w\" sizes=\"auto, (max-width: 640px) 100vw, 640px\" \/><\/p>\n<p><strong>Ime \/ Name<br \/>\n<\/strong>Spomen-grobnica palim borcima \/ Ged\u00e4chtnisgrabst\u00e4tte f\u00fcr die Gefallenen<\/p>\n<p><strong>Code: <\/strong>HV-MO-07\u00a0 \u00a0 \u00a0 \u00a0 \u00a0 \u00a0 \u00a0 \u00a0 \u00a0 \u00a0 \u00a0 \u00a0 \u00a0 \u00a0 \u00a0 \u00a0 \u00a0 \u00a0 \u00a0<strong><a href=\"https:\/\/www.topohvar.at\/orte\/hv\/hv-mo-08-1\/\"><img loading=\"lazy\" decoding=\"async\" class=\"alignnone wp-image-533 size-full\" src=\"https:\/\/www.topohvar.at\/wp-content\/uploads\/2018\/07\/push-l-30.jpg\" alt=\"\" width=\"61\" height=\"30\" \/><\/a> <a href=\"https:\/\/www.topohvar.at\/orte\/hv\/\"><img loading=\"lazy\" decoding=\"async\" class=\"alignnone wp-image-535 size-full\" src=\"https:\/\/www.topohvar.at\/wp-content\/uploads\/2018\/07\/push-o-30.jpg\" alt=\"\" width=\"61\" height=\"30\" \/><\/a> <a href=\"https:\/\/www.topohvar.at\/orte\/hv\/hv-mo-15-1\/\"><img loading=\"lazy\" decoding=\"async\" class=\"alignnone wp-image-536 size-full\" src=\"https:\/\/www.topohvar.at\/wp-content\/uploads\/2018\/07\/push-r-30.jpg\" alt=\"\" width=\"61\" height=\"30\" \/><\/a>\u00a0<\/strong><\/p>\n<hr \/>\n<p><strong>Adresa \/ Adresse<br \/>\n<\/strong>Grad Hvar,\u00a0Ulica \u0160ime Buzoli\u0107 Tome, Gradsko groblje<\/p>\n<p><strong>Lokacija<\/strong><strong> \/ Position<a href=\"https:\/\/goo.gl\/maps\/7HuPVoo76tA1nhzUA\"><img loading=\"lazy\" decoding=\"async\" class=\"alignright wp-image-17104\" src=\"https:\/\/www.topohvar.at\/wp-content\/uploads\/2019\/01\/1028.jpg\" alt=\"\" width=\"134\" height=\"100\" \/><\/a><br \/>\n<\/strong><span style=\"color: #3366ff;\"><a style=\"color: #3366ff;\" href=\"https:\/\/goo.gl\/maps\/7HuPVoo76tA1nhzUA\">Latitude: N 43,17085\u00b0\u00a0 \u00a0Longitude: E 16,44372\u00b0<\/a> <\/span><strong><br \/>\n<\/strong>Visina \/ H\u00f6he: 45 m<\/p>\n<p><strong>Katastarska <\/strong><strong>\u010d<\/strong><strong>estica <\/strong><strong>\/ Grundst\u00fccke<br \/>\n<\/strong>3868<div class='content-column one_half'><div style=\"padding-right:6px;\"><p><strong>Datum snimanja \/ Erfassungsdatum<br \/>\n<\/strong>19.02.2015 11:18:37<\/p>\n<hr \/>\n<p><strong>Informacije<\/strong><\/p>\n<p>Kostumica je izgra\u0111ena 1948. g., a spomen plo\u010da 1952. g. na inicijativu boraca i komunista naroda Hvara.<\/p><\/div><\/div><div class='content-column one_half last_column'><div style=\"padding-right:0px;padding-left:6px;\"><p><strong>Stupanj za\u0161tite<\/strong><strong> \/ Schutzstellung<br \/>\n<\/strong>RST 809-1974<strong><br \/>\n<\/strong><\/p>\n<hr \/>\n<p><strong>Info<\/strong><\/p>\n<p>Die Grabst\u00e4tte wurde im Jahr 1948 errichtet. Eine Gedenktafel wurde im Jahre 1952 auf Initiative der K\u00e4mpfer und der kommunistischen Bev\u00f6lkerung Hvars angebracht.<\/p><\/div><\/div><div class='clear_column'><\/div><div class='content-column one_half'><div style=\"padding-right:6px;\"><p>Natpis:<\/p>\n<p style=\"text-align: center;\">PU\u010cE HVARSKI.<br \/>\nPOD KAMENOM OVIM<br \/>\nPOLO\u017dENE SU KOSTI<br \/>\nSINOVA TVOJIH<br \/>\n\u0160TO NA BOJNOM POLJU NA\u0110OSE SMRT<br \/>\nZA SLOBODU TVOJU I TVOJEG GRADA.<\/p>\n<p style=\"text-align: center;\">NEK IM BUDE OVO USPOMENA TRAJNA<br \/>\nI NEK SVAKOG PODSJE\u0106A<br \/>\nDA SU IZGINULI<br \/>\nZA NAROD PARTIJU I TITA.<\/p><\/div><\/div><div class='content-column one_half last_column'><div style=\"padding-right:0px;padding-left:6px;\"><p>Inschrift:<\/p>\n<p style=\"text-align: center;\">Volk von Hvar<br \/>\nUnter dem Stein<br \/>\nbefinden sich die Gebeine<br \/>\ndeiner S\u00f6hne, die auf dem<br \/>\nSchlachtfeld f\u00fcr die Freiheit f\u00fcr dich<br \/>\nund deine Stadt den Tod gefunden haben.<\/p>\n<p style=\"text-align: center;\">Dieses Gedenken wird dauerhaft<br \/>\naufbewahrt und jeden daran erinnern,<br \/>\ndass sie f\u00fcr die Partei<br \/>\nund f\u00fcr Tito verloren gegangen sind.<\/p><\/div><\/div><div class='clear_column'><\/div><div class='content-column one_half'><div style=\"padding-right:6px;\"><p style=\"padding-left: 90px;\">ANTUNOVI\u0106 GRGO IVANA<br \/>\nAVELINI VLADE ANTIN<br \/>\nBARI\u0160I\u0106 AMBROZ PRO\u0160PEROV<br \/>\nBIBI\u0106 PRO\u0160PER MARKOV<br \/>\nBIBI\u0106 VJEKOSLAV MARKOV<br \/>\nBLAGAI\u0106 MARIN JOSIPOV<br \/>\nBODLOVI\u0106 AMBROZ PRO\u0160PEROV<br \/>\nBO\u017dITKOVI\u0106 IVAN JURJEV<br \/>\nBO\u017dITKOVI\u0106 JURAJ STJEPANA<br \/>\nBO\u017dITKOVI\u0106 TOMA STJEPANA<br \/>\nBO\u017dITKOVI\u0106 VAN\u0110ELA STJEPANA<br \/>\nBRACANOVI\u0106 JURAJ ANTIN<\/p>\n<p style=\"padding-left: 90px;\">BU\u0160AN SONJA MARIOVA<br \/>\nBUDROVI\u0106 ANTE FRANIN<br \/>\nBURDOVI\u0106 RATKO AMBROZA<br \/>\nBU\u010cI\u0106 JELKA JERKOVA<br \/>\nBUZOLI\u0106 IVAN JURJEV<br \/>\nBUZOLI\u0106 \u0160IME NIKOLIM<br \/>\nBUZOLI\u0106 \u0160IME TOMIN<br \/>\nBUZOLI\u0106 ANTE MARKOV<br \/>\nBUZOLI\u0106 MILAN MARKOV<br \/>\nDOMAN\u010cI\u0106 BOZO PETROV<br \/>\nDUJMOVI\u0106 JAKOV ANTIN<br \/>\nDUJMOVI\u0106 JAKOV IVANOV<\/p><\/div><\/div><div class='content-column one_half last_column'><div style=\"padding-right:0px;padding-left:6px;\"><p style=\"padding-left: 60px;\">DUJMOVI\u0106 DINKO DINKOV<br \/>\nKASANDRI\u0106 PETAR PETROV<br \/>\nKOVA\u010cEVI\u0106 VELJKO BARTULOV<br \/>\nKOVA\u010cEVI\u0106 DINKO TOMIN<br \/>\nMARTINOLI\u0106 ANTE ADOLFOV<br \/>\nMARI\u010cI\u0106 MARIJA DINKOVA<br \/>\nMARCHI MI\u010cE \u0160IMUNOV<br \/>\nMALJKOVI\u0106 STJEPAN MARINOV<br \/>\nMATIJEVI\u0106 JURAJ ANDRIJE<br \/>\nMILI\u010cI\u0106 IVO JURJEV<br \/>\nMILI\u010cI\u0106 DR. MATE MATIN<br \/>\nMILI\u010cI\u0106 MARKO NIKOLIN<\/p>\n<p style=\"padding-left: 60px;\">MI\u0160ETI\u0106 JERKO TOMIN<br \/>\nNOVAK JURAJ ANTIN<br \/>\nNOVAK JURAJ JOSIPA<br \/>\nORLANDINI IVO IVANA<br \/>\nPAPAFAVA STJEPAN NIKOLE<br \/>\nPETRI\u010cEVI\u0106 NIKOLA MARJANA<br \/>\nPRIMI FRANE FRANIN<br \/>\nROI\u0106 DU\u0160KO JOSIPOV<br \/>\nROI\u0106 IVO LUKIN<br \/>\nROSSO PAVAO MI\u010cIN<br \/>\nSTO\u0160I\u0106 VLADO NIKOLIN<br \/>\nTUDOR LUKA ANTIN<\/p>\n<p style=\"padding-left: 60px;\">UKI\u0106 SVETINJA JAKOVLJEV<br \/>\nVLAHOVI\u0106 DU\u0160AN \u0160IMUNOV<br \/>\nVLAHOVI\u0106 SR\u0110AN \u0160IMUNOV<br \/>\nVU\u010cETI\u0106 BRANKO ANTIN<br \/>\nVU\u010cETI\u0106 MARTIN JAKOVLJEV<br \/>\nZAZJAL JANKO MARIJIN<br \/>\n\u017dUNKOVI\u0106 DR. OREST ARISTIDA<\/p><\/div><\/div><div class='clear_column'><\/div><\/p>\n<p style=\"text-align: right;\"><span style=\"color: #3366ff;\"><a style=\"color: #3366ff;\" href=\"#seite_oben\">natrag na vrh \/ Seitenanfang<\/a><\/span><\/p>\n<hr \/>\n<p><strong>Linkovi \/ Links<\/strong><\/p>\n<p><span style=\"color: #3366ff;\"><a style=\"color: #3366ff;\" href=\"https:\/\/www.topohvar.at\/orte\/hv\/hv-og-01-1\/\">Objekt \u00bbGradsko groblje\u00ab \/ Stadtfriedhof<\/a><\/span><\/p>\n","protected":false},"excerpt":{"rendered":"<p>Ime \/ Name Spomen-grobnica palim borcima \/ Ged\u00e4chtnisgrabst\u00e4tte f\u00fcr die Gefallenen Code: HV-MO-07\u00a0 \u00a0 \u00a0 \u00a0 \u00a0 \u00a0 \u00a0 \u00a0 \u00a0 \u00a0 \u00a0 \u00a0 \u00a0 \u00a0 \u00a0 \u00a0 \u00a0 \u00a0 \u00a0 \u00a0 Adresa \/ Adresse Grad Hvar,\u00a0Ulica \u0160ime Buzoli\u0107 Tome, &hellip; <a href=\"https:\/\/www.topohvar.at\/topo\/orte\/hv\/hv-mo-07-1\/\">Weiterlesen <span class=\"meta-nav\">&rarr;<\/span><\/a><\/p>\n","protected":false},"author":1,"featured_media":0,"parent":80,"menu_order":0,"comment_status":"closed","ping_status":"closed","template":"","meta":{"footnotes":""},"class_list":["post-14890","page","type-page","status-publish","hentry"],"_links":{"self":[{"href":"https:\/\/www.topohvar.at\/topo\/wp-json\/wp\/v2\/pages\/14890","targetHints":{"allow":["GET"]}}],"collection":[{"href":"https:\/\/www.topohvar.at\/topo\/wp-json\/wp\/v2\/pages"}],"about":[{"href":"https:\/\/www.topohvar.at\/topo\/wp-json\/wp\/v2\/types\/page"}],"author":[{"embeddable":true,"href":"https:\/\/www.topohvar.at\/topo\/wp-json\/wp\/v2\/users\/1"}],"replies":[{"embeddable":true,"href":"https:\/\/www.topohvar.at\/topo\/wp-json\/wp\/v2\/comments?post=14890"}],"version-history":[{"count":15,"href":"https:\/\/www.topohvar.at\/topo\/wp-json\/wp\/v2\/pages\/14890\/revisions"}],"predecessor-version":[{"id":53647,"href":"https:\/\/www.topohvar.at\/topo\/wp-json\/wp\/v2\/pages\/14890\/revisions\/53647"}],"up":[{"embeddable":true,"href":"https:\/\/www.topohvar.at\/topo\/wp-json\/wp\/v2\/pages\/80"}],"wp:attachment":[{"href":"https:\/\/www.topohvar.at\/topo\/wp-json\/wp\/v2\/media?parent=14890"}],"curies":[{"name":"wp","href":"https:\/\/api.w.org\/{rel}","templated":true}]}}