{"id":14920,"date":"2019-01-02T12:21:10","date_gmt":"2019-01-02T11:21:10","guid":{"rendered":"https:\/\/www.topohvar.at\/?page_id=14920"},"modified":"2025-04-14T14:55:09","modified_gmt":"2025-04-14T12:55:09","slug":"hv-ob-03-1","status":"publish","type":"page","link":"https:\/\/www.topohvar.at\/topo\/orte\/hv\/hv-ob-03-1\/","title":{"rendered":"HVAR &#8211; Objekt \u00bbStupac \u0160tandarac\u00ab"},"content":{"rendered":"<p><a name=\"seite_oben\"><\/a><br \/>\n<img loading=\"lazy\" decoding=\"async\" class=\"alignnone wp-image-14906 size-large\" src=\"https:\/\/www.topohvar.at\/wp-content\/uploads\/2019\/01\/HV-OB-03-1-1024x503.jpg\" alt=\"\" width=\"640\" height=\"314\" srcset=\"https:\/\/www.topohvar.at\/wp-content\/uploads\/2019\/01\/HV-OB-03-1-1024x503.jpg 1024w, https:\/\/www.topohvar.at\/wp-content\/uploads\/2019\/01\/HV-OB-03-1-300x147.jpg 300w, https:\/\/www.topohvar.at\/wp-content\/uploads\/2019\/01\/HV-OB-03-1-768x377.jpg 768w, https:\/\/www.topohvar.at\/wp-content\/uploads\/2019\/01\/HV-OB-03-1.jpg 1080w\" sizes=\"auto, (max-width: 640px) 100vw, 640px\" \/><\/p>\n<p><strong>Ime \/ Name<br \/>\n<\/strong>Objekt \u00bbStupac \u0160tandarac\u00ab \/ S\u00e4ule\u00a0\u0160tandarac<\/p>\n<p><strong>Code: <\/strong>HV-OB-03\u00a0 \u00a0 \u00a0 \u00a0 \u00a0 \u00a0 \u00a0 \u00a0 \u00a0 \u00a0 \u00a0 \u00a0 \u00a0 \u00a0 \u00a0 \u00a0 \u00a0 \u00a0\u00a0<a href=\"https:\/\/www.topohvar.at\/hv-og-01-1\/\"><img loading=\"lazy\" decoding=\"async\" class=\"alignnone wp-image-12300 size-full\" src=\"https:\/\/www.topohvar.at\/wp-content\/uploads\/2018\/09\/push-vor-30.jpg\" alt=\"\" width=\"61\" height=\"30\" \/><\/a>\u00a0<strong><a href=\"https:\/\/www.topohvar.at\/orte\/hv\/hv-ob-21-1\/\"><img loading=\"lazy\" decoding=\"async\" class=\"alignnone wp-image-533 size-full\" src=\"https:\/\/www.topohvar.at\/wp-content\/uploads\/2018\/07\/push-l-30.jpg\" alt=\"\" width=\"61\" height=\"30\" \/><\/a> <a href=\"https:\/\/www.topohvar.at\/orte\/hv\/\"><img loading=\"lazy\" decoding=\"async\" class=\"alignnone wp-image-535 size-full\" src=\"https:\/\/www.topohvar.at\/wp-content\/uploads\/2018\/07\/push-o-30.jpg\" alt=\"\" width=\"61\" height=\"30\" \/><\/a> <a href=\"https:\/\/www.topohvar.at\/orte\/hv\/hv-ob-10-1\/\"><img loading=\"lazy\" decoding=\"async\" class=\"alignnone wp-image-536 size-full\" src=\"https:\/\/www.topohvar.at\/wp-content\/uploads\/2018\/07\/push-r-30.jpg\" alt=\"\" width=\"61\" height=\"30\" \/><\/a> <a href=\"https:\/\/www.topohvar.at\/hv-os-04-1\/\"><img loading=\"lazy\" decoding=\"async\" class=\"alignnone wp-image-12299 size-full\" src=\"https:\/\/www.topohvar.at\/wp-content\/uploads\/2018\/09\/push-next-30.jpg\" alt=\"\" width=\"61\" height=\"30\" \/><\/a><\/strong><\/p>\n<hr \/>\n<p><strong>Adresa \/ Adresse<br \/>\n<\/strong>Grad Hvar,\u00a0Trg sv. Stjepana, ispred Lo\u0111e<\/p>\n<p><strong>Lokacija<\/strong><strong> \/ Position<a href=\"https:\/\/goo.gl\/maps\/fcazHqSeWaQWG1qx8\"><img loading=\"lazy\" decoding=\"async\" class=\"alignright wp-image-17154\" src=\"https:\/\/www.topohvar.at\/wp-content\/uploads\/2019\/01\/1013.jpg\" alt=\"\" width=\"134\" height=\"100\" \/><\/a><br \/>\n<\/strong><span style=\"color: #3366ff;\"><a style=\"color: #3366ff;\" href=\"https:\/\/goo.gl\/maps\/fcazHqSeWaQWG1qx8\">Latitude: N 43,17264\u00b0\u00a0 \u00a0Longitude: E 16,44133\u00b0<\/a> <\/span><strong><br \/>\n<\/strong>Visina \/ H\u00f6he: 2 m<\/p>\n<p><strong>Katastarska <\/strong><strong>\u010d<\/strong><strong>estica <\/strong><strong>\/ Grundst\u00fccke<br \/>\n<\/strong>4536<div class='content-column one_half'><div style=\"padding-right:6px;\"><p><strong>Datum snimanja \/ Erfassungsdatum<br \/>\n<\/strong>14.02.2015 09:31:41<\/p>\n<hr \/>\n<p><strong>Informacije<\/strong><\/p>\n<p>Ispred lo\u0111e ostao je sa\u010duvan stup za zastavu &#8222;\u0161tandarac&#8220; (barjak talijanski stendardo), koji i dalje slu\u017ei istoj svrsi.<\/p><\/div><\/div><div class='content-column one_half last_column'><div style=\"padding-right:0px;padding-left:6px;\"><p><strong>Stupanj za\u0161tite<\/strong><strong> \/ Schutzstellung<br \/>\n<\/strong>&#8211;<\/p>\n<hr \/>\n<p><strong>Info<\/strong><\/p>\n<p>Unterhalb der Loggia befindet sich die Fahnenstange, der \u201e\u0160tandarac\u201c (aus dem Italienischen stendaro), der noch heute den gleichen Zweck erf\u00fcllt.<\/p><\/div><\/div><div class='clear_column'><\/div><div class='content-column one_half'><div style=\"padding-right:6px;\"><p>Po predaji slu\u017eio je i kao stup srama, te su se na tom mjestu \u010ditali razni javni proglasi i na tom su mjestu ka\u017enjenici izvrgavani ruglu. Brigu o zastavi, njezinomu podizanju i spu\u0161tanju vodilo je posebno Dru\u0161tvo \u0161tandarca.<\/p><\/div><\/div><div class='content-column one_half last_column'><div style=\"padding-right:0px;padding-left:6px;\"><p>Nach der \u00dcberlieferung wurde er als Pranger genutzt, hier wurden \u00dcbelt\u00e4ter bestraft und\u00a0 auch verschiedene Regierungserkl\u00e4rungen verlesen. Das Hissen der Flagge besorgte eine eigene Flaggen-Vereinigung.<\/p><\/div><\/div><div class='clear_column'><\/div><div class='content-column one_half'><div style=\"padding-right:6px;\"><p>Prema archivskim dokumentima, \u0161tandarac se prvi put spominje u dokumento iz 1446.g., kojim hvarska vlastela tra\u017ei mleta\u010dku vlast da im pokloni barjak, no nije navedeno je li \u0161tandarac postavljen ili je tek zami\u0161ljena gradnja.<\/p><\/div><\/div><div class='content-column one_half last_column'><div style=\"padding-right:0px;padding-left:6px;\"><p>Laut Archivdokumenten wird der \u0160tandarac erstmals in einem Dokument aus dem Jahr 1446 erw\u00e4hnt, als die Hvarer Regierung mit der venezianischen Herrschaft Kontakt aufnimmt um eine Fahne zu \u00fcberreichen, es ist jedoch nicht vermerkt, ob der \u0160tandarac tats\u00e4chlich errichtet wurde oder nur geplant war.<\/p><\/div><\/div><div class='clear_column'><\/div><div class='content-column one_half'><div style=\"padding-right:6px;\"><p>Pouzdanije podatke nalazimo 1487.g., prema ra\u010dunima koji navode pla\u0107anje nosa\u010da za iskrcaj i postavljanje kamenih dijelova stupa.<\/p><\/div><\/div><div class='content-column one_half last_column'><div style=\"padding-right:0px;padding-left:6px;\"><p>Zuverl\u00e4ssigere Daten finden sich im Jahr 1487 auf Rechnungen, die die Bezahlung des Transportunternehmens f\u00fcr das Entladen und Aufstellen von Steinteilen der S\u00e4ule beinhaltet.<\/p><\/div><\/div><div class='clear_column'><\/div><div class='content-column one_half'><div style=\"padding-right:6px;\"><p>Glavica stupa \u0160tandarca ima profilaciju od naizmjence utorenih i izbo\u010denih polukrugova.<\/p><\/div><\/div><div class='content-column one_half last_column'><div style=\"padding-right:0px;padding-left:6px;\"><p>Der Kopf des \u0160tandarc besteht aus wechselweise vorstehender abgerundeter Profilierung und dazwischenliegenden Rillen.<\/p><\/div><\/div><div class='clear_column'><\/div><div class='content-column one_half'><div style=\"padding-right:6px;\"><p>Mleta\u010dki grb s lavom sv. Marka uokviruje renesansni lisni vijenac, \u0161to slogovno odgovara kasnom 15. st. Lav je okru\u017een izra\u0111enim lovorivim vijencem. Ima izdu\u017eeno lice i vrat, a grivu u obliku kacige. Obje \u0161ape polo\u017eene su iznad knjige. Prili\u010dno je dobro sa\u010duvan, osim lica koje je o\u0161te\u0107eno, no nije jasno je li namjerno ili zbok posolice.<\/p><\/div><\/div><div class='content-column one_half last_column'><div style=\"padding-right:0px;padding-left:6px;\"><p>Das venezianische Wappen mit dem Markusl\u00f6wen wird von einem Renaissance-Bl\u00e4tterkranz gerahmt, der dem sp\u00e4ten 15. Jahrhundert stilistisch entspricht. Der L\u00f6we ist von einem Lorbeerkranz umgeben. Er hat ein langgestrecktes Gesicht und einen langen Hals und eine M\u00e4hne in Form eines Helms. Beide Pfoten liegen auf dem Buch. Au\u00dfer dem Gesicht, das absichtlich oder durch Verwitterung besch\u00e4digt wurde, ist er ziemlich gut erhalten.<\/p><\/div><\/div><div class='clear_column'><\/div><div class='content-column one_half'><div style=\"padding-right:6px;\"><p>Iznad lava je urezana godina 1735., koja se odnosi vjerojatno na obnovu \u0161tandarca, a ispod su inicijali\u00a0 A V G\u00a0 urezani u obliku trokuta. Inicijali V i G vjerovatno se odnose na tada\u0161njeg kneza koji je obnovio stup za barjak \u2013 bio je to Vincenzo Gritti (knez od 1734. do 1736.). Nije razja\u0161njeno \u0161to zna\u0107i inicijal A: mogu\u0107e je da je to latinski prijedlok u zna\u010denju \u201eod\u201c (&#8230;(obnovljeno) od V. Grittija) ili \u201eauctum\u201c, \u0161to na latinskom zna\u010di obnovljeno, pro\u0161ireno. Pretpostavljamo da je te godine \u0161tandarac premje\u0161ten iz Pjace izpred tada\u0161nje Kne\u017eeve pala\u010de i Lo\u0111e, gdje se nalazi i danas.<\/p><\/div><\/div><div class='content-column one_half last_column'><div style=\"padding-right:0px;padding-left:6px;\"><p>Oberhalb des L\u00f6wen ist die Jahreszahl 1735 eingraviert, wahrscheinlich ein Hinweis auf die Restaurierung des \u0160tandarac, und unterhalb sind die Initialen A V G in Form eines Dreiecks eingeritzt. Die Initialen V und G d\u00fcrften wahrscheinlich auf den damaligen F\u00fcrsten hinweisen, der den \u0160tandarc wieder herstellen lie\u00df &#8211; es war Vincenzo Gritti (F\u00fcrst von 1734 bis 1736). Es ist unklar, was das erste A bedeutet: Es ist m\u00f6glich, dass dies eine lateinische Abk\u00fcrzung im Sinne von \u201evon&#8220; (&#8230; (erneuert <em>von<\/em> V. Grittija) oder \u201eauctum&#8220; ist, was im Lateinischen \u201eaktualisiert\u201c oder \u201eerweitert\u201c bedeutet. Man geht davon aus, dass der \u0160tandarac in diesem Jahr von der Pjaca vor den damaligen Rektorenpalast und die Loggia verlegt wurde, wo er heute noch steht.<\/p><\/div><\/div><div class='clear_column'><\/div><div class='content-column one_half'><div style=\"padding-right:6px;\"><p>U Hvaru u prvoj polovici 17. st. djeluje ,,Dru\u0161tvo \u0160tandarca&#8220;, koje je vodilo ceremonije dizanja i spu\u0161tanja zastave, a imalo je i pravo pomilovanja osu\u0111enika; kako su se pri tome javljale i zloporabe, odredi mleta\u010dka vlada 21. I. 1634. da ubudu\u0107e mogu godi\u0161nje pomilovati samo dvojicu, na Sv. Stipana 2. VIII. pu\u010danina, a na Bo\u017ei\u0107 plemi\u0107a.<\/p><\/div><\/div><div class='content-column one_half last_column'><div style=\"padding-right:0px;padding-left:6px;\"><p>In der ersten H\u00e4lfte des 17. Jahrhunderts hatte die \u201eGesellschaft \u0160tandarca\u201c, das Recht durch Heben und Senken der Flagge Verurteilte zu begnadigen. Da damit aber Missbrauch getrieben wurde, veranlasste die venezianische Regierung am 21. Januar 1634, dass in Zukunft j\u00e4hrlich Begnadigungen nur mehr zum hl. Stefan am 2. August und zu Weihnachten erfolgen d\u00fcrfen.<\/p><\/div><\/div><div class='clear_column'><\/div><div class='content-column one_half'><div style=\"padding-right:6px;\"><p>Godine 1771, jarbol je obnovljen.<\/p><\/div><\/div><div class='content-column one_half last_column'><div style=\"padding-right:0px;padding-left:6px;\"><p>Im Jahr 1771 wurde der Mast erneuert.<\/p><\/div><\/div><div class='clear_column'><\/div><div class='content-column one_half'><div style=\"padding-right:6px;\"><p>Kad je pod naletom francuske revolucije propala Mleta\u010dka republika, do\u0111e Dalmacija po prvi put (1797.-1806.) pod Austriju, kao nasljednicu starih ugarsko-hrvatskih kraljeva. nave\u010der 15. srpnja 1797 u sve\u010danoj procesiji koju su vodili biskup, Kaptol i sve\u0107enstvo, a u njoj sudjelovali knez, vlastela i puk &#8211; najprije skinu\u0161e sa \u0160tandarca mleta\u010dku zastavu, odneso\u0161e je u Stolnu crkvu na glavni oltar sv. Stjepana, i ondje blagosloviv\u0161i novi barjak \u201eNjegovoga Carskog Veli\u010danstva&#8220;, tj. austrijsku zastavu.<\/p><\/div><\/div><div class='content-column one_half last_column'><div style=\"padding-right:0px;padding-left:6px;\"><p>Als unter dem Ansturm der Franz\u00f6sischen Revolution die Republik Venedig zusammenbrach, kam Dalmatien zum ersten Mal (1797. bis 1806.) an die \u00d6sterreicher, als Nachfolger der alten ungarisch-kroatischen K\u00f6nige. Am Abend des 15. Juli 1797 wurde in einer feierlichen Prozession die durch den Bischof angef\u00fchrt wurde, und an der Kapitel, Klerus, F\u00fcrst, Adel und B\u00fcrger teilnahmen, die venezianischen Flagge vom \u0160tandarc entfernt und in die Kathedrale St. Stefan auf dem Hauptaltar getragen. Dort segnete der Bischof das neue Banner &#8222;Seiner kaiserlichen Majest\u00e4t&#8220;, dh. die \u00f6sterreichische Flagge.<\/p><\/div><\/div><div class='clear_column'><\/div><div class='content-column one_half'><div style=\"padding-right:6px;\"><p>Zbog gnjilo\u0107e je drveni jarbol \u0160tandarca bio uklonjen po\u010d. 1839., a obnovljen tek 1856.? Nov jarbol postavi 1883. g., navodno je bio na\u010dinjen od jarbola britanskoga brika \u201ePaulina&#8220;, potopljenog oko te godine kod Pelegrina. Ovaj je jarbol obnovljen tek 1950. godine.<\/p><\/div><\/div><div class='content-column one_half last_column'><div style=\"padding-right:0px;padding-left:6px;\"><p>Der morsche Holzmast wurde im Jahr 1839 entfernt und erst 1856 erneuert?: Ein neuer Mast wurde 1883 errichtet, der angeblich von der britischen Brik \u201ePaulina&#8220; stammte, die in diesem Jahr bei Pelegrina sank. Dieser Mast wurde erst 1950 erneuert.<\/p><\/div><\/div><div class='clear_column'><\/div><\/p>\n<p style=\"text-align: center;\"><em>(Hvar i Venezija, kulturne i povijesne poveznice)<\/em><\/p>\n<div class='content-column one_half'><div style=\"padding-right:6px;\"><p>Jarbol je obnovljen 2018. godine. Stup visine 10,30 metara i te\u017eine oko 500 kg izra\u0111en je od lameliranog ari\u0161a prve klase, laganog elasti\u010dnog materijala koji se koristi pri izradi drvenih jarbola na brodovima.<\/p><\/div><\/div><div class='content-column one_half last_column'><div style=\"padding-right:0px;padding-left:6px;\"><p>Der Mast wurde im Jahr 2018 wider erneuert. Die 10,30 Meter hohe und etwa 500 kg schwere Stange besteht aus erstklassiger laminierter L\u00e4rche, einem leichten elastischen Material, das bei der Herstellung von Holzmasten auf Schiffen verwendet wird.<\/p><\/div><\/div><div class='clear_column'><\/div><\/p>\n<p style=\"text-align: right;\"><span style=\"color: #3366ff;\"><a style=\"color: #3366ff;\" href=\"#seite_oben\">natrag na vrh \/ Seitenanfang<\/a><\/span><\/p>\n<hr \/>\n<p><strong>Linkovi \/ Links<\/strong><\/p>\n<p><span style=\"color: #3366ff;\"><a style=\"color: #3366ff;\" href=\"https:\/\/www.topohvar.at\/topo\/orte\/hv\/hv-pu-01-1\/\">Objekt \u00bbTrg sv. Stjepan (Pjaca)\u00ab \/ Platz zum hl. Stephan (Piazza)<\/a><br \/>\n<a style=\"color: #3366ff;\" href=\"https:\/\/www.topohvar.at\/topo\/orte\/hv\/hv-tg-01-1\/\">Zgrada \u00bbGradska lo\u017ea\u00ab \/ Stadtloggia<\/a><\/span><\/p>\n","protected":false},"excerpt":{"rendered":"<p>Ime \/ Name Objekt \u00bbStupac \u0160tandarac\u00ab \/ S\u00e4ule\u00a0\u0160tandarac Code: HV-OB-03\u00a0 \u00a0 \u00a0 \u00a0 \u00a0 \u00a0 \u00a0 \u00a0 \u00a0 \u00a0 \u00a0 \u00a0 \u00a0 \u00a0 \u00a0 \u00a0 \u00a0 \u00a0\u00a0\u00a0 Adresa \/ Adresse Grad Hvar,\u00a0Trg sv. Stjepana, ispred Lo\u0111e Lokacija \/ Position Latitude: &hellip; <a href=\"https:\/\/www.topohvar.at\/topo\/orte\/hv\/hv-ob-03-1\/\">Weiterlesen <span class=\"meta-nav\">&rarr;<\/span><\/a><\/p>\n","protected":false},"author":1,"featured_media":0,"parent":80,"menu_order":0,"comment_status":"closed","ping_status":"closed","template":"","meta":{"footnotes":""},"class_list":["post-14920","page","type-page","status-publish","hentry"],"_links":{"self":[{"href":"https:\/\/www.topohvar.at\/topo\/wp-json\/wp\/v2\/pages\/14920","targetHints":{"allow":["GET"]}}],"collection":[{"href":"https:\/\/www.topohvar.at\/topo\/wp-json\/wp\/v2\/pages"}],"about":[{"href":"https:\/\/www.topohvar.at\/topo\/wp-json\/wp\/v2\/types\/page"}],"author":[{"embeddable":true,"href":"https:\/\/www.topohvar.at\/topo\/wp-json\/wp\/v2\/users\/1"}],"replies":[{"embeddable":true,"href":"https:\/\/www.topohvar.at\/topo\/wp-json\/wp\/v2\/comments?post=14920"}],"version-history":[{"count":21,"href":"https:\/\/www.topohvar.at\/topo\/wp-json\/wp\/v2\/pages\/14920\/revisions"}],"predecessor-version":[{"id":71491,"href":"https:\/\/www.topohvar.at\/topo\/wp-json\/wp\/v2\/pages\/14920\/revisions\/71491"}],"up":[{"embeddable":true,"href":"https:\/\/www.topohvar.at\/topo\/wp-json\/wp\/v2\/pages\/80"}],"wp:attachment":[{"href":"https:\/\/www.topohvar.at\/topo\/wp-json\/wp\/v2\/media?parent=14920"}],"curies":[{"name":"wp","href":"https:\/\/api.w.org\/{rel}","templated":true}]}}