{"id":15027,"date":"2019-01-02T18:32:48","date_gmt":"2019-01-02T17:32:48","guid":{"rendered":"https:\/\/www.topohvar.at\/?page_id=15027"},"modified":"2025-03-31T14:10:07","modified_gmt":"2025-03-31T12:10:07","slug":"hv-og-02-1","status":"publish","type":"page","link":"https:\/\/www.topohvar.at\/topo\/orte\/hv\/hv-og-02-1\/","title":{"rendered":"HVAR &#8211; Objekt \u00bbNovo groblje Kruvenice\u00ab"},"content":{"rendered":"<p><a name=\"seite_oben\"><\/a><br \/>\n<img loading=\"lazy\" decoding=\"async\" class=\"alignnone wp-image-15025 size-large\" src=\"https:\/\/www.topohvar.at\/wp-content\/uploads\/2019\/01\/hv-og-02-1-1024x503.jpg\" alt=\"\" width=\"640\" height=\"314\" srcset=\"https:\/\/www.topohvar.at\/wp-content\/uploads\/2019\/01\/hv-og-02-1-1024x503.jpg 1024w, https:\/\/www.topohvar.at\/wp-content\/uploads\/2019\/01\/hv-og-02-1-300x147.jpg 300w, https:\/\/www.topohvar.at\/wp-content\/uploads\/2019\/01\/hv-og-02-1-768x377.jpg 768w, https:\/\/www.topohvar.at\/wp-content\/uploads\/2019\/01\/hv-og-02-1.jpg 1080w\" sizes=\"auto, (max-width: 640px) 100vw, 640px\" \/><\/p>\n<p><strong>Ime \/ Name<br \/>\n<\/strong>Objekt \u00bbNovo groblje Kruvenice\u00ab \/ Neuer Fiedhof Krunevice<\/p>\n<p><strong>Code: <\/strong>HV-OG-02\u00a0 \u00a0 \u00a0 \u00a0 \u00a0 \u00a0 \u00a0 \u00a0 \u00a0 \u00a0 \u00a0 \u00a0 \u00a0 \u00a0 \u00a0 \u00a0 \u00a0 \u00a0\u00a0<a href=\"https:\/\/www.topohvar.at\/hv-ov-02-1\/\"><img loading=\"lazy\" decoding=\"async\" class=\"alignnone wp-image-12300 size-full\" src=\"https:\/\/www.topohvar.at\/wp-content\/uploads\/2018\/09\/push-vor-30.jpg\" alt=\"\" width=\"61\" height=\"30\" \/><\/a>\u00a0<strong><a href=\"https:\/\/www.topohvar.at\/orte\/hv\/hv-og-01-1\/\"><img loading=\"lazy\" decoding=\"async\" class=\"alignnone wp-image-533 size-full\" src=\"https:\/\/www.topohvar.at\/wp-content\/uploads\/2018\/07\/push-l-30.jpg\" alt=\"\" width=\"61\" height=\"30\" \/><\/a> <a href=\"https:\/\/www.topohvar.at\/orte\/hv\/\"><img loading=\"lazy\" decoding=\"async\" class=\"alignnone wp-image-535 size-full\" src=\"https:\/\/www.topohvar.at\/wp-content\/uploads\/2018\/07\/push-o-30.jpg\" alt=\"\" width=\"61\" height=\"30\" \/><\/a> <a href=\"https:\/\/www.topohvar.at\/orte\/hv\/hv-og-01-1\/\"><img loading=\"lazy\" decoding=\"async\" class=\"alignnone wp-image-536 size-full\" src=\"https:\/\/www.topohvar.at\/wp-content\/uploads\/2018\/07\/push-r-30.jpg\" alt=\"\" width=\"61\" height=\"30\" \/><\/a>\u00a0<a href=\"https:\/\/www.topohvar.at\/hv-ob-01-1\/\"><img loading=\"lazy\" decoding=\"async\" class=\"alignnone wp-image-12299 size-full\" src=\"https:\/\/www.topohvar.at\/wp-content\/uploads\/2018\/09\/push-next-30.jpg\" alt=\"\" width=\"61\" height=\"30\" \/><\/a><\/strong><\/p>\n<hr \/>\n<p><strong>Adresa \/ Adresse<br \/>\n<\/strong>Grad Hvar,\u00a0Ulica Biskupa Jurja Dubokovi\u0107a<\/p>\n<p><strong>Lokacija<\/strong><strong> \/ Position<a href=\"https:\/\/goo.gl\/maps\/4JsDseuBK4nKGXjE6\"><img loading=\"lazy\" decoding=\"async\" class=\"alignright wp-image-17373\" src=\"https:\/\/www.topohvar.at\/wp-content\/uploads\/2019\/01\/1687.jpg\" alt=\"\" width=\"134\" height=\"100\" \/><\/a><br \/>\n<\/strong><span style=\"color: #3366ff;\"><a style=\"color: #3366ff;\" href=\"https:\/\/goo.gl\/maps\/4JsDseuBK4nKGXjE6\">Latitude: N 43,17591\u00b0\u00a0 \u00a0Longitude: E 16,43777\u00b0<\/a> <\/span><strong><br \/>\n<\/strong>Visina \/ H\u00f6he: 95 m<\/p>\n<p><strong>Katastarska <\/strong><strong>\u010d<\/strong><strong>estica <\/strong><strong>\/ Grundst\u00fccke<br \/>\n<\/strong>*5, 9\/2, 9\/14, 9\/91, 115\/1, 115\/2<div class='content-column one_half'><div style=\"padding-right:6px;\"><p><strong>Datum snimanja \/ Erfassungsdatum<br \/>\n<\/strong>01.01.2000 00:00:00<\/p>\n<hr \/>\n<p><strong>Informacije<\/strong><\/p>\n<p>U prostornom planu grada Hvara od 2017. do 2022. godine planira se izgradnja novog groblja. Groblje se planira na podru\u010dju Kruvenice na Ulici Biskupa Jurja Dubokovi\u0107a, pri \u010demu \u0107e se u kompleks groblje stara crkva &#8222;Kruvenice&#8220;.<\/p><\/div><\/div><div class='content-column one_half last_column'><div style=\"padding-right:0px;padding-left:6px;\"><p><strong>Stupanj za\u0161tite<\/strong><strong> \/ Schutzstellung<br \/>\n<\/strong>&#8211;<\/p>\n<hr \/>\n<p><strong>Info<\/strong><\/p>\n<p>Im Raumordnungsplan 2017-2022 der Stadt Hvar ist der Bau eines neuen Friedhofs vorgesehen. Der Friedhof soll im Bereich Kruvenica an der Ulica Biskupa Jurja Dubokovi\u0107a errichtet werden, wobei die alte Kirche \u201eKruvenice\u201c in die Anlage einbezogen werden soll.<\/p><\/div><\/div><div class='clear_column'><\/div><\/p>\n<hr \/>\n<div class='content-column one_half'><div style=\"padding-right:6px;\"><p>Zemljani radovi na izgradnji novog groblja na podru\u010dju Kruvenice po\u010deli su u travnju 2021. godine. Nakon pravomo\u0107nosti gra\u0111evinske dozvole u o\u017eujku i zavr\u0161etka postupka javne nabave u travnju, danas su kona\u010dno krenuli prvi zemljani radovi na izgradnji novog groblja. U prvoj fazi bit \u0107e izgra\u0111eno 258 grobnica, memorijalni trg s mrtva\u010dnicom i grobni zid. Uz vanjsku stranu grobnog zida bit \u0107e ure\u0111ena prometnica parkirali\u0161te, pje\u0161a\u010dki prilaz i hortikulturno rje\u0161enje oko crkvice Kruvenica. Javni poziv za rezervaciju kupovine grobnih mjesta bit \u0107e raspisan tijekom ljeta 2021. godine.<\/p><\/div><\/div><div class='content-column one_half last_column'><div style=\"padding-right:0px;padding-left:6px;\"><p>Die Erdarbeiten f\u00fcr den Bau eines neuen Friedhofs in der Gegend von Kruvenica haben im April 2021 begonnen. Nach erfolgter Baugenehmigung im M\u00e4rz und dem Abschluss des \u00f6ffentlichen Vergabeverfahrens im April haben nunmehr die ersten Erdarbeiten f\u00fcr den Bau eines neuen Friedhofs begonnen. In der ersten Phase werden 258 Gr\u00e4ber, ein Gedenkplatz mit Leichenhalle und eine Grabmauer errichtet. Entlang der Au\u00dfenseite der Grabmauer wird es einen Parkplatz, einen Fu\u00dfg\u00e4ngerzugang und eine g\u00e4rtnerische L\u00f6sung rund um die Kirche von Kruvenica geben. Eine \u00f6ffentliche Ausschreibung f\u00fcr den Ankauf von Grabst\u00e4tten wird im Sommer 2021 bekannt gegeben.<\/p><\/div><\/div><div class='clear_column'><\/div><\/p>\n<p><img loading=\"lazy\" decoding=\"async\" class=\"alignleft size-full wp-image-56588\" src=\"https:\/\/www.topohvar.at\/wp-content\/uploads\/2022\/01\/hv-og-02-10.jpg\" alt=\"\" width=\"640\" height=\"314\" srcset=\"https:\/\/www.topohvar.at\/wp-content\/uploads\/2022\/01\/hv-og-02-10.jpg 640w, https:\/\/www.topohvar.at\/wp-content\/uploads\/2022\/01\/hv-og-02-10-300x147.jpg 300w\" sizes=\"auto, (max-width: 640px) 100vw, 640px\" \/><\/p>\n<hr \/>\n<div class='content-column one_half'><div style=\"padding-right:6px;\"><p><strong>Svibanj 2024.<\/strong>: U projektu izgradnje groblja na predjelu Kruvenica druga velika faza je u zavr\u0161etku. Gotovo je betoniranje grobnica zapo\u010deto krajem pro\u0161le godine i izgra\u0111en je ju\u017eni zid, a kre\u0107e izgradnja mrtva\u010dnice, ogradnog sjevernog zida i ulaza u kompleks groblja te niveliranje platoa i pristupnih staza.<\/p><\/div><\/div><div class='content-column one_half last_column'><div style=\"padding-right:0px;padding-left:6px;\"><p><strong>Mai 2024:<\/strong> Im Rahmen des Projekts zur Errichtung des Friedhofs im Bereich Kruvenica befindet sich die zweite gro\u00dfe Bauphase in der Endphase. Die Betonierung der Gr\u00e4ber, die Ende letzten Jahres begonnen wurde, ist abgeschlossen, und die s\u00fcdliche Mauer wurde gebaut. Nun beginnt der Bau einer Leichenhalle, der n\u00f6rdlichen Umfassungsmauer, des Eingangs zum Friedhofskomplex sowie die Nivellierung der Fl\u00e4che und der Zugangswege.<\/p><\/div><\/div><div class='clear_column'><\/div><div class='content-column one_half'><div style=\"padding-right:6px;\"><p>S obzirom da se radi o projektu od interesa Republike Hrvatske, aktivnosti se nastavljaju i tijekom sezone, a uz navedeno planirani su i kamenarski radovi na grobnicama.<\/p><\/div><\/div><div class='content-column one_half last_column'><div style=\"padding-right:0px;padding-left:6px;\"><p>Da es sich um ein Projekt von nationalem Interesse der Republik Kroatien handelt, werden die Aktivit\u00e4ten auch w\u00e4hrend der Saison fortgesetzt. Zudem sind Steinmetzarbeiten an den Gr\u00e4bern geplant.<\/p><\/div><\/div><div class='clear_column'><\/div><div class='content-column one_half'><div style=\"padding-right:6px;\"><p>Izvor: Publikacije Grada Hvara \u2013 \u201eNovosti 02.05.2024\u201c<\/p><\/div><\/div><div class='content-column one_half last_column'><div style=\"padding-right:0px;padding-left:6px;\"><p>Quelle: Ver\u00f6ffentlichungen der Stadt Hvar \u2013 \u201eNovosti 02.05.2024\u201c<\/p><\/div><\/div><div class='clear_column'><\/div><\/p>\n<p><img loading=\"lazy\" decoding=\"async\" class=\"aligncenter size-full wp-image-71264\" src=\"https:\/\/www.topohvar.at\/wp-content\/uploads\/2025\/03\/hv-og-02-10.jpeg\" alt=\"\" width=\"1080\" height=\"530\" srcset=\"https:\/\/www.topohvar.at\/wp-content\/uploads\/2025\/03\/hv-og-02-10.jpeg 1080w, https:\/\/www.topohvar.at\/wp-content\/uploads\/2025\/03\/hv-og-02-10-300x147.jpeg 300w, https:\/\/www.topohvar.at\/wp-content\/uploads\/2025\/03\/hv-og-02-10-1024x503.jpeg 1024w, https:\/\/www.topohvar.at\/wp-content\/uploads\/2025\/03\/hv-og-02-10-768x377.jpeg 768w\" sizes=\"auto, (max-width: 1080px) 100vw, 1080px\" \/><\/p>\n<p style=\"text-align: right;\"><span style=\"color: #3366ff;\"><a style=\"color: #3366ff;\" href=\"#seite_oben\">natrag na vrh \/ Seitenanfang<\/a><\/span><\/p>\n<hr \/>\n<p><strong>Linkovi \/ Links<\/strong><\/p>\n<p><span style=\"color: #3366ff;\"><a style=\"color: #3366ff;\" href=\"https:\/\/www.topohvar.at\/topo\/orte\/hv\/hv-ck-04-1\/\">Crkvica \u00bbGospa Kruvenica\u00ab \/\u00a0Kirche Unserer Lieben Frau von Kruvenica<\/a><\/span><\/p>\n","protected":false},"excerpt":{"rendered":"<p>Ime \/ Name Objekt \u00bbNovo groblje Kruvenice\u00ab \/ Neuer Fiedhof Krunevice Code: HV-OG-02\u00a0 \u00a0 \u00a0 \u00a0 \u00a0 \u00a0 \u00a0 \u00a0 \u00a0 \u00a0 \u00a0 \u00a0 \u00a0 \u00a0 \u00a0 \u00a0 \u00a0 \u00a0\u00a0\u00a0 \u00a0 Adresa \/ Adresse Grad Hvar,\u00a0Ulica Biskupa Jurja Dubokovi\u0107a Lokacija &hellip; <a href=\"https:\/\/www.topohvar.at\/topo\/orte\/hv\/hv-og-02-1\/\">Weiterlesen <span class=\"meta-nav\">&rarr;<\/span><\/a><\/p>\n","protected":false},"author":1,"featured_media":0,"parent":80,"menu_order":0,"comment_status":"closed","ping_status":"closed","template":"","meta":{"footnotes":""},"class_list":["post-15027","page","type-page","status-publish","hentry"],"_links":{"self":[{"href":"https:\/\/www.topohvar.at\/topo\/wp-json\/wp\/v2\/pages\/15027","targetHints":{"allow":["GET"]}}],"collection":[{"href":"https:\/\/www.topohvar.at\/topo\/wp-json\/wp\/v2\/pages"}],"about":[{"href":"https:\/\/www.topohvar.at\/topo\/wp-json\/wp\/v2\/types\/page"}],"author":[{"embeddable":true,"href":"https:\/\/www.topohvar.at\/topo\/wp-json\/wp\/v2\/users\/1"}],"replies":[{"embeddable":true,"href":"https:\/\/www.topohvar.at\/topo\/wp-json\/wp\/v2\/comments?post=15027"}],"version-history":[{"count":17,"href":"https:\/\/www.topohvar.at\/topo\/wp-json\/wp\/v2\/pages\/15027\/revisions"}],"predecessor-version":[{"id":71270,"href":"https:\/\/www.topohvar.at\/topo\/wp-json\/wp\/v2\/pages\/15027\/revisions\/71270"}],"up":[{"embeddable":true,"href":"https:\/\/www.topohvar.at\/topo\/wp-json\/wp\/v2\/pages\/80"}],"wp:attachment":[{"href":"https:\/\/www.topohvar.at\/topo\/wp-json\/wp\/v2\/media?parent=15027"}],"curies":[{"name":"wp","href":"https:\/\/api.w.org\/{rel}","templated":true}]}}