{"id":15052,"date":"2019-01-02T19:27:11","date_gmt":"2019-01-02T18:27:11","guid":{"rendered":"https:\/\/www.topohvar.at\/?page_id=15052"},"modified":"2021-11-26T19:23:46","modified_gmt":"2021-11-26T18:23:46","slug":"hv-td-04-1","status":"publish","type":"page","link":"https:\/\/www.topohvar.at\/topo\/orte\/hv\/hv-td-04-1\/","title":{"rendered":"HVAR &#8211; Gradska vrata \u00bbGornja vrata ili Vrata od Goljava\u00ab"},"content":{"rendered":"<p><a name=\"seite_oben\"><\/a><br \/>\n<img loading=\"lazy\" decoding=\"async\" class=\"alignnone wp-image-15036 size-large\" src=\"https:\/\/www.topohvar.at\/wp-content\/uploads\/2019\/01\/hv-td-04-1-1024x503.jpg\" alt=\"\" width=\"640\" height=\"314\" srcset=\"https:\/\/www.topohvar.at\/wp-content\/uploads\/2019\/01\/hv-td-04-1-1024x503.jpg 1024w, https:\/\/www.topohvar.at\/wp-content\/uploads\/2019\/01\/hv-td-04-1-300x147.jpg 300w, https:\/\/www.topohvar.at\/wp-content\/uploads\/2019\/01\/hv-td-04-1-768x377.jpg 768w, https:\/\/www.topohvar.at\/wp-content\/uploads\/2019\/01\/hv-td-04-1.jpg 1080w\" sizes=\"auto, (max-width: 640px) 100vw, 640px\" \/><\/p>\n<p><strong>Ime \/ Name<br \/>\n<\/strong>Gradska vrata \u00bbGornja vrata ili Vrata od Goljava\u00ab \/ Stadttor &#8211; Oberes Tor oder Tor nach Gojava<\/p>\n<p><strong>Code: <\/strong>HV-TD-04\u00a0 \u00a0 \u00a0 \u00a0 \u00a0 \u00a0 \u00a0 \u00a0 \u00a0 \u00a0 \u00a0 \u00a0 \u00a0 \u00a0 \u00a0 \u00a0 \u00a0 \u00a0 \u00a0<strong><a href=\"https:\/\/www.topohvar.at\/orte\/hv\/hv-td-03-1\/\"><img loading=\"lazy\" decoding=\"async\" class=\"alignnone wp-image-533 size-full\" src=\"https:\/\/www.topohvar.at\/wp-content\/uploads\/2018\/07\/push-l-30.jpg\" alt=\"\" width=\"61\" height=\"30\" \/><\/a> <a href=\"https:\/\/www.topohvar.at\/orte\/hv\/\"><img loading=\"lazy\" decoding=\"async\" class=\"alignnone wp-image-535 size-full\" src=\"https:\/\/www.topohvar.at\/wp-content\/uploads\/2018\/07\/push-o-30.jpg\" alt=\"\" width=\"61\" height=\"30\" \/><\/a>\u00a0<a href=\"https:\/\/www.topohvar.at\/orte\/hv\/hv-td-05-1\/\"><img loading=\"lazy\" decoding=\"async\" class=\"alignnone wp-image-536 size-full\" src=\"https:\/\/www.topohvar.at\/wp-content\/uploads\/2018\/07\/push-r-30.jpg\" alt=\"\" width=\"61\" height=\"30\" \/><\/a><\/strong><\/p>\n<hr \/>\n<p><strong>Adresa \/ Adresse<br \/>\n<\/strong>Grad Hvar,\u00a0Ulica Matija Ivani\u0107a<\/p>\n<p><strong>Lokacija<\/strong><strong> \/ Position<a href=\"https:\/\/goo.gl\/maps\/PdfybodyrQNp5BCW9\"><img loading=\"lazy\" decoding=\"async\" class=\"alignright wp-image-15853\" src=\"https:\/\/www.topohvar.at\/wp-content\/uploads\/2019\/01\/0303.jpg\" alt=\"\" width=\"134\" height=\"100\" \/><\/a><br \/>\n<\/strong><span style=\"color: #3366ff;\"><a style=\"color: #3366ff;\" href=\"https:\/\/goo.gl\/maps\/PdfybodyrQNp5BCW9\">Latitude: N 43,17328\u00b0\u00a0 \u00a0Longitude: E 16,44160\u00b0<\/a> <\/span><strong><br \/>\n<\/strong>Visina \/ H\u00f6he: 22 m<\/p>\n<p><strong>Katastarska <\/strong><strong>\u010d<\/strong><strong>estica <\/strong><strong>\/ Grundst\u00fccke<br \/>\n<\/strong>*63<div class='content-column one_half'><div style=\"padding-right:6px;\"><p><strong>Datum snimanja \/ Erfassungsdatum<br \/>\n<\/strong>13.02.2015 12:09:21<\/p>\n<hr \/>\n<p><strong>Informacije<\/strong><\/p>\n<p>Zapadnim gradskim vratima se tako\u0111er ne zna naziv, a nespominje se ni u dokumentima. Vrata su tipi\u010dna romani\u010dka iz 13.-14. stolje\u0107a. Vrata nazivaju se Gornja vrata ili Vrata od Goljave (tj. Gojave) te vode u istoimeno predgra\u0111e starog grada. Kula i vrata u njoj sagra\u0111eni su u 15. st., a propugnakul nad njima sagra\u0111en je 1625. godine o \u010demu nam svjedo\u010di natpis o gradnji koji se \u010duva u Muzeju Hvarske Ba\u0161tine.<\/p><\/div><\/div><div class='content-column one_half last_column'><div style=\"padding-right:0px;padding-left:6px;\"><p><strong>Stupanj za\u0161tite <\/strong><strong>\/ Schutzstellung<br \/>\n<\/strong>&#8211;<\/p>\n<hr \/>\n<p><strong>Info<\/strong><\/p>\n<p>Das westliche Stadttor hat keinen eigenen Namen und wird in den \u00e4ltesten Dokumenten nicht einmal erw\u00e4hnt. Die Tore sind typisch romanisch aus dem 13.-14. Jahrhundert. Es wird \u201eOberes Tor\u201c oder \u201eTor nach Golja\u201c (dh. Gojava) genannt und f\u00fchrt in den Vorort der Altstadt gleichen Namens. Der Turm mit seinem Tor wurde im 15. Jahrhundert gebaut. Der Zinnenkranz \u00fcber ihm wurde im Jahr 1625 gebaut, wie eine Geb\u00e4udeinschrift, die heute im Hvarer Heimatmuseum aufbewahrt wird bezeugt.<\/p><\/div><\/div><div class='clear_column'><\/div><\/p>\n<p style=\"text-align: right;\"><span style=\"color: #3366ff;\"><a style=\"color: #3366ff;\" href=\"#seite_oben\">natrag na vrh \/ Seitenanfang<\/a><\/span><\/p>\n<p><img loading=\"lazy\" decoding=\"async\" class=\"aligncenter size-medium wp-image-34209\" src=\"https:\/\/www.topohvar.at\/wp-content\/uploads\/2020\/03\/HV-TD-04-03-300x280.jpg\" alt=\"\" width=\"300\" height=\"280\" srcset=\"https:\/\/www.topohvar.at\/wp-content\/uploads\/2020\/03\/HV-TD-04-03-300x280.jpg 300w, https:\/\/www.topohvar.at\/wp-content\/uploads\/2020\/03\/HV-TD-04-03.jpg 600w\" sizes=\"auto, (max-width: 300px) 100vw, 300px\" \/><\/p>\n<hr \/>\n<p><strong>Linkovi \/ Links<\/strong><\/p>\n<p><span style=\"color: #3366ff;\"><a style=\"color: #3366ff;\" href=\"https:\/\/www.topohvar.at\/orte\/hv\/hv-td-01-1\/\">Utvr\u0111enje \u00bbGradske zidine\u00bb \/ Stadtmauer<\/a><br \/>\n<a style=\"color: #3366ff;\" href=\"https:\/\/www.topohvar.at\/orte\/hv\/hv-td-02-1\/\">Gradska vrata \u00bbPorta Badoer\u00ab \/ Stadttor &#8211; Badoer<\/a><br \/>\n<a style=\"color: #3366ff;\" href=\"https:\/\/www.topohvar.at\/orte\/hv\/hv-td-03-1\/\">Gradska vrata \u00bbPorta Maestra\u00ab \/ Stadttor &#8211; Haupttor<\/a><br \/>\n<a style=\"color: #3366ff;\" href=\"https:\/\/www.topohvar.at\/orte\/hv\/hv-td-05-1\/\">Gradska vrata \u00bbSv. Marije ili Biskupije\u00ab \/ Stadttor zur hl. Maria oder Bischofstor<\/a><br \/>\n<a style=\"color: #3366ff;\" href=\"https:\/\/www.topohvar.at\/orte\/hv\/hv-td-06-1\/\">Gradska vrata \u00bbZapadni vrata na prilazu\u00ab \/ westlicher Stra\u00dfendurchbruch<\/a><br \/>\n<a style=\"color: #3366ff;\" href=\"https:\/\/www.topohvar.at\/orte\/hv\/hv-td-07-1\/\">Gradska vrata \u00bbIsto\u010dna vrata na prilazu\u00ab \/ \u00f6stlicher Stra\u00dfendurchbruch<\/a><br \/>\n<a style=\"color: #3366ff;\" href=\"https:\/\/www.topohvar.at\/orte\/hv\/hv-td-08-1\/\">Gradska vrata \u00bbNa putu od Spanjole\u00ab \/ Durchgang am Weg zur Festung Spanjola<\/a><br \/>\n<a style=\"color: #3366ff;\" href=\"https:\/\/www.topohvar.at\/orte\/hv\/hv-cs-05-1\/\">Kapelica \u00bbSv. Josipe\u00ab \/ Bidstock des hl. Josef<\/a><\/span><br \/>\n<span style=\"color: #3366ff;\"><a style=\"color: #3366ff;\" href=\"https:\/\/www.topohvar.at\/orte\/hv\/hv-ig-12-1\/\">Grb \u00bbVani na tornju Gornja Vrata\u00ab \/ Wappen au\u00dfen am Stadttor Gornja Vrata<\/a><\/span><br \/>\n<span style=\"color: #3366ff;\"><a style=\"color: #3366ff;\" href=\"https:\/\/www.topohvar.at\/orte\/hv\/hv-ig-13-1\/\">Grb \u00bbIznutra na tornju Gornja vrata\u00ab \/ Wappen innen am Stadttor Gornja Vrata<\/a><\/span><\/p>\n","protected":false},"excerpt":{"rendered":"<p>Ime \/ Name Gradska vrata \u00bbGornja vrata ili Vrata od Goljava\u00ab \/ Stadttor &#8211; Oberes Tor oder Tor nach Gojava Code: HV-TD-04\u00a0 \u00a0 \u00a0 \u00a0 \u00a0 \u00a0 \u00a0 \u00a0 \u00a0 \u00a0 \u00a0 \u00a0 \u00a0 \u00a0 \u00a0 \u00a0 \u00a0 \u00a0 \u00a0 &hellip; <a href=\"https:\/\/www.topohvar.at\/topo\/orte\/hv\/hv-td-04-1\/\">Weiterlesen <span class=\"meta-nav\">&rarr;<\/span><\/a><\/p>\n","protected":false},"author":1,"featured_media":0,"parent":80,"menu_order":0,"comment_status":"closed","ping_status":"closed","template":"","meta":{"footnotes":""},"class_list":["post-15052","page","type-page","status-publish","hentry"],"_links":{"self":[{"href":"https:\/\/www.topohvar.at\/topo\/wp-json\/wp\/v2\/pages\/15052","targetHints":{"allow":["GET"]}}],"collection":[{"href":"https:\/\/www.topohvar.at\/topo\/wp-json\/wp\/v2\/pages"}],"about":[{"href":"https:\/\/www.topohvar.at\/topo\/wp-json\/wp\/v2\/types\/page"}],"author":[{"embeddable":true,"href":"https:\/\/www.topohvar.at\/topo\/wp-json\/wp\/v2\/users\/1"}],"replies":[{"embeddable":true,"href":"https:\/\/www.topohvar.at\/topo\/wp-json\/wp\/v2\/comments?post=15052"}],"version-history":[{"count":14,"href":"https:\/\/www.topohvar.at\/topo\/wp-json\/wp\/v2\/pages\/15052\/revisions"}],"predecessor-version":[{"id":53690,"href":"https:\/\/www.topohvar.at\/topo\/wp-json\/wp\/v2\/pages\/15052\/revisions\/53690"}],"up":[{"embeddable":true,"href":"https:\/\/www.topohvar.at\/topo\/wp-json\/wp\/v2\/pages\/80"}],"wp:attachment":[{"href":"https:\/\/www.topohvar.at\/topo\/wp-json\/wp\/v2\/media?parent=15052"}],"curies":[{"name":"wp","href":"https:\/\/api.w.org\/{rel}","templated":true}]}}