{"id":15071,"date":"2019-01-02T19:40:34","date_gmt":"2019-01-02T18:40:34","guid":{"rendered":"https:\/\/www.topohvar.at\/?page_id=15071"},"modified":"2022-11-16T09:54:10","modified_gmt":"2022-11-16T08:54:10","slug":"hv-td-15-1","status":"publish","type":"page","link":"https:\/\/www.topohvar.at\/topo\/orte\/hv\/hv-td-15-1\/","title":{"rendered":"HVAR &#8211; Biv\u0161a tvr\u0111ava \u00bbRotonda, Gospine bitnice\u00ab"},"content":{"rendered":"<p><a name=\"seite_oben\"><\/a><br \/>\n<img loading=\"lazy\" decoding=\"async\" class=\"alignnone wp-image-15045 size-large\" src=\"https:\/\/www.topohvar.at\/wp-content\/uploads\/2019\/01\/hv-td-15-1-1024x503.jpg\" alt=\"\" width=\"640\" height=\"314\" srcset=\"https:\/\/www.topohvar.at\/wp-content\/uploads\/2019\/01\/hv-td-15-1-1024x503.jpg 1024w, https:\/\/www.topohvar.at\/wp-content\/uploads\/2019\/01\/hv-td-15-1-300x147.jpg 300w, https:\/\/www.topohvar.at\/wp-content\/uploads\/2019\/01\/hv-td-15-1-768x377.jpg 768w, https:\/\/www.topohvar.at\/wp-content\/uploads\/2019\/01\/hv-td-15-1.jpg 1080w\" sizes=\"auto, (max-width: 640px) 100vw, 640px\" \/><\/p>\n<p><strong>Ime \/ Name<br \/>\n<\/strong>Biv\u0161a tvr\u0111ava \u00bbRotonda, Gospine bitnice\u00ab \/ ehemalige Festung &#8211; Rotonda, Batterie der Madonna<\/p>\n<p><strong>Code: <\/strong>HV-TD-15\u00a0 \u00a0 \u00a0 \u00a0 \u00a0 \u00a0 \u00a0 \u00a0 \u00a0 \u00a0 \u00a0 \u00a0 \u00a0 \u00a0 \u00a0 \u00a0 \u00a0 \u00a0 \u00a0<strong><a href=\"https:\/\/www.topohvar.at\/orte\/hv\/hv-td-14-1\/\"><img loading=\"lazy\" decoding=\"async\" class=\"alignnone wp-image-533 size-full\" src=\"https:\/\/www.topohvar.at\/wp-content\/uploads\/2018\/07\/push-l-30.jpg\" alt=\"\" width=\"61\" height=\"30\" \/><\/a> <a href=\"https:\/\/www.topohvar.at\/orte\/hv\/\"><img loading=\"lazy\" decoding=\"async\" class=\"alignnone wp-image-535 size-full\" src=\"https:\/\/www.topohvar.at\/wp-content\/uploads\/2018\/07\/push-o-30.jpg\" alt=\"\" width=\"61\" height=\"30\" \/><\/a>\u00a0<a href=\"https:\/\/www.topohvar.at\/orte\/hv\/hv-td-16-1\/\"><img loading=\"lazy\" decoding=\"async\" class=\"alignnone wp-image-536 size-full\" src=\"https:\/\/www.topohvar.at\/wp-content\/uploads\/2018\/07\/push-r-30.jpg\" alt=\"\" width=\"61\" height=\"30\" \/><\/a><\/strong><\/p>\n<hr \/>\n<p><strong>Adresa \/ Adresse<br \/>\n<\/strong>Grad Hvar,\u00a0\u0160etali\u0161te Tonija Petri\u0107a, Rotonda<\/p>\n<p><strong>Lokacija<\/strong><strong> \/ Position<a href=\"https:\/\/goo.gl\/maps\/cvrc8DahWvrzUFoW7\"><img loading=\"lazy\" decoding=\"async\" class=\"alignright wp-image-17452\" src=\"https:\/\/www.topohvar.at\/wp-content\/uploads\/2019\/01\/1442.jpg\" alt=\"\" width=\"134\" height=\"100\" \/><\/a><br \/>\n<\/strong><span style=\"color: #3366ff;\"><a style=\"color: #3366ff;\" href=\"https:\/\/goo.gl\/maps\/cvrc8DahWvrzUFoW7\">Latitude: N 43,17065\u00b0\u00a0 \u00a0Longitude: E 16,43831\u00b0<\/a> <\/span><strong><br \/>\n<\/strong>Visina \/ H\u00f6he: 3 m<\/p>\n<p><strong>Katastarska <\/strong><strong>\u010d<\/strong><strong>estica <\/strong><strong>\/ Grundst\u00fccke<br \/>\n<\/strong>167<div class='content-column one_half'><div style=\"padding-right:6px;\"><p><strong>Datum snimanja \/ Erfassungsdatum<br \/>\n<\/strong>26.02.2017 16:53:00<\/p>\n<hr \/>\n<p><strong>Informacije<\/strong><\/p>\n<p>Rotonda je polukri\u017ena gra\u0111evina s klupama za sjedenje sagra\u0111ena 1847. godine. Po nalogo Op\u0107ine sagradio ju je lokalni zidar Antun Milo\u0161evi\u0107 na mjestu sru\u0161ene utvrde \u201eGospine bitnice\u201c (Batteria della Madonna) iz 1803. godine. Od druge polovice 19. Stolje\u0107a slu\u017eila je na nastupe gradske limene glazbe.<\/p><\/div><\/div><div class='content-column one_half last_column'><div style=\"padding-right:0px;padding-left:6px;\"><p><strong>Stupanj za\u0161tite <\/strong><strong>\/ Schutzstellung<br \/>\n<\/strong>&#8211;<\/p>\n<hr \/>\n<p><strong>Info<\/strong><\/p>\n<p>Die Rotonda ist ein halbkreisf\u00f6rmiges Bauwerk mit Sitzb\u00e4nken ausgestattet aus dem Jahr 1847. Es wurde von der Gemeinde an den lokalen Baumeister Antun Milosevic in Auftrag gegeben. Sie steht der Stelle der zerst\u00f6rten Festungsanlage &#8222;Batterie der Madonna&#8220; (Batteria della Madonna) aus dem Jahr 1803. Seit der zweiten H\u00e4lfte des 19. Jahrhunderts wird sie f\u00fcr Auftritte von Blaskapellen verwendet.<\/p><\/div><\/div><div class='clear_column'><\/div><div class='content-column one_half'><div style=\"padding-right:6px;\"><p>Godine 2020. pokrenut je projekt pretvaranja rotonde u novu kulturnu i turisti\u010dku atrakciju grada Hvara. Jedinstvena, inovativna i atraktivna prezentacija namijenjena je preno\u0161enju pomorske povijesti grada stanovni\u0161tvu i posjetiteljima.<\/p><\/div><\/div><div class='content-column one_half last_column'><div style=\"padding-right:0px;padding-left:6px;\"><p>Im Jahre 2020 wurde ein Projekt gestartet, die Rotonde in eine neue kulturelle und touristische Attraktion der Stadt Hvar umzugestalten. Durch eine einzigartige, innovative und attraktive Pr\u00e4sentation soll die maritime Geschichte der Stadt f\u00fcr die Bev\u00f6lkerung und Besucher vermittelt werden.<\/p><\/div><\/div><div class='clear_column'><\/div><\/p>\n<div id=\"attachment_61875\" style=\"width: 1090px\" class=\"wp-caption aligncenter\"><img loading=\"lazy\" decoding=\"async\" aria-describedby=\"caption-attachment-61875\" class=\"size-full wp-image-61875\" src=\"https:\/\/www.topohvar.at\/wp-content\/uploads\/2022\/11\/hv-td-15-11.jpg\" alt=\"\" width=\"1080\" height=\"530\" srcset=\"https:\/\/www.topohvar.at\/wp-content\/uploads\/2022\/11\/hv-td-15-11.jpg 1080w, https:\/\/www.topohvar.at\/wp-content\/uploads\/2022\/11\/hv-td-15-11-300x147.jpg 300w, https:\/\/www.topohvar.at\/wp-content\/uploads\/2022\/11\/hv-td-15-11-1024x503.jpg 1024w, https:\/\/www.topohvar.at\/wp-content\/uploads\/2022\/11\/hv-td-15-11-768x377.jpg 768w\" sizes=\"auto, (max-width: 1080px) 100vw, 1080px\" \/><p id=\"caption-attachment-61875\" class=\"wp-caption-text\">Rotonda 2022. godine \/ Rotonda im Jahr 2022<\/p><\/div>\n<p style=\"text-align: right;\"><span style=\"color: #3366ff;\"><a style=\"color: #3366ff;\" href=\"#seite_oben\">natrag na vrh \/ Seitenanfang<\/a><\/span><\/p>\n<hr \/>\n<p><strong>Linkovi \/ Links<\/strong><\/p>\n<p><span style=\"color: #3366ff;\"><a style=\"color: #3366ff;\" href=\"http:\/\/www.hvar.hr\/portal\/wp-content\/uploads\/IDEJNO_ROTONDA.pdf\">Idejni Projekt stalnog postava Rotonde &#8211; Hvar<\/a><\/span><\/p>\n","protected":false},"excerpt":{"rendered":"<p>Ime \/ Name Biv\u0161a tvr\u0111ava \u00bbRotonda, Gospine bitnice\u00ab \/ ehemalige Festung &#8211; Rotonda, Batterie der Madonna Code: HV-TD-15\u00a0 \u00a0 \u00a0 \u00a0 \u00a0 \u00a0 \u00a0 \u00a0 \u00a0 \u00a0 \u00a0 \u00a0 \u00a0 \u00a0 \u00a0 \u00a0 \u00a0 \u00a0 \u00a0 \u00a0 Adresa \/ Adresse &hellip; <a href=\"https:\/\/www.topohvar.at\/topo\/orte\/hv\/hv-td-15-1\/\">Weiterlesen <span class=\"meta-nav\">&rarr;<\/span><\/a><\/p>\n","protected":false},"author":1,"featured_media":0,"parent":80,"menu_order":0,"comment_status":"closed","ping_status":"closed","template":"","meta":{"footnotes":""},"class_list":["post-15071","page","type-page","status-publish","hentry"],"_links":{"self":[{"href":"https:\/\/www.topohvar.at\/topo\/wp-json\/wp\/v2\/pages\/15071","targetHints":{"allow":["GET"]}}],"collection":[{"href":"https:\/\/www.topohvar.at\/topo\/wp-json\/wp\/v2\/pages"}],"about":[{"href":"https:\/\/www.topohvar.at\/topo\/wp-json\/wp\/v2\/types\/page"}],"author":[{"embeddable":true,"href":"https:\/\/www.topohvar.at\/topo\/wp-json\/wp\/v2\/users\/1"}],"replies":[{"embeddable":true,"href":"https:\/\/www.topohvar.at\/topo\/wp-json\/wp\/v2\/comments?post=15071"}],"version-history":[{"count":11,"href":"https:\/\/www.topohvar.at\/topo\/wp-json\/wp\/v2\/pages\/15071\/revisions"}],"predecessor-version":[{"id":61876,"href":"https:\/\/www.topohvar.at\/topo\/wp-json\/wp\/v2\/pages\/15071\/revisions\/61876"}],"up":[{"embeddable":true,"href":"https:\/\/www.topohvar.at\/topo\/wp-json\/wp\/v2\/pages\/80"}],"wp:attachment":[{"href":"https:\/\/www.topohvar.at\/topo\/wp-json\/wp\/v2\/media?parent=15071"}],"curies":[{"name":"wp","href":"https:\/\/api.w.org\/{rel}","templated":true}]}}