{"id":15079,"date":"2019-01-04T08:07:46","date_gmt":"2019-01-04T07:07:46","guid":{"rendered":"https:\/\/www.topohvar.at\/?page_id=15079"},"modified":"2022-01-28T16:48:12","modified_gmt":"2022-01-28T15:48:12","slug":"hv-aa-01-1","status":"publish","type":"page","link":"https:\/\/www.topohvar.at\/topo\/orte\/hv\/hv-aa-01-1\/","title":{"rendered":"HVAR &#8211; Kulturnopovijesna cjelina \u00bbGrad Hvar\u00ab"},"content":{"rendered":"<p><a name=\"seite_oben\"><\/a><br \/>\n<img loading=\"lazy\" decoding=\"async\" class=\"alignnone wp-image-15080 size-large\" src=\"https:\/\/www.topohvar.at\/wp-content\/uploads\/2019\/01\/hv-aa-01-1-1024x503.jpg\" alt=\"\" width=\"640\" height=\"314\" srcset=\"https:\/\/www.topohvar.at\/wp-content\/uploads\/2019\/01\/hv-aa-01-1-1024x503.jpg 1024w, https:\/\/www.topohvar.at\/wp-content\/uploads\/2019\/01\/hv-aa-01-1-300x147.jpg 300w, https:\/\/www.topohvar.at\/wp-content\/uploads\/2019\/01\/hv-aa-01-1-768x377.jpg 768w, https:\/\/www.topohvar.at\/wp-content\/uploads\/2019\/01\/hv-aa-01-1.jpg 1080w\" sizes=\"auto, (max-width: 640px) 100vw, 640px\" \/><\/p>\n<p><strong>Ime \/ Name<br \/>\n<\/strong>Kulturnopovijesna cjelina \u00bbGrad Hvar\u00ab \/ Kulturhistorische Einheit Stadt Hvar<\/p>\n<p><strong>Code: <\/strong>HV-AA-01\u00a0 \u00a0 \u00a0 \u00a0 \u00a0 \u00a0 \u00a0 \u00a0 \u00a0 \u00a0 \u00a0 \u00a0 \u00a0 \u00a0 \u00a0 \u00a0 \u00a0 \u00a0 \u00a0 \u00a0 \u00a0 \u00a0 \u00a0 \u00a0<strong><a href=\"https:\/\/www.topohvar.at\/orte\/hv\/hv-am-00-1\/\"><img loading=\"lazy\" decoding=\"async\" class=\"alignnone wp-image-533 size-full\" src=\"https:\/\/www.topohvar.at\/wp-content\/uploads\/2018\/07\/push-l-30.jpg\" alt=\"\" width=\"61\" height=\"30\" \/><\/a> <a href=\"https:\/\/www.topohvar.at\/orte\/hv\/\"><img loading=\"lazy\" decoding=\"async\" class=\"alignnone wp-image-535 size-full\" src=\"https:\/\/www.topohvar.at\/wp-content\/uploads\/2018\/07\/push-o-30.jpg\" alt=\"\" width=\"61\" height=\"30\" \/><\/a> <a href=\"https:\/\/www.topohvar.at\/orte\/hv\/hv-aa-02-1\/\"><img loading=\"lazy\" decoding=\"async\" class=\"alignnone wp-image-536 size-full\" src=\"https:\/\/www.topohvar.at\/wp-content\/uploads\/2018\/07\/push-r-30.jpg\" alt=\"\" width=\"61\" height=\"30\" \/><\/a> <a href=\"https:\/\/www.topohvar.at\/orte\/hv\/hv-au-10-1\/\"><img loading=\"lazy\" decoding=\"async\" class=\"alignnone wp-image-12299 size-full\" src=\"https:\/\/www.topohvar.at\/wp-content\/uploads\/2018\/09\/push-next-30.jpg\" alt=\"\" width=\"61\" height=\"30\" \/><\/a><\/strong><\/p>\n<hr \/>\n<p><strong>Adresa \/ Adresse<br \/>\n<\/strong>Grad Hvar<\/p>\n<p><strong>Lokacija \/ Position<a href=\"https:\/\/goo.gl\/maps\/cFn4cXNMZDUFukby7\"><img loading=\"lazy\" decoding=\"async\" class=\"alignright wp-image-15569\" src=\"https:\/\/www.topohvar.at\/wp-content\/uploads\/2019\/01\/1274.jpg\" alt=\"\" width=\"132\" height=\"100\" \/><\/a><br \/>\n<\/strong><span style=\"color: #3366ff;\"><a style=\"color: #3366ff;\" href=\"https:\/\/goo.gl\/maps\/cFn4cXNMZDUFukby7\">Latitude: N 43,17000\u00b0\u00a0 \u00a0Longitude: E 16,44000\u00b0<\/a> <\/span><strong><br \/>\n<\/strong>Visina \/ H\u00f6he: &#8211; m<\/p>\n<p><strong>Katastarska \u010destica (za\u0161ti\u0107eno podru\u010dje) \/ Grundst\u00fccke (gesch\u00fctzter Bereich)<br \/>\n<\/strong><\/p>\n<p class=\"t-9\" style=\"margin: 0cm; margin-bottom: .0001pt; text-align: justify; vertical-align: baseline;\"><span style=\"font-size: 11.0pt; font-family: 'Arial Narrow',sans-serif; color: black;\">ZONA A:<\/span><\/p>\n<p class=\"t-9\" style=\"margin: 0cm; margin-bottom: .0001pt; text-align: justify; vertical-align: baseline;\"><span style=\"font-size: 11.0pt; font-family: 'Arial Narrow',sans-serif; color: black;\">k. \u010d. *9, *10, *14\/1, *14\/2, *14\/3, *15, *16\/1, *16\/2, *17\/1, *17\/2, *17\/3, *17\/4, *18, *19, *20, *21, *22, *23, *24, *25\/1, *25\/2, *25\/3, *26, *27, *28, *29\/1, *29\/2, *29\/3, *30, *31, *32, *33, *34, *35, *36, *37\/1, *37\/3, *38, *39, *40, *41\/1, *41\/2, *42\/1, *42\/2, *42\/3, *44, *48, *62\/1, *62\/2, *62\/3, *62\/4, *62\/5, *63, *64, *65, *66\/1, *66\/2, *66\/3, *67\/1, *67\/2, *68, *69\/1, *69\/2, *70, *71, *73, *74\/2, *75, *76, *77, *78, *79, *80, *81, *82, *83, *84, *85, *87, *88, *89, *90, *91, *92, *93, *94, *95, *96, *98, *99, *100, *101\/1, *101\/2, *102, *103, *104, *105, *106, *107, *108\/1, *108\/2, *109, *110, *111\/1, *111\/2, *111\/3, *112, *113, *114, *116, *117, *118\/1, *118\/2, *119, *120, *121, *123\/2, *123\/3, *124, *125, *126, *127, *128, *129, *130, *132, *133, *134\/1, *135, *136\/1, *136\/2, *137\/1, *137\/2, *137\/3, *138\/1, *138\/2, *139, *140\/1, *140\/2, *141\/1, *141\/2, *142, *143\/1, *143\/2, *144\/1, *144\/2, *144\/3, *145, *146, *147, *148, *150, *151\/1, *151\/2, *152\/1, *152\/2, *152\/3, *153\/1, *153\/2, *154\/2, *155, *157\/1, *157\/2, *158\/1, *158\/2, *159, *160\/1, *160\/2, *160\/3, *161\/1, *161\/2, *162\/1, *162\/2, *162\/3, *163\/1, *163\/2, *164\/1, *164\/2, *164\/3, *165, *166, *167, *168, 168\/7, *169, *170, *171, *173, 173, *174, *175, 176, *176\/1, *176\/2, *176\/3, *176\/4, *176\/5, *177, 177\/2, 177\/3, 177\/4, 177\/5, 177\/6, *178, 178\/1, 178\/2, 178\/3, 178\/4, *179\/1, *179\/2, *180, 180, *181, 181, *182, 182\/1, 182\/4, *183, *184, 184\/1, 184\/2, 184\/3, *185, *186, 186, *187, 187\/1, *188, 188\/2, 188\/3, 188\/4, 188\/5, 188\/6, 188\/7, *189, 189\/1, 189\/2, 189\/3, 189\/4, 189\/5, *190, *191, *192, *193, *194\/1, *194\/2, 195\/1, *197, *198, *199\/1, *199\/2, 190\/1, *195, 195\/2, 195\/3, *196, 196\/1, 196\/2, 196\/3, 197, 200\/1, 200\/4, *201, *202, *203, *204, *205, *206\/1, *206\/2, *208, *209, *210, *211, *212\/1, *212\/2, *212\/3, *213, *214, *215\/1, *215\/2, *216\/1, *216\/2, *217\/1, *217\/2, *218, *219, *220, *221, 221\/1, 221\/2, 221\/3, *222, 222, *223, 223\/1, 223\/2, *224, 224, *225\/1, *225\/2, *226, 226\/1, 226\/2, *227, 227, *228, 228, *229, 229, *230, 230\/1, 230\/2, *231, *232, 232\/2, 232\/3, 233, *233\/1, *233\/2, *234, 234\/1, 234\/2, *235\/1, *235\/2, *236\/1, *236\/2, *237\/1, *237\/2, *237\/3, 236, 238, *238\/1, *238\/2, *238\/4, *238\/5, *239, *240, *241, 241, *242, 242\/1, 242\/2, 243, *244, 244, *245, 245, *246, 246, *247, 247, *248, 248, *249, 249\/1, 249\/2, 249\/3, *250, *251, 251\/1, 251\/2, 251\/3, 251\/4, 251\/5, 251\/6, *252, *253, 253\/1, 253\/2, *254, *255, *256, 256\/1, 256\/2, *257, 257, 258, 259, 260, 261, 262, 263, *264\/1, *264\/2, *264\/3, *265\/1, *265\/2, *267, *268, *270, *271\/1, *271\/2, 271\/2, 271\/3, 271\/4, *272, 272, *273, 273\/1, 273\/2, *274, 274, *275, *276, 276\/1, 276\/2, *277\/1, 277\/1, *277\/2, 277\/2, *277\/3, 278, *278\/1, *278\/2, *278\/3, 279, *279\/1, *279\/2, *279\/3, *280, 280, *281, 281\/1, 281\/2, *282, 283, *283\/1, *283\/2, *284, 284, *285, 285, 286, *286\/1, *286\/2, 287, *288\/1, *288\/2, *289, 289\/1, 289\/2, *290, 290, 291, *291\/1, *291\/2, *291\/3, *292, 292, *293, 293, 294, *294\/1, *294\/2, 295, *295\/1, *295\/2, *296, *297, 297, *298, 298\/1, 298\/2, *299, 299, *300\/1, 300\/1, *300\/2, 300\/2, *300\/3, *301,301, *302, 302\/2, *303, 303\/1, 303\/2, *304, *305, 305\/1, 305\/2, 306, *307, 307, *308, 308, *309, 309\/1, 309\/2, *310, *311, 311\/2, *312, *313, 313, *314, 314, 315, *315\/1, *315\/2, 316, *316\/1, *316\/2, *317\/1, *317\/2, *318\/1, 319, 320, *320\/1, *320\/2, *321\/1, *321\/2, *322, 322, *323\/1, 323\/1, *323\/2, 323\/2, 323\/3, 323\/4, *324, 324\/1, 324\/2, 325, *325\/1, *325\/2, *326, *327, 327, *328, 329, *329\/1, *329\/2, *330, 330, *331, 331, *332, 332, 333, *333\/1, *333\/2, *333\/3, *333\/4, *334, 334\/1, *335, 335, *336, 336, 337, *337\/1, *337\/2, 338, *338, *339, 339, 340, *340\/1, *340\/2, 341, *341\/1, *341\/2, *342\/1, *342\/2, *343, 343\/2, *344\/1, *344\/2, *345, *346, *347, *348\/1, *348\/2, *349, *350, *351, *353\/1, *359, *360, *361\/1, *361\/2, *363, *364, *365\/1, *365\/2, *366\/1, *366\/2, *368, *369\/1, *369\/2, *370, *371, *372, *373, *374, *375, *376, *377\/1, *378\/1, *378\/2, *378\/3, *379, *380, *381\/1, *381\/2, *382\/1, *382\/2, *382\/3, *383\/1, *383\/2, *383\/3, *384, *385\/1, *385\/2, *386\/1, *386\/2, *387, 390, 391, 392, 393, 394, 395, 396, 397, 398, 399, 400, 401\/1, 401\/2, 402\/1, 402\/2, 403, 409, 410\/1, 411\/1, 411\/2, 412\/2, 412\/3, 413, 414, 416\/1, 417, 418, 419, 420\/1, 420\/2, 422, 423\/1, 423\/2, 424, 425, 426\/1, 427\/1, 427\/2, 428, 429, *430, 430\/1, 430\/2, 431, 432, 433\/2, 434\/1, 434\/2, 434\/3, 435, 436, 437\/1, 437\/2, 438, 439, 440\/1, 440\/2, *442, 445, *443\/1, 443\/1, *443\/2, 443\/2, 444, 448, 449, 450, 453, 454, 455, 456, 457, 458\/1, 458\/2, 459, 460, 461, 462\/1, 462\/4, 494, 495, 496, 497, 498, 499, 513\/1, 513\/2, 513\/3, 515, *515\/1, *515\/2, *537\/1, *537\/2, *538, *540\/1, *540\/2, *541, *542, *558, *562, *565\/1, *565\/2, *565\/3, *566\/1, *566\/2, *566\/3, *576, *583, *584, *588, *591, *618, *625, *632, *647, *655, *705, *710, *749, *752, *765, *771, *799, *783, *787, *805, *816, *817, *818, *819\/1, *819\/2, *820, *838, *843\/1, 4520\/1, 4520\/2, 4520\/3, 4530\/1, 4531, 4532, 4533\/1, 4534, 4535, 4536, 4537\/1, 4537\/2, 4537\/3, 4537\/4, 4538, 4539, 4541, 4568, 4658\/1, 4569, 4656 sve k. o. Hvar<\/span><\/p>\n<p class=\"t-9\" style=\"margin: 0cm; margin-bottom: .0001pt; text-align: justify; vertical-align: baseline;\"><span style=\"font-size: 11.0pt; font-family: 'Arial Narrow',sans-serif; color: black;\">ZONA B:<\/span><\/p>\n<p class=\"t-9\" style=\"margin: 0cm; margin-bottom: .0001pt; text-align: justify; vertical-align: baseline;\"><span style=\"font-size: 11.0pt; font-family: 'Arial Narrow',sans-serif; color: black;\">k. \u010d. *7, *8, *11, *12\/1, *12\/2, *13\/1, *13\/2, *43, *45, *50\/1, *50\/2, *53, *55, 60\/1, *61\/1, *61\/2, 85\/8, 85\/9, 130, 132\/1, 132\/2, 132\/3, 138\/1, 138\/2, 138\/3, 139\/1, 139\/2, 141\/1, 141\/2, 143\/1, 143\/2, 144, 145\/1, 145\/2, 145\/3, 145\/4, 145\/6, 145\/7, 145\/8, 145\/9, 146, 147\/1, 147\/2, 148, 149\/1, 149\/2, 150, 151, 152, 153, 154\/1, 154\/2, 154\/3, 155\/1, 155\/2, 157, 158\/2, 158\/4, 158\/10, 162\/1, 162\/2, 163\/1, 163\/3, 163\/4, 164, 165, 166\/1, 166\/5, 166\/6, 166\/7, 166\/9, 167, 168\/1, 168\/2, 168\/3, 168\/4, 168\/9, 168\/10, 168\/11, 168\/13, 168\/14, 168\/15, 168\/16, 168\/17, 168\/18, 168\/23, 168\/24, 168\/25, 168\/26, 168\/27, 168\/28, 168\/29, 168\/30, 168\/31, 168\/32, 168\/33, 168\/34, 168\/36 , 169\/1, 169\/2, 171\/1, 171\/2, *172\/1, 172\/1, *172\/2, 172\/2, 172\/3, 172\/4, 174\/1, 174\/2, 175, 198, 199, 200\/4, 202\/1, 202\/4, 203, 204, 205, 207\/1, 207\/2, 207\/3, 208, 209, 212\/1, 212\/2, 213, 214\/2, 216, 218, 219, 220, *258, *259, *260, *261, *263\/1, *263\/2, 342, 343\/3, 343\/4, 343\/5, 343\/1, 348, *353\/2, *355, *356, *358, 363, 364, 365\/1, 365\/2, 367\/4, 370\/3, 370\/2, 372\/1, 372\/2, 372\/3, 372\/4, 375\/4, 372\/5, 373\/1, 373\/2, 373\/3, 373\/4, 373\/5, 373\/6, 374\/1, 374\/2, 374\/3, 375\/1, 375\/2, 380\/1, 380\/3, 380\/4, 380\/5, 380\/6, 381\/1, 381\/2, 381\/3, 381\/4, 382\/1, 382\/2, 382\/3, 383\/1, 383\/2, 383\/3, 383\/4, 383\/5, 383\/6, 383\/8, 383\/11, 383\/12, 383\/13, 383\/14, 383\/15, 383\/16, 383\/17, 383\/18, 384\/1, 384\/2, 384\/3, 383\/21, 383\/22, 385, 386\/1, 386\/2, *388, *389, 389\/1, 389\/2, 389\/3, *392\/1, *392\/2, *392\/3, *393\/1, *393\/2, *394, *396, *397\/1, *397\/2, *397\/3, *398, *399\/1, *399\/2, *399\/3, *400\/1, *400\/2, *401, *402, *403\/1, *403\/2, *404, *405, 406, *406\/1, *407, 407\/1, 407\/2, *408, 408, *409, *410, *411, *412\/1, *412\/2, *414, *415, 415, *416\/1, *416\/2, *417, *418, *419, *420\/1, *420\/2, *421, *422, *423, *424, *425, *427, *428, *431\/1, *431\/2, *431\/3, *431\/4, *431\/5, *431\/6, *432\/1, *432\/2, *434\/1, *434\/2, *434\/3, *435\/1, *435\/2, *436, *437, *438\/1, *438\/2, *439, *440, *441, *445\/2, 451, 452, 462\/2, 462\/3, 463, 464, 466, 467\/1, 467\/2, 467\/3, 467\/4, 467\/5, 467\/6, 468, 469, 472\/1, 473, 474\/1, 475\/1, 476, 477, 480, 481\/1, 482, 483\/1, 483\/4, 484\/1, 484\/2, 485, 488\/1, 488\/2, 488\/3, 488\/4, 490, 491\/1, 491\/2, 492\/1, 492\/2, 492\/3, 493\/1, 493\/2, 493\/3, 493\/4, 500\/3, 501, 502\/1, 502\/2, 502\/3, 502\/5, 512\/1, 512\/2, 517\/2, 517\/4, 517\/5, 518\/1, 518\/2, 518\/3, 518\/4, 518\/5, 519\/1, 519\/2, 519\/3, 519\/4, 519\/5, 519\/6, 520, 521\/1, 521\/2, 522\/1, 522\/2, 523, 524\/1, 524\/3, 525\/1, 525\/2, 526, 527, 529, 530, 533, 535, *536, 537, 538\/1, *539, 540\/1, 540\/2, 542, 550, *553, *554, *555, 555\/1, 555\/2, 555\/3, 555\/4, 555\/5, 556\/1, 556\/2, 556\/4, 558\/2, 561, 562\/1, 562\/2, 562\/3, 563, 564, 565\/1, 565\/2, 566\/1, 568\/1, 568\/2, 568\/3, 568\/4, *570, 570, 571, 573, *574\/1, 574\/1, 574\/2, 574\/3, 575\/1, 575\/2, 576\/1, 576\/2, 576\/3, 577, 578, 579, *581, 583, *585, 585\/1, 585\/4, 586, 587, *587\/1, *587\/2, *587\/3, *589, 589, *590, 590, 591\/1, 591\/2, 591\/3, 592\/1, 592\/2, 592\/3, 592\/4, 593, 594, 595\/1, 595\/2, 597, 599, *600, *600\/1, 600\/1, 600\/2, 601, *601\/2, *602, 602\/1, 602\/2, 602\/3, *603, 603, 604\/2, 605\/1, 605\/2, 605\/3, 605\/4, 606\/1, 606\/2, 606\/3, 606\/4, 607\/2, 607\/3, 607\/4, 608\/1, 608\/2, 609\/1, 609\/2, 609\/3, 612, 613\/3, 613\/4, 614\/2, 615\/4, 616\/2, 617\/2, 618, 619, *620, 620, *621, 621, 622, 623\/2, 624, 625\/1, *626, 626\/2, *627, 627\/1, *628, 628\/1, 632, 633, *644, *656, *657, *665, *666, *667, *668, *682, *685, *692, *702, *727, *747, *753, *766, *768, *788, *801, *825, *845, 1681\/2, 1681\/4, 1681,6, 3873\/1, 3873\/2, 3875, 3876, 3877, 3878, 3879\/1, 3879\/3, 3879\/4, 3879\/5, 3879\/6, 3879\/7, 3880\/1, 3880\/2, 3882\/2, 3882\/3, 3885\/1, 3885\/2, 3885\/3, 3885\/4, 3885\/5, 3885\/6, 3886\/2, 3886\/3, 3886\/4, 3889\/1, 3889\/2, 3889\/3, 3889\/4, 3889\/5, 3889\/6, 3889\/9, 3889\/10, 3890\/1, 3890\/2, 3897, 3898\/1, 3898\/2, 3898\/3, 4515\/1, 4515\/3, 4516, 4517, 4518, 4519\/1, 4519\/2, 4521, 4525, 4526\/1 (dio), 4527, 4528\/1, 4528\/2, 4540\/1, 4540\/3, 4542\/1, 4544, 4545\/1, 4545\/2, 4546\/1, 4547\/1, 4550, 4561, 4562\/1, 4564, 4565\/3, 4566\/1, 4566\/4, 4566\/5, 4586\/4, 4653, 4661, 4662\/1, 4662\/2, 4662\/3, 4665, sve k. o. Hvar.<\/span><\/p>\n<div class='content-column one_half'><div style=\"padding-right:6px;\"><p><strong>Datum snimanja \/ Erfassungsdatum<br \/>\n<\/strong>23.05.2013 12:00:00<\/p>\n<hr \/>\n<p><strong>Informacije<\/strong><\/p>\n<p>Krajem XIII. stolje\u0107a Hvar je priskrbio atribute grada: Veliko vije\u0107e, biskupa, fortifikaciju. Prvi akti mleta\u010dke vlade emanirani nakon aneksije forsiraju izgradnju ka\u0161tila, zidina, rektorova stana, arsenala, \u0161to se nastoji svim silama (kraj XIII. i po\u010detak XIV. st.). Biskup se nastanjuje u benediktinskom samostanu \u010diju crkvu progla\u0161ava katedralom Sv. Stjepana (raniji patron otoka je Sv. Stjepan, kao \u0161to i ager u to doba nosi ime campus S. Stephani).<\/p><\/div><\/div><div class='content-column one_half last_column'><div style=\"padding-right:0px;padding-left:6px;\"><p><strong>Stupanj za\u0161tite \/ Schutzstellung<br \/>\n<\/strong>Z-5560, RST 540<strong><br \/>\n<\/strong><\/p>\n<hr \/>\n<p><strong>Info<\/strong><\/p>\n<p>Hvar hatte am Ende des 13. Jahrhunderts alle Attribute einer Stadt: Einen Gro\u00dfen Rat, Bischofsitz, eine Festung. Nach der von den Venezianern erzwungenen Annexion wurden eine Zitadelle, Mauern, eine Rektorwohnung und ein Arsenal errichtet, die von allen Streitkr\u00e4ften verwaltet wurden (Ende des 13. und Anfang des 14. Jahrhunderts).<\/p><\/div><\/div><div class='clear_column'><\/div><div class='content-column one_half'><div style=\"padding-right:6px;\"><p>Biskup se nastanjuje u benediktinskom samostanu \u010diju crkvu progla\u0161ava katedralom Sv. Stjepana.<\/p><\/div><\/div><div class='content-column one_half last_column'><div style=\"padding-right:0px;padding-left:6px;\"><p>Der Bischof l\u00e4sst sich in einem Benediktinerkloster nieder, dessen Kirche zur Kathedrale des hl. Stjephan erhoben wurde.<\/p><\/div><\/div><div class='clear_column'><\/div><div class='content-column one_half'><div style=\"padding-right:6px;\"><p>Grad se smje\u0161ta ispod tvrdave u trapezu \u0161to ga danas tvore potpuno sa\u010duvane zidine. Rektorov stan je na zapadnoj kuli zidina, ali se u XVI. st. \u0160iri izvan zidina na mjestu dana\u0161njeg hotela \u00bbPalace\u00ab, gdje su upravne zgrade 1903. sru\u0161ene, i sa\u010duvala se samo lo\u017ea i sat-kula<\/p><\/div><\/div><div class='content-column one_half last_column'><div style=\"padding-right:0px;padding-left:6px;\"><p>Die Stadt liegt trapezf\u00f6rmig unterhalb der Festung und ist von den vollst\u00e4ndig erhaltenen Mauern umgeben. Die Wohnung des Rektors befindet sich am Westturm der Stadtmauer. Im 16. Jahrhundert ragt sie jedoch an der Stelle des heutigen Hotels\u201cPalast\u201c \u00a0\u00fcber die Stadtmauer hinaus. 1903 wurden die Verwaltungsgeb\u00e4ude abgerissen, nur die Loggia und der Glockenturm blieben erhalten.<\/p><\/div><\/div><div class='clear_column'><\/div><div class='content-column one_half'><div style=\"padding-right:6px;\"><p>Arsenal je u rudimentalnom obliku graden u XIII. st., a dana\u0161nji je izgled dobio 1610. godine.<\/p><\/div><\/div><div class='content-column one_half last_column'><div style=\"padding-right:0px;padding-left:6px;\"><p>Der Bau des Arsenals wurde im 13. Jh. begonnen. Sein heutiges Aussehen stammt aus dem Jahr 1610.<\/p><\/div><\/div><div class='clear_column'><\/div><div class='content-column one_half'><div style=\"padding-right:6px;\"><p>Na bre\u017euljku ina\u010de pustom ispod Sv. Nikole, op\u0107ina, odmah nakon tre\u0107e mleta\u010dke okupacije, prema \u017eelji vlade, forsira izgradnju ku\u0107a. Teren je op\u0107inski i daje se uz minimalne uvjete, s motivacijom da treba pove\u010dati pu\u010danstvo grada (\u00bbut civitas populaverit\u00ab). Izmedu 1431. i 1475, nabrojili smo 170 novih ku\u0107a u Burgu, pa slobodno mo\u017eemo kazati da je naselje u tom razdoblju nastalo.<\/p><\/div><\/div><div class='content-column one_half last_column'><div style=\"padding-right:0px;padding-left:6px;\"><p>Unmittelbar nach der dritten venezianischen Besetzung erzwang die Gemeinde auf Ersuchen der Regierung auf dem einst \u00f6den H\u00fcgel unterhalb von Sv. Nikola den Bau von H\u00e4usern. Der Bau auf Gemeindegrund war nur an \u00a0minimale Bedingungen gebunden um die Motivation, die Bev\u00f6lkerung der Stadt zu erh\u00f6hen, zu steigern (&#8222;ut civitas populaverit&#8220;). Zwischen 1431 und 1475 haben wir in Burak 170 neue H\u00e4user gelistet, sodass wir mit Sicherheit sagen k\u00f6nnen, dass die Siedlung in dieser Zeit entstanden ist.<\/p><\/div><\/div><div class='clear_column'><\/div><div class='content-column one_half'><div style=\"padding-right:6px;\"><p>U tom istom stolje\u0107u nastale su prve ve\u0107e patricijske ku\u0107e (Luci\u0107 Paladini i Hektorovi\u0107 u gradu), dok su one starije iz XIV. st., skromnije, bile naslonjene na ju\u017cnom perimetru gradskog zida.<\/p><\/div><\/div><div class='content-column one_half last_column'><div style=\"padding-right:0px;padding-left:6px;\"><p>Im selben Jahrhundert wurden die ersten gr\u00f6\u00dferen Patrizierh\u00e4user (Luci\u0107 Paladini und Hektorovi\u0107 in Groda) gebaut, w\u00e4hrend die \u00e4lteren aus dem 14. Jahrhundert stammen. Bescheidenere lehnten sich an den s\u00fcdlichen Rand der Stadtmauer.<\/p><\/div><\/div><div class='clear_column'><\/div><div class='content-column one_half'><div style=\"padding-right:6px;\"><p>Renesansa je uljep\u0161ala grad i u\u010dvrstila ga. Tada je sagraden niz lijepih ku\u0107a (patricija Jak\u0161e u Gradu, sigurno vila Luci\u0107 iza grada i ona Vuka\u0161inovi\u0107a u Burgu), po\u010dela je gradnja nove katedrale, zavr\u0161ene u XVII. st.<\/p><\/div><\/div><div class='content-column one_half last_column'><div style=\"padding-right:0px;padding-left:6px;\"><p>Die Renaissance hat die Stadt versch\u00f6nert und gest\u00e4rkt. Es wurden weitere sch\u00f6ne H\u00e4user gebaut (das Patriziahaus Jak\u0161a in Groda, sicherlich die Luci\u0107-Villa hinter der Stadt und die der Vukasinovi\u0107 in Burak). Der Bau einer neuen Kathedrale begann im 17. Jahrhundert.<\/p><\/div><\/div><div class='clear_column'><\/div><div class='content-column one_half'><div style=\"padding-right:6px;\"><p>Novi ka\u0161til, nova rezidencija kneza s lo\u017eom, monumentalna zapadna obala (Fabrika), a po\u010detkom XVII. st. sagraden je Arsenal.<\/p><\/div><\/div><div class='content-column one_half last_column'><div style=\"padding-right:0px;padding-left:6px;\"><p>Eine neue Zitadelle, eine neue Residenz des F\u00fcrsten mit einer Loggia, ein monumentales Westufer (Fabrika) wurden gebaut und zu Beginn des 17. Jh. das Arsenal.<\/p><\/div><\/div><div class='clear_column'><\/div><div class='content-column one_half'><div style=\"padding-right:6px;\"><p>Franjeva\u010dki samostan je iz XV. st. Sv. Veneranda iz XVI. st., a svi hvarski zvonici iz XVI. st.<\/p><\/div><\/div><div class='content-column one_half last_column'><div style=\"padding-right:0px;padding-left:6px;\"><p>Das Franziskanerkloster stammt aus dem 15. Jahrhundert, Sv. Veneranda und alle Glockent\u00fcrme aus dem 16. Jahrhundert.<\/p><\/div><\/div><div class='clear_column'><\/div><div class='content-column one_half'><div style=\"padding-right:6px;\"><p>Polje koje je le\u017ealo izme\u0111u Grada i Burga smanjilo se gradnjom niza ku\u0107a s obje njegove strane, pa je dobilo neke oblike trga, ali nikad funkciju (jo\u0161 za doba Francuza mesari su\u0161e na ovom prostoru ko\u017ee!).<\/p><\/div><\/div><div class='content-column one_half last_column'><div style=\"padding-right:0px;padding-left:6px;\"><p>Das zwischen Groda und Burak liegende Feld wurde durch den Bau einer Reihe von H\u00e4usern auf beiden Seiten verkleinert, und so ein Platz geschaffen, der aber kaum solche Funktion hatte (selbst in der Franzosenzeit trockneten hier die Metzger Felle und H\u00e4ute!).<\/p><\/div><\/div><div class='clear_column'><\/div><div class='content-column one_half'><div style=\"padding-right:6px;\"><p>Sredi\u0161ta gradskog \u017eivota bila su: u prvim stolje\u0107inma ulica s bunarom i lavom Sv. Marka iz, 1475. u Gradu, a kasnije ulica iza Arsenala i dio ulice Pu\u010dkog prevrata do ku\u0107e dr. J. Machieda.<\/p><\/div><\/div><div class='content-column one_half last_column'><div style=\"padding-right:0px;padding-left:6px;\"><p>Die Zentren des Stadtlebens waren: In den ersten Jahrhunderten die Stra\u00dfe mit dem Brunnen und Markusl\u00f6we aus dem Jahr 1475 in Groda, sp\u00e4ter die Stra\u00dfe hinter dem Arsenal und ein Teil der Stra\u00dfe Pu\u010dkog prevrata (Stra\u00dfe des Volksaufstandes) bis zum Haus des Dr. J. Machieda.<\/p><\/div><\/div><div class='clear_column'><\/div><div class='content-column one_third'><div style=\"padding-right:6px;\"><p>Stolje\u0107e renesanse nije bilo za Hvar u svemu povoljno. Godine 1510. buknula je pu\u010dka buna, \u010d\u00edje su posljedice trajale kroz stolje\u0107a, premda se 1610. smatra godinom pomirenja (anno pacis primo) radi sklapanja sporazuma izme\u0111u vlastele i pu\u010dana, koji ih je kao klase izjedna\u010dio.<\/p><\/div><\/div><div class='content-column one_third'><div style=\"padding-right:6px;\"><p><img loading=\"lazy\" decoding=\"async\" class=\"aligncenter size-full wp-image-34211\" src=\"https:\/\/www.topohvar.at\/wp-content\/uploads\/2020\/03\/hv-aa-01-7.gif\" alt=\"\" width=\"164\" height=\"212\" \/><\/p><\/div><\/div><div class='content-column one_third last_column'><div style=\"padding-right:0px;padding-left:6px;\"><p>Das Zeitalter der Renaissance war f\u00fcr Hvar nicht in allen Belangen g\u00fcnstig. 1510 brach ein Volksaufstand aus, dessen Folgen Jahrhunderte andauerten, obwohl 1610 als ein Jahr der Vers\u00f6hnung (anno pacis primo) galt, wo eine Vereinbarung zwischen Gutsherrn und \u201enormalen Volk\u201c getroffen wurde, sie als Klasse anzugleichen.<\/p><\/div><\/div><div class='clear_column'><\/div><\/p>\n<hr \/>\n<div class='content-column one_half'><div style=\"padding-right:6px;\"><p>Registar kulturnih dobara Republike Hrvatske br. 01\/2017. Datum tiskanog izdanja: 16.2.2017. Broj registra Z-5560<\/p><\/div><\/div><div class='content-column one_half last_column'><div style=\"padding-right:0px;padding-left:6px;\"><p>Register der Kulturg\u00fcter der Republik Kroatien Nr. 01\/2017, Ver\u00f6ffentlichungsdatum: 16.2.2017. Registriernummer Z-5560<\/p><\/div><\/div><div class='clear_column'><\/div><\/p>\n<p><img loading=\"lazy\" decoding=\"async\" class=\"aligncenter size-full wp-image-40649\" src=\"https:\/\/www.topohvar.at\/wp-content\/uploads\/2020\/08\/hv-aa-01-11.jpeg\" alt=\"\" width=\"959\" height=\"446\" srcset=\"https:\/\/www.topohvar.at\/wp-content\/uploads\/2020\/08\/hv-aa-01-11.jpeg 959w, https:\/\/www.topohvar.at\/wp-content\/uploads\/2020\/08\/hv-aa-01-11-300x140.jpeg 300w, https:\/\/www.topohvar.at\/wp-content\/uploads\/2020\/08\/hv-aa-01-11-768x357.jpeg 768w\" sizes=\"auto, (max-width: 959px) 100vw, 959px\" \/><\/p>\n<p style=\"text-align: right;\"><span style=\"color: #3366ff;\"><a style=\"color: #3366ff;\" href=\"#seite_oben\">natrag na vrh \/ Seitenanfang<\/a><\/span><\/p>\n<hr \/>\n<p><strong>Linkovi \/ Links<\/strong><\/p>\n<p><span style=\"color: #3366ff;\"><a style=\"color: #3366ff;\" href=\"http:\/\/www.hvar.hr\/portal\/\">Grad \/Stadt HVAR<\/a><br \/>\n<a style=\"color: #3366ff;\" href=\"http:\/\/www.hvar.hr\/portal\/povijest-hvara\/\">Vi\u0161e o povijesti Hvara \/ mehr \u00fcber die Geschichte von Hvar<\/a><br \/>\n<\/span><a href=\"https:\/\/youtu.be\/DPbqqK0LF8Q\"><img loading=\"lazy\" decoding=\"async\" class=\"alignleft wp-image-37815\" src=\"https:\/\/www.topohvar.at\/wp-content\/uploads\/2020\/05\/hv-aa-01-11.jpg\" alt=\"\" width=\"130\" height=\"36\" \/><\/a><\/p>\n<p>&nbsp;<\/p>\n","protected":false},"excerpt":{"rendered":"<p>Ime \/ Name Kulturnopovijesna cjelina \u00bbGrad Hvar\u00ab \/ Kulturhistorische Einheit Stadt Hvar Code: HV-AA-01\u00a0 \u00a0 \u00a0 \u00a0 \u00a0 \u00a0 \u00a0 \u00a0 \u00a0 \u00a0 \u00a0 \u00a0 \u00a0 \u00a0 \u00a0 \u00a0 \u00a0 \u00a0 \u00a0 \u00a0 \u00a0 \u00a0 \u00a0 \u00a0 Adresa \/ Adresse &hellip; <a href=\"https:\/\/www.topohvar.at\/topo\/orte\/hv\/hv-aa-01-1\/\">Weiterlesen <span class=\"meta-nav\">&rarr;<\/span><\/a><\/p>\n","protected":false},"author":1,"featured_media":0,"parent":80,"menu_order":0,"comment_status":"closed","ping_status":"closed","template":"","meta":{"footnotes":""},"class_list":["post-15079","page","type-page","status-publish","hentry"],"_links":{"self":[{"href":"https:\/\/www.topohvar.at\/topo\/wp-json\/wp\/v2\/pages\/15079","targetHints":{"allow":["GET"]}}],"collection":[{"href":"https:\/\/www.topohvar.at\/topo\/wp-json\/wp\/v2\/pages"}],"about":[{"href":"https:\/\/www.topohvar.at\/topo\/wp-json\/wp\/v2\/types\/page"}],"author":[{"embeddable":true,"href":"https:\/\/www.topohvar.at\/topo\/wp-json\/wp\/v2\/users\/1"}],"replies":[{"embeddable":true,"href":"https:\/\/www.topohvar.at\/topo\/wp-json\/wp\/v2\/comments?post=15079"}],"version-history":[{"count":36,"href":"https:\/\/www.topohvar.at\/topo\/wp-json\/wp\/v2\/pages\/15079\/revisions"}],"predecessor-version":[{"id":56878,"href":"https:\/\/www.topohvar.at\/topo\/wp-json\/wp\/v2\/pages\/15079\/revisions\/56878"}],"up":[{"embeddable":true,"href":"https:\/\/www.topohvar.at\/topo\/wp-json\/wp\/v2\/pages\/80"}],"wp:attachment":[{"href":"https:\/\/www.topohvar.at\/topo\/wp-json\/wp\/v2\/media?parent=15079"}],"curies":[{"name":"wp","href":"https:\/\/api.w.org\/{rel}","templated":true}]}}