{"id":1508,"date":"2018-07-30T12:07:01","date_gmt":"2018-07-30T10:07:01","guid":{"rendered":"https:\/\/www.topohvar.at\/?page_id=1508"},"modified":"2020-04-24T06:11:27","modified_gmt":"2020-04-24T04:11:27","slug":"do-ck-03-2","status":"publish","type":"page","link":"https:\/\/www.topohvar.at\/topo\/orte\/do\/do-ck-03-2\/","title":{"rendered":"DOL &#8211; Ostaci crkve \u00bbSv. Dujmo\u00ab"},"content":{"rendered":"<p><img loading=\"lazy\" decoding=\"async\" class=\"alignnone wp-image-36008 size-full\" src=\"https:\/\/www.topohvar.at\/wp-content\/uploads\/2020\/04\/do-ck-03-3.jpg\" alt=\"\" width=\"1080\" height=\"530\" srcset=\"https:\/\/www.topohvar.at\/wp-content\/uploads\/2020\/04\/do-ck-03-3.jpg 1080w, https:\/\/www.topohvar.at\/wp-content\/uploads\/2020\/04\/do-ck-03-3-300x147.jpg 300w, https:\/\/www.topohvar.at\/wp-content\/uploads\/2020\/04\/do-ck-03-3-1024x503.jpg 1024w, https:\/\/www.topohvar.at\/wp-content\/uploads\/2020\/04\/do-ck-03-3-768x377.jpg 768w\" sizes=\"auto, (max-width: 1080px) 100vw, 1080px\" \/><\/p>\n<p><strong>Ime \/ Name<br \/>\n<\/strong>Ostaci crkve \u00bbSv. Dujmo\u00ab \/ Reste der (kleinen) Kirche des hl. Dujmo<\/p>\n<p><strong>Code: <\/strong>DO-CK-03\u00a0 \u00a0 \u00a0 \u00a0 \u00a0 \u00a0 \u00a0 \u00a0 \u00a0 \u00a0 \u00a0 \u00a0 \u00a0 \u00a0 \u00a0 \u00a0 \u00a0 \u00a0\u00a0<strong><a href=\"https:\/\/www.topohvar.at\/orte\/do\/do-ci-01-2\/\"><img loading=\"lazy\" decoding=\"async\" class=\"alignnone wp-image-12300 size-full\" src=\"https:\/\/www.topohvar.at\/wp-content\/uploads\/2018\/09\/push-vor-30.jpg\" alt=\"\" width=\"61\" height=\"30\" \/><\/a>\u00a0<a href=\"https:\/\/www.topohvar.at\/orte\/do\/do-ck-02-2\/\"><img loading=\"lazy\" decoding=\"async\" class=\"alignnone wp-image-533 size-full\" src=\"https:\/\/www.topohvar.at\/wp-content\/uploads\/2018\/07\/push-l-30.jpg\" alt=\"\" width=\"61\" height=\"30\" \/><\/a> <a href=\"https:\/\/www.topohvar.at\/orte\/do\/\"><img loading=\"lazy\" decoding=\"async\" class=\"alignnone wp-image-535 size-full\" src=\"https:\/\/www.topohvar.at\/wp-content\/uploads\/2018\/07\/push-o-30.jpg\" alt=\"\" width=\"61\" height=\"30\" \/><\/a> <a href=\"https:\/\/www.topohvar.at\/orte\/do\/do-ck-01-2\/\"><img loading=\"lazy\" decoding=\"async\" class=\"alignnone wp-image-536 size-full\" src=\"https:\/\/www.topohvar.at\/wp-content\/uploads\/2018\/07\/push-r-30.jpg\" alt=\"\" width=\"61\" height=\"30\" \/><\/a><\/strong><\/p>\n<hr \/>\n<p><strong>Adresa \/ Adresse<br \/>\n<\/strong>Dol &#8211; Sv. Ane<\/p>\n<p><strong>Lokalna polo\u017eaj \/ Position<a href=\"https:\/\/goo.gl\/maps\/BPSkbf6JhZDycPSA9\"><img loading=\"lazy\" decoding=\"async\" class=\"alignright wp-image-36006\" src=\"https:\/\/www.topohvar.at\/wp-content\/uploads\/2020\/04\/2579.jpg\" alt=\"\" width=\"134\" height=\"100\" \/><\/a><br \/>\n<\/strong><span style=\"color: #3366ff;\"><a style=\"color: #3366ff;\" href=\"https:\/\/goo.gl\/maps\/BPSkbf6JhZDycPSA9\">Latitude: N 43,16870\u00b0\u00a0 \u00a0Longitude: E 16,62830\u00b0<\/a> <\/span><strong><br \/>\n<\/strong>Visina \/ H\u00f6he: 137 m<\/p>\n<p><strong>Zemlji\u0161te \/ Grundst\u00fccke<br \/>\n<\/strong>2682<div class='content-column one_half'><div style=\"padding-right:6px;\"><p><strong>Datum snimanja \/ Erfassungsdatum<br \/>\n<\/strong>16.05.2015 11:09:48<\/p>\n<hr \/>\n<p><strong>Informacije<\/strong><\/p>\n<p>Na bre\u017euljku iznad sv. Ane u Dolu, prema sjeveru, nalazila se crkvica koja se prvi put spominje 1467., kada se navodi njezino nadarje (suto san doimo, razun di san Doimo). Crkvica je smje\u0161tena na podru\u010dju koje Doljani nazivaju Piski ili Malo bardo, u blizini su Radine i Piri\u0107a Dolac. Za Valierova pohoda krajem 16. st. ve\u0107 je bila ru\u0161evina, te on nala\u017ee da se poru\u0161i i na tom mjestu postavi kri\u017e.<\/p><\/div><\/div><div class='content-column one_half last_column'><div style=\"padding-right:0px;padding-left:6px;\"><p><strong>Za\u0161titni polo\u017eaj \/ Schutzstellung<br \/>\n<\/strong>P-837<\/p>\n<hr \/>\n<p><strong>Info<\/strong><\/p>\n<p>Auf einem H\u00fcgel oberhalb von Sv. Ane in Dol, nordw\u00e4rts, stand eine Kirche, die zum ersten Mal 1467 erw\u00e4hnt wurde, als ihre Stiftung zitiert wurde. Die Kirche befindet sich in der Gegend, die Doljani Piski oder Malo Bardo genannt wird, in der N\u00e4he von Radine und Piri\u0107 Dolac. Zu Valiers Besuch am Ende des 16. Jh. war sie bereits eine Ruine, und er befahl sie abzutragen und dort ein Kreuz zu errichten.<\/p><\/div><\/div><div class='clear_column'><\/div><div class='content-column one_half'><div style=\"padding-right:6px;\"><p>Vidljiva je samo polukru\u017ena apsida polo\u017eena prema istoku, te ostaci \u017ebuke. Po smje\u0161taju, veli\u010dini (cca 6 x 2 m) i titularu, crkva bi mogla biti ranosrednjovjekovna ili \u010dak starija. Iz austrijskog katastra iz 1834. godine vidljiv je tlocrt crkve sv. Dujma (s. Doimo) u blizini zadnjih ku\u0107a prema zapadu na strani Sv. Ane. Prema upisu u tom katastru povr\u0161ina crkvice iznosi 4 \u010detvorna hvara (klaftera) \u0161to bi u metrima \u010detvornim iznosilo 14,4.<\/p><\/div><\/div><div class='content-column one_half last_column'><div style=\"padding-right:0px;padding-left:6px;\"><p>Zu sehen waren nur die im Osten liegende halbrunde Apsis und M\u00f6rtelreste. Durch ihre Lage und Gr\u00f6\u00dfe (ca. 6 x 2 m) und Name k\u00f6nnte die Kirche sogar \u00e4lter sein. Aus dem \u00f6sterreichischen Kataster von 1834 stammt der Grundriss von St. Dujma (s. Doimo) in der N\u00e4he der \u00e4ltesten H\u00e4user von Sv. Ana. Nach dem Katastereintrag betr\u00e4gt die Fl\u00e4che der Kirche 4 Quadratfu\u00df (Klaftera), etwa 14,4 m2.<\/p><\/div><\/div><div class='clear_column'><\/div><div class='content-column one_half'><div style=\"padding-right:6px;\"><p>Po\u010detkom 17. st. rektor ove crkve je nepoznat, a crkva je gotovo sru\u0161ena, prazna, bez oltara i vratnica, u njoj se palila vatra i u nju su zalazile \u017eivotinje. Kao takvu ju je zatekla i Garzadorijeva vizitacija 1625., gdje se navodi kao jednostavno nadarje u vlasni\u0161tvu Jakova Jak\u0161e.<\/p><\/div><\/div><div class='content-column one_half last_column'><div style=\"padding-right:0px;padding-left:6px;\"><p>Zu Beginn des 17. Jh. war der Rektor der Kirche unbekannt. Die Kirche war fast ruiniert, leer, ohne Altar und Eingangstor. Brandmale und Tiere waren dort. Im Zuge Garzadoris Visitation im Jahre 1625 wurde als Besitzer Jakob Jak\u0161a genannt.<\/p><\/div><\/div><div class='clear_column'><\/div><div class='content-column one_half'><div style=\"padding-right:6px;\"><p>Crkva je tek u 19. st. u potpunosti sru\u0161ena, a ostaci su nestru\u010dno iskopani 1991. U 2015. godini nije prona\u0111eno ni\u0161ta na mjestu na kojem se sumnja. \u010cak i nakon informacija od mje\u0161tana, ona vi\u0161e ne postoji.<\/p><\/div><\/div><div class='content-column one_half last_column'><div style=\"padding-right:0px;padding-left:6px;\"><p>Die Kirche wurde bis zum 19. Jahrhundert vollst\u00e4ndig abgerissen, und die \u00dcberreste wurden 1991 unsachgem\u00e4\u00df ausgegraben. Im Jahr 2015 wurde an der vermuteten Stelle nichts mehr gefunden. Auch nach Ausk\u00fcnften von Einheimischen besteht sie nicht mehr.<\/p><\/div><\/div><div class='clear_column'><\/div><div class='content-column one_half'><div style=\"padding-right:6px;\"><p>Crkva je registrirana 27. 04. 2007. godine pod brojem P-837 pod kulturnih dobara Republike Hrvatske.<\/p><\/div><\/div><div class='content-column one_half last_column'><div style=\"padding-right:0px;padding-left:6px;\"><p>Die Kirche wurde am 27. 04. 2007 mit der Nummer P-837 unter den Kulturg\u00fctern der Republik Kroatien registriert.<\/p><\/div><\/div><div class='clear_column'><\/div><\/p>\n<hr \/>\n<p><strong>Linkovi \/ Links<\/strong><\/p>\n<p><span style=\"color: #3366ff;\"><a style=\"color: #3366ff;\" href=\"http:\/\/www.tartajun.hr\/tartajun-12-broj\/\">Vi\u0161e o crkvi sv. Dujmo \/ Mehr zur Kirche des hl. Dujmo (Tartajun br. 12)<\/a><\/span><\/p>\n","protected":false},"excerpt":{"rendered":"<p>Ime \/ Name Ostaci crkve \u00bbSv. Dujmo\u00ab \/ Reste der (kleinen) Kirche des hl. Dujmo Code: DO-CK-03\u00a0 \u00a0 \u00a0 \u00a0 \u00a0 \u00a0 \u00a0 \u00a0 \u00a0 \u00a0 \u00a0 \u00a0 \u00a0 \u00a0 \u00a0 \u00a0 \u00a0 \u00a0\u00a0\u00a0 Adresa \/ Adresse Dol &#8211; Sv. &hellip; <a href=\"https:\/\/www.topohvar.at\/topo\/orte\/do\/do-ck-03-2\/\">Weiterlesen <span class=\"meta-nav\">&rarr;<\/span><\/a><\/p>\n","protected":false},"author":1,"featured_media":0,"parent":68,"menu_order":0,"comment_status":"closed","ping_status":"closed","template":"","meta":{"footnotes":""},"class_list":["post-1508","page","type-page","status-publish","hentry"],"_links":{"self":[{"href":"https:\/\/www.topohvar.at\/topo\/wp-json\/wp\/v2\/pages\/1508","targetHints":{"allow":["GET"]}}],"collection":[{"href":"https:\/\/www.topohvar.at\/topo\/wp-json\/wp\/v2\/pages"}],"about":[{"href":"https:\/\/www.topohvar.at\/topo\/wp-json\/wp\/v2\/types\/page"}],"author":[{"embeddable":true,"href":"https:\/\/www.topohvar.at\/topo\/wp-json\/wp\/v2\/users\/1"}],"replies":[{"embeddable":true,"href":"https:\/\/www.topohvar.at\/topo\/wp-json\/wp\/v2\/comments?post=1508"}],"version-history":[{"count":15,"href":"https:\/\/www.topohvar.at\/topo\/wp-json\/wp\/v2\/pages\/1508\/revisions"}],"predecessor-version":[{"id":36009,"href":"https:\/\/www.topohvar.at\/topo\/wp-json\/wp\/v2\/pages\/1508\/revisions\/36009"}],"up":[{"embeddable":true,"href":"https:\/\/www.topohvar.at\/topo\/wp-json\/wp\/v2\/pages\/68"}],"wp:attachment":[{"href":"https:\/\/www.topohvar.at\/topo\/wp-json\/wp\/v2\/media?parent=1508"}],"curies":[{"name":"wp","href":"https:\/\/api.w.org\/{rel}","templated":true}]}}