{"id":15089,"date":"2019-01-04T12:22:25","date_gmt":"2019-01-04T11:22:25","guid":{"rendered":"https:\/\/www.topohvar.at\/?page_id=15089"},"modified":"2025-04-04T17:05:40","modified_gmt":"2025-04-04T15:05:40","slug":"hv-pu-01-1","status":"publish","type":"page","link":"https:\/\/www.topohvar.at\/topo\/orte\/hv\/hv-pu-01-1\/","title":{"rendered":"HVAR &#8211; Objekt \u00bbTrg sv. Stjepan (Pjaca)\u00ab"},"content":{"rendered":"<p><a name=\"seite_oben\"><\/a><br \/>\n<img loading=\"lazy\" decoding=\"async\" class=\"alignnone wp-image-15094 size-large\" src=\"https:\/\/www.topohvar.at\/wp-content\/uploads\/2019\/01\/HV-PU-01-1-1024x503.jpg\" alt=\"\" width=\"640\" height=\"314\" srcset=\"https:\/\/www.topohvar.at\/wp-content\/uploads\/2019\/01\/HV-PU-01-1-1024x503.jpg 1024w, https:\/\/www.topohvar.at\/wp-content\/uploads\/2019\/01\/HV-PU-01-1-300x147.jpg 300w, https:\/\/www.topohvar.at\/wp-content\/uploads\/2019\/01\/HV-PU-01-1-768x377.jpg 768w, https:\/\/www.topohvar.at\/wp-content\/uploads\/2019\/01\/HV-PU-01-1.jpg 1080w\" sizes=\"auto, (max-width: 640px) 100vw, 640px\" \/><\/p>\n<p><strong>Ime \/ Name<br \/>\n<\/strong>Objekt \u00bbTrg sv. Stjepan (Pjaca)\u00ab \/ Platz zum hl. Stephan (Piazza)<\/p>\n<p><strong>Code: <\/strong>HV-PU-01\u00a0 \u00a0 \u00a0 \u00a0 \u00a0 \u00a0 \u00a0 \u00a0 \u00a0 \u00a0 \u00a0 \u00a0 \u00a0 \u00a0 \u00a0 \u00a0 \u00a0 \u00a0\u00a0<a href=\"https:\/\/www.topohvar.at\/hv-ov-02-1\/\"><img loading=\"lazy\" decoding=\"async\" class=\"alignnone wp-image-12300 size-full\" src=\"https:\/\/www.topohvar.at\/wp-content\/uploads\/2018\/09\/push-vor-30.jpg\" alt=\"\" width=\"61\" height=\"30\" \/><\/a>\u00a0<strong><a href=\"https:\/\/www.topohvar.at\/orte\/hv\/hv-pu-06-1\/\"><img loading=\"lazy\" decoding=\"async\" class=\"alignnone wp-image-533 size-full\" src=\"https:\/\/www.topohvar.at\/wp-content\/uploads\/2018\/07\/push-l-30.jpg\" alt=\"\" width=\"61\" height=\"30\" \/><\/a> <a href=\"https:\/\/www.topohvar.at\/orte\/hv\/\"><img loading=\"lazy\" decoding=\"async\" class=\"alignnone wp-image-535 size-full\" src=\"https:\/\/www.topohvar.at\/wp-content\/uploads\/2018\/07\/push-o-30.jpg\" alt=\"\" width=\"61\" height=\"30\" \/><\/a> <a href=\"https:\/\/www.topohvar.at\/orte\/hv\/hv-pu-03-1\/\"><img loading=\"lazy\" decoding=\"async\" class=\"alignnone wp-image-536 size-full\" src=\"https:\/\/www.topohvar.at\/wp-content\/uploads\/2018\/07\/push-r-30.jpg\" alt=\"\" width=\"61\" height=\"30\" \/><\/a>\u00a0<a href=\"https:\/\/www.topohvar.at\/hv-og-01-1\/\"><img loading=\"lazy\" decoding=\"async\" class=\"alignnone wp-image-12299 size-full\" src=\"https:\/\/www.topohvar.at\/wp-content\/uploads\/2018\/09\/push-next-30.jpg\" alt=\"\" width=\"61\" height=\"30\" \/><\/a><\/strong><\/p>\n<hr \/>\n<p><strong>Adresa \/ Adresse<br \/>\n<\/strong>Grad Hvar,\u00a0Trg sv. Stjepana \/ Pjaca<\/p>\n<p><strong>Lokacija<\/strong><strong> \/ Position<a href=\"https:\/\/goo.gl\/maps\/fNaUwbhrpAmeCTWs7\"><img loading=\"lazy\" decoding=\"async\" class=\"alignright wp-image-17349\" src=\"https:\/\/www.topohvar.at\/wp-content\/uploads\/2019\/01\/1195.jpg\" alt=\"\" width=\"134\" height=\"100\" \/><\/a><br \/>\n<\/strong><span style=\"color: #3366ff;\"><a style=\"color: #3366ff;\" href=\"https:\/\/goo.gl\/maps\/fNaUwbhrpAmeCTWs7\">Latitude: N 43,17228\u00b0\u00a0 \u00a0Longitude: E 16,44217\u00b0<\/a> <\/span><strong><br \/>\n<\/strong>Visina \/ H\u00f6he: 2 m<\/p>\n<p><strong>Katastarska <\/strong><strong>\u010d<\/strong><strong>estica <\/strong><strong>\/ Grundst\u00fccke<br \/>\n<\/strong>4536<div class='content-column one_half'><div style=\"padding-right:6px;\"><p><strong>Datum snimanja \/ Erfassungsdatum<br \/>\n<\/strong>18.02.2015 15:45:01<\/p>\n<hr \/>\n<p><strong>Informacije<\/strong><\/p>\n<p>Sredi\u0161nji hvarski trg sv.Stjepana, poznat i pod nazivom Pjaca, najve\u0107i je trg u Dalmaciji. Obuhva\u0107a 4500 m\u00b2. Izvorno se radilo o dubokoj uvali i more je sezalo sve do mjesta na kojem se danas nalazi katedrala. Kasnije postaje prostor izme\u0111u dva utvr\u0111ena grada, Grode na sjeveru i Burga na jugu. Kroz stolje\u0107a je zasipavana sve dok nije poprimila dana\u0161nje dimenzije.<\/p><\/div><\/div><div class='content-column one_half last_column'><div style=\"padding-right:0px;padding-left:6px;\"><p><strong>Stupanj za\u0161tite<\/strong><strong> \/ Schutzstellung<br \/>\n<\/strong>&#8211;<\/p>\n<hr \/>\n<p><strong>Info<\/strong><\/p>\n<p>Der zentrale Platz des hl. Stephan, bekannt unter dem Namen Piazza, ist als gr\u00f6\u00dfter Platz in Dalmatien bekannt. Er umfasst 4500 m\u00b2. Urspr\u00fcnglich war hier eine tiefe Bucht und das Meer erstreckte sich bis der Stelle wo heute die Kathedrale steht. Sp\u00e4ter, im Laufe der Jahrhunderte, wurde der Raum zwischen den zwei befestigten Ortsteilen, Groda im Norden und Burak im S\u00fcden zugesch\u00fcttet, bis er die heutigen Ausma\u00dfe annahm.<\/p><\/div><\/div><div class='clear_column'><\/div><div class='content-column one_half'><div style=\"padding-right:6px;\"><p>Pjaca je do 15. st. ve\u0107 oblikovana, s katedralom na istoku i Mandra\u010dem na zapadu. U po\u010detku je bila \u0161ira negoli je danas i ogra\u0111ena vrtovima, no kasnije, zbog manjka prostora unutar utvr\u0111enog grada, stanovnici po\u010dinju graditi ku\u0107e i na sjevernom dijelu Pjace, ispred gradskih zidina. U sredi\u0161tu je Pjace komunalni bunar iz 1520. godine, popravljan u dva navrata, 1780. i 1830. godine. Pjaca je u potpunosti poplo\u010dana 1780. godine.<\/p><\/div><\/div><div class='content-column one_half last_column'><div style=\"padding-right:0px;padding-left:6px;\"><p>Die Piazza war im 15. Jahrhundert bereits geformt, mit der Kathedrale im Osten und dem Hafen Mandra\u0107 im Westen. Anfangs war sie mit eingez\u00e4unten G\u00e4rten breiter als heute. Sp\u00e4ter aber begannen die Bewohner, wegen des Raummangels innerhalb der Festungsstadt, H\u00e4user auf dem n\u00f6rdlichen Teil der Piazza vor der Stadtmauer zu bauen. In der Mitte der Piazza steht der Stadtbrunnen aus dem Jahr 1520, der in den Jahren 1780 und 1830 erneuert wurde. Die Piazza wurde im Jahr 1780 vollst\u00e4ndig geebnet.<\/p><\/div><\/div><div class='clear_column'><\/div><\/p>\n<hr \/>\n<div class='content-column one_half'><div style=\"padding-right:6px;\"><p>1912. g. prona\u0111ene su lampice s ranokr\u0161\u0107anskim motivima tijekom radova na cisterni na hvarskom trgu. Spominje se i nalaza rismkih nalaza i novca na Pjaci. Pored Pjace, na mjestu kavane Pjaca istra\u017eena je sonda gdje je prona\u0111ena rimska keramika. 1992. godine istra\u017eena je sonda ispred apoteke. Prona\u0111ena je kasnoanti\u010dka keramika iz 5. st.<\/p><\/div><\/div><div class='content-column one_half last_column'><div style=\"padding-right:0px;padding-left:6px;\"><p>Im Jahr 1912 wurden w\u00e4hrend der Arbeiten an der Zisterne auf dem Platz von Hvar Lampen mit fr\u00fchchristlichen Motiven gefunden. Es wird auch von r\u00f6mischen Funden und M\u00fcnzen auf der Pjaca berichtet. Neben der Pjaca, an der Stelle des Pjaca-Caf\u00e9s, wurde eine Sonde untersucht, bei der r\u00f6mische Keramik gefunden wurde. Im Jahr 1992 wurde eine Sonde vor der Apotheke untersucht. Es wurde sp\u00e4tantike Keramik aus dem 5. Jahrhundert gefunden.<\/p><\/div><\/div><div class='clear_column'><\/div><div class='content-column one_half'><div style=\"padding-right:6px;\"><p>Na Pjaci, u kanonikovoj ku\u0107i 1991. g. iskopana je sonda radi izgradnje skloni\u0161ta kada je prona\u0111ena velika koli\u010dina kasnoanti\u010dke fine i grube keramike od 4.-6. st. 1991. g. iskpana je sonda pred zlatarskom radnjom kada su prona\u0111eni tragovi zida, kasnoanti\u010dke amfore i opeke.<\/p><\/div><\/div><div class='content-column one_half last_column'><div style=\"padding-right:0px;padding-left:6px;\"><p>Auf der Pjaca, im Kanonikerhaus, wurde 1991 eine Sonde f\u00fcr den Bau eines Schutzraums ausgegraben, wobei eine gro\u00dfe Menge sp\u00e4tantiker feiner und grober Keramik aus dem 4.-6. Jahrhundert gefunden wurde. Im Jahr 1991 wurde eine Sonde vor dem Goldschmiedegesch\u00e4ft ausgegraben, als Spuren einer Mauer, sp\u00e4tantike Amphoren und Ziegel gefunden wurden.<\/p><\/div><\/div><div class='clear_column'><\/div><\/p>\n<p style=\"text-align: center;\"><em>(Izvor \/ Quelle: <span style=\"color: #3366ff;\"><a style=\"color: #3366ff;\" href=\"http:\/\/baza.iarh.hr\/public\/locality\/detail\/1743\">Anti\u010dki arheolol\u0161ki lokalitati RH<\/a><\/span>)<\/em><\/p>\n<p style=\"text-align: right;\"><span style=\"color: #3366ff;\"><a style=\"color: #3366ff;\" href=\"#seite_oben\">natrag na vrh \/ Seitenanfang<\/a><\/span><\/p>\n<hr \/>\n<p><strong>Linkovi \/ Links<\/strong><\/p>\n<p><a href=\"https:\/\/www.topohvar.at\/topo\/orte\/hv\/hv-op-00-0\/#op-01\"><span style=\"color: #0000ff;\">Objekt \u00bbBunar na Pjaci\u00ab \/ Stadtbrunnen am Platz<\/span><\/a><\/p>\n","protected":false},"excerpt":{"rendered":"<p>Ime \/ Name Objekt \u00bbTrg sv. Stjepan (Pjaca)\u00ab \/ Platz zum hl. Stephan (Piazza) Code: HV-PU-01\u00a0 \u00a0 \u00a0 \u00a0 \u00a0 \u00a0 \u00a0 \u00a0 \u00a0 \u00a0 \u00a0 \u00a0 \u00a0 \u00a0 \u00a0 \u00a0 \u00a0 \u00a0\u00a0\u00a0 \u00a0 Adresa \/ Adresse Grad Hvar,\u00a0Trg sv. &hellip; <a href=\"https:\/\/www.topohvar.at\/topo\/orte\/hv\/hv-pu-01-1\/\">Weiterlesen <span class=\"meta-nav\">&rarr;<\/span><\/a><\/p>\n","protected":false},"author":1,"featured_media":0,"parent":80,"menu_order":0,"comment_status":"closed","ping_status":"closed","template":"","meta":{"footnotes":""},"class_list":["post-15089","page","type-page","status-publish","hentry"],"_links":{"self":[{"href":"https:\/\/www.topohvar.at\/topo\/wp-json\/wp\/v2\/pages\/15089","targetHints":{"allow":["GET"]}}],"collection":[{"href":"https:\/\/www.topohvar.at\/topo\/wp-json\/wp\/v2\/pages"}],"about":[{"href":"https:\/\/www.topohvar.at\/topo\/wp-json\/wp\/v2\/types\/page"}],"author":[{"embeddable":true,"href":"https:\/\/www.topohvar.at\/topo\/wp-json\/wp\/v2\/users\/1"}],"replies":[{"embeddable":true,"href":"https:\/\/www.topohvar.at\/topo\/wp-json\/wp\/v2\/comments?post=15089"}],"version-history":[{"count":18,"href":"https:\/\/www.topohvar.at\/topo\/wp-json\/wp\/v2\/pages\/15089\/revisions"}],"predecessor-version":[{"id":71324,"href":"https:\/\/www.topohvar.at\/topo\/wp-json\/wp\/v2\/pages\/15089\/revisions\/71324"}],"up":[{"embeddable":true,"href":"https:\/\/www.topohvar.at\/topo\/wp-json\/wp\/v2\/pages\/80"}],"wp:attachment":[{"href":"https:\/\/www.topohvar.at\/topo\/wp-json\/wp\/v2\/media?parent=15089"}],"curies":[{"name":"wp","href":"https:\/\/api.w.org\/{rel}","templated":true}]}}