{"id":15097,"date":"2019-01-04T12:41:32","date_gmt":"2019-01-04T11:41:32","guid":{"rendered":"https:\/\/www.topohvar.at\/?page_id=15097"},"modified":"2025-04-04T17:01:01","modified_gmt":"2025-04-04T15:01:01","slug":"hv-pu-02-1","status":"publish","type":"page","link":"https:\/\/www.topohvar.at\/topo\/orte\/hv\/hv-pu-02-1\/","title":{"rendered":"HVAR &#8211; Objekt \u00bbMandra\u010d\u00ab"},"content":{"rendered":"<p><a name=\"seite_oben\"><\/a><br \/>\n<img loading=\"lazy\" decoding=\"async\" class=\"alignnone wp-image-15098 size-large\" src=\"https:\/\/www.topohvar.at\/wp-content\/uploads\/2019\/01\/hv-pu-02-1-1024x503.jpg\" alt=\"\" width=\"640\" height=\"314\" srcset=\"https:\/\/www.topohvar.at\/wp-content\/uploads\/2019\/01\/hv-pu-02-1-1024x503.jpg 1024w, https:\/\/www.topohvar.at\/wp-content\/uploads\/2019\/01\/hv-pu-02-1-300x147.jpg 300w, https:\/\/www.topohvar.at\/wp-content\/uploads\/2019\/01\/hv-pu-02-1-768x377.jpg 768w, https:\/\/www.topohvar.at\/wp-content\/uploads\/2019\/01\/hv-pu-02-1.jpg 1080w\" sizes=\"auto, (max-width: 640px) 100vw, 640px\" \/><\/p>\n<p><strong>Ime \/ Name<br \/>\n<\/strong>Objekt \u00bbMandra\u010d\u00ab \/ Alter Hafen Mandra\u010d<\/p>\n<p><strong>Code: <\/strong>HV-PU-02\u00a0 \u00a0 \u00a0 \u00a0 \u00a0 \u00a0 \u00a0 \u00a0 \u00a0 \u00a0 \u00a0 \u00a0 \u00a0 \u00a0 \u00a0 \u00a0 \u00a0 \u00a0\u00a0<a href=\"https:\/\/www.topohvar.at\/hv-ov-02-1\/\"><img loading=\"lazy\" decoding=\"async\" class=\"alignnone wp-image-12300 size-full\" src=\"https:\/\/www.topohvar.at\/wp-content\/uploads\/2018\/09\/push-vor-30.jpg\" alt=\"\" width=\"61\" height=\"30\" \/><\/a>\u00a0<strong><a href=\"https:\/\/www.topohvar.at\/orte\/hv\/hv-pu-20-1\/\"><img loading=\"lazy\" decoding=\"async\" class=\"alignnone wp-image-533 size-full\" src=\"https:\/\/www.topohvar.at\/wp-content\/uploads\/2018\/07\/push-l-30.jpg\" alt=\"\" width=\"61\" height=\"30\" \/><\/a> <a href=\"https:\/\/www.topohvar.at\/orte\/hv\/\"><img loading=\"lazy\" decoding=\"async\" class=\"alignnone wp-image-535 size-full\" src=\"https:\/\/www.topohvar.at\/wp-content\/uploads\/2018\/07\/push-o-30.jpg\" alt=\"\" width=\"61\" height=\"30\" \/><\/a> <a href=\"https:\/\/www.topohvar.at\/orte\/hv\/hv-oi-00-0\/\"><img loading=\"lazy\" decoding=\"async\" class=\"alignnone wp-image-536 size-full\" src=\"https:\/\/www.topohvar.at\/wp-content\/uploads\/2018\/07\/push-r-30.jpg\" alt=\"\" width=\"61\" height=\"30\" \/><\/a>\u00a0<a href=\"https:\/\/www.topohvar.at\/hv-og-01-1\/\"><img loading=\"lazy\" decoding=\"async\" class=\"alignnone wp-image-12299 size-full\" src=\"https:\/\/www.topohvar.at\/wp-content\/uploads\/2018\/09\/push-next-30.jpg\" alt=\"\" width=\"61\" height=\"30\" \/><\/a><\/strong><\/p>\n<hr \/>\n<p><strong>Adresa \/ Adresse<br \/>\n<\/strong>Grad Hvar,\u00a0Mandra\u010d<\/p>\n<p><strong>Lokacija<\/strong><strong> \/ Position<a href=\"https:\/\/goo.gl\/maps\/DjxQfN9DJ3r2exGi7\"><img loading=\"lazy\" decoding=\"async\" class=\"alignright wp-image-17165\" src=\"https:\/\/www.topohvar.at\/wp-content\/uploads\/2019\/01\/0297.jpg\" alt=\"\" width=\"134\" height=\"100\" \/><\/a><br \/>\n<\/strong><span style=\"color: #3366ff;\"><a style=\"color: #3366ff;\" href=\"https:\/\/goo.gl\/maps\/DjxQfN9DJ3r2exGi7\">Latitude: N 43,17250\u00b0\u00a0 \u00a0Longitude: E 16,44140\u00b0<\/a> <\/span><strong><br \/>\n<\/strong>Visina \/ H\u00f6he: 1 m<\/p>\n<p><strong>Katastarska <\/strong><strong>\u010d<\/strong><strong>estica <\/strong><strong>\/ Grundst\u00fccke<br \/>\n<\/strong>4536<div class='content-column one_half'><div style=\"padding-right:6px;\"><p><strong>Datum snimanja \/ Erfassungsdatum<br \/>\n<\/strong>18.02.2015 15:45:01<\/p>\n<hr \/>\n<p><strong>Informacije<\/strong><\/p>\n<p>Povijesna luka Mandra\u010d<\/p>\n<p>Krenete li pjacom prema zapadu do\u0107i \u0107ete do hvarskog Mandra\u010da, male luke koja je oduvijek slu\u017eila za\u0161titi brodica. Dana\u0161nji izgled poprimio je u 18. st.<\/p><\/div><\/div><div class='content-column one_half last_column'><div style=\"padding-right:0px;padding-left:6px;\"><p><strong>Stupanj za\u0161tite<\/strong><strong> \/ Schutzstellung<br \/>\n<\/strong>Z-5167, RST 212<strong><br \/>\n<\/strong><\/p>\n<hr \/>\n<p><strong>Info<\/strong><\/p>\n<p>Historischer Hafen Mandra\u010d<\/p>\n<p>Wenn man auf der Piazza in Richtung Westen geht, kommt man zum kleinen Hafen Mandra\u010d, der immer zum Schutz der Schiffe diente. Das heutige Aussehen erhielt er im 18. Jahrhundert.<\/p><\/div><\/div><div class='clear_column'><\/div><div class='content-column one_half'><div style=\"padding-right:6px;\"><p>Ogra\u0111eni dio luke izme\u0111u Arsenala i Fabrike, sagra\u0111en u 15. stolje\u0107u. Dana\u0161nji izgled s gugliama na uglovima je iz 18. stolje\u0107a. Na isto\u010dnom potezu Mandra\u010da podignuta je plo\u010da koja komemorira njegovo ure\u0111enje krajem 18. stolje\u0107a.<\/p><\/div><\/div><div class='content-column one_half last_column'><div style=\"padding-right:0px;padding-left:6px;\"><p>Der eingefriedete Teil des Hafens zwischen Arsenal und der Fabrika wurde im 15. Jahrhundert errichtet. Das heutige Aussehen mit den schlanken Pyramiden an den Ecken stammt aus dem 18. Jahrhundert. An der \u00f6stlichen Einfriedung befindet sich eine Gedenktafel, die an die Ausgestaltung im sp\u00e4ten 18. Jahrhundert erinnert.<\/p><\/div><\/div><div class='clear_column'><\/div><div class='content-column one_half'><div style=\"padding-right:6px;\"><p>Stari mandra\u010d (spominje se 1459) integriran je u novu gradnju koja zadivljuje tehni\u010dkim rje\u0161enjem (gotovo tesarskim) i solidno\u0161\u0107u: podmorski dio gra\u0111en je kamenim tesancima u stepenastom pokosu, lice nad razinom mora u bunjatu tipi\u010dnom za renesansni stil gradnje, a poklopnica velikim blokovima na pero i utor.<\/p><\/div><\/div><div class='content-column one_half last_column'><div style=\"padding-right:0px;padding-left:6px;\"><p>Der alte Hafen (bereits im Jahr 1459 erw\u00e4hnt), dessen technische L\u00f6sung und Festigkeit beeindruckt, wurde in den Neubau der Mole \u201eFabrika\u201c integriert. Der Unterwasserteil wurde mit behauenen Steinen und stufenartigem Gef\u00e4lle, die \u00fcber dem Meeresspiegel liegenden Teile in typischem Renaissance-Stil gebaut, Gedeckt wurde er mit gro\u00dfen, mit Nut und Feder versehenen, Bl\u00f6cken.<\/p><\/div><\/div><div class='clear_column'><\/div><div class='content-column one_half'><div style=\"padding-right:6px;\"><\/div><\/div><div class='content-column one_half last_column'><div style=\"padding-right:0px;padding-left:6px;\"><\/div><\/div><div class='clear_column'><\/div><div class='content-column one_half'><div style=\"padding-right:6px;\"><p>Registar kulturnih dobara Republike Hrvatske br. 01\/2011. Datum tiskanog izdanja: 04. 08. 2011. Broj registra Z-5167<\/p><\/div><\/div><div class='content-column one_half last_column'><div style=\"padding-right:0px;padding-left:6px;\"><p>Register der Kulturg\u00fcter der Republik Kroatien Nr. 01\/2011. Ver\u00f6ffentlichungsdatum: 04. 08. 2011. Registriernummer Z-5167<\/p><\/div><\/div><div class='clear_column'><\/div><\/p>\n<p style=\"text-align: right;\"><span style=\"color: #3366ff;\"><a style=\"color: #3366ff;\" href=\"#seite_oben\">natrag na vrh \/ Seitenanfang<\/a><\/span><\/p>\n<hr \/>\n<p><strong>Linkovi \/ Links<\/strong><\/p>\n<p><span style=\"color: #3366ff;\"><a style=\"color: #3366ff;\" href=\"https:\/\/www.topohvar.at\/orte\/hv\/hv-ob-06-1\/\">Objekt \u00bb\u010cetiri piramide na zidinama stare luke Mandra\u0107\u00ab \/ 4 Steinpyramiden auf der Begrenzungsmauer zum alten Hafen\u00a0Mandra\u0107<\/a><br \/>\n<a style=\"color: #3366ff;\" href=\"https:\/\/www.topohvar.at\/topo\/orte\/hv\/hv-is-20-1\/\">Spomen plo\u010da \/ Gedenktafel \u00bbMandra\u010d\u00ab<\/a><br \/>\n<a style=\"color: #3366ff;\" href=\"https:\/\/www.topohvar.at\/topo\/orte\/hv\/hv-ob-19-1\/\">Objekt \u00bbKamene u\u0161ice\u00ab \/ Stein\u00f6sen<\/a><br \/>\n<\/span><\/p>\n","protected":false},"excerpt":{"rendered":"<p>Ime \/ Name Objekt \u00bbMandra\u010d\u00ab \/ Alter Hafen Mandra\u010d Code: HV-PU-02\u00a0 \u00a0 \u00a0 \u00a0 \u00a0 \u00a0 \u00a0 \u00a0 \u00a0 \u00a0 \u00a0 \u00a0 \u00a0 \u00a0 \u00a0 \u00a0 \u00a0 \u00a0\u00a0\u00a0 \u00a0 Adresa \/ Adresse Grad Hvar,\u00a0Mandra\u010d Lokacija \/ Position Latitude: N 43,17250\u00b0\u00a0 &hellip; <a href=\"https:\/\/www.topohvar.at\/topo\/orte\/hv\/hv-pu-02-1\/\">Weiterlesen <span class=\"meta-nav\">&rarr;<\/span><\/a><\/p>\n","protected":false},"author":1,"featured_media":0,"parent":80,"menu_order":0,"comment_status":"closed","ping_status":"closed","template":"","meta":{"footnotes":""},"class_list":["post-15097","page","type-page","status-publish","hentry"],"_links":{"self":[{"href":"https:\/\/www.topohvar.at\/topo\/wp-json\/wp\/v2\/pages\/15097","targetHints":{"allow":["GET"]}}],"collection":[{"href":"https:\/\/www.topohvar.at\/topo\/wp-json\/wp\/v2\/pages"}],"about":[{"href":"https:\/\/www.topohvar.at\/topo\/wp-json\/wp\/v2\/types\/page"}],"author":[{"embeddable":true,"href":"https:\/\/www.topohvar.at\/topo\/wp-json\/wp\/v2\/users\/1"}],"replies":[{"embeddable":true,"href":"https:\/\/www.topohvar.at\/topo\/wp-json\/wp\/v2\/comments?post=15097"}],"version-history":[{"count":14,"href":"https:\/\/www.topohvar.at\/topo\/wp-json\/wp\/v2\/pages\/15097\/revisions"}],"predecessor-version":[{"id":71322,"href":"https:\/\/www.topohvar.at\/topo\/wp-json\/wp\/v2\/pages\/15097\/revisions\/71322"}],"up":[{"embeddable":true,"href":"https:\/\/www.topohvar.at\/topo\/wp-json\/wp\/v2\/pages\/80"}],"wp:attachment":[{"href":"https:\/\/www.topohvar.at\/topo\/wp-json\/wp\/v2\/media?parent=15097"}],"curies":[{"name":"wp","href":"https:\/\/api.w.org\/{rel}","templated":true}]}}