{"id":1521,"date":"2018-07-30T12:24:55","date_gmt":"2018-07-30T10:24:55","guid":{"rendered":"https:\/\/www.topohvar.at\/?page_id=1521"},"modified":"2020-03-17T17:52:08","modified_gmt":"2020-03-17T16:52:08","slug":"do-cp-01-2","status":"publish","type":"page","link":"https:\/\/www.topohvar.at\/topo\/orte\/do\/do-cp-01-2\/","title":{"rendered":"DOL &#8211; Kapela \u00bbSv. Srca Isusova\u00ab"},"content":{"rendered":"<p><img loading=\"lazy\" decoding=\"async\" class=\"alignnone wp-image-1525 size-large\" src=\"https:\/\/www.topohvar.at\/wp-content\/uploads\/2018\/07\/DO-CP-01-1-1024x503.jpg\" alt=\"\" width=\"640\" height=\"314\" srcset=\"https:\/\/www.topohvar.at\/wp-content\/uploads\/2018\/07\/DO-CP-01-1-1024x503.jpg 1024w, https:\/\/www.topohvar.at\/wp-content\/uploads\/2018\/07\/DO-CP-01-1-300x147.jpg 300w, https:\/\/www.topohvar.at\/wp-content\/uploads\/2018\/07\/DO-CP-01-1-768x377.jpg 768w\" sizes=\"auto, (max-width: 640px) 100vw, 640px\" \/><\/p>\n<p><strong>Ime \/ Name<br \/>\n<\/strong>Kapela \u00bbSv. Srca Isusova\u00ab \/ Kapelle zum hl. Herz Jesu<\/p>\n<p><strong>Code: <\/strong>DO-CP-01 (E-C5-3) \u00a0 \u00a0 \u00a0 \u00a0 \u00a0 \u00a0 \u00a0 \u00a0 \u00a0 \u00a0 \u00a0 \u00a0 \u00a0 \u00a0 \u00a0 \u00a0 \u00a0 \u00a0 \u00a0 \u00a0 \u00a0 \u00a0 \u00a0<strong>\u00a0<a href=\"https:\/\/www.topohvar.at\/orte\/do\/\"><img loading=\"lazy\" decoding=\"async\" class=\"alignnone wp-image-535 size-full\" src=\"https:\/\/www.topohvar.at\/wp-content\/uploads\/2018\/07\/push-o-30.jpg\" alt=\"\" width=\"61\" height=\"30\" \/><\/a> <a href=\"https:\/\/www.topohvar.at\/orte\/do\/do-cp-02-2\/\"><img loading=\"lazy\" decoding=\"async\" class=\"alignnone wp-image-536 size-full\" src=\"https:\/\/www.topohvar.at\/wp-content\/uploads\/2018\/07\/push-r-30.jpg\" alt=\"\" width=\"61\" height=\"30\" \/><\/a><\/strong><\/p>\n<hr \/>\n<p><strong>Adresa \/ Adresse<br \/>\n<\/strong>Dol &#8211; Sv. Marije, sjeverno od mjesta \/\u00a0Dol &#8211; Sv. Marije, n\u00f6rdlich des Ortes<\/p>\n<p><strong>Lokalna polo\u017eaj \/ Position<a href=\"https:\/\/goo.gl\/maps\/hSHTrEkYNfNS5xDh8\"><img loading=\"lazy\" decoding=\"async\" class=\"alignright wp-image-1526\" src=\"https:\/\/www.topohvar.at\/wp-content\/uploads\/2018\/07\/0071.jpg\" alt=\"\" width=\"134\" height=\"100\" \/><\/a><br \/>\n<\/strong><span style=\"color: #3366ff;\"><a style=\"color: #3366ff;\" href=\"https:\/\/goo.gl\/maps\/hSHTrEkYNfNS5xDh8\">Latitude: N 43,17592\u00b0\u00a0 \u00a0Longitude: E 16,61740\u00b0<\/a> <\/span><strong><br \/>\n<\/strong>Visina \/ H\u00f6he: 49\u00a0 m<\/p>\n<p><strong>Zemlji\u0161te \/ Grundst\u00fccke<br \/>\n<\/strong>2135<div class='content-column one_half'><div style=\"padding-right:6px;\"><p><strong>Datum snimanja \/ Erfassungsdatum<br \/>\n<\/strong>14.05.2012 15:53:15<\/p>\n<hr \/>\n<p><strong>Informacije<\/strong><\/p>\n<p>Namla\u0111a i najmanja je kapelica Srca Isusovog u polju pod Dolom, na starom putu na trome\u0111i predjela Pod borje, Gornji Rugonji i Jorine. Kapela sagradio je 1922. godine prema spomenikom Mihovila Roji\u0107a.\u00a0Unutar je veliki Isusov kip u ni\u0161i<\/p><\/div><\/div><div class='content-column one_half last_column'><div style=\"padding-right:0px;padding-left:6px;\"><p><strong>Za\u0161titni polo\u017eaj \/ Schutzstellung<br \/>\n<\/strong>&#8211;<\/p>\n<hr \/>\n<p><strong>Info<\/strong><\/p>\n<p>Die j\u00fcngste und kleinste Kapelle ist die Kapelle des hl. Herz Jesu auf dem Feld unterhalb von Dol am alten Weg an der Weggabelung von Pod Borje, Gornji Rugonji und Jorine. Die Kapelle wurde laut Gedenktafel von Mihovil Roji\u0107 im Jahr 1922 errichtet. Im Inneren befindet sich in einer Nische eine gro\u00dfe Jesusstatue.<\/p><\/div><\/div><div class='clear_column'><\/div><\/p>\n<hr \/>\n<p><strong>Linkovi \/ Links<\/strong><\/p>\n<p><span style=\"color: #3366ff;\"><a style=\"color: #3366ff;\" href=\"https:\/\/www.topohvar.at\/topo\/orte\/do\/do-is-05-2\/\">Spomen plo\u010da \/ Gedenktafel<\/a><\/span><\/p>\n","protected":false},"excerpt":{"rendered":"<p>Ime \/ Name Kapela \u00bbSv. Srca Isusova\u00ab \/ Kapelle zum hl. Herz Jesu Code: DO-CP-01 (E-C5-3) \u00a0 \u00a0 \u00a0 \u00a0 \u00a0 \u00a0 \u00a0 \u00a0 \u00a0 \u00a0 \u00a0 \u00a0 \u00a0 \u00a0 \u00a0 \u00a0 \u00a0 \u00a0 \u00a0 \u00a0 \u00a0 \u00a0 \u00a0\u00a0 Adresa &hellip; <a href=\"https:\/\/www.topohvar.at\/topo\/orte\/do\/do-cp-01-2\/\">Weiterlesen <span class=\"meta-nav\">&rarr;<\/span><\/a><\/p>\n","protected":false},"author":1,"featured_media":0,"parent":68,"menu_order":0,"comment_status":"closed","ping_status":"closed","template":"","meta":{"footnotes":""},"class_list":["post-1521","page","type-page","status-publish","hentry"],"_links":{"self":[{"href":"https:\/\/www.topohvar.at\/topo\/wp-json\/wp\/v2\/pages\/1521","targetHints":{"allow":["GET"]}}],"collection":[{"href":"https:\/\/www.topohvar.at\/topo\/wp-json\/wp\/v2\/pages"}],"about":[{"href":"https:\/\/www.topohvar.at\/topo\/wp-json\/wp\/v2\/types\/page"}],"author":[{"embeddable":true,"href":"https:\/\/www.topohvar.at\/topo\/wp-json\/wp\/v2\/users\/1"}],"replies":[{"embeddable":true,"href":"https:\/\/www.topohvar.at\/topo\/wp-json\/wp\/v2\/comments?post=1521"}],"version-history":[{"count":13,"href":"https:\/\/www.topohvar.at\/topo\/wp-json\/wp\/v2\/pages\/1521\/revisions"}],"predecessor-version":[{"id":33603,"href":"https:\/\/www.topohvar.at\/topo\/wp-json\/wp\/v2\/pages\/1521\/revisions\/33603"}],"up":[{"embeddable":true,"href":"https:\/\/www.topohvar.at\/topo\/wp-json\/wp\/v2\/pages\/68"}],"wp:attachment":[{"href":"https:\/\/www.topohvar.at\/topo\/wp-json\/wp\/v2\/media?parent=1521"}],"curies":[{"name":"wp","href":"https:\/\/api.w.org\/{rel}","templated":true}]}}