{"id":15220,"date":"2019-01-04T18:31:27","date_gmt":"2019-01-04T17:31:27","guid":{"rendered":"https:\/\/www.topohvar.at\/?page_id=15220"},"modified":"2022-01-22T13:57:09","modified_gmt":"2022-01-22T12:57:09","slug":"hv-tg-02-1","status":"publish","type":"page","link":"https:\/\/www.topohvar.at\/topo\/orte\/hv\/hv-tg-02-1\/","title":{"rendered":"HVAR &#8211; Zgrada \u00bbKula-sat Leroj\u00ab"},"content":{"rendered":"<p><a name=\"seite_oben\"><\/a><br \/>\n<img loading=\"lazy\" decoding=\"async\" class=\"aligncenter wp-image-24011 size-large\" src=\"https:\/\/www.topohvar.at\/wp-content\/uploads\/2019\/08\/hv-tg-02-20-1024x503.jpg\" alt=\"\" width=\"640\" height=\"314\" srcset=\"https:\/\/www.topohvar.at\/wp-content\/uploads\/2019\/08\/hv-tg-02-20-1024x503.jpg 1024w, https:\/\/www.topohvar.at\/wp-content\/uploads\/2019\/08\/hv-tg-02-20-300x147.jpg 300w, https:\/\/www.topohvar.at\/wp-content\/uploads\/2019\/08\/hv-tg-02-20-768x377.jpg 768w, https:\/\/www.topohvar.at\/wp-content\/uploads\/2019\/08\/hv-tg-02-20.jpg 1080w\" sizes=\"auto, (max-width: 640px) 100vw, 640px\" \/><\/p>\n<p><strong>Ime \/ Name<br \/>\n<\/strong>Zgrada \u00bbKula-sat Leroj\u00ab \/ Geb\u00e4ude &#8211; Uhrturm Leroj<\/p>\n<p><strong>Code: <\/strong>HV-TG-02\u00a0 \u00a0 \u00a0 \u00a0 \u00a0 \u00a0 \u00a0 \u00a0 \u00a0 \u00a0 \u00a0 \u00a0 \u00a0 \u00a0 \u00a0 \u00a0 \u00a0 \u00a0\u00a0<a href=\"https:\/\/www.topohvar.at\/hv-tg-92-1\/\"><img loading=\"lazy\" decoding=\"async\" class=\"alignnone wp-image-12300 size-full\" src=\"https:\/\/www.topohvar.at\/wp-content\/uploads\/2018\/09\/push-vor-30.jpg\" alt=\"\" width=\"61\" height=\"30\" \/><\/a>\u00a0<strong><a href=\"https:\/\/www.topohvar.at\/orte\/hv\/hv-tg-01-1\/\"><img loading=\"lazy\" decoding=\"async\" class=\"alignnone wp-image-533 size-full\" src=\"https:\/\/www.topohvar.at\/wp-content\/uploads\/2018\/07\/push-l-30.jpg\" alt=\"\" width=\"61\" height=\"30\" \/><\/a> <a href=\"https:\/\/www.topohvar.at\/orte\/hv\/\"><img loading=\"lazy\" decoding=\"async\" class=\"alignnone wp-image-535 size-full\" src=\"https:\/\/www.topohvar.at\/wp-content\/uploads\/2018\/07\/push-o-30.jpg\" alt=\"\" width=\"61\" height=\"30\" \/><\/a> <a href=\"https:\/\/www.topohvar.at\/orte\/hv\/hv-tg-75-1\/\"><img loading=\"lazy\" decoding=\"async\" class=\"alignnone wp-image-536 size-full\" src=\"https:\/\/www.topohvar.at\/wp-content\/uploads\/2018\/07\/push-r-30.jpg\" alt=\"\" width=\"61\" height=\"30\" \/><\/a>\u00a0<a href=\"https:\/\/www.topohvar.at\/hv-tg-65-1\/\"><img loading=\"lazy\" decoding=\"async\" class=\"alignnone wp-image-12299 size-full\" src=\"https:\/\/www.topohvar.at\/wp-content\/uploads\/2018\/09\/push-next-30.jpg\" alt=\"\" width=\"61\" height=\"30\" \/><\/a><\/strong><\/p>\n<hr \/>\n<p><strong>Adresa \/ Adresse<br \/>\n<\/strong>Grad Hvar,\u00a0Trg sv. Stjepana 3, Leroj<\/p>\n<p><strong>Lokacija<\/strong><strong> \/ Position<a href=\"https:\/\/goo.gl\/maps\/CW2QFpynoHCFvCmp7\"><img loading=\"lazy\" decoding=\"async\" class=\"alignright wp-image-16875\" src=\"https:\/\/www.topohvar.at\/wp-content\/uploads\/2019\/01\/0315.jpg\" alt=\"\" width=\"134\" height=\"100\" \/><\/a><br \/>\n<\/strong><span style=\"color: #3366ff;\"><a style=\"color: #3366ff;\" href=\"https:\/\/goo.gl\/maps\/CW2QFpynoHCFvCmp7\">Latitude: N 43,17279\u00b0\u00a0 \u00a0Longitude: E 16,44166\u00b0<\/a> <\/span><strong><br \/>\n<\/strong>Visina \/ H\u00f6he: 5 m<\/p>\n<p><strong>Katastarska <\/strong><strong>\u010d<\/strong><strong>estica <\/strong><strong>\/ Grundst\u00fccke<br \/>\n<\/strong>*69\/2, (*68, *67\/1, *82)<div class='content-column one_half'><div style=\"padding-right:6px;\"><p><strong>Datum snimanja \/ Erfassungsdatum<br \/>\n<\/strong>28.10.2014 10:24:45<\/p>\n<hr \/>\n<p><strong>Informacije<\/strong><\/p>\n<p>Sat kula (zvana &#8222;Leroj&#8220;) i gradska lo\u0111a posljednji su ostaci Kne\u017eeva dvora. Kula izgra\u0111ena po rje\u0161enju hvarskoga Velikoga VIje\u0107a 1466. godine u stilu venecijanske gotike. Izvorno je bio dio obrambenog sklopa Kne\u017eeva pala\u010de u sklopu jugozapadnog dijela gradskih zidana. Dana\u0161nji renesansni oblik dobila je obnovom 1726. i 1727. godine. Zvono koje je danas na krovu kule potje\u010de iz 1564. godine i ukra\u0161eno je religijskim motivima. Temeljito je obnovljen u doba izgradnje susjednog hotela carice Elizabete (danas hotel Palace).<\/p><\/div><\/div><div class='content-column one_half last_column'><div style=\"padding-right:0px;padding-left:6px;\"><p><strong>Stupanj za\u0161tite<\/strong><strong> \/ Schutzstellung<br \/>\n<\/strong>Z-6442, RST 219-1964 ( lo\u0111a i sat kula)<\/p>\n<hr \/>\n<p><strong>Info<\/strong><\/p>\n<p>Der Uhrturm (genannt &#8222;Leroj&#8220;) und die st\u00e4dtische Loggia sind die letzten \u00dcberreste des Rektorenpalastes. Der Turm wurde nach einem Beschluss des Gro\u00dfen Rates von Hvar im Jahre 1466 in venezianisch-gotischem Stil erbaut. Er war urspr\u00fcnglich Teil des Verteidigungssystems des Rektorenpalastes am s\u00fcdwestlichen Teil der Stadtmauern. Die heutige Renaissanceform erhielt er nach einer Erneuerung in den Jahren 1726 und 1727. Die Glocke, die sich heute auf dem Dach des Turms befindet stammt aus dem Jahr 1564 und ist mit religi\u00f6sen Motiven dekoriert. Zum Zeitpunkt des Baues des benachbarten Hotels Elisabeth (heute Palace Hotel) wurde er gr\u00fcndlich restauriert.<\/p>\n<p style=\"text-align: left;\"><\/div><\/div><div class='clear_column'><\/div><\/p>\n<hr \/>\n<p style=\"text-align: left;\"><div class='content-column one_half'><div style=\"padding-right:6px;\"><p>2021. godine zavr\u0161ila je dvogodi\u0161nja obnova zgrade koja je uklju\u010divala stati\u010dku restauraciju i unutarnje ure\u0111enje tornja. Kula s gradskim satom, hvarski Leroj, dobila je infrastrukturu koja do sad nije bila sastavni dio ove gra\u0111evine. Postavljene me\u0111ukatne konstrukcije omogu\u0107ile su otvaranje kule posjetiteljima koji sada mogu vidjeti restaurirano izvorno zvono iz 1564. godine, originalni satni mehanizam iz 19. stolje\u0107a te pogled s terase na grad koji je ranije bio dostupan samo rijetkima. Komunikacija sa susjednom lo\u0111om obnovljena je ponovnim otvaranjem spojnih vrata na mjestu gdje su se nekada nalazile.<\/p><\/div><\/div><div class='content-column one_half last_column'><div style=\"padding-right:0px;padding-left:6px;\"><p>Im Jahr 2021 endete eine zweij\u00e4hrige Renovierung des Geb\u00e4udes die eine statische Restaurierung und die Innenarchitektur des Turmes beinhaltete. Der Turm mit der Uhr erhielt dar\u00fcber hinaus eine Infrastruktur, die bisher kein integraler Bestandteil dieses Geb\u00e4udes war. Der Turm wurde f\u00fcr Besucher ge\u00f6ffnet. Jetzt kann man die restaurierte Originalglocke aus dem Jahr 1564 und das Originaluhrwerk aus dem 19. Jahrhundert bewundern. Man kann auch einen Blick von der Terrasse, die zuvor nur wenigen zug\u00e4nglich war, auf die Stadt werfen. Die Kommunikation mit der angrenzenden Loggia wurde wiederhergestellt, indem die Verbindungst\u00fcre an der Stelle wieder ge\u00f6ffnet wurde, an der sie einst bestand.<\/p><\/div><\/div><div class='clear_column'><\/div><\/p>\n<p><img loading=\"lazy\" decoding=\"async\" class=\"alignleft wp-image-56585 size-full\" src=\"https:\/\/www.topohvar.at\/wp-content\/uploads\/2022\/01\/hv-tg-02-50.jpg\" alt=\"\" width=\"640\" height=\"314\" srcset=\"https:\/\/www.topohvar.at\/wp-content\/uploads\/2022\/01\/hv-tg-02-50.jpg 640w, https:\/\/www.topohvar.at\/wp-content\/uploads\/2022\/01\/hv-tg-02-50-300x147.jpg 300w\" sizes=\"auto, (max-width: 640px) 100vw, 640px\" \/><\/p>\n<p style=\"text-align: center;\"><em>(Izvor: \/ Quelle: <span style=\"color: #3366ff;\"><a style=\"color: #3366ff;\" href=\"http:\/\/www.hvar.hr\/portal\/novi-sjaj-lode-i-leroja\/\">Grad Hvar \/ portal<\/a><\/span>)<\/em><\/p>\n<hr \/>\n<div class='content-column one_half'><div style=\"padding-right:6px;\"><p>Registar kulturnih dobara Republike Hrvatske br. 01\/2015. Datum tiskanog izdanja: 20.1.2015. Broj registra Z-6442<\/p><\/div><\/div><div class='content-column one_half last_column'><div style=\"padding-right:0px;padding-left:6px;\"><p>Register der Kulturg\u00fcter der Republik Kroatien Nr. 01\/2015, Ver\u00f6ffentlichungsdatum: 20.1.2015. Registriernummer Z-6442<\/p><\/div><\/div><div class='clear_column'><\/div><\/p>\n<p style=\"text-align: right;\"><span style=\"color: #3366ff;\"><a style=\"color: #3366ff;\" href=\"#seite_oben\">natrag na vrh \/ Seitenanfang<\/a><\/span><\/p>\n<hr \/>\n<p><strong>Linkovi \/ Links<\/strong><\/p>\n<p><span style=\"color: #3366ff;\"><a style=\"color: #3366ff;\" href=\"https:\/\/www.topohvar.at\/orte\/hv\/hv-ir-20-1\/\">Reljef \u00bbLav na Leroj\u00ab \/ Relief &#8211; L\u00f6we am Leroj<\/a><br \/>\n<a style=\"color: #3366ff;\" href=\"https:\/\/www.topohvar.at\/orte\/hv\/hv-tg-01-1\/\">Gradska lo\u0111a \/ Stadtloggia<\/a><br \/>\n<\/span><a href=\"https:\/\/www.topohvar.at\/orte\/hv\/hv-tg-10-1\/\"><span style=\"color: #3366ff;\">Biv\u0161i Kne\u017eev dvor (danas Hotel Pala\u010da) \/ ehemaliger Rektorenpalast (heute Palasthotel<\/span>)<\/a><\/p>\n","protected":false},"excerpt":{"rendered":"<p>Ime \/ Name Zgrada \u00bbKula-sat Leroj\u00ab \/ Geb\u00e4ude &#8211; Uhrturm Leroj Code: HV-TG-02\u00a0 \u00a0 \u00a0 \u00a0 \u00a0 \u00a0 \u00a0 \u00a0 \u00a0 \u00a0 \u00a0 \u00a0 \u00a0 \u00a0 \u00a0 \u00a0 \u00a0 \u00a0\u00a0\u00a0 \u00a0 Adresa \/ Adresse Grad Hvar,\u00a0Trg sv. Stjepana 3, Leroj &hellip; <a href=\"https:\/\/www.topohvar.at\/topo\/orte\/hv\/hv-tg-02-1\/\">Weiterlesen <span class=\"meta-nav\">&rarr;<\/span><\/a><\/p>\n","protected":false},"author":1,"featured_media":0,"parent":80,"menu_order":0,"comment_status":"closed","ping_status":"closed","template":"","meta":{"footnotes":""},"class_list":["post-15220","page","type-page","status-publish","hentry"],"_links":{"self":[{"href":"https:\/\/www.topohvar.at\/topo\/wp-json\/wp\/v2\/pages\/15220","targetHints":{"allow":["GET"]}}],"collection":[{"href":"https:\/\/www.topohvar.at\/topo\/wp-json\/wp\/v2\/pages"}],"about":[{"href":"https:\/\/www.topohvar.at\/topo\/wp-json\/wp\/v2\/types\/page"}],"author":[{"embeddable":true,"href":"https:\/\/www.topohvar.at\/topo\/wp-json\/wp\/v2\/users\/1"}],"replies":[{"embeddable":true,"href":"https:\/\/www.topohvar.at\/topo\/wp-json\/wp\/v2\/comments?post=15220"}],"version-history":[{"count":21,"href":"https:\/\/www.topohvar.at\/topo\/wp-json\/wp\/v2\/pages\/15220\/revisions"}],"predecessor-version":[{"id":56587,"href":"https:\/\/www.topohvar.at\/topo\/wp-json\/wp\/v2\/pages\/15220\/revisions\/56587"}],"up":[{"embeddable":true,"href":"https:\/\/www.topohvar.at\/topo\/wp-json\/wp\/v2\/pages\/80"}],"wp:attachment":[{"href":"https:\/\/www.topohvar.at\/topo\/wp-json\/wp\/v2\/media?parent=15220"}],"curies":[{"name":"wp","href":"https:\/\/api.w.org\/{rel}","templated":true}]}}