{"id":15228,"date":"2019-01-04T18:39:18","date_gmt":"2019-01-04T17:39:18","guid":{"rendered":"https:\/\/www.topohvar.at\/?page_id=15228"},"modified":"2021-11-26T19:45:58","modified_gmt":"2021-11-26T18:45:58","slug":"hv-tg-66-1","status":"publish","type":"page","link":"https:\/\/www.topohvar.at\/topo\/orte\/hv\/hv-tg-66-1\/","title":{"rendered":"HVAR &#8211; Zgrada \u00bbOsnovna \u0160kola i Gimnazija\u00ab"},"content":{"rendered":"<p><a name=\"seite_oben\"><\/a><br \/>\n<img loading=\"lazy\" decoding=\"async\" class=\"alignnone wp-image-15180 size-large\" src=\"https:\/\/www.topohvar.at\/wp-content\/uploads\/2019\/01\/hv-tg-66-1-1024x503.jpg\" alt=\"\" width=\"640\" height=\"314\" srcset=\"https:\/\/www.topohvar.at\/wp-content\/uploads\/2019\/01\/hv-tg-66-1-1024x503.jpg 1024w, https:\/\/www.topohvar.at\/wp-content\/uploads\/2019\/01\/hv-tg-66-1-300x147.jpg 300w, https:\/\/www.topohvar.at\/wp-content\/uploads\/2019\/01\/hv-tg-66-1-768x377.jpg 768w, https:\/\/www.topohvar.at\/wp-content\/uploads\/2019\/01\/hv-tg-66-1.jpg 1080w\" sizes=\"auto, (max-width: 640px) 100vw, 640px\" \/><\/p>\n<p><strong>Ime \/ Name<br \/>\n<\/strong>Zgrada \u00bbOsnovna \u0160kola i Gimnazija\u00ab \/ Geb\u00e4ude &#8211; Grundschule und Gymnasium<\/p>\n<p><strong>Code: <\/strong>HV-TG-66\u00a0 \u00a0 \u00a0 \u00a0 \u00a0 \u00a0 \u00a0 \u00a0 \u00a0 \u00a0 \u00a0 \u00a0 \u00a0 \u00a0 \u00a0 \u00a0 \u00a0 \u00a0\u00a0<a href=\"https:\/\/www.topohvar.at\/hv-tg-92-1\/\"><img loading=\"lazy\" decoding=\"async\" class=\"alignnone wp-image-12300 size-full\" src=\"https:\/\/www.topohvar.at\/wp-content\/uploads\/2018\/09\/push-vor-30.jpg\" alt=\"\" width=\"61\" height=\"30\" \/><\/a>\u00a0<strong><a href=\"https:\/\/www.topohvar.at\/orte\/hv\/hv-tg-04-1\/\"><img loading=\"lazy\" decoding=\"async\" class=\"alignnone wp-image-533 size-full\" src=\"https:\/\/www.topohvar.at\/wp-content\/uploads\/2018\/07\/push-l-30.jpg\" alt=\"\" width=\"61\" height=\"30\" \/><\/a> <a href=\"https:\/\/www.topohvar.at\/orte\/hv\/\"><img loading=\"lazy\" decoding=\"async\" class=\"alignnone wp-image-535 size-full\" src=\"https:\/\/www.topohvar.at\/wp-content\/uploads\/2018\/07\/push-o-30.jpg\" alt=\"\" width=\"61\" height=\"30\" \/><\/a> <a href=\"https:\/\/www.topohvar.at\/orte\/hv\/hv-tg-80-1\/\"><img loading=\"lazy\" decoding=\"async\" class=\"alignnone wp-image-536 size-full\" src=\"https:\/\/www.topohvar.at\/wp-content\/uploads\/2018\/07\/push-r-30.jpg\" alt=\"\" width=\"61\" height=\"30\" \/><\/a>\u00a0<a href=\"https:\/\/www.topohvar.at\/hv-tg-65-1\/\"><img loading=\"lazy\" decoding=\"async\" class=\"alignnone wp-image-12299 size-full\" src=\"https:\/\/www.topohvar.at\/wp-content\/uploads\/2018\/09\/push-next-30.jpg\" alt=\"\" width=\"61\" height=\"30\" \/><\/a><\/strong><\/p>\n<hr \/>\n<p><strong>Adresa \/ Adresse<br \/>\n<\/strong>Grad Hvar,\u00a0Ulica Kroz Burak 81<\/p>\n<p><strong>Lokacija<\/strong><strong> \/ Position<a href=\"https:\/\/goo.gl\/maps\/oRxee4jDs8W3QRp36\"><img loading=\"lazy\" decoding=\"async\" class=\"alignright wp-image-16364\" src=\"https:\/\/www.topohvar.at\/wp-content\/uploads\/2019\/01\/0377.jpg\" alt=\"\" width=\"134\" height=\"100\" \/><\/a><br \/>\n<\/strong><span style=\"color: #3366ff;\"><a style=\"color: #3366ff;\" href=\"https:\/\/goo.gl\/maps\/oRxee4jDs8W3QRp36\">Latitude: N 43,16935\u00b0\u00a0 \u00a0Longitude: E 16,44387\u00b0<\/a> <\/span><strong><br \/>\n<\/strong>Visina \/ H\u00f6he: 19 m<\/p>\n<p><strong>Katastarska <\/strong><strong>\u010d<\/strong><strong>estica <\/strong><strong>\/ Grundst\u00fccke<br \/>\n<\/strong>3839<div class='content-column one_half'><div style=\"padding-right:6px;\"><p><strong>Datum snimanja \/ Erfassungsdatum<br \/>\n<\/strong>20.02.2015 10:49:07<\/p>\n<hr \/>\n<p><strong>Informacije<\/strong><\/p>\n<p>\u0160kola je sagra\u0111ena 1939.g. kao osnovnu \u0161kolu. U 2009. g. Hvar dobio novi \u0161kolski kompleks, a tako i Srednje \u0161kole koja se nalazi u istoj zgradi, znatno je pobolj\u0161an.<\/p><\/div><\/div><div class='content-column one_half last_column'><div style=\"padding-right:0px;padding-left:6px;\"><p><strong>Stupanj za\u0161tite<\/strong><strong> \/ Schutzstellung<br \/>\n<\/strong>&#8211;<\/p>\n<hr \/>\n<p><strong>Info<\/strong><\/p>\n<p>Die Schule wurde als Grundschule im Jahr 1939 errichtet. Im Jahr 2009 bekam Hvar einen neuen Schulkomplex, der die Mittelschule, die sich im selben Geb\u00e4ude befindet, erheblich verbesserte.<\/p><\/div><\/div><div class='clear_column'><\/div><div class='content-column one_half'><div style=\"padding-right:6px;\"><p>To je prvo ve\u0107e ulaganje u osnovno \u0161kolstvo od izgradnje \u0161kolske zgrade (1939.), a izgra\u0111eni \u0161kolski kompleks sastoji se od \u010detiri specijalizirane u\u010dionice skabinetima i sanitarnim \u010dvorovima, te \u0161kolske dvorane s pomo\u0107nim prostorijama i kotlovnicom, ukupnepovr\u0161ine 1250 \u010detvornih metara.<\/p><\/div><\/div><div class='content-column one_half last_column'><div style=\"padding-right:0px;padding-left:6px;\"><p>Dies war die erste gro\u00dfe Investition seit dem Bau des Schulgeb\u00e4udes im Jahr 1939. Der Ausbau besteht aus vier Fachklassenr\u00e4umen mit Schlie\u00dff\u00e4chern und Sanit\u00e4rr\u00e4umen und einer Schulhalle mit Nebenr\u00e4umen und Heizraum von insgesamt 1250 Quadratmetern.<\/p><\/div><\/div><div class='clear_column'><\/div><div class='content-column one_half'><div style=\"padding-right:6px;\"><p>U 1965. godine Hvar je dobio gimnaziju, kojoj je nakratko prethodila partizanska, Nazorova gimnazija iz 1943. godine. Nije mala stvar, jer su do tada djeca sa nepunih 15 godina morala odlaziti, uglavnom u Split, putovati svaki tjedan, \u017eivjeti u domovima ili privatno, u ne ba\u0161 idealnim uvjetima, uz poprili\u010dan financijski napor oto\u010dkih obitelji koji su obi\u010dno imale vi\u0161e od troje djece.<\/p><\/div><\/div><div class='content-column one_half last_column'><div style=\"padding-right:0px;padding-left:6px;\"><p>Im Jahr 1965 bekam Hvar ein Gymnasium, dem ein Partisanen-Gymnasium aus dem Jahr 1943 vorangegangen war. Keine kleine Sache, denn bis dahin mussten Kinder ab 15 Jahre jede Woche nach Split reisen und hier in Wohnheimen oder privat zu leben. Keine idealen Bedingungen, und mit einem erheblichen finanziellen Aufwand verbunden, vor allem f\u00fcr Familien mit mehr als drei Kinder.<\/p><\/div><\/div><div class='clear_column'><\/div><div class='content-column one_half'><div style=\"padding-right:6px;\"><p>Godine 1945. u ovoj su zgradi podu\u010davani partizani (spomen plo\u010da).<\/p><\/div><\/div><div class='content-column one_half last_column'><div style=\"padding-right:0px;padding-left:6px;\"><p>Im Jahr 1945 wurden in diesem Geb\u00e4ude Partisanen unterrichtet (Gedenktafel).<\/p><\/div><\/div><div class='clear_column'><\/div><\/p>\n<p style=\"text-align: right;\"><span style=\"color: #3366ff;\"><a style=\"color: #3366ff;\" href=\"#seite_oben\">natrag na vrh \/ Seitenanfang<\/a><\/span><\/p>\n<hr \/>\n<p><strong>Linkovi \/ Links<\/strong><\/p>\n<p><span style=\"color: #3366ff;\"><a style=\"color: #3366ff;\" href=\"https:\/\/www.topohvar.at\/orte\/hv\/hv-is-15-1\/\">Spomen plo\u010da \u00bbPartizanski gimnazija\u00ab \/ Gedenktafel &#8211; Partisanen-Gymnasium<\/a><\/span><\/p>\n","protected":false},"excerpt":{"rendered":"<p>Ime \/ Name Zgrada \u00bbOsnovna \u0160kola i Gimnazija\u00ab \/ Geb\u00e4ude &#8211; Grundschule und Gymnasium Code: HV-TG-66\u00a0 \u00a0 \u00a0 \u00a0 \u00a0 \u00a0 \u00a0 \u00a0 \u00a0 \u00a0 \u00a0 \u00a0 \u00a0 \u00a0 \u00a0 \u00a0 \u00a0 \u00a0\u00a0\u00a0 \u00a0 Adresa \/ Adresse Grad Hvar,\u00a0Ulica Kroz &hellip; <a href=\"https:\/\/www.topohvar.at\/topo\/orte\/hv\/hv-tg-66-1\/\">Weiterlesen <span class=\"meta-nav\">&rarr;<\/span><\/a><\/p>\n","protected":false},"author":1,"featured_media":0,"parent":80,"menu_order":0,"comment_status":"closed","ping_status":"closed","template":"","meta":{"footnotes":""},"class_list":["post-15228","page","type-page","status-publish","hentry"],"_links":{"self":[{"href":"https:\/\/www.topohvar.at\/topo\/wp-json\/wp\/v2\/pages\/15228","targetHints":{"allow":["GET"]}}],"collection":[{"href":"https:\/\/www.topohvar.at\/topo\/wp-json\/wp\/v2\/pages"}],"about":[{"href":"https:\/\/www.topohvar.at\/topo\/wp-json\/wp\/v2\/types\/page"}],"author":[{"embeddable":true,"href":"https:\/\/www.topohvar.at\/topo\/wp-json\/wp\/v2\/users\/1"}],"replies":[{"embeddable":true,"href":"https:\/\/www.topohvar.at\/topo\/wp-json\/wp\/v2\/comments?post=15228"}],"version-history":[{"count":14,"href":"https:\/\/www.topohvar.at\/topo\/wp-json\/wp\/v2\/pages\/15228\/revisions"}],"predecessor-version":[{"id":53715,"href":"https:\/\/www.topohvar.at\/topo\/wp-json\/wp\/v2\/pages\/15228\/revisions\/53715"}],"up":[{"embeddable":true,"href":"https:\/\/www.topohvar.at\/topo\/wp-json\/wp\/v2\/pages\/80"}],"wp:attachment":[{"href":"https:\/\/www.topohvar.at\/topo\/wp-json\/wp\/v2\/media?parent=15228"}],"curies":[{"name":"wp","href":"https:\/\/api.w.org\/{rel}","templated":true}]}}