{"id":15260,"date":"2019-01-05T10:29:59","date_gmt":"2019-01-05T09:29:59","guid":{"rendered":"https:\/\/www.topohvar.at\/?page_id=15260"},"modified":"2021-11-26T20:20:55","modified_gmt":"2021-11-26T19:20:55","slug":"hv-tg-92-1","status":"publish","type":"page","link":"https:\/\/www.topohvar.at\/topo\/orte\/hv\/hv-tg-92-1\/","title":{"rendered":"HVAR &#8211; Ku\u0107a \u00bbGariboldi\u00ab"},"content":{"rendered":"<p><a name=\"seite_oben\"><\/a><br \/>\n<img loading=\"lazy\" decoding=\"async\" class=\"alignnone wp-image-387 size-full\" src=\"https:\/\/www.topohvar.at\/wp-content\/uploads\/2018\/07\/00-00-00-1.jpg\" alt=\"\" width=\"114\" height=\"56\" \/><\/p>\n<p><strong>Ime \/ Name<br \/>\n<\/strong>Ku\u0107a \/ Haus \u00bbGariboldi\u00ab<\/p>\n<p><strong>Code: <\/strong>HV-TG-92\u00a0 \u00a0 \u00a0 \u00a0 \u00a0 \u00a0 \u00a0 \u00a0 \u00a0 \u00a0 \u00a0 \u00a0 \u00a0 \u00a0 \u00a0 \u00a0 \u00a0 \u00a0\u00a0<a href=\"https:\/\/www.topohvar.at\/hv-tg-63-1\/\"><img loading=\"lazy\" decoding=\"async\" class=\"alignnone wp-image-12300 size-full\" src=\"https:\/\/www.topohvar.at\/wp-content\/uploads\/2018\/09\/push-vor-30.jpg\" alt=\"\" width=\"61\" height=\"30\" \/><\/a>\u00a0<strong><a href=\"https:\/\/www.topohvar.at\/orte\/hv\/hv-tg-a1-1\/\"><img loading=\"lazy\" decoding=\"async\" class=\"alignnone wp-image-533 size-full\" src=\"https:\/\/www.topohvar.at\/wp-content\/uploads\/2018\/07\/push-l-30.jpg\" alt=\"\" width=\"61\" height=\"30\" \/><\/a> <a href=\"https:\/\/www.topohvar.at\/orte\/hv\/\"><img loading=\"lazy\" decoding=\"async\" class=\"alignnone wp-image-535 size-full\" src=\"https:\/\/www.topohvar.at\/wp-content\/uploads\/2018\/07\/push-o-30.jpg\" alt=\"\" width=\"61\" height=\"30\" \/><\/a> <a href=\"https:\/\/www.topohvar.at\/orte\/hv\/hv-tg-12-1\/\"><img loading=\"lazy\" decoding=\"async\" class=\"alignnone wp-image-536 size-full\" src=\"https:\/\/www.topohvar.at\/wp-content\/uploads\/2018\/07\/push-r-30.jpg\" alt=\"\" width=\"61\" height=\"30\" \/><\/a>\u00a0<a href=\"https:\/\/www.topohvar.at\/hv-tg-80-1\/\"><img loading=\"lazy\" decoding=\"async\" class=\"alignnone wp-image-12299 size-full\" src=\"https:\/\/www.topohvar.at\/wp-content\/uploads\/2018\/09\/push-next-30.jpg\" alt=\"\" width=\"61\" height=\"30\" \/><\/a><\/strong><\/p>\n<hr \/>\n<p><strong>Adresa \/ Adresse<br \/>\n<\/strong>Grad Hvar, Ulica Hanibala Luci\u0107a<\/p>\n<p><strong>Lokacija<\/strong><strong> \/ Position<a href=\"https:\/\/goo.gl\/maps\/6ZtPVpd9f5AbAFBf6\"><img loading=\"lazy\" decoding=\"async\" class=\"alignright wp-image-34313\" src=\"https:\/\/www.topohvar.at\/wp-content\/uploads\/2020\/03\/2136.jpg\" alt=\"\" width=\"134\" height=\"100\" \/><\/a><br \/>\n<\/strong><span style=\"color: #3366ff;\"><a style=\"color: #3366ff;\" href=\"https:\/\/goo.gl\/maps\/6ZtPVpd9f5AbAFBf6\">Latitude: N 43,17209\u00b0\u00a0 \u00a0Longitude: E 16,44478\u00b0<\/a> <\/span><strong><br \/>\n<\/strong>Visina \/ H\u00f6he: 4 m<\/p>\n<p><strong>Katastarska <\/strong><strong>\u010d<\/strong><strong>estica <\/strong><strong>\/ Grundst\u00fccke<br \/>\n<\/strong>597?<div class='content-column one_half'><div style=\"padding-right:6px;\"><p><strong>Datum snimanja \/ Erfassungsdatum<br \/>\n<\/strong>01.01.2000 00:00:00<\/p>\n<hr \/>\n<p><strong>Informacije<\/strong><\/p>\n<p>Jedan od najljepsih primjera renesansnog ljetnikovca u hvarskoj komuni je viski ljetnikovac Gariboldija.\u00a0Izgradio ju je 1552. godine ljekarnik Frano Gariboldi, o \u010demu svjedo\u010di natpis na nadvratniku dvorisnog portala.<\/p><\/div><\/div><div class='content-column one_half last_column'><div style=\"padding-right:0px;padding-left:6px;\"><p><strong>Stupanj za\u0161tite<\/strong><strong> \/ Schutzstellung<br \/>\n&#8211;<\/strong><\/p>\n<hr \/>\n<p><strong>Info<\/strong><\/p>\n<p>Eines der sch\u00f6nsten Beispiele f\u00fcr das Renaissance-Herrenhaus in der Gemeinde Hvar ist das Landhaus der Gariboldi. Es wurde 1552 vom Apotheker Franjo Gariboldi erbaut, wie\u00a0 eine Inschrift auf dem Sturz des Hofportals bezeugt.<\/p><\/div><\/div><div class='clear_column'><\/div><div class='content-column one_half'><div style=\"padding-right:6px;\"><p>Renesansna ku\u0107a Gariboldi u Hvaru sagra\u0111ena je na mjestu gustog srednjovjekovnog tkiva grada. Pored pojave anti\u010dkih motiva na arhitektonskoj dekoraciji, renesansna obilje\u017eja nosi i prostorna organizacija sklopa gdje se na mjestu nekadasnjih ku\u0107a otvaraju dvori\u0161ta i terase povezana stubi\u0161tima.<\/p><\/div><\/div><div class='content-column one_half last_column'><div style=\"padding-right:0px;padding-left:6px;\"><p>Das Renaissance-Haus Gariboldi wurde im dichten mittelalterlichen Stadtgewebe der Altstadt von Hvar errichtet. Neben dem Auftreten von antiken Motiven auf architektonischen Dekorationen tragen die Renaissance-Elemente auch die r\u00e4umliche Organisation eines Komplexes, bei dem alte H\u00f6fe und Terrassen mit den Treppen verbunden sind.<\/p><\/div><\/div><div class='clear_column'><\/div><div class='content-column one_half'><div style=\"padding-right:6px;\"><p>Ljetnikovac je sa sjeverne strane okruzen obzidanim dvoristem, dok se sa zacelne strane pruzao ogradeni vrt. U prizemlju je gospodarski prostor, a \u00b7na katu, koji je s dvoristem povezan vanjskim stubistem, nalazi se stambeni prostor. Ljetnikovac je u 19. stoljecu prosiren prema zapadu.<\/p><\/div><\/div><div class='content-column one_half last_column'><div style=\"padding-right:0px;padding-left:6px;\"><p>Das Herrenhaus ist auf der Nordseite von einem ummauerten Hof umgeben, w\u00e4hrend sich auf der Vorderseite ein umz\u00e4unter Garten befindet. Im Erdgeschoss befindet sich Gewerbefl\u00e4chen, und im Obergeschoss, das durch eine Au\u00dfentreppe mit dem Hof verbunden ist, befindet sich der Wohnbereich. Das Herrenhaus wurde im 19. Jahrhundert nach Westen erweitert.<\/p><\/div><\/div><div class='clear_column'><\/div><div class='content-column one_half'><div style=\"padding-right:6px;\"><p>Iznad vrata bio je grb Gariboldi s inicijalima F.G. Grb, kasnije uzidan na kuci Kirin, pored inicjala F. G. nosi i inicijale sina Frane Gariboldija, An\u0111ela koji je dovrsio kucu u Hvaru, a vjerojatno i ostale kuce ove obitelji.<\/p><\/div><\/div><div class='content-column one_half last_column'><div style=\"padding-right:0px;padding-left:6px;\"><p>\u00dcber der T\u00fcr befand sich das Gariboldi-Wappen mit den Initialen F. G. Das Wappen, das sp\u00e4ter in das Kirin-Haus eingemauert wurde, tr\u00e4gt neben den Initialen F. G. auch die Initialen von Franjo Gariboldis Sohn An\u0111ela, der das Haus in Hvar und wahrscheinlich auch anderer H\u00e4user dieser Familie fertiggestellt hat.<\/p><\/div><\/div><div class='clear_column'><\/div><\/p>\n<p style=\"text-align: right;\"><span style=\"color: #3366ff;\"><a style=\"color: #3366ff;\" href=\"#seite_oben\">natrag na vrh \/ Seitenanfang<\/a><\/span><\/p>\n<hr \/>\n<p><strong>Linkovi \/ Links<\/strong><\/p>\n<p><span style=\"color: #3366ff;\">Natpis na nadvratniku \/ Inschrift am T\u00fcrsturz<br \/>\n<a style=\"color: #3366ff;\" href=\"https:\/\/www.topohvar.at\/orte\/hv\/hv-tg-96-1\/\">Vila \/ Villa \u00bbKirin\u201c (Lon\u010dar)\u00ab<\/a><br \/>\n<a style=\"color: #3366ff;\" href=\"https:\/\/www.topohvar.at\/topo\/orte\/sg\/sg-tg-15-1\/\">Stari Grad &#8211; ku\u0107a \u00bbLjetnikovac Gariboldi\u00ab \/ Sommerhaus Gariboldi<\/a><\/span><\/p>\n","protected":false},"excerpt":{"rendered":"<p>Ime \/ Name Ku\u0107a \/ Haus \u00bbGariboldi\u00ab Code: HV-TG-92\u00a0 \u00a0 \u00a0 \u00a0 \u00a0 \u00a0 \u00a0 \u00a0 \u00a0 \u00a0 \u00a0 \u00a0 \u00a0 \u00a0 \u00a0 \u00a0 \u00a0 \u00a0\u00a0\u00a0 \u00a0 Adresa \/ Adresse Grad Hvar, Ulica Hanibala Luci\u0107a Lokacija \/ Position Latitude: N &hellip; <a href=\"https:\/\/www.topohvar.at\/topo\/orte\/hv\/hv-tg-92-1\/\">Weiterlesen <span class=\"meta-nav\">&rarr;<\/span><\/a><\/p>\n","protected":false},"author":1,"featured_media":0,"parent":80,"menu_order":0,"comment_status":"closed","ping_status":"closed","template":"","meta":{"footnotes":""},"class_list":["post-15260","page","type-page","status-publish","hentry"],"_links":{"self":[{"href":"https:\/\/www.topohvar.at\/topo\/wp-json\/wp\/v2\/pages\/15260","targetHints":{"allow":["GET"]}}],"collection":[{"href":"https:\/\/www.topohvar.at\/topo\/wp-json\/wp\/v2\/pages"}],"about":[{"href":"https:\/\/www.topohvar.at\/topo\/wp-json\/wp\/v2\/types\/page"}],"author":[{"embeddable":true,"href":"https:\/\/www.topohvar.at\/topo\/wp-json\/wp\/v2\/users\/1"}],"replies":[{"embeddable":true,"href":"https:\/\/www.topohvar.at\/topo\/wp-json\/wp\/v2\/comments?post=15260"}],"version-history":[{"count":17,"href":"https:\/\/www.topohvar.at\/topo\/wp-json\/wp\/v2\/pages\/15260\/revisions"}],"predecessor-version":[{"id":53751,"href":"https:\/\/www.topohvar.at\/topo\/wp-json\/wp\/v2\/pages\/15260\/revisions\/53751"}],"up":[{"embeddable":true,"href":"https:\/\/www.topohvar.at\/topo\/wp-json\/wp\/v2\/pages\/80"}],"wp:attachment":[{"href":"https:\/\/www.topohvar.at\/topo\/wp-json\/wp\/v2\/media?parent=15260"}],"curies":[{"name":"wp","href":"https:\/\/api.w.org\/{rel}","templated":true}]}}