{"id":15266,"date":"2019-01-05T10:33:50","date_gmt":"2019-01-05T09:33:50","guid":{"rendered":"https:\/\/www.topohvar.at\/?page_id=15266"},"modified":"2021-11-26T19:53:15","modified_gmt":"2021-11-26T18:53:15","slug":"hv-tg-72-1","status":"publish","type":"page","link":"https:\/\/www.topohvar.at\/topo\/orte\/hv\/hv-tg-72-1\/","title":{"rendered":"HVAR &#8211; Ku\u0107a \u00bbGoti\u010dka ku\u0107a uz bunar u Grodi\u00ab"},"content":{"rendered":"<p><a name=\"seite_oben\"><\/a><br \/>\n<img loading=\"lazy\" decoding=\"async\" class=\"aligncenter wp-image-15189 size-large\" src=\"https:\/\/www.topohvar.at\/wp-content\/uploads\/2019\/01\/HV-TG-78-1-1024x503.jpg\" alt=\"\" width=\"640\" height=\"314\" srcset=\"https:\/\/www.topohvar.at\/wp-content\/uploads\/2019\/01\/HV-TG-78-1-1024x503.jpg 1024w, https:\/\/www.topohvar.at\/wp-content\/uploads\/2019\/01\/HV-TG-78-1-300x147.jpg 300w, https:\/\/www.topohvar.at\/wp-content\/uploads\/2019\/01\/HV-TG-78-1-768x377.jpg 768w, https:\/\/www.topohvar.at\/wp-content\/uploads\/2019\/01\/HV-TG-78-1.jpg 1080w\" sizes=\"auto, (max-width: 640px) 100vw, 640px\" \/><\/p>\n<p><strong>Ime \/ Name<br \/>\n<\/strong>Ku\u0107a \u00bbGoti\u010dka ku\u0107a uz bunar u Grodi\u00ab \/ Gotisches Haus beim Brunnen in Groda<\/p>\n<p><strong>Code: <\/strong>HV-TG-72\u00a0 \u00a0 \u00a0 \u00a0 \u00a0 \u00a0 \u00a0 \u00a0 \u00a0 \u00a0 \u00a0 \u00a0 \u00a0 \u00a0 \u00a0 \u00a0 \u00a0 \u00a0\u00a0<a href=\"https:\/\/www.topohvar.at\/hv-tg-63-1\/\"><img loading=\"lazy\" decoding=\"async\" class=\"alignnone wp-image-12300 size-full\" src=\"https:\/\/www.topohvar.at\/wp-content\/uploads\/2018\/09\/push-vor-30.jpg\" alt=\"\" width=\"61\" height=\"30\" \/><\/a>\u00a0<strong><a href=\"https:\/\/www.topohvar.at\/orte\/hv\/hv-tg-37-1\/\"><img loading=\"lazy\" decoding=\"async\" class=\"alignnone wp-image-533 size-full\" src=\"https:\/\/www.topohvar.at\/wp-content\/uploads\/2018\/07\/push-l-30.jpg\" alt=\"\" width=\"61\" height=\"30\" \/><\/a> <a href=\"https:\/\/www.topohvar.at\/orte\/hv\/\"><img loading=\"lazy\" decoding=\"async\" class=\"alignnone wp-image-535 size-full\" src=\"https:\/\/www.topohvar.at\/wp-content\/uploads\/2018\/07\/push-o-30.jpg\" alt=\"\" width=\"61\" height=\"30\" \/><\/a> <a href=\"https:\/\/www.topohvar.at\/orte\/hv\/hv-tg-78-1\/\"><img loading=\"lazy\" decoding=\"async\" class=\"alignnone wp-image-536 size-full\" src=\"https:\/\/www.topohvar.at\/wp-content\/uploads\/2018\/07\/push-r-30.jpg\" alt=\"\" width=\"61\" height=\"30\" \/><\/a>\u00a0<a href=\"https:\/\/www.topohvar.at\/hv-tg-80-1\/\"><img loading=\"lazy\" decoding=\"async\" class=\"alignnone wp-image-12299 size-full\" src=\"https:\/\/www.topohvar.at\/wp-content\/uploads\/2018\/09\/push-next-30.jpg\" alt=\"\" width=\"61\" height=\"30\" \/><\/a><\/strong><\/p>\n<hr \/>\n<p><strong>Adresa \/ Adresse<br \/>\n<\/strong>Grad Hvar, Ulica Marije Mari\u010di\u0107 20<\/p>\n<p><strong>Lokacija<\/strong><strong> \/ Position<a href=\"https:\/\/goo.gl\/maps\/3F3zS2WvasoCVGtZ6\"><img loading=\"lazy\" decoding=\"async\" class=\"alignright wp-image-17275\" src=\"https:\/\/www.topohvar.at\/wp-content\/uploads\/2019\/01\/0347.jpg\" alt=\"\" width=\"134\" height=\"100\" \/><\/a><br \/>\n<\/strong><span style=\"color: #3366ff;\"><a style=\"color: #3366ff;\" href=\"https:\/\/goo.gl\/maps\/3F3zS2WvasoCVGtZ6\">Latitude: N 43,17278\u00b0\u00a0 \u00a0Longitude: E 16,44289\u00b0<\/a> <\/span><strong><br \/>\n<\/strong>Visina \/ H\u00f6he: 13 m<\/p>\n<p><strong>Katastarska <\/strong><strong>\u010d<\/strong><strong>estica<\/strong><strong> \/ Grundst\u00fccke<br \/>\n<\/strong>238<div class='content-column one_half'><div style=\"padding-right:6px;\"><p><strong>Datum snimanja \/ Erfassungsdatum<br \/>\n<\/strong>16.02.2015 10:21:58<\/p>\n<hr \/>\n<p><strong>Informacije<\/strong><\/p>\n<p>Goti\u010dka ku\u0107a uz bunar u Grodi<\/p>\n<p>Na novoformiranoj katastarskoj \u010destici 238 izgra\u0111ene su tri povijesne gra\u0111evine. Sjeverozapadno je goti\u010dko-renesansna ku\u0107a, na adresi Ulica Marije Mari\u010di\u0107 20, ju\u017eno od nje je stambena katnica na adresi Ulica Petra Hektorovi\u0107a 9, a isto\u010dno je goti\u010dka gra\u0111evina Bracanovi\u0107, na adresi Ulica Marije Mari\u010di\u0107 22.<\/p><\/div><\/div><div class='content-column one_half last_column'><div style=\"padding-right:0px;padding-left:6px;\"><p><strong>Stupanj za\u0161tite<\/strong><strong> \/ Schutzstellung<br \/>\n<\/strong>Z-6863, RST 565-1971, RST 694<strong><br \/>\n<\/strong><\/p>\n<hr \/>\n<p><strong>Info<\/strong><\/p>\n<p>Gotisches Haus beim Brunnen in Groda<\/p>\n<p>Auf dem neu gebildeten Katastergrundst\u00fcck Nr. 238 sind drei historische Geb\u00e4ude errichtet. Im Nordwesten befindet sich das Gotik-Renaissancegeb\u00e4ude Maria-Mari\u010di\u0107 -Stra\u00dfe 20 (&#8222;Gotisches Haus beim Brunnen in Groda&#8220;), s\u00fcdlich davon ein Wohngeb\u00e4ude in der Peter-Hektorovic-Stra\u00dfe 9, und im Osten das gotische Haus Bracanovi\u0107 in der Maria-Mari\u010di\u0107 -Stra\u00dfe 22.<\/p><\/div><\/div><div class='clear_column'><\/div><div class='content-column one_half'><div style=\"padding-right:6px;\"><p>Predmetne gra\u0111evine odlikuju se kvalitetnom stilskom plastikom izra\u0111enom u goti\u010dkom i renesansnom slogu, a \u0161to je odlika graditeljstva grada Hvara sredinom 15. stolje\u0107a.<\/p><\/div><\/div><div class='content-column one_half last_column'><div style=\"padding-right:0px;padding-left:6px;\"><p>Die Geb\u00e4ude zeichnen sich durch hochwertige, stilvolle Baudetails aus der Gotik und Renaissance aus, die f\u00fcr Bauwerke der Stadt Hvar aus der Mitte des 15. Jahrhunderts charakteristisch sind.<\/p><\/div><\/div><div class='clear_column'><\/div><div class='content-column one_half'><div style=\"padding-right:6px;\"><p>Registar kulturnih dobara Republike Hrvatske. Broj registra Z-6863<\/p><\/div><\/div><div class='content-column one_half last_column'><div style=\"padding-right:0px;padding-left:6px;\"><p>Register der Kulturg\u00fcter der Republik Kroatien. Registriernummer Z-6863<\/p><\/div><\/div><div class='clear_column'><\/div><\/p>\n<p style=\"text-align: right;\"><span style=\"color: #3366ff;\"><a style=\"color: #3366ff;\" href=\"#seite_oben\">natrag na vrh \/ Seitenanfang<\/a><\/span><\/p>\n<hr \/>\n<p><strong>Linkovi \/ Links<\/strong><\/p>\n<p><span style=\"color: #3366ff;\"><a style=\"color: #3366ff;\" href=\"https:\/\/www.topohvar.at\/topo\/orte\/hv\/hv-tg-78-1\/\">Ku\u0107a \/ Haus \u00bbBracanovi\u0107\u00ab<\/a><\/span><\/p>\n","protected":false},"excerpt":{"rendered":"<p>Ime \/ Name Ku\u0107a \u00bbGoti\u010dka ku\u0107a uz bunar u Grodi\u00ab \/ Gotisches Haus beim Brunnen in Groda Code: HV-TG-72\u00a0 \u00a0 \u00a0 \u00a0 \u00a0 \u00a0 \u00a0 \u00a0 \u00a0 \u00a0 \u00a0 \u00a0 \u00a0 \u00a0 \u00a0 \u00a0 \u00a0 \u00a0\u00a0\u00a0 \u00a0 Adresa \/ Adresse &hellip; <a href=\"https:\/\/www.topohvar.at\/topo\/orte\/hv\/hv-tg-72-1\/\">Weiterlesen <span class=\"meta-nav\">&rarr;<\/span><\/a><\/p>\n","protected":false},"author":1,"featured_media":0,"parent":80,"menu_order":0,"comment_status":"closed","ping_status":"closed","template":"","meta":{"footnotes":""},"class_list":["post-15266","page","type-page","status-publish","hentry"],"_links":{"self":[{"href":"https:\/\/www.topohvar.at\/topo\/wp-json\/wp\/v2\/pages\/15266","targetHints":{"allow":["GET"]}}],"collection":[{"href":"https:\/\/www.topohvar.at\/topo\/wp-json\/wp\/v2\/pages"}],"about":[{"href":"https:\/\/www.topohvar.at\/topo\/wp-json\/wp\/v2\/types\/page"}],"author":[{"embeddable":true,"href":"https:\/\/www.topohvar.at\/topo\/wp-json\/wp\/v2\/users\/1"}],"replies":[{"embeddable":true,"href":"https:\/\/www.topohvar.at\/topo\/wp-json\/wp\/v2\/comments?post=15266"}],"version-history":[{"count":18,"href":"https:\/\/www.topohvar.at\/topo\/wp-json\/wp\/v2\/pages\/15266\/revisions"}],"predecessor-version":[{"id":53724,"href":"https:\/\/www.topohvar.at\/topo\/wp-json\/wp\/v2\/pages\/15266\/revisions\/53724"}],"up":[{"embeddable":true,"href":"https:\/\/www.topohvar.at\/topo\/wp-json\/wp\/v2\/pages\/80"}],"wp:attachment":[{"href":"https:\/\/www.topohvar.at\/topo\/wp-json\/wp\/v2\/media?parent=15266"}],"curies":[{"name":"wp","href":"https:\/\/api.w.org\/{rel}","templated":true}]}}