{"id":15326,"date":"2019-01-05T11:21:59","date_gmt":"2019-01-05T10:21:59","guid":{"rendered":"https:\/\/www.topohvar.at\/?page_id=15326"},"modified":"2024-12-14T17:37:41","modified_gmt":"2024-12-14T16:37:41","slug":"hv-tg-49-1","status":"publish","type":"page","link":"https:\/\/www.topohvar.at\/topo\/orte\/hv\/hv-tg-49-1\/","title":{"rendered":"HVAR &#8211; Ku\u0107a \u00bbNovak\u00ab"},"content":{"rendered":"<p><a name=\"seite_oben\"><\/a><br \/>\n<img loading=\"lazy\" decoding=\"async\" class=\"alignnone wp-image-15163 size-large\" src=\"https:\/\/www.topohvar.at\/wp-content\/uploads\/2019\/01\/HV-TG-49-1-1024x503.jpg\" alt=\"\" width=\"640\" height=\"314\" srcset=\"https:\/\/www.topohvar.at\/wp-content\/uploads\/2019\/01\/HV-TG-49-1-1024x503.jpg 1024w, https:\/\/www.topohvar.at\/wp-content\/uploads\/2019\/01\/HV-TG-49-1-300x147.jpg 300w, https:\/\/www.topohvar.at\/wp-content\/uploads\/2019\/01\/HV-TG-49-1-768x377.jpg 768w, https:\/\/www.topohvar.at\/wp-content\/uploads\/2019\/01\/HV-TG-49-1.jpg 1080w\" sizes=\"auto, (max-width: 640px) 100vw, 640px\" \/><\/p>\n<p><strong>Ime \/ Name<br \/>\n<\/strong>Ku\u0107a \/ Haus \u00bbNovak\u00ab<\/p>\n<p><strong>Code: <\/strong>HV-TG-49\u00a0 \u00a0 \u00a0 \u00a0 \u00a0 \u00a0 \u00a0 \u00a0 \u00a0 \u00a0 \u00a0 \u00a0 \u00a0 \u00a0 \u00a0 \u00a0 \u00a0 \u00a0\u00a0<a href=\"https:\/\/www.topohvar.at\/hv-tg-63-1\/\"><img loading=\"lazy\" decoding=\"async\" class=\"alignnone wp-image-12300 size-full\" src=\"https:\/\/www.topohvar.at\/wp-content\/uploads\/2018\/09\/push-vor-30.jpg\" alt=\"\" width=\"61\" height=\"30\" \/><\/a>\u00a0<strong><a href=\"https:\/\/www.topohvar.at\/orte\/hv\/hv-tg-60-1\/\"><img loading=\"lazy\" decoding=\"async\" class=\"alignnone wp-image-533 size-full\" src=\"https:\/\/www.topohvar.at\/wp-content\/uploads\/2018\/07\/push-l-30.jpg\" alt=\"\" width=\"61\" height=\"30\" \/><\/a> <a href=\"https:\/\/www.topohvar.at\/orte\/hv\/\"><img loading=\"lazy\" decoding=\"async\" class=\"alignnone wp-image-535 size-full\" src=\"https:\/\/www.topohvar.at\/wp-content\/uploads\/2018\/07\/push-o-30.jpg\" alt=\"\" width=\"61\" height=\"30\" \/><\/a> <a href=\"https:\/\/www.topohvar.at\/orte\/hv\/hv-tg-59-1\/\"><img loading=\"lazy\" decoding=\"async\" class=\"alignnone wp-image-536 size-full\" src=\"https:\/\/www.topohvar.at\/wp-content\/uploads\/2018\/07\/push-r-30.jpg\" alt=\"\" width=\"61\" height=\"30\" \/><\/a>\u00a0<a href=\"https:\/\/www.topohvar.at\/hv-tg-80-1\/\"><img loading=\"lazy\" decoding=\"async\" class=\"alignnone wp-image-12299 size-full\" src=\"https:\/\/www.topohvar.at\/wp-content\/uploads\/2018\/09\/push-next-30.jpg\" alt=\"\" width=\"61\" height=\"30\" \/><\/a><\/strong><\/p>\n<hr \/>\n<p><strong>Adresa \/ Adresse<br \/>\n<\/strong>Grad Hvar,Ulica Kroz Burak 1 \/ Ulica Jurja Matijevi\u0107a 15<\/p>\n<p><strong>Lokacija \/ Position<a href=\"https:\/\/goo.gl\/maps\/Xgouk8dTE9PA8yhM7\"><img loading=\"lazy\" decoding=\"async\" class=\"alignright wp-image-16564\" src=\"https:\/\/www.topohvar.at\/wp-content\/uploads\/2019\/01\/0360.jpg\" alt=\"\" width=\"134\" height=\"100\" \/><\/a><br \/>\n<\/strong><span style=\"color: #3366ff;\"><a style=\"color: #3366ff;\" href=\"https:\/\/goo.gl\/maps\/Xgouk8dTE9PA8yhM7\">Latitude: N 43,17190\u00b0\u00a0 \u00a0Longitude: E 16,44168\u00b0<\/a> <\/span><strong><br \/>\n<\/strong>Visina \/ H\u00f6he: 3 m<\/p>\n<p><strong>Katastarska \u010destica<\/strong><strong> \/ Grundst\u00fccke<br \/>\n<\/strong>*213<div class='content-column one_half'><div style=\"padding-right:6px;\"><p><strong>Datum snimanja \/ Erfassungsdatum<br \/>\n<\/strong>25.02.2016 16:08:00<\/p>\n<hr \/>\n<p><strong>Informacije<\/strong><\/p>\n<p>Goti\u010dko-renesansna dvokatnica s altanom na krovu, sagra\u0111ena na prijelazu 15. i 16. stolje\u0107a. Me\u0111u nekoliko najboljih primjera stambene arhitekture u Hvaru.<\/p><\/div><\/div><div class='content-column one_half last_column'><div style=\"padding-right:0px;padding-left:6px;\"><p><strong>Stupanj za\u0161tite<\/strong><strong> \/ Schutzstellung<br \/>\n<\/strong>Z-5153, RST 16<\/p>\n<hr \/>\n<p><strong>Info<\/strong><\/p>\n<p>Das zweist\u00f6ckiges Geb\u00e4ude aus der Zeit der Gotik und Renaissance mit einem Altan auf dem Dach wurde um die Wende vom 15. zum 16. Jahrhundert erbaut. Es z\u00e4hlt zu den besten Beispielen f\u00fcr Wohnarchitektur in Hvar.<\/p><\/div><\/div><div class='clear_column'><\/div><div class='content-column one_half'><div style=\"padding-right:6px;\"><p>Na zapadnom pro\u010delju sa\u010duvani tragovi romani\u010dke ku\u0107e kasnog 13. i po\u010detka 14. stolje\u0107a. Na istom pro\u010delju goti\u010dki otvori zrelog 15. stolje\u0107a. Sjeverno pro\u010delje ure\u0111eno krajem 16. stolje\u0107a. U unutra\u0161njosti su svodovi i kanatna konstrukcija \u0161to je rijedak primjer u stambenoj arhitekturi Hvara.<\/p><\/div><\/div><div class='content-column one_half last_column'><div style=\"padding-right:0px;padding-left:6px;\"><p>An der Westfassade sind Spuren des romanischen Hauses aus dem sp\u00e4ten 13. und fr\u00fchen 14. Jahrhundert erhalten und an derselben Fassade gotische \u00d6ffnungen des sp\u00e4ten 15. Jahrhunderts. Die Nordfassade wurde Ende des 16. Jahrhunderts dekoriert. Im Inneren befinden sich Gew\u00f6lbe und Holzkonstruktionen, die ein seltenes Beispiel in der Wohnarchitektur von Hvar sind.<\/p><\/div><\/div><div class='clear_column'><\/div><div class='content-column one_half'><div style=\"padding-right:6px;\"><p>Prizemlje ku\u0107e namijenjeno je trgovini, o \u010demu svjedo\u010de dva svo\u0111ena prostora s vratima \u201ena koljeno\u201d. Na katu su prostori za stanovanje u karakteristi\u010dnoj dispoziciji prostora sa sredi\u0161njom dvoranom i \u010detiri pokrajnje sobe.<\/p><\/div><\/div><div class='content-column one_half last_column'><div style=\"padding-right:0px;padding-left:6px;\"><p>Das Erdgeschoss des Hauses ist f\u00fcr den Handel bestimmt, wie zwei gew\u00f6lbte R\u00e4ume mit einer &#8222;knief\u00f6rmiger&#8220; T\u00fcr belegen. Im Obergeschoss befinden sich die Wohnr\u00e4ume in der typischen Anordnung mit zentraler Halle und vier Nebenr\u00e4umen.<\/p><\/div><\/div><div class='clear_column'><\/div><div class='content-column one_half'><div style=\"padding-right:6px;\"><p>Iznad ulaznih vrata izvana je neprepoznatljiv grb. Godine 1678., naredila je mleta\u010dka vlada, da se uklone svijavni spomenici, da se otuku (izbri\u0161u) svi natpisi njenihhvalisavih predstavnika u dalmatinskim gradovima, kaoi njihovi kipovi, te okle\u0161u njihovi grbovi. U Dalmaciji je to nai\u0161lo na negodovanje. Stoga je 1691. godine mleta\u010dka vlada ponovila tu naredbu, koji se tada uglavnom izvr\u0161avala.<\/p><\/div><\/div><div class='content-column one_half last_column'><div style=\"padding-right:0px;padding-left:6px;\"><p>\u00dcber der Eingangst\u00fcre befindet sich ein unkenntliches Wappen. Im Jahr 1678 hat die venezianische Regierung befohlen, alle Denkm\u00e4ler zu entfernen, alle Inschriften der edlen Vertreter in den dalmatinischen St\u00e4dten zu l\u00f6schen sowie ihre Statuen zu vernichten und ihre Wappen unkenntlich zu machen. In Dalmatien wurde dies zun\u00e4chst verweigert. Deshalb wiederholte die venezianische Regierung im Jahre 1691 erneut diesen Befehl, der dann gr\u00f6\u00dftenteils auch ausgef\u00fchrt wurde.<\/p><\/div><\/div><div class='clear_column'><\/div><div class='content-column one_third'><div style=\"padding-right:6px;\"><p>Elementi ladanjske arhitekture su altana sa stupovima odrine na krovu ku\u0107e.<\/p><\/div><\/div><div class='content-column one_third'><div style=\"padding-right:6px;\"><p><img loading=\"lazy\" decoding=\"async\" class=\"aligncenter wp-image-29126 size-full\" src=\"https:\/\/www.topohvar.at\/wp-content\/uploads\/2020\/01\/hv-tg-49-10.jpg\" alt=\"\" width=\"205\" height=\"166\" \/><\/p><\/div><\/div><div class='content-column one_third last_column'><div style=\"padding-right:0px;padding-left:6px;\"><p>Elemente l\u00e4ndlicher Architektur sind die Hochterrasse mit den S\u00e4ulen am Dach des Hauses.<\/p><\/div><\/div><div class='clear_column'><\/div><div class='content-column one_half'><div style=\"padding-right:6px;\"><p>Pilo je ugra\u0111eno na prvom katu ku\u0107e, uz ulaz, u prostoru salona. Profilirani kameni slivnik ugra\u0111en je na kamene volute, a pod slivnikom je plo\u010da ukra\u0161ena glavom an\u0111ela s krilima, pod kojim su dvije zavijorene lente.<\/p><\/div><\/div><div class='content-column one_half last_column'><div style=\"padding-right:0px;padding-left:6px;\"><p>Im ersten Stock des Hauses ist beim Eingang in den Salon ein Wandwasserbecken installiert. Das profilierte Steinbecken ist auf Steinvoluten montiert. Unter dem Waschbecken befindet sich eine Platte, die mit dem Kopf eines Engels mit Fl\u00fcgeln verziert ist und unter denen sich zwei gebogene B\u00e4nder zeigen.<\/p><\/div><\/div><div class='clear_column'><\/div><div class='content-column one_half'><div style=\"padding-right:6px;\"><p>Prilikom rekonstrukcije renesansne ku\u0107e provedeno je istra\u017eivanje kada su prona\u0111eni slojevi. U najni\u017eem prona\u0111ena je ve\u0107a koli\u010dina kasnorimske keramike (5.-6. st.), novca i stakla.<\/p><\/div><\/div><div class='content-column one_half last_column'><div style=\"padding-right:0px;padding-left:6px;\"><p>Bei der Rekonstruktion des Renaissancehauses wurde eine Untersuchung durchgef\u00fchrt, bei der Schichten gefunden wurden. In der untersten Schicht wurde eine gr\u00f6\u00dfere Menge sp\u00e4tantiker Keramik (5.-6. Jahrhundert), M\u00fcnzen und Glas gefunden.<\/p><\/div><\/div><div class='clear_column'><\/div><\/p>\n<p style=\"text-align: center;\"><em>(Izvor \/ Quelle: <span style=\"color: #3366ff;\"><a style=\"color: #3366ff;\" href=\"http:\/\/baza.iarh.hr\/public\/locality\/detail\/1743\">Anti\u010dki arheolo\u0161ki lokaliteti RH<\/a><\/span>)<\/em><\/p>\n<hr \/>\n<div class='content-column one_half'><div style=\"padding-right:6px;\"><p>Registar kulturnih dobara Republike Hrvatske br. 01\/2011. Datum tiskanog izdanja: 04. 08. 2011. Broj registra Z-5153<\/p><\/div><\/div><div class='content-column one_half last_column'><div style=\"padding-right:0px;padding-left:6px;\"><p>Register der Kulturg\u00fcter der Republik Kroatien Nr. 01\/2011. Ver\u00f6ffentlichungsdatum: 04. 08. 2011. Registriernummer Z-5153<\/p><\/div><\/div><div class='clear_column'><\/div><\/p>\n<hr \/>\n<div class='content-column one_half'><div style=\"padding-right:6px;\"><p>Godine 2019. postavljena je plo\u010da na pro\u010delju (Kroz Burak 1) u spomen hrvatskom odvjetniku i glazbeniku Ambra Novaka.<\/p><\/div><\/div><div class='content-column one_half last_column'><div style=\"padding-right:0px;padding-left:6px;\"><p>Im Jahr 2019 wurde an der Fassade (Kroz Burak 1) eine Gedenktafel an den kroatischen Anwalt und Musiker\u00a0 Ambro Novak errichtet.<\/p><\/div><\/div><div class='clear_column'><\/div><\/p>\n<p style=\"text-align: right;\"><span style=\"color: #3366ff;\"><a style=\"color: #3366ff;\" href=\"#seite_oben\">natrag na vrh \/ Seitenanfang<\/a><\/span><\/p>\n<hr \/>\n<p><strong>Linkovi \/ Links<\/strong><\/p>\n<p><a href=\"https:\/\/www.topohvar.at\/orte\/hv\/hv-ig-10-1\/\"><span style=\"color: #3366ff;\">Grb \u00bbU ku\u0107i Novaka\u00ab \/ Wappen am Haus Novak<\/span><\/a><br \/>\n<a href=\"https:\/\/www.topohvar.at\/orte\/hv\/hv-ir-44-1\/\"><span style=\"color: #3366ff;\">Reljef \u00bbU ku\u0107i Novaka \/ Relief am Haus Novak<\/span><\/a><a href=\"https:\/\/www.topohvar.at\/orte\/hv\/hv-ir-44-1\/\">\u00ab<\/a><br \/>\n<span style=\"color: #3366ff;\"><a style=\"color: #3366ff;\" href=\"https:\/\/www.topohvar.at\/orte\/hv\/hv-is-50-1\/\">Spomen plo\u010da \/ Gedenktafel \u00bbAmbro Novak\u00ab<\/a><\/span><\/p>\n","protected":false},"excerpt":{"rendered":"<p>Ime \/ Name Ku\u0107a \/ Haus \u00bbNovak\u00ab Code: HV-TG-49\u00a0 \u00a0 \u00a0 \u00a0 \u00a0 \u00a0 \u00a0 \u00a0 \u00a0 \u00a0 \u00a0 \u00a0 \u00a0 \u00a0 \u00a0 \u00a0 \u00a0 \u00a0\u00a0\u00a0 \u00a0 Adresa \/ Adresse Grad Hvar,Ulica Kroz Burak 1 \/ Ulica Jurja Matijevi\u0107a 15 &hellip; <a href=\"https:\/\/www.topohvar.at\/topo\/orte\/hv\/hv-tg-49-1\/\">Weiterlesen <span class=\"meta-nav\">&rarr;<\/span><\/a><\/p>\n","protected":false},"author":1,"featured_media":0,"parent":80,"menu_order":0,"comment_status":"closed","ping_status":"closed","template":"","meta":{"footnotes":""},"class_list":["post-15326","page","type-page","status-publish","hentry"],"_links":{"self":[{"href":"https:\/\/www.topohvar.at\/topo\/wp-json\/wp\/v2\/pages\/15326","targetHints":{"allow":["GET"]}}],"collection":[{"href":"https:\/\/www.topohvar.at\/topo\/wp-json\/wp\/v2\/pages"}],"about":[{"href":"https:\/\/www.topohvar.at\/topo\/wp-json\/wp\/v2\/types\/page"}],"author":[{"embeddable":true,"href":"https:\/\/www.topohvar.at\/topo\/wp-json\/wp\/v2\/users\/1"}],"replies":[{"embeddable":true,"href":"https:\/\/www.topohvar.at\/topo\/wp-json\/wp\/v2\/comments?post=15326"}],"version-history":[{"count":20,"href":"https:\/\/www.topohvar.at\/topo\/wp-json\/wp\/v2\/pages\/15326\/revisions"}],"predecessor-version":[{"id":70689,"href":"https:\/\/www.topohvar.at\/topo\/wp-json\/wp\/v2\/pages\/15326\/revisions\/70689"}],"up":[{"embeddable":true,"href":"https:\/\/www.topohvar.at\/topo\/wp-json\/wp\/v2\/pages\/80"}],"wp:attachment":[{"href":"https:\/\/www.topohvar.at\/topo\/wp-json\/wp\/v2\/media?parent=15326"}],"curies":[{"name":"wp","href":"https:\/\/api.w.org\/{rel}","templated":true}]}}