{"id":15334,"date":"2019-01-05T11:29:37","date_gmt":"2019-01-05T10:29:37","guid":{"rendered":"https:\/\/www.topohvar.at\/?page_id=15334"},"modified":"2021-11-30T15:45:23","modified_gmt":"2021-11-30T14:45:23","slug":"hv-tg-45-1","status":"publish","type":"page","link":"https:\/\/www.topohvar.at\/topo\/orte\/hv\/hv-tg-45-1\/","title":{"rendered":"HVAR &#8211; Ku\u0107a \u00bbStanu\u0161i\u0107-Bibi\u0107\u00ab"},"content":{"rendered":"<p><a name=\"seite_oben\"><\/a><br \/>\n<img loading=\"lazy\" decoding=\"async\" class=\"alignnone wp-image-15159 size-large\" src=\"https:\/\/www.topohvar.at\/wp-content\/uploads\/2019\/01\/HV-TG-45-1-1024x503.jpg\" alt=\"\" width=\"640\" height=\"314\" srcset=\"https:\/\/www.topohvar.at\/wp-content\/uploads\/2019\/01\/HV-TG-45-1-1024x503.jpg 1024w, https:\/\/www.topohvar.at\/wp-content\/uploads\/2019\/01\/HV-TG-45-1-300x147.jpg 300w, https:\/\/www.topohvar.at\/wp-content\/uploads\/2019\/01\/HV-TG-45-1-768x377.jpg 768w, https:\/\/www.topohvar.at\/wp-content\/uploads\/2019\/01\/HV-TG-45-1.jpg 1080w\" sizes=\"auto, (max-width: 640px) 100vw, 640px\" \/><\/p>\n<p><strong>Ime \/ Name<br \/>\n<\/strong>Ku\u0107a \/ Haus \u00bbStanu\u0161i\u0107-Bibi\u0107\u00ab<\/p>\n<p><strong>Code: <\/strong>HV-TG-45\u00a0 \u00a0 \u00a0 \u00a0 \u00a0 \u00a0 \u00a0 \u00a0 \u00a0 \u00a0 \u00a0 \u00a0 \u00a0 \u00a0 \u00a0 \u00a0 \u00a0 \u00a0\u00a0<a href=\"https:\/\/www.topohvar.at\/hv-tg-63-1\/\"><img loading=\"lazy\" decoding=\"async\" class=\"alignnone wp-image-12300 size-full\" src=\"https:\/\/www.topohvar.at\/wp-content\/uploads\/2018\/09\/push-vor-30.jpg\" alt=\"\" width=\"61\" height=\"30\" \/><\/a>\u00a0<strong><a href=\"https:\/\/www.topohvar.at\/orte\/hv\/hv-tg-87-1\/\"><img loading=\"lazy\" decoding=\"async\" class=\"alignnone wp-image-533 size-full\" src=\"https:\/\/www.topohvar.at\/wp-content\/uploads\/2018\/07\/push-l-30.jpg\" alt=\"\" width=\"61\" height=\"30\" \/><\/a> <a href=\"https:\/\/www.topohvar.at\/orte\/hv\/\"><img loading=\"lazy\" decoding=\"async\" class=\"alignnone wp-image-535 size-full\" src=\"https:\/\/www.topohvar.at\/wp-content\/uploads\/2018\/07\/push-o-30.jpg\" alt=\"\" width=\"61\" height=\"30\" \/><\/a> <a href=\"https:\/\/www.topohvar.at\/orte\/hv\/hv-tg-68-1\/\"><img loading=\"lazy\" decoding=\"async\" class=\"alignnone wp-image-536 size-full\" src=\"https:\/\/www.topohvar.at\/wp-content\/uploads\/2018\/07\/push-r-30.jpg\" alt=\"\" width=\"61\" height=\"30\" \/><\/a>\u00a0<a href=\"https:\/\/www.topohvar.at\/hv-tg-80-1\/\"><img loading=\"lazy\" decoding=\"async\" class=\"alignnone wp-image-12299 size-full\" src=\"https:\/\/www.topohvar.at\/wp-content\/uploads\/2018\/09\/push-next-30.jpg\" alt=\"\" width=\"61\" height=\"30\" \/><\/a><\/strong><\/p>\n<hr \/>\n<p><strong>Adresa \/ Adresse<br \/>\n<\/strong>Grad Hvar,\u00a0Ulica Kroz Burak 33, ku\u0107a Stanu\u0161i\u0107-Bibi\u0107<\/p>\n<p><strong>Lokacija \/ Position<a href=\"https:\/\/goo.gl\/maps\/qys23sAvrfZnFjCBA\"><img loading=\"lazy\" decoding=\"async\" class=\"alignright wp-image-16937\" src=\"https:\/\/www.topohvar.at\/wp-content\/uploads\/2019\/01\/0355.jpg\" alt=\"\" width=\"134\" height=\"100\" \/><\/a><br \/>\n<\/strong><span style=\"color: #3366ff;\"><a style=\"color: #3366ff;\" href=\"https:\/\/goo.gl\/maps\/qys23sAvrfZnFjCBA\">Latitude: N 43,17112\u00b0\u00a0 \u00a0Longitude: E 16,44194\u00b0<\/a> <\/span><strong><br \/>\n<\/strong>Visina \/ H\u00f6he: 6 m<\/p>\n<p><strong>Katastarska \u010destica <\/strong><strong>\/ Grundst\u00fccke<br \/>\n<\/strong>*252<div class='content-column one_half'><div style=\"padding-right:6px;\"><p><strong>Datum snimanja \/ Erfassungsdatum<br \/>\n<\/strong>21.02.2017 12:05:00<\/p>\n<hr \/>\n<p><strong>Informacije<\/strong><\/p>\n<p>Renesansna dvokatnica izgra\u0111ena oko 1510. od majstora Stanu\u0161i\u0107a u sredi\u0161njem dijelu Burka, poznata i kao Casa degli angeli. Sjevernim i zapadnim pro\u010deljem otvorena je prema glavnoj ulici predjela. Nadogra\u0111ena tre\u0107im katom u 19. stolje\u0107u. Kvadrati\u010dnog tlocrta, zaklju\u010dena \u010detverovodnim krovom. Isti\u010de se arhitektonskom plastikom. Nad prozorom kata zapadnog pro\u010delja je reljef sa motivom an\u0111ela.<\/p><\/div><\/div><div class='content-column one_half last_column'><div style=\"padding-right:0px;padding-left:6px;\"><p><strong>Stupanj za\u0161tite<\/strong><strong> \/ Schutzstellung<br \/>\n<\/strong>Z-5148, RST 282<\/p>\n<hr \/>\n<p><strong>Info<\/strong><\/p>\n<p>Das zweist\u00f6ckiges Renaissancehaus wurde um 1510 von Meister Stanusic errichtet. Es steht im Zentrum des Ortsteiles Burak und ist auch als &#8222;Haus der Engel&#8220; bekannt. Die Nord- und Westfassaden \u00f6ffnen sich zur Hauptstra\u00dfe. Im 19. Jahrhundert wird ein dritter Stock aufgebaut. Das Haus hat einen quadratischen Grundriss und ein Walmdach. Es zeichnet sich durch seinen architektonischen Plastiken aus. \u00dcber dem Fenster der Westfassade befindet sich ein Relief mit Engelsdarstellungen.<\/p><\/div><\/div><div class='clear_column'><\/div><div class='content-column one_half'><div style=\"padding-right:6px;\"><p>Graviranje na sjeverozapadnom uglu ku\u0107e.<\/p><\/div><\/div><div class='content-column one_half last_column'><div style=\"padding-right:0px;padding-left:6px;\"><p>Gravur an der Nordwestecke des Hauses.<\/p><\/div><\/div><div class='clear_column'><\/div><\/p>\n<p><img loading=\"lazy\" decoding=\"async\" class=\"alignnone size-full wp-image-20562\" src=\"https:\/\/www.topohvar.at\/wp-content\/uploads\/2019\/02\/hv-tg-45-20.jpg\" alt=\"\" width=\"640\" height=\"315\" srcset=\"https:\/\/www.topohvar.at\/wp-content\/uploads\/2019\/02\/hv-tg-45-20.jpg 640w, https:\/\/www.topohvar.at\/wp-content\/uploads\/2019\/02\/hv-tg-45-20-300x148.jpg 300w\" sizes=\"auto, (max-width: 640px) 100vw, 640px\" \/><\/p>\n<div class='content-column one_half'><div style=\"padding-right:6px;\"><p>Registar kulturnih dobara Republike Hrvatske br. 01\/2011. Datum tiskanog izdanja: 04. 08. 2011. Broj registra Z-5148<\/p><\/div><\/div><div class='content-column one_half last_column'><div style=\"padding-right:0px;padding-left:6px;\"><p>Register der Kulturg\u00fcter der Republik Kroatien Nr. 01\/2011. Ver\u00f6ffentlichungsdatum: 04. 08. 2011. Registriernummer Z-5148<\/p><\/div><\/div><div class='clear_column'><\/div><\/p>\n<p style=\"text-align: right;\"><span style=\"color: #3366ff;\"><a style=\"color: #3366ff;\" href=\"#seite_oben\">natrag na vrh \/ Seitenanfang<\/a><\/span><\/p>\n<hr \/>\n<p><strong>Linkovi \/ Links<\/strong><\/p>\n<p><span style=\"color: #3366ff;\"><a style=\"color: #3366ff;\" href=\"https:\/\/www.topohvar.at\/orte\/hv\/hv-ir-33-1\/\">Reljef \u00bbNa ku\u0107u Stanu\u0161i\u0107-Bibi\u0107\u00ab \/ Relief am Haus Stanu\u0161i\u0107-Bibi\u0107<\/a><\/span><\/p>\n","protected":false},"excerpt":{"rendered":"<p>Ime \/ Name Ku\u0107a \/ Haus \u00bbStanu\u0161i\u0107-Bibi\u0107\u00ab Code: HV-TG-45\u00a0 \u00a0 \u00a0 \u00a0 \u00a0 \u00a0 \u00a0 \u00a0 \u00a0 \u00a0 \u00a0 \u00a0 \u00a0 \u00a0 \u00a0 \u00a0 \u00a0 \u00a0\u00a0\u00a0 \u00a0 Adresa \/ Adresse Grad Hvar,\u00a0Ulica Kroz Burak 33, ku\u0107a Stanu\u0161i\u0107-Bibi\u0107 Lokacija \/ Position &hellip; <a href=\"https:\/\/www.topohvar.at\/topo\/orte\/hv\/hv-tg-45-1\/\">Weiterlesen <span class=\"meta-nav\">&rarr;<\/span><\/a><\/p>\n","protected":false},"author":1,"featured_media":0,"parent":80,"menu_order":0,"comment_status":"closed","ping_status":"closed","template":"","meta":{"footnotes":""},"class_list":["post-15334","page","type-page","status-publish","hentry"],"_links":{"self":[{"href":"https:\/\/www.topohvar.at\/topo\/wp-json\/wp\/v2\/pages\/15334","targetHints":{"allow":["GET"]}}],"collection":[{"href":"https:\/\/www.topohvar.at\/topo\/wp-json\/wp\/v2\/pages"}],"about":[{"href":"https:\/\/www.topohvar.at\/topo\/wp-json\/wp\/v2\/types\/page"}],"author":[{"embeddable":true,"href":"https:\/\/www.topohvar.at\/topo\/wp-json\/wp\/v2\/users\/1"}],"replies":[{"embeddable":true,"href":"https:\/\/www.topohvar.at\/topo\/wp-json\/wp\/v2\/comments?post=15334"}],"version-history":[{"count":12,"href":"https:\/\/www.topohvar.at\/topo\/wp-json\/wp\/v2\/pages\/15334\/revisions"}],"predecessor-version":[{"id":53791,"href":"https:\/\/www.topohvar.at\/topo\/wp-json\/wp\/v2\/pages\/15334\/revisions\/53791"}],"up":[{"embeddable":true,"href":"https:\/\/www.topohvar.at\/topo\/wp-json\/wp\/v2\/pages\/80"}],"wp:attachment":[{"href":"https:\/\/www.topohvar.at\/topo\/wp-json\/wp\/v2\/media?parent=15334"}],"curies":[{"name":"wp","href":"https:\/\/api.w.org\/{rel}","templated":true}]}}