{"id":1534,"date":"2018-07-30T12:40:13","date_gmt":"2018-07-30T10:40:13","guid":{"rendered":"https:\/\/www.topohvar.at\/?page_id=1534"},"modified":"2024-09-05T16:52:22","modified_gmt":"2024-09-05T14:52:22","slug":"do-cp-02-2","status":"publish","type":"page","link":"https:\/\/www.topohvar.at\/topo\/orte\/do\/do-cp-02-2\/","title":{"rendered":"DOL &#8211; Kapela \u00bbSv. Josipa\u00ab"},"content":{"rendered":"<p><a name=\"seite_oben\"><\/a><img loading=\"lazy\" decoding=\"async\" class=\"alignnone wp-image-1537 size-large\" src=\"https:\/\/www.topohvar.at\/wp-content\/uploads\/2018\/07\/DO-CP-02-1-1024x503.jpg\" alt=\"\" width=\"640\" height=\"314\" srcset=\"https:\/\/www.topohvar.at\/wp-content\/uploads\/2018\/07\/DO-CP-02-1-1024x503.jpg 1024w, https:\/\/www.topohvar.at\/wp-content\/uploads\/2018\/07\/DO-CP-02-1-300x147.jpg 300w, https:\/\/www.topohvar.at\/wp-content\/uploads\/2018\/07\/DO-CP-02-1-768x377.jpg 768w\" sizes=\"auto, (max-width: 640px) 100vw, 640px\" \/><\/p>\n<p><strong>Ime \/ Name<br \/>\n<\/strong>Kapela \u00bbSv. Josipe\u00ab \/ Kapelle zum hl. Josef<\/p>\n<p><strong>Code: <\/strong>DO-CP-02\u00a0 \u00a0 \u00a0 \u00a0 \u00a0 \u00a0 \u00a0 \u00a0 \u00a0 \u00a0 \u00a0 \u00a0 \u00a0 \u00a0 \u00a0 \u00a0 \u00a0 \u00a0 \u00a0 \u00a0 \u00a0 \u00a0 \u00a0\u00a0<strong><a href=\"https:\/\/www.topohvar.at\/orte\/do\/do-cp-01-2\/\"><img loading=\"lazy\" decoding=\"async\" class=\"alignnone wp-image-533 size-full\" src=\"https:\/\/www.topohvar.at\/wp-content\/uploads\/2018\/07\/push-l-30.jpg\" alt=\"\" width=\"61\" height=\"30\" \/><\/a> <a href=\"https:\/\/www.topohvar.at\/orte\/do\/\"><img loading=\"lazy\" decoding=\"async\" class=\"alignnone wp-image-535 size-full\" src=\"https:\/\/www.topohvar.at\/wp-content\/uploads\/2018\/07\/push-o-30.jpg\" alt=\"\" width=\"61\" height=\"30\" \/><\/a>\u00a0<\/strong><\/p>\n<hr \/>\n<p><strong>Adresa \/ Adresse<br \/>\n<\/strong>Dol &#8211; Sv. Ane<\/p>\n<p><strong>Lokalna polo\u017eaj \/ Position<a href=\"https:\/\/goo.gl\/maps\/SyndyNh8j9Ff6CyPA\"><img loading=\"lazy\" decoding=\"async\" class=\"alignright wp-image-1540\" src=\"https:\/\/www.topohvar.at\/wp-content\/uploads\/2018\/07\/0072.jpg\" alt=\"\" width=\"134\" height=\"100\" \/><\/a><br \/>\n<\/strong><span style=\"color: #3366ff;\"><a style=\"color: #3366ff;\" href=\"https:\/\/goo.gl\/maps\/SyndyNh8j9Ff6CyPA\">Latitude: N 43,16926\u00b0\u00a0 \u00a0Longitude: E 16,62213\u00b0<\/a> <\/span><strong><br \/>\n<\/strong>Visina \/ H\u00f6he: 78 m<\/p>\n<p><strong>Zemlji\u0161te \/ Grundst\u00fccke<br \/>\n<\/strong>*197<div class='content-column one_half'><div style=\"padding-right:6px;\"><p><strong>Datum snimanja \/ Erfassungsdatum<br \/>\n<\/strong>12.05.2013 10:42:57<\/p>\n<hr \/>\n<p><strong>Informacije<\/strong><\/p>\n<p>Izgra\u0111en 1809. godine, obnovljen 1892. i 2002. godine. Stara kapela sv. Josipa u Dolu u predjelu zvanom Dol sv. Ane, koja je i jedina na tom otoku posve\u0107ena svetom za\u0161titniku obitelji i Hrvatske, ovih je 2004. g. nakon dvije godine obnove zablistala u novom ruhu. Iznos od sto tisu\u0107a kuna, potrebnih za za\u0161titu i popravak ve\u0107 ru\u0161evne kapelice, dar su poznatog starigradskog poduzetnika Mate Miji\u0107a i nekolicine dobrotvora, dok su radovi izvedeni zahvaljuju\u0107i dragovoljnom radu \u017eupljana.<\/p><\/div><\/div><div class='content-column one_half last_column'><div style=\"padding-right:0px;padding-left:6px;\"><p><strong>Za\u0161titni polo\u017eaj \/ Schutzstellung<br \/>\n<\/strong>&#8211;<\/p>\n<hr \/>\n<p><strong>Info<\/strong><\/p>\n<p>Erbaut im Jahr 1809, renoviert in den Jahren 1892 und 2002. Die alte Kapelle des hl. Josef in Dol sv. Ana, die als einzige auf der Insel dem Besch\u00fctzer der heiligen Familie und Kroatiens gewidmet ist, erstrahlt im Jahr 2004 nach zweij\u00e4hriger Renovierung in neuem Gewand. Der Betrag von einhunderttausend Kuna, der f\u00fcr den Schutz und die Reparatur der bereits verfallenen Kapelle ben\u00f6tigt war, ist ein Geschenk des bekannten Stari Grader Unternehmers Mate Miji\u0107 und mehrerer Wohlt\u00e4ter. Die Arbeit wurde dank der freiwilligen Arbeit der Gemeindemitglieder durchgef\u00fchrt.<\/p><\/div><\/div><div class='clear_column'><\/div><\/p>\n<p style=\"text-align: center;\"><em>(Izvor: \/ Quelle: <span style=\"color: #3366ff;\"><a style=\"color: #3366ff;\" href=\"https:\/\/ika.hkm.hr\/novosti\/stara-dolska-kapelica-sv-josipa-na-hvaru-u-novom-ruhu\/\">Informativna Katoli\u010dka Agencija<\/a><\/span>)<\/em><\/p>\n<p style=\"text-align: right;\"><span style=\"color: #3366ff;\"><a style=\"color: #3366ff;\" href=\"#seite_oben\">natrag na vrh \/ Seitenanfang<\/a><\/span><\/p>\n<hr \/>\n<p><strong>Linkovi \/ Links<\/strong><\/p>\n<p>&#8211;<\/p>\n","protected":false},"excerpt":{"rendered":"<p>Ime \/ Name Kapela \u00bbSv. Josipe\u00ab \/ Kapelle zum hl. Josef Code: DO-CP-02\u00a0 \u00a0 \u00a0 \u00a0 \u00a0 \u00a0 \u00a0 \u00a0 \u00a0 \u00a0 \u00a0 \u00a0 \u00a0 \u00a0 \u00a0 \u00a0 \u00a0 \u00a0 \u00a0 \u00a0 \u00a0 \u00a0 \u00a0\u00a0 \u00a0 Adresa \/ Adresse Dol &hellip; <a href=\"https:\/\/www.topohvar.at\/topo\/orte\/do\/do-cp-02-2\/\">Weiterlesen <span class=\"meta-nav\">&rarr;<\/span><\/a><\/p>\n","protected":false},"author":1,"featured_media":0,"parent":68,"menu_order":0,"comment_status":"closed","ping_status":"closed","template":"","meta":{"footnotes":""},"class_list":["post-1534","page","type-page","status-publish","hentry"],"_links":{"self":[{"href":"https:\/\/www.topohvar.at\/topo\/wp-json\/wp\/v2\/pages\/1534","targetHints":{"allow":["GET"]}}],"collection":[{"href":"https:\/\/www.topohvar.at\/topo\/wp-json\/wp\/v2\/pages"}],"about":[{"href":"https:\/\/www.topohvar.at\/topo\/wp-json\/wp\/v2\/types\/page"}],"author":[{"embeddable":true,"href":"https:\/\/www.topohvar.at\/topo\/wp-json\/wp\/v2\/users\/1"}],"replies":[{"embeddable":true,"href":"https:\/\/www.topohvar.at\/topo\/wp-json\/wp\/v2\/comments?post=1534"}],"version-history":[{"count":12,"href":"https:\/\/www.topohvar.at\/topo\/wp-json\/wp\/v2\/pages\/1534\/revisions"}],"predecessor-version":[{"id":69561,"href":"https:\/\/www.topohvar.at\/topo\/wp-json\/wp\/v2\/pages\/1534\/revisions\/69561"}],"up":[{"embeddable":true,"href":"https:\/\/www.topohvar.at\/topo\/wp-json\/wp\/v2\/pages\/68"}],"wp:attachment":[{"href":"https:\/\/www.topohvar.at\/topo\/wp-json\/wp\/v2\/media?parent=1534"}],"curies":[{"name":"wp","href":"https:\/\/api.w.org\/{rel}","templated":true}]}}