{"id":15348,"date":"2019-01-05T11:39:51","date_gmt":"2019-01-05T10:39:51","guid":{"rendered":"https:\/\/www.topohvar.at\/?page_id=15348"},"modified":"2024-06-10T17:35:55","modified_gmt":"2024-06-10T15:35:55","slug":"hv-tg-28-1","status":"publish","type":"page","link":"https:\/\/www.topohvar.at\/topo\/orte\/hv\/hv-tg-28-1\/","title":{"rendered":"HVAR &#8211; Ku\u0107a \u00bbJak\u0161i\u0107 (danas Samostan K\u0107eri Bo\u017eje ljubav)\u00ab"},"content":{"rendered":"<p><a name=\"seite_oben\"><\/a><br \/>\n<img loading=\"lazy\" decoding=\"async\" class=\"alignnone wp-image-15142 size-large\" src=\"https:\/\/www.topohvar.at\/wp-content\/uploads\/2019\/01\/HV-TG-28-1-1024x503.jpg\" alt=\"\" width=\"640\" height=\"314\" srcset=\"https:\/\/www.topohvar.at\/wp-content\/uploads\/2019\/01\/HV-TG-28-1-1024x503.jpg 1024w, https:\/\/www.topohvar.at\/wp-content\/uploads\/2019\/01\/HV-TG-28-1-300x147.jpg 300w, https:\/\/www.topohvar.at\/wp-content\/uploads\/2019\/01\/HV-TG-28-1-768x377.jpg 768w, https:\/\/www.topohvar.at\/wp-content\/uploads\/2019\/01\/HV-TG-28-1.jpg 1080w\" sizes=\"auto, (max-width: 640px) 100vw, 640px\" \/><\/p>\n<p><strong>Ime \/ Name<br \/>\n<\/strong>Ku\u0107a \u00bbJak\u0161i\u0107 (danas Samostan K\u0107eri Bo\u017eje ljubav)\u00ab \/\u00a0Haus Jak\u0161i\u0107 (heute Koloster der T\u00f6chter der g\u00f6ttlichen Liebe)<\/p>\n<p><strong>Code: <\/strong>HV-TG-28\u00a0 \u00a0 \u00a0 \u00a0 \u00a0 \u00a0 \u00a0 \u00a0 \u00a0 \u00a0 \u00a0 \u00a0 \u00a0 \u00a0 \u00a0 \u00a0 \u00a0 \u00a0\u00a0<a href=\"https:\/\/www.topohvar.at\/hv-tg-63-1\/\"><img loading=\"lazy\" decoding=\"async\" class=\"alignnone wp-image-12300 size-full\" src=\"https:\/\/www.topohvar.at\/wp-content\/uploads\/2018\/09\/push-vor-30.jpg\" alt=\"\" width=\"61\" height=\"30\" \/><\/a>\u00a0<strong><a href=\"https:\/\/www.topohvar.at\/orte\/hv\/hv-tg-09-1\/\"><img loading=\"lazy\" decoding=\"async\" class=\"alignnone wp-image-533 size-full\" src=\"https:\/\/www.topohvar.at\/wp-content\/uploads\/2018\/07\/push-l-30.jpg\" alt=\"\" width=\"61\" height=\"30\" \/><\/a> <a href=\"https:\/\/www.topohvar.at\/orte\/hv\/\"><img loading=\"lazy\" decoding=\"async\" class=\"alignnone wp-image-535 size-full\" src=\"https:\/\/www.topohvar.at\/wp-content\/uploads\/2018\/07\/push-o-30.jpg\" alt=\"\" width=\"61\" height=\"30\" \/><\/a> <a href=\"https:\/\/www.topohvar.at\/orte\/hv\/hv-tg-27-1\/\"><img loading=\"lazy\" decoding=\"async\" class=\"alignnone wp-image-536 size-full\" src=\"https:\/\/www.topohvar.at\/wp-content\/uploads\/2018\/07\/push-r-30.jpg\" alt=\"\" width=\"61\" height=\"30\" \/><\/a>\u00a0<a href=\"https:\/\/www.topohvar.at\/hv-tg-80-1\/\"><img loading=\"lazy\" decoding=\"async\" class=\"alignnone wp-image-12299 size-full\" src=\"https:\/\/www.topohvar.at\/wp-content\/uploads\/2018\/09\/push-next-30.jpg\" alt=\"\" width=\"61\" height=\"30\" \/><\/a><\/strong><\/p>\n<hr \/>\n<p><strong>Adresa \/ Adresse<br \/>\n<\/strong>Grad Hvar,\u00a0Ulica Kroz Grodu 7<\/p>\n<p><strong>Lokacija \/ Position<a href=\"https:\/\/goo.gl\/maps\/PCXjYrTk4E8VaRYF8\"><img loading=\"lazy\" decoding=\"async\" class=\"alignright wp-image-15592\" src=\"https:\/\/www.topohvar.at\/wp-content\/uploads\/2019\/01\/0338.jpg\" alt=\"\" width=\"134\" height=\"100\" \/><\/a><br \/>\n<\/strong><span style=\"color: #3366ff;\"><a style=\"color: #3366ff;\" href=\"https:\/\/goo.gl\/maps\/PCXjYrTk4E8VaRYF8\">Latitude: N 43,17278\u00b0\u00a0 \u00a0Longitude: E 16,44209\u00b0<\/a> <\/span><strong><br \/>\n<\/strong>Visina \/ H\u00f6he: 7 m<\/p>\n<p><strong>Katastarska \u010destica <\/strong><strong>\/ Grundst\u00fccke<br \/>\n<\/strong>*77<div class='content-column one_half'><div style=\"padding-right:6px;\"><p><strong>Datum snimanja \/ Erfassungsdatum<br \/>\n<\/strong>16.02.2015 11:00:22<\/p>\n<hr \/>\n<p><strong>Informacije<\/strong><\/p>\n<p>Ku\u0107a s goti\u010dkim fasadnih elemenata<\/p>\n<p>Po grbu i inicijalima znamo da je bila podignula od patricijske obitelji Jak\u0161i\u0107 u 15. st. <em>(J. Kova\u010di\u0107)<\/em>. U 18. je st. pripadala Lupijevima<\/p><\/div><\/div><div class='content-column one_half last_column'><div style=\"padding-right:0px;padding-left:6px;\"><p><strong>Stupanj za\u0161tite<\/strong><strong> \/ Schutzstellung<br \/>\n<\/strong>Z-6641<\/p>\n<hr \/>\n<p><strong>Info<\/strong><\/p>\n<p>Haus mit gotischen Fassadenelementen<\/p>\n<p>Auf Grund eines Wappens und der Initialen wissen wir, dass es durch die Patrizierfamilie Jak\u0161i\u0107 im 15. Jahrhundert errichtet wurde <em>(J. Kova\u010di\u0107)<\/em>. Im 18. Jahrhundert geh\u00f6rte es den Lupi.<\/p><\/div><\/div><div class='clear_column'><\/div><div class='content-column one_half'><div style=\"padding-right:6px;\"><p>Danas samostan K\u0107eri Bo\u017eje ljubavi<\/p>\n<p>Ku\u0107a u kojoj je danas samostan je goti\u010dka, a nad ulazom je grb obitelji Ze\u010di\u0107 (Leporini) iz 1624. g.; kasnije je bila uvlasni\u0161tvu obitelji Zudenigo, koja ju je 1909. ostavila Kaptolu. Izme\u0111u dva rata tu su stanovali kanonik Stipe Mili\u010di\u0107 i orgulja\u0161 Josip &#8211; Bepin Coli\u0107. Redovnice K\u0107eri Bo\u017eje ljubavi tu su uselile dolaskom u Hvar 1948. godine.<\/p><\/div><\/div><div class='content-column one_half last_column'><div style=\"padding-right:0px;padding-left:6px;\"><p>Heute Kloster der T\u00f6chter der G\u00f6ttlichen Liebe<\/p>\n<p>Das Haus, in dem sich heute das Kloster befindet, ist gotisch. \u00dcber dem Eingang befindet sich das Wappen der Familie Ze\u010di\u0107 (Leporini) aus dem Jahr 1624. Sp\u00e4ter geh\u00f6rte es der Familie Zudenigo, die 1909 Kaptol verlie\u00df. Zwischen den beiden Kriegen waren hier die Wohnungen der Kanoniker Stipe Mili\u010di\u0107 und des Organisten Josip &#8211; Bepin Coli\u0107. Der Orden der T\u00f6chter der Liebe Gottes zogen im Jahr 1948 nach Hvar.<\/p><\/div><\/div><div class='clear_column'><\/div><\/p>\n<p style=\"text-align: right;\"><span style=\"color: #3366ff;\"><a style=\"color: #3366ff;\" href=\"#seite_oben\">natrag na vrh \/ Seitenanfang<\/a><\/span><\/p>\n<p style=\"text-align: center;\"><em>(Kruvenica br. 24)<\/em><\/p>\n<hr \/>\n<p><strong>Linkovi \/ Links<\/strong><\/p>\n<p><span style=\"color: #3366ff;\"><a style=\"color: #3366ff;\" href=\"https:\/\/www.topohvar.at\/orte\/hv\/hv-ca-07-1\/\">Samostan \u00bbK\u0107eri Bo\u017eje ljubav (biv\u0161a ku\u0107a Jak\u0161i\u0107)\u00ab \/ Kloster der T\u00f6chter der g\u00f6ttlichen Liebe (ehemals Haus Jak\u0161i\u0107)<\/a>\u00a0<\/span><br \/>\n<span style=\"color: #3366ff;\"><a style=\"color: #3366ff;\" href=\"https:\/\/www.topohvar.at\/orte\/hv\/hv-ig-06-1\/\">Grb \/ Wappen \u00bbAn\u0111elina Matijeva Ze\u010di\u0107a\u00ab<\/a><\/span><br \/>\n<span style=\"color: #3366ff;\"><a style=\"color: #3366ff;\" href=\"https:\/\/www.topohvar.at\/topo\/orte\/hv\/hv-op-00-0\/#op-12\">Gustirna \u00bbu samostan K\u0107eri Bo\u017eje ljubavi\u00ab \/ Brunnen im Kloster der T\u00f6chter der g\u00f6ttlichen Liebe)<\/a>\u00a0<\/span><\/p>\n","protected":false},"excerpt":{"rendered":"<p>Ime \/ Name Ku\u0107a \u00bbJak\u0161i\u0107 (danas Samostan K\u0107eri Bo\u017eje ljubav)\u00ab \/\u00a0Haus Jak\u0161i\u0107 (heute Koloster der T\u00f6chter der g\u00f6ttlichen Liebe) Code: HV-TG-28\u00a0 \u00a0 \u00a0 \u00a0 \u00a0 \u00a0 \u00a0 \u00a0 \u00a0 \u00a0 \u00a0 \u00a0 \u00a0 \u00a0 \u00a0 \u00a0 \u00a0 \u00a0\u00a0\u00a0 \u00a0 Adresa &hellip; <a href=\"https:\/\/www.topohvar.at\/topo\/orte\/hv\/hv-tg-28-1\/\">Weiterlesen <span class=\"meta-nav\">&rarr;<\/span><\/a><\/p>\n","protected":false},"author":1,"featured_media":0,"parent":80,"menu_order":0,"comment_status":"closed","ping_status":"closed","template":"","meta":{"footnotes":""},"class_list":["post-15348","page","type-page","status-publish","hentry"],"_links":{"self":[{"href":"https:\/\/www.topohvar.at\/topo\/wp-json\/wp\/v2\/pages\/15348","targetHints":{"allow":["GET"]}}],"collection":[{"href":"https:\/\/www.topohvar.at\/topo\/wp-json\/wp\/v2\/pages"}],"about":[{"href":"https:\/\/www.topohvar.at\/topo\/wp-json\/wp\/v2\/types\/page"}],"author":[{"embeddable":true,"href":"https:\/\/www.topohvar.at\/topo\/wp-json\/wp\/v2\/users\/1"}],"replies":[{"embeddable":true,"href":"https:\/\/www.topohvar.at\/topo\/wp-json\/wp\/v2\/comments?post=15348"}],"version-history":[{"count":11,"href":"https:\/\/www.topohvar.at\/topo\/wp-json\/wp\/v2\/pages\/15348\/revisions"}],"predecessor-version":[{"id":68494,"href":"https:\/\/www.topohvar.at\/topo\/wp-json\/wp\/v2\/pages\/15348\/revisions\/68494"}],"up":[{"embeddable":true,"href":"https:\/\/www.topohvar.at\/topo\/wp-json\/wp\/v2\/pages\/80"}],"wp:attachment":[{"href":"https:\/\/www.topohvar.at\/topo\/wp-json\/wp\/v2\/media?parent=15348"}],"curies":[{"name":"wp","href":"https:\/\/api.w.org\/{rel}","templated":true}]}}