{"id":15360,"date":"2019-01-05T11:48:32","date_gmt":"2019-01-05T10:48:32","guid":{"rendered":"https:\/\/www.topohvar.at\/?page_id=15360"},"modified":"2021-11-30T15:59:18","modified_gmt":"2021-11-30T14:59:18","slug":"hv-tg-33-1","status":"publish","type":"page","link":"https:\/\/www.topohvar.at\/topo\/orte\/hv\/hv-tg-33-1\/","title":{"rendered":"HVAR &#8211; Ku\u0107a \u00bbDoman\u010di\u0107\u00ab"},"content":{"rendered":"<p><a name=\"seite_oben\"><\/a><br \/>\n<img loading=\"lazy\" decoding=\"async\" class=\"alignnone wp-image-15147 size-large\" src=\"https:\/\/www.topohvar.at\/wp-content\/uploads\/2019\/01\/HV-TG-33-1-1024x503.jpg\" alt=\"\" width=\"640\" height=\"314\" srcset=\"https:\/\/www.topohvar.at\/wp-content\/uploads\/2019\/01\/HV-TG-33-1-1024x503.jpg 1024w, https:\/\/www.topohvar.at\/wp-content\/uploads\/2019\/01\/HV-TG-33-1-300x147.jpg 300w, https:\/\/www.topohvar.at\/wp-content\/uploads\/2019\/01\/HV-TG-33-1-768x377.jpg 768w, https:\/\/www.topohvar.at\/wp-content\/uploads\/2019\/01\/HV-TG-33-1.jpg 1080w\" sizes=\"auto, (max-width: 640px) 100vw, 640px\" \/><\/p>\n<p><strong>Ime \/ Name<br \/>\n<\/strong>Ku\u0107a \/ Haus \u00bbDoman\u010di\u0107\u00ab<\/p>\n<p><strong>Code: <\/strong>HV-TG-33\u00a0 \u00a0 \u00a0 \u00a0 \u00a0 \u00a0 \u00a0 \u00a0 \u00a0 \u00a0 \u00a0 \u00a0 \u00a0 \u00a0 \u00a0 \u00a0 \u00a0 \u00a0\u00a0<a href=\"https:\/\/www.topohvar.at\/hv-tg-63-1\/\"><img loading=\"lazy\" decoding=\"async\" class=\"alignnone wp-image-12300 size-full\" src=\"https:\/\/www.topohvar.at\/wp-content\/uploads\/2018\/09\/push-vor-30.jpg\" alt=\"\" width=\"61\" height=\"30\" \/><\/a>\u00a0<strong><a href=\"https:\/\/www.topohvar.at\/orte\/hv\/hv-tg-32-1\/\"><img loading=\"lazy\" decoding=\"async\" class=\"alignnone wp-image-533 size-full\" src=\"https:\/\/www.topohvar.at\/wp-content\/uploads\/2018\/07\/push-l-30.jpg\" alt=\"\" width=\"61\" height=\"30\" \/><\/a> <a href=\"https:\/\/www.topohvar.at\/orte\/hv\/\"><img loading=\"lazy\" decoding=\"async\" class=\"alignnone wp-image-535 size-full\" src=\"https:\/\/www.topohvar.at\/wp-content\/uploads\/2018\/07\/push-o-30.jpg\" alt=\"\" width=\"61\" height=\"30\" \/><\/a> <a href=\"https:\/\/www.topohvar.at\/orte\/hv\/hv-tg-34-1\/\"><img loading=\"lazy\" decoding=\"async\" class=\"alignnone wp-image-536 size-full\" src=\"https:\/\/www.topohvar.at\/wp-content\/uploads\/2018\/07\/push-r-30.jpg\" alt=\"\" width=\"61\" height=\"30\" \/><\/a>\u00a0<a href=\"https:\/\/www.topohvar.at\/hv-tg-80-1\/\"><img loading=\"lazy\" decoding=\"async\" class=\"alignnone wp-image-12299 size-full\" src=\"https:\/\/www.topohvar.at\/wp-content\/uploads\/2018\/09\/push-next-30.jpg\" alt=\"\" width=\"61\" height=\"30\" \/><\/a><\/strong><\/p>\n<hr \/>\n<p><strong>Adresa \/ Adresse<br \/>\n<\/strong>Grad Hvar,\u00a0Ulica Marije Mari\u010di\u0107 9<\/p>\n<p><strong>Lokacija \/ Position<a href=\"https:\/\/goo.gl\/maps\/MinsupbeM1jMxzSo9\"><img loading=\"lazy\" decoding=\"async\" class=\"alignright wp-image-17827\" src=\"https:\/\/www.topohvar.at\/wp-content\/uploads\/2019\/01\/0343.jpg\" alt=\"\" width=\"134\" height=\"100\" \/><\/a><br \/>\n<\/strong><span style=\"color: #3366ff;\"><a style=\"color: #3366ff;\" href=\"https:\/\/goo.gl\/maps\/MinsupbeM1jMxzSo9\">Latitude: N 43,17292\u00b0\u00a0 \u00a0Longitude: E 16,44246\u00b0<\/a> <\/span><strong><br \/>\n<\/strong>Visina \/ H\u00f6he: 15 m<\/p>\n<p><strong>Katastarska \u010destica <\/strong><strong>\/ Grundst\u00fccke<br \/>\n<\/strong>*96<div class='content-column one_half'><div style=\"padding-right:6px;\"><p><strong>Datum snimanja \/ Erfassungsdatum<br \/>\n<\/strong>16.02.2015 10:44:18<\/p>\n<hr \/>\n<p><strong>Informacije<\/strong><\/p>\n<p>Goti\u010dka dvokatna uglovnica izgra\u0111ena u XV. stolje\u0107u u Grodi. Jedna je od rijetkih manjih ku\u0107a 15. stolje\u0107a \u010dija je unutra\u0161njost sa\u010duvana. U prizemlju ima uska vrata za ulaz u stambeni dio ku\u0107e na katu i velika gospodarska vrata za pristup vinskom podrumu.<\/p><\/div><\/div><div class='content-column one_half last_column'><div style=\"padding-right:0px;padding-left:6px;\"><p><strong>Stupanj za\u0161tite<\/strong><strong>\u00a0\/ Schutzstellung<br \/>\n<\/strong>Z-6674, RST 601-1971<strong><br \/>\n<\/strong><\/p>\n<hr \/>\n<p><strong>Info<\/strong><\/p>\n<p>Das gotische zweist\u00f6ckige Eckhaus aus dem Jahr 15. Jahrhundert befindet sich in Groda. Es ist eines der wenigen kleineren H\u00e4user des 15. Jahrhunderts, dessen Inneres erhalten ist. Das Erdgeschoss hat eine schmale T\u00fcr um in den Wohnbereich im Obergeschoss zu gelangen, und eine gro\u00dfe Au\u00dfent\u00fcr, um in den Weinkeller zu gelangen.<\/p><\/div><\/div><div class='clear_column'><\/div><div class='content-column one_half'><div style=\"padding-right:6px;\"><p>Glavno ju\u017eno pro\u010delje s biforom na katu je otvoreno ulici \u010dime je nagla\u0161en piano nobile. Otvori glavnog pro\u010delja su asimetri\u010dno komponirani.<\/p><\/div><\/div><div class='content-column one_half last_column'><div style=\"padding-right:0px;padding-left:6px;\"><p>Die s\u00fcdliche Hauptfassade mit einer Bifora im Obergeschoss ist zur Stra\u00dfe hin offen. Auf diese Weise wird die &#8222;Noble Etage&#8220; (Piano Nobile) betont. Die \u00d6ffnungen der Hauptfassade sind asymmetrisch angeordnet.<\/p><\/div><\/div><div class='clear_column'><\/div><div class='content-column one_half'><div style=\"padding-right:6px;\"><p>Na prvom katu, u prostoru dnevnoga prostora ukra\u0161ena biforom, uz zapadni zid izvorno su ugra\u0111eni komin i pilo. Do danas se sa\u010duvalo samo pilo, koje se sastoji od kamenoga slivnika i dviju ni\u0161a pravokutnog oblikovanja, koje oblikuju kameni pragovi bez stilskih odlika. S obzirom na bogato ra\u0161\u010dlanjeno pro\u010delje s elementima goti\u010dke kamene plastike, kao i na sa\u010duvan niz goti\u010dkih kamenih konzola koje nose me\u0111ukatnu konstrukciju, iznena\u0111uje utilitarnost pila i oblikovanje bez stilskih odlika.<\/p><\/div><\/div><div class='content-column one_half last_column'><div style=\"padding-right:0px;padding-left:6px;\"><p>Im ersten Stock ist das Wohnzimmer mit einer Bifore geschm\u00fcckt. Entlang der Westwand befanden sich urspr\u00fcnglich ein Kamin und ein Wandwasserbecken. Bis heute ist nur das Wasserbecken erhalten geblieben, das aus einem Steinbecken und zwei rechteckigen Nischen besteht, die aus Steinschwellen ohne Stilmerkmale gefertigt sind. Angesichts der reichen Fassade mit ihren gotischen Steinplastiken sowie der erhaltenen Reihe gotischer Steinkonsolen, die zwischen den Gescho\u00dfen die Baustruktur tragen, ist die Gestaltung des Wandbeckens ohne Stilmerkmale \u00fcberraschend.<\/p><\/div><\/div><div class='clear_column'><\/div><div class='content-column one_half'><div style=\"padding-right:6px;\"><p>Registar kulturnih dobara Republike Hrvatske br. 01\/2016. Datum tiskanog izdanja: 10.2.2016. Broj registra Z-6674<\/p><\/div><\/div><div class='content-column one_half last_column'><div style=\"padding-right:0px;padding-left:6px;\"><p>Register der Kulturg\u00fcter der Republik Kroatien Nr. 01\/2016, Ver\u00f6ffentlichungsdatum: 10.2.2016. Registriernummer Z-6674<\/p><\/div><\/div><div class='clear_column'><\/div><\/p>\n<p style=\"text-align: right;\"><span style=\"color: #3366ff;\"><a style=\"color: #3366ff;\" href=\"#seite_oben\">natrag na vrh \/ Seitenanfang<\/a><\/span><\/p>\n<hr \/>\n<p><strong>Linkovi \/ Links<\/strong><\/p>\n<p><span style=\"color: #3366ff;\">&#8211;<\/span><\/p>\n","protected":false},"excerpt":{"rendered":"<p>Ime \/ Name Ku\u0107a \/ Haus \u00bbDoman\u010di\u0107\u00ab Code: HV-TG-33\u00a0 \u00a0 \u00a0 \u00a0 \u00a0 \u00a0 \u00a0 \u00a0 \u00a0 \u00a0 \u00a0 \u00a0 \u00a0 \u00a0 \u00a0 \u00a0 \u00a0 \u00a0\u00a0\u00a0 \u00a0 Adresa \/ Adresse Grad Hvar,\u00a0Ulica Marije Mari\u010di\u0107 9 Lokacija \/ Position Latitude: N &hellip; <a href=\"https:\/\/www.topohvar.at\/topo\/orte\/hv\/hv-tg-33-1\/\">Weiterlesen <span class=\"meta-nav\">&rarr;<\/span><\/a><\/p>\n","protected":false},"author":1,"featured_media":0,"parent":80,"menu_order":0,"comment_status":"closed","ping_status":"closed","template":"","meta":{"footnotes":""},"class_list":["post-15360","page","type-page","status-publish","hentry"],"_links":{"self":[{"href":"https:\/\/www.topohvar.at\/topo\/wp-json\/wp\/v2\/pages\/15360","targetHints":{"allow":["GET"]}}],"collection":[{"href":"https:\/\/www.topohvar.at\/topo\/wp-json\/wp\/v2\/pages"}],"about":[{"href":"https:\/\/www.topohvar.at\/topo\/wp-json\/wp\/v2\/types\/page"}],"author":[{"embeddable":true,"href":"https:\/\/www.topohvar.at\/topo\/wp-json\/wp\/v2\/users\/1"}],"replies":[{"embeddable":true,"href":"https:\/\/www.topohvar.at\/topo\/wp-json\/wp\/v2\/comments?post=15360"}],"version-history":[{"count":13,"href":"https:\/\/www.topohvar.at\/topo\/wp-json\/wp\/v2\/pages\/15360\/revisions"}],"predecessor-version":[{"id":53805,"href":"https:\/\/www.topohvar.at\/topo\/wp-json\/wp\/v2\/pages\/15360\/revisions\/53805"}],"up":[{"embeddable":true,"href":"https:\/\/www.topohvar.at\/topo\/wp-json\/wp\/v2\/pages\/80"}],"wp:attachment":[{"href":"https:\/\/www.topohvar.at\/topo\/wp-json\/wp\/v2\/media?parent=15360"}],"curies":[{"name":"wp","href":"https:\/\/api.w.org\/{rel}","templated":true}]}}