{"id":15368,"date":"2019-01-05T11:54:41","date_gmt":"2019-01-05T10:54:41","guid":{"rendered":"https:\/\/www.topohvar.at\/?page_id=15368"},"modified":"2021-11-26T19:51:43","modified_gmt":"2021-11-26T18:51:43","slug":"hv-tg-13-1","status":"publish","type":"page","link":"https:\/\/www.topohvar.at\/topo\/orte\/hv\/hv-tg-13-1\/","title":{"rendered":"HVAR &#8211; Ku\u0107a \u00bbZaninovi\u0107\u00ab"},"content":{"rendered":"<p><a name=\"seite_oben\"><\/a><br \/>\n<img loading=\"lazy\" decoding=\"async\" class=\"alignnone wp-image-15127 size-large\" src=\"https:\/\/www.topohvar.at\/wp-content\/uploads\/2019\/01\/hv-tg-13-1-1024x503.jpg\" alt=\"\" width=\"640\" height=\"314\" srcset=\"https:\/\/www.topohvar.at\/wp-content\/uploads\/2019\/01\/hv-tg-13-1-1024x503.jpg 1024w, https:\/\/www.topohvar.at\/wp-content\/uploads\/2019\/01\/hv-tg-13-1-300x147.jpg 300w, https:\/\/www.topohvar.at\/wp-content\/uploads\/2019\/01\/hv-tg-13-1-768x377.jpg 768w, https:\/\/www.topohvar.at\/wp-content\/uploads\/2019\/01\/hv-tg-13-1.jpg 1080w\" sizes=\"auto, (max-width: 640px) 100vw, 640px\" \/><\/p>\n<p><strong>Ime \/ Name<br \/>\n<\/strong>Ku\u0107a \/ Haus \u00bbZaninovi\u0107\u00ab<\/p>\n<p><strong>Code: <\/strong>HV-TG-13\u00a0 \u00a0 \u00a0 \u00a0 \u00a0 \u00a0 \u00a0 \u00a0 \u00a0 \u00a0 \u00a0 \u00a0 \u00a0 \u00a0 \u00a0 \u00a0 \u00a0 \u00a0\u00a0<a href=\"https:\/\/www.topohvar.at\/hv-tg-63-1\/\"><img loading=\"lazy\" decoding=\"async\" class=\"alignnone wp-image-12300 size-full\" src=\"https:\/\/www.topohvar.at\/wp-content\/uploads\/2018\/09\/push-vor-30.jpg\" alt=\"\" width=\"61\" height=\"30\" \/><\/a>\u00a0<strong><a href=\"https:\/\/www.topohvar.at\/orte\/hv\/hv-tg-70-1\/\"><img loading=\"lazy\" decoding=\"async\" class=\"alignnone wp-image-533 size-full\" src=\"https:\/\/www.topohvar.at\/wp-content\/uploads\/2018\/07\/push-l-30.jpg\" alt=\"\" width=\"61\" height=\"30\" \/><\/a> <a href=\"https:\/\/www.topohvar.at\/orte\/hv\/\"><img loading=\"lazy\" decoding=\"async\" class=\"alignnone wp-image-535 size-full\" src=\"https:\/\/www.topohvar.at\/wp-content\/uploads\/2018\/07\/push-o-30.jpg\" alt=\"\" width=\"61\" height=\"30\" \/><\/a> <a href=\"https:\/\/www.topohvar.at\/orte\/hv\/hv-tg-63-1\/\"><img loading=\"lazy\" decoding=\"async\" class=\"alignnone wp-image-536 size-full\" src=\"https:\/\/www.topohvar.at\/wp-content\/uploads\/2018\/07\/push-r-30.jpg\" alt=\"\" width=\"61\" height=\"30\" \/><\/a>\u00a0<a href=\"https:\/\/www.topohvar.at\/hv-tg-80-1\/\"><img loading=\"lazy\" decoding=\"async\" class=\"alignnone wp-image-12299 size-full\" src=\"https:\/\/www.topohvar.at\/wp-content\/uploads\/2018\/09\/push-next-30.jpg\" alt=\"\" width=\"61\" height=\"30\" \/><\/a><\/strong><\/p>\n<hr \/>\n<p><strong>Adresa \/ Adresse<br \/>\n<\/strong>Grad Hvar,\u00a0Ulica Marije Mari\u010di\u0107 17<\/p>\n<p><strong>Lokacija<\/strong><strong> \/ Position<a href=\"https:\/\/goo.gl\/maps\/1D2ZZesxTrzJz1SV6\"><img loading=\"lazy\" decoding=\"async\" class=\"alignright wp-image-17845\" src=\"https:\/\/www.topohvar.at\/wp-content\/uploads\/2019\/01\/0324.jpg\" alt=\"\" width=\"134\" height=\"100\" \/><\/a><br \/>\n<\/strong><span style=\"color: #3366ff;\"><a style=\"color: #3366ff;\" href=\"https:\/\/goo.gl\/maps\/1D2ZZesxTrzJz1SV6\">Latitude: N 43,17288\u00b0\u00a0 \u00a0Longitude: E 16,44306\u00b0<\/a> <\/span><strong><br \/>\n<\/strong>Visina \/ H\u00f6he: 13 m<\/p>\n<p><strong>Katastarska <\/strong><strong>\u010d<\/strong><strong>estica <\/strong><strong>\/ Grundst\u00fccke<br \/>\n<\/strong>*138\/1<div class='content-column one_half'><div style=\"padding-right:6px;\"><p><strong>Datum snimanja \/ Erfassungsdatum<br \/>\n<\/strong>21.02.2015 09:21:00<\/p>\n<hr \/>\n<p><strong>Informacije<\/strong><\/p>\n<p>Goti\u010dke ku\u0107e Zaninovi\u0107 sagra\u0111ene su kao uglovnica jugozapadnoga dijela stambenoga bloka izgra\u0111enog u Hvaru u predjelu Groda, na adresi Ulica Marije Mari\u010di\u0107 17, a na sjeveru bloka je crkva sv. Duha. Sjeverno od ku\u0107a je danas sru\u0161ena crkva sv. Ivana. Dvije goti\u010dke ku\u0107e tlocrtnoga gabarita cca 9\/12 metara u 19. su stolje\u0107u integrirane pa su se koristile kao jedinstvena gra\u0111evina.<\/p><\/div><\/div><div class='content-column one_half last_column'><div style=\"padding-right:0px;padding-left:6px;\"><p><strong>Stupanj za\u0161tite<\/strong><strong> \/ Schutzstellung<br \/>\n<\/strong>Z-6648<strong><br \/>\n<\/strong><\/p>\n<hr \/>\n<p><strong>Info<\/strong><\/p>\n<p>Die zwei gotischen Zaninovi\u0107-H\u00e4user wurden an der S\u00fcdwestecke eines Wohnblocks in\u00a0 Groda in der Marija Mari\u010di\u0107-Stra\u00dfe 17 errichtet. N\u00f6rdlich der H\u00e4user befinden sich die Kirche St. Ivana und zum hl. Geist. Die beiden gotischen H\u00e4user mit einer Gr\u00f6\u00dfe von ca. 9 x 12 Metern wurden im 19. Jahrhundert zusammengelegt und als ein Geb\u00e4ude genutzt.<\/p><\/div><\/div><div class='clear_column'><\/div><\/p>\n<hr \/>\n<div class='content-column one_half'><div style=\"padding-right:6px;\"><p>Od 2015. do 2018. ku\u0107a je u potpunosti obnovljena. Prilikom zvo\u0111enja pripremnih, arheolo\u0161kih radova na obnovi, tijekom o\u017eujka i travnja 2015. g., otkrivena su \u010detiri kasnoanti\u010dka groba. Nalazili su se u sjeverozapadnom uglu parcele na relativno maloj dubini od 100-150 cm. U dva groba, koja su bila smje\u0161tena jedan uz drugi, pokojnici su bili mla\u0111e mu\u0161ke osobe izme\u0111u 15 i 20 godina), svaki polo\u017een u dvije razlomljene amfore, dok je u tre\u0107em grobu bilo dijete, prekriveno manjim kamenim i kerami\u010dkim plo\u010dama. \u010ctvrti grob, od kojeg je otkriven samo donji dio i samo je pozicioniran, nalazio se na granici parcele, to\u010dnije ispod crkve sv. Ivana Krstitelja.<\/p><\/div><\/div><div class='content-column one_half last_column'><div style=\"padding-right:0px;padding-left:6px;\"><p>In den Jahren 2015 bis 2018 wurde das Haus von Grund auf renoviert. Im Zuge der arch\u00e4ologischen Vorarbeiten zur Rekonstruktion wurden im M\u00e4rz und April 2015 wurden vier sp\u00e4tantike Gr\u00e4ber entdeckt. Sie befanden sich in der nordwestlichen Ecke des Grundst\u00fccks in einer relativ geringen Tiefe von 100-150 cm. In zwei Gr\u00e4bern, die nebeneinander aufgestellt wurden, waren j\u00fcngere M\u00e4nner im Alter von 15 bis 20 Jahren, die jeweils in zwei zerbrochene Amphoren gelegt wurden, w\u00e4hrend im dritten Grab ein Kind war, das mit kleineren Stein- und Keramikfliesen bedeckt war. Das vierte Grab, von dem nur der untere Teil freigelegt wurde, befand sich an der Grundst\u00fcckgrenze, unterhalb der Kirche des hl. Johannes des T\u00e4ufers.<\/p><\/div><\/div><div class='clear_column'><\/div><\/p>\n<p style=\"text-align: right;\"><span style=\"color: #3366ff;\"><a style=\"color: #3366ff;\" href=\"#seite_oben\">natrag na vrh \/ Seitenanfang<\/a><\/span><\/p>\n<p><img loading=\"lazy\" decoding=\"async\" class=\"alignnone size-large wp-image-17847\" src=\"https:\/\/www.topohvar.at\/wp-content\/uploads\/2019\/01\/hv-tg-13-2-1024x452.jpg\" alt=\"\" width=\"640\" height=\"283\" srcset=\"https:\/\/www.topohvar.at\/wp-content\/uploads\/2019\/01\/hv-tg-13-2-1024x452.jpg 1024w, https:\/\/www.topohvar.at\/wp-content\/uploads\/2019\/01\/hv-tg-13-2-300x133.jpg 300w, https:\/\/www.topohvar.at\/wp-content\/uploads\/2019\/01\/hv-tg-13-2-768x339.jpg 768w, https:\/\/www.topohvar.at\/wp-content\/uploads\/2019\/01\/hv-tg-13-2.jpg 1080w\" sizes=\"auto, (max-width: 640px) 100vw, 640px\" \/><\/p>\n<hr \/>\n<p><strong>Linkovi \/ Links<\/strong><\/p>\n<p><span style=\"color: #3366ff;\">&#8211;<\/span><\/p>\n","protected":false},"excerpt":{"rendered":"<p>Ime \/ Name Ku\u0107a \/ Haus \u00bbZaninovi\u0107\u00ab Code: HV-TG-13\u00a0 \u00a0 \u00a0 \u00a0 \u00a0 \u00a0 \u00a0 \u00a0 \u00a0 \u00a0 \u00a0 \u00a0 \u00a0 \u00a0 \u00a0 \u00a0 \u00a0 \u00a0\u00a0\u00a0 \u00a0 Adresa \/ Adresse Grad Hvar,\u00a0Ulica Marije Mari\u010di\u0107 17 Lokacija \/ Position Latitude: N &hellip; <a href=\"https:\/\/www.topohvar.at\/topo\/orte\/hv\/hv-tg-13-1\/\">Weiterlesen <span class=\"meta-nav\">&rarr;<\/span><\/a><\/p>\n","protected":false},"author":1,"featured_media":0,"parent":80,"menu_order":0,"comment_status":"closed","ping_status":"closed","template":"","meta":{"footnotes":""},"class_list":["post-15368","page","type-page","status-publish","hentry"],"_links":{"self":[{"href":"https:\/\/www.topohvar.at\/topo\/wp-json\/wp\/v2\/pages\/15368","targetHints":{"allow":["GET"]}}],"collection":[{"href":"https:\/\/www.topohvar.at\/topo\/wp-json\/wp\/v2\/pages"}],"about":[{"href":"https:\/\/www.topohvar.at\/topo\/wp-json\/wp\/v2\/types\/page"}],"author":[{"embeddable":true,"href":"https:\/\/www.topohvar.at\/topo\/wp-json\/wp\/v2\/users\/1"}],"replies":[{"embeddable":true,"href":"https:\/\/www.topohvar.at\/topo\/wp-json\/wp\/v2\/comments?post=15368"}],"version-history":[{"count":14,"href":"https:\/\/www.topohvar.at\/topo\/wp-json\/wp\/v2\/pages\/15368\/revisions"}],"predecessor-version":[{"id":53722,"href":"https:\/\/www.topohvar.at\/topo\/wp-json\/wp\/v2\/pages\/15368\/revisions\/53722"}],"up":[{"embeddable":true,"href":"https:\/\/www.topohvar.at\/topo\/wp-json\/wp\/v2\/pages\/80"}],"wp:attachment":[{"href":"https:\/\/www.topohvar.at\/topo\/wp-json\/wp\/v2\/media?parent=15368"}],"curies":[{"name":"wp","href":"https:\/\/api.w.org\/{rel}","templated":true}]}}