{"id":15382,"date":"2019-01-05T12:05:55","date_gmt":"2019-01-05T11:05:55","guid":{"rendered":"https:\/\/www.topohvar.at\/?page_id=15382"},"modified":"2024-06-10T17:46:18","modified_gmt":"2024-06-10T15:46:18","slug":"hv-tg-93-1","status":"publish","type":"page","link":"https:\/\/www.topohvar.at\/topo\/orte\/hv\/hv-tg-93-1\/","title":{"rendered":"HVAR &#8211; Ku\u0107a \u00bbBiv\u0161ia ku\u0107a Bervaldi\u00ab"},"content":{"rendered":"<p><a name=\"seite_oben\"><\/a><br \/>\n<img loading=\"lazy\" decoding=\"async\" class=\"alignnone wp-image-15195 size-large\" src=\"https:\/\/www.topohvar.at\/wp-content\/uploads\/2019\/01\/hv-tg-93-1-1024x503.jpg\" alt=\"\" width=\"640\" height=\"314\" srcset=\"https:\/\/www.topohvar.at\/wp-content\/uploads\/2019\/01\/hv-tg-93-1-1024x503.jpg 1024w, https:\/\/www.topohvar.at\/wp-content\/uploads\/2019\/01\/hv-tg-93-1-300x147.jpg 300w, https:\/\/www.topohvar.at\/wp-content\/uploads\/2019\/01\/hv-tg-93-1-768x377.jpg 768w, https:\/\/www.topohvar.at\/wp-content\/uploads\/2019\/01\/hv-tg-93-1.jpg 1080w\" sizes=\"auto, (max-width: 640px) 100vw, 640px\" \/><\/p>\n<p><strong>Ime \/ Name<br \/>\n<\/strong>Ku\u0107a \u00bbBiv\u0161ia ku\u0107a Bervaldi\u00ab \/ ehemaliges Haus Bervaldi<\/p>\n<p><strong>Code: <\/strong>HV-TG-93\u00a0 \u00a0 \u00a0 \u00a0 \u00a0 \u00a0 \u00a0 \u00a0 \u00a0 \u00a0 \u00a0 \u00a0 \u00a0 \u00a0 \u00a0 \u00a0 \u00a0 \u00a0\u00a0<a href=\"https:\/\/www.topohvar.at\/hv-tg-63-1\/\"><img loading=\"lazy\" decoding=\"async\" class=\"alignnone wp-image-12300 size-full\" src=\"https:\/\/www.topohvar.at\/wp-content\/uploads\/2018\/09\/push-vor-30.jpg\" alt=\"\" width=\"61\" height=\"30\" \/><\/a>\u00a0<strong><a href=\"https:\/\/www.topohvar.at\/orte\/hv\/hv-tg-22-1\/\"><img loading=\"lazy\" decoding=\"async\" class=\"alignnone wp-image-533 size-full\" src=\"https:\/\/www.topohvar.at\/wp-content\/uploads\/2018\/07\/push-l-30.jpg\" alt=\"\" width=\"61\" height=\"30\" \/><\/a> <a href=\"https:\/\/www.topohvar.at\/orte\/hv\/\"><img loading=\"lazy\" decoding=\"async\" class=\"alignnone wp-image-535 size-full\" src=\"https:\/\/www.topohvar.at\/wp-content\/uploads\/2018\/07\/push-o-30.jpg\" alt=\"\" width=\"61\" height=\"30\" \/><\/a> <a href=\"https:\/\/www.topohvar.at\/orte\/hv\/hv-tg-23-1\/\"><img loading=\"lazy\" decoding=\"async\" class=\"alignnone wp-image-536 size-full\" src=\"https:\/\/www.topohvar.at\/wp-content\/uploads\/2018\/07\/push-r-30.jpg\" alt=\"\" width=\"61\" height=\"30\" \/><\/a>\u00a0<a href=\"https:\/\/www.topohvar.at\/hv-tg-80-1\/\"><img loading=\"lazy\" decoding=\"async\" class=\"alignnone wp-image-12299 size-full\" src=\"https:\/\/www.topohvar.at\/wp-content\/uploads\/2018\/09\/push-next-30.jpg\" alt=\"\" width=\"61\" height=\"30\" \/><\/a><\/strong><\/p>\n<hr \/>\n<p><strong>Adresa \/ Adresse<br \/>\n<\/strong>Grad Hvar,\u00a0Ulica Matija Ivani\u0107a 13<\/p>\n<p><strong>Lokacija<\/strong><strong> \/ Position<a href=\"https:\/\/goo.gl\/maps\/u7VtXZSUmp7rjwmS7\"><img loading=\"lazy\" decoding=\"async\" class=\"alignright wp-image-15989\" src=\"https:\/\/www.topohvar.at\/wp-content\/uploads\/2019\/01\/0261.jpg\" alt=\"\" width=\"134\" height=\"100\" \/><\/a><br \/>\n<\/strong><span style=\"color: #3366ff;\"><a style=\"color: #3366ff;\" href=\"https:\/\/goo.gl\/maps\/u7VtXZSUmp7rjwmS7\">Latitude: N 43,17330\u00b0\u00a0 \u00a0Longitude: E 16,44139\u00b0<\/a> <\/span><strong><br \/>\n<\/strong>Visina \/ H\u00f6he: 22 m<\/p>\n<p><strong>Katastarska <\/strong><strong>\u010d<\/strong><strong>estica <\/strong><strong>\/ Grundst\u00fccke<br \/>\n<\/strong>*64, 223\/2<div class='content-column one_half'><div style=\"padding-right:6px;\"><p><strong>Datum snimanja \/ Erfassungsdatum<br \/>\n<\/strong>23.05.2013 12:00:00<\/p>\n<hr \/>\n<p><strong>Informacije<\/strong><\/p>\n<p>Na Goljavi jugozapadna od gradskih vrata nalazi se ku\u0107a \u010diji stariji dijelovi imaju plo\u0161ne, vjerojatno renesansne otvore iz 16 st.<\/p><\/div><\/div><div class='content-column one_half last_column'><div style=\"padding-right:0px;padding-left:6px;\"><p><strong>Stupanj za\u0161tite<\/strong><strong> \/ Schutzstellung<br \/>\n<\/strong>&#8211;<\/p>\n<hr \/>\n<p><strong>Info<\/strong><\/p>\n<p>In Golja, s\u00fcdwestlich des Stadttores, befindet sich ein Haus, dessen \u00e4lteren Teile, flache, wahrscheinlich aus dem 16. Jahrhundert stammende Renaissance-\u00d6ffnungen, aufweisen.<\/p><\/div><\/div><div class='clear_column'><\/div><div class='content-column one_half'><div style=\"padding-right:6px;\"><p>U vrtu vodi renesansni portal s natpisom na nadvoju.<\/p><\/div><\/div><div class='content-column one_half last_column'><div style=\"padding-right:0px;padding-left:6px;\"><p>In den Garten f\u00fchrt ein Renaissanceportal mit einer Inschrift am T\u00fcrsturz.<\/p><\/div><\/div><div class='clear_column'><\/div><div class='content-column one_half'><div style=\"padding-right:6px;\"><p>Oko 1700. ku\u0107a je nadogra\u0111ena za oko 3 m prema jugu i dobila na toj strani mali barokni balkon (\u201epergul&#8220;) s odgovaraju\u0107im prozorima (ovo je pro\u010delje gotovo posve zakrilo novo zdanje hotela \u201ePalace\u201c), a sa zapada trijem s \u010detiri luka na stupovima i bucelom zdenca gdje je lo\u0161e klesani grb s uspravljenim medvjedom koji dr\u017ei i\u0161\u010dupana stablo, o\u010dito \u201estemma parlante\u201c podizatelja, obitelji Bervaldi.\u00a0U ku\u0107i je gustirna s grbom Bervaldi.<\/p><\/div><\/div><div class='content-column one_half last_column'><div style=\"padding-right:0px;padding-left:6px;\"><p>Um 1700 wird das Haus um etwa 3 Meter gegen S\u00fcden erh\u00f6ht und erh\u00e4lt auf der Seite einen kleinen barocken Balkon und entsprechende Fenster (das ist die Front die durch das Geb\u00e4ude des Hotel &#8222;Palast&#8220; fast verdeckt wird). Auf der Westseite gibt es eine Vorhalle mit vier B\u00f6gen auf den S\u00e4ulen und einem Brunnen. Auf ihm findet sich ein schlecht gemachtes Wappen mit einem aufrechten B\u00e4ren, der einen versunkenen Baum h\u00e4lt, offensichtlich das \u201eWappen&#8220; des Sch\u00f6pfers, die Familie Bervaldi.\u00a0Im Haus gibt es auch eine Zisterne mit dem Wappen der Bervaldi.<\/p><\/div><\/div><div class='clear_column'><\/div><div class='content-column one_half'><div style=\"padding-right:6px;\"><p>Ku\u0107u je prodao me\u0161tar Ivan Bervaldi bratov\u0161tini Sv. Duha 1741. g. Do pred 2. svjetski rat bila u vlasni\u0161tvu obitelji Tocilj, a tada su je kupile benediktinke. Nakon rata je nacionalizirana i preure\u0111ena u prvu stambenu zgradu u Hvaru.<\/p><\/div><\/div><div class='content-column one_half last_column'><div style=\"padding-right:0px;padding-left:6px;\"><p>Das Haus wurde im Jahr 1741 von Ivan Bervaldi an die Bruderschaft vom Heiligen Geist verkauft. Vor dem Zweiten Weltkrieg war es im Besitz der Familie Tocilj, dann kauften es die Benediktiner. Nach dem Krieg wurde es verstaatlicht und restauriert und das erste Wohngeb\u00e4ude in Hvar.<\/p><\/div><\/div><div class='clear_column'><\/div><\/p>\n<p style=\"text-align: right;\"><span style=\"color: #3366ff;\"><a style=\"color: #3366ff;\" href=\"#seite_oben\">natrag na vrh \/ Seitenanfang<\/a><\/span><\/p>\n<hr \/>\n<p><strong>Linkovi \/ Links<\/strong><\/p>\n<p><span style=\"color: #3366ff;\"><a style=\"color: #3366ff;\" href=\"https:\/\/www.topohvar.at\/orte\/hv\/hv-in-02-1\/\">Natpis na nadvoju \/ Inschrift am T\u00fcrsturz<\/a>\u00a0<\/span><br \/>\n<span style=\"color: #3366ff;\"><a style=\"color: #3366ff;\" href=\"https:\/\/www.topohvar.at\/topo\/orte\/hv\/hv-op-00-0\/#op-21\">Gustirna s grbom Bervaldi \/ Zisterne mit dem Wappen der Bervaldi<\/a><\/span><\/p>\n","protected":false},"excerpt":{"rendered":"<p>Ime \/ Name Ku\u0107a \u00bbBiv\u0161ia ku\u0107a Bervaldi\u00ab \/ ehemaliges Haus Bervaldi Code: HV-TG-93\u00a0 \u00a0 \u00a0 \u00a0 \u00a0 \u00a0 \u00a0 \u00a0 \u00a0 \u00a0 \u00a0 \u00a0 \u00a0 \u00a0 \u00a0 \u00a0 \u00a0 \u00a0\u00a0\u00a0 \u00a0 Adresa \/ Adresse Grad Hvar,\u00a0Ulica Matija Ivani\u0107a 13 Lokacija &hellip; <a href=\"https:\/\/www.topohvar.at\/topo\/orte\/hv\/hv-tg-93-1\/\">Weiterlesen <span class=\"meta-nav\">&rarr;<\/span><\/a><\/p>\n","protected":false},"author":1,"featured_media":0,"parent":80,"menu_order":0,"comment_status":"closed","ping_status":"closed","template":"","meta":{"footnotes":""},"class_list":["post-15382","page","type-page","status-publish","hentry"],"_links":{"self":[{"href":"https:\/\/www.topohvar.at\/topo\/wp-json\/wp\/v2\/pages\/15382","targetHints":{"allow":["GET"]}}],"collection":[{"href":"https:\/\/www.topohvar.at\/topo\/wp-json\/wp\/v2\/pages"}],"about":[{"href":"https:\/\/www.topohvar.at\/topo\/wp-json\/wp\/v2\/types\/page"}],"author":[{"embeddable":true,"href":"https:\/\/www.topohvar.at\/topo\/wp-json\/wp\/v2\/users\/1"}],"replies":[{"embeddable":true,"href":"https:\/\/www.topohvar.at\/topo\/wp-json\/wp\/v2\/comments?post=15382"}],"version-history":[{"count":14,"href":"https:\/\/www.topohvar.at\/topo\/wp-json\/wp\/v2\/pages\/15382\/revisions"}],"predecessor-version":[{"id":68502,"href":"https:\/\/www.topohvar.at\/topo\/wp-json\/wp\/v2\/pages\/15382\/revisions\/68502"}],"up":[{"embeddable":true,"href":"https:\/\/www.topohvar.at\/topo\/wp-json\/wp\/v2\/pages\/80"}],"wp:attachment":[{"href":"https:\/\/www.topohvar.at\/topo\/wp-json\/wp\/v2\/media?parent=15382"}],"curies":[{"name":"wp","href":"https:\/\/api.w.org\/{rel}","templated":true}]}}