{"id":15403,"date":"2019-01-05T12:21:05","date_gmt":"2019-01-05T11:21:05","guid":{"rendered":"https:\/\/www.topohvar.at\/?page_id=15403"},"modified":"2021-11-26T20:12:00","modified_gmt":"2021-11-26T19:12:00","slug":"hv-tg-73-1","status":"publish","type":"page","link":"https:\/\/www.topohvar.at\/topo\/orte\/hv\/hv-tg-73-1\/","title":{"rendered":"HVAR &#8211; Rodna ku\u0107a \u00bbPetra Hektorovi\u0107a\u00ab"},"content":{"rendered":"<p><a name=\"seite_oben\"><\/a><br \/>\n<img loading=\"lazy\" decoding=\"async\" class=\"alignnone wp-image-15186 size-large\" src=\"https:\/\/www.topohvar.at\/wp-content\/uploads\/2019\/01\/hv-tg-73-1-1024x503.jpg\" alt=\"\" width=\"640\" height=\"314\" srcset=\"https:\/\/www.topohvar.at\/wp-content\/uploads\/2019\/01\/hv-tg-73-1-1024x503.jpg 1024w, https:\/\/www.topohvar.at\/wp-content\/uploads\/2019\/01\/hv-tg-73-1-300x147.jpg 300w, https:\/\/www.topohvar.at\/wp-content\/uploads\/2019\/01\/hv-tg-73-1-768x377.jpg 768w, https:\/\/www.topohvar.at\/wp-content\/uploads\/2019\/01\/hv-tg-73-1.jpg 1080w\" sizes=\"auto, (max-width: 640px) 100vw, 640px\" \/><\/p>\n<p><strong>Ime \/ Name<br \/>\n<\/strong>Rodna ku\u0107a \u00bbPetra Hektorovi\u0107a\u00ab \/ Geburtshaus des Peter\u00a0Hektorovi\u0107a<\/p>\n<p><strong>Code: <\/strong>HV-TG-73\u00a0 \u00a0 \u00a0 \u00a0 \u00a0 \u00a0 \u00a0 \u00a0 \u00a0 \u00a0 \u00a0 \u00a0 \u00a0 \u00a0 \u00a0 \u00a0 \u00a0 \u00a0\u00a0<a href=\"https:\/\/www.topohvar.at\/hv-tg-63-1\/\"><img loading=\"lazy\" decoding=\"async\" class=\"alignnone wp-image-12300 size-full\" src=\"https:\/\/www.topohvar.at\/wp-content\/uploads\/2018\/09\/push-vor-30.jpg\" alt=\"\" width=\"61\" height=\"30\" \/><\/a>\u00a0<strong><a href=\"https:\/\/www.topohvar.at\/orte\/hv\/hv-tg-08-1\/\"><img loading=\"lazy\" decoding=\"async\" class=\"alignnone wp-image-533 size-full\" src=\"https:\/\/www.topohvar.at\/wp-content\/uploads\/2018\/07\/push-l-30.jpg\" alt=\"\" width=\"61\" height=\"30\" \/><\/a> <a href=\"https:\/\/www.topohvar.at\/orte\/hv\/\"><img loading=\"lazy\" decoding=\"async\" class=\"alignnone wp-image-535 size-full\" src=\"https:\/\/www.topohvar.at\/wp-content\/uploads\/2018\/07\/push-o-30.jpg\" alt=\"\" width=\"61\" height=\"30\" \/><\/a> <a href=\"https:\/\/www.topohvar.at\/orte\/hv\/hv-tg-54-1\/\"><img loading=\"lazy\" decoding=\"async\" class=\"alignnone wp-image-536 size-full\" src=\"https:\/\/www.topohvar.at\/wp-content\/uploads\/2018\/07\/push-r-30.jpg\" alt=\"\" width=\"61\" height=\"30\" \/><\/a>\u00a0<a href=\"https:\/\/www.topohvar.at\/hv-tg-80-1\/\"><img loading=\"lazy\" decoding=\"async\" class=\"alignnone wp-image-12299 size-full\" src=\"https:\/\/www.topohvar.at\/wp-content\/uploads\/2018\/09\/push-next-30.jpg\" alt=\"\" width=\"61\" height=\"30\" \/><\/a><\/strong><\/p>\n<hr \/>\n<p><strong>Adresa \/ Adresse<br \/>\n<\/strong>Grad Hvar,\u00a0Ulica Petra Hektorovi\u0107a 8<\/p>\n<p><strong>Lokacija<\/strong><strong> \/ Position<a href=\"https:\/\/goo.gl\/maps\/SxAkEB6kx1oSxejd6\"><img loading=\"lazy\" decoding=\"async\" class=\"alignright wp-image-17986\" src=\"https:\/\/www.topohvar.at\/wp-content\/uploads\/2019\/01\/1371.jpg\" alt=\"\" width=\"134\" height=\"100\" \/><\/a><br \/>\n<\/strong><span style=\"color: #3366ff;\"><a style=\"color: #3366ff;\" href=\"https:\/\/goo.gl\/maps\/SxAkEB6kx1oSxejd6\">Latitude: N 43,17263\u00b0\u00a0 \u00a0Longitude: E 16,44255\u00b0<\/a> <\/span><strong><br \/>\n<\/strong>Visina \/ H\u00f6he: 5 m<\/p>\n<p><strong>Katastarska <\/strong><strong>\u010d<\/strong><strong>estica <\/strong><strong>\/ Grundst\u00fccke<br \/>\n<\/strong>*111\/2<div class='content-column one_half'><div style=\"padding-right:6px;\"><p><strong>Datum snimanja \/ Erfassungsdatum<br \/>\n<\/strong>23.05.2013 12:00:00<\/p>\n<hr \/>\n<p><strong>Informacije<\/strong><\/p>\n<p>Posebnu zanimljivost \u010dini ranogoti\u010dka ku\u0107a izgra\u0111ena na k. \u010d. zgr. 111, poznata kao rodna ku\u0107a pjesnika Petra Hektorovi\u0107a. Malo je poznato da je tu ku\u0107u zajedno s vrtom prema Pjaci 1494. godine kupio pjesnikov otac Marin od Petra Bartu\u010devi\u0107a za 86 dukata.<\/p><\/div><\/div><div class='content-column one_half last_column'><div style=\"padding-right:0px;padding-left:6px;\"><p><strong>Stupanj za\u0161tite<\/strong><strong> \/ Schutzstellung<br \/>\n<\/strong>&#8211;<\/p>\n<hr \/>\n<p><strong>Info<\/strong><\/p>\n<p>Besonders interessant ist aber das fr\u00fchgotische Haus auf Grundst\u00fcck Nr. *111, das als Geburtshaus des Dichters Peter Hektorovi\u0107 bekannt ist. Nur wenige wissen, dass dieses Haus mit einem Garten auf der Piazza im Jahre 1494 durch seinen Vater Marin Hektorovi\u0107 von Peter Bartu\u010devi\u0107 f\u00fcr 86 Dukaten gekauft wurde.<\/p><\/div><\/div><div class='clear_column'><\/div><div class='content-column one_half'><div style=\"padding-right:6px;\"><p>Ku\u0107a je s ju\u017ene strane bila naslonjena uz gradski zid, a s isto\u010dne i zapadne strane bila je slobodna. Raniji vlasnik ku\u0107e, kao i vrta pred gradskim zidom, bio je Ivan Mi\u0161eti\u0107, koji se godine 1458. spominje u ugovoru sklopljenim s don Pavlom Paladini\u0107em Petar Bartu\u010devi\u0107 dolazi dakle u posjed ku\u0107e tek nakon 1458. godine. Ku\u0107i je pripadao i dio vrta pred gradskim zidom u vlasni\u0161tvu Ivana Mi\u0161eti\u0107a, koji ga poslije izravno prodaje Marinu Hektorovi\u0107u. Ku\u0107a je dakle razmjerno kratko (nakon 1458. \u2013 1494.) pripadala Petru Bartu\u010devi\u0107u.<\/p><\/div><\/div><div class='content-column one_half last_column'><div style=\"padding-right:0px;padding-left:6px;\"><p>Das Haus befindet sich auf der S\u00fcdseite gegen die Stadtmauer hin, und war im Osten und Westen frei. Der fr\u00fchere Besitzer des Hauses und des Gartens vor der Stadtmauer war Ivan Misetic, der im Jahr 1458 in einem Vertrag mit Don Paul Paladini\u0107 erw\u00e4hnt wird. Peter Bartu\u010devi\u0107 ist daher in den Besitz des Hauses erst nach 1458 gekommen. Das Haus und ein Teil des Gartens vor der Stadtmauer war im Eigentum des Ivan Mi\u0161eti\u0107, der es sp\u00e4ter direkt an Marin Hektorovi\u0107 verkaufte. Das Haus geh\u00f6rte ihm daher nur relativ kurz (nach 1458 &#8211; 1494) danach Peter Bartu\u010devi\u0107.<\/p><\/div><\/div><div class='clear_column'><\/div><\/p>\n<p style=\"text-align: right;\"><span style=\"color: #3366ff;\"><a style=\"color: #3366ff;\" href=\"#seite_oben\">natrag na vrh \/ Seitenanfang<\/a><\/span><\/p>\n<hr \/>\n<p><strong>Linkovi \/ Links<\/strong><\/p>\n<p><span style=\"color: #3366ff;\">&#8211;<\/span><\/p>\n","protected":false},"excerpt":{"rendered":"<p>Ime \/ Name Rodna ku\u0107a \u00bbPetra Hektorovi\u0107a\u00ab \/ Geburtshaus des Peter\u00a0Hektorovi\u0107a Code: HV-TG-73\u00a0 \u00a0 \u00a0 \u00a0 \u00a0 \u00a0 \u00a0 \u00a0 \u00a0 \u00a0 \u00a0 \u00a0 \u00a0 \u00a0 \u00a0 \u00a0 \u00a0 \u00a0\u00a0\u00a0 \u00a0 Adresa \/ Adresse Grad Hvar,\u00a0Ulica Petra Hektorovi\u0107a 8 Lokacija &hellip; <a href=\"https:\/\/www.topohvar.at\/topo\/orte\/hv\/hv-tg-73-1\/\">Weiterlesen <span class=\"meta-nav\">&rarr;<\/span><\/a><\/p>\n","protected":false},"author":1,"featured_media":0,"parent":80,"menu_order":0,"comment_status":"closed","ping_status":"closed","template":"","meta":{"footnotes":""},"class_list":["post-15403","page","type-page","status-publish","hentry"],"_links":{"self":[{"href":"https:\/\/www.topohvar.at\/topo\/wp-json\/wp\/v2\/pages\/15403","targetHints":{"allow":["GET"]}}],"collection":[{"href":"https:\/\/www.topohvar.at\/topo\/wp-json\/wp\/v2\/pages"}],"about":[{"href":"https:\/\/www.topohvar.at\/topo\/wp-json\/wp\/v2\/types\/page"}],"author":[{"embeddable":true,"href":"https:\/\/www.topohvar.at\/topo\/wp-json\/wp\/v2\/users\/1"}],"replies":[{"embeddable":true,"href":"https:\/\/www.topohvar.at\/topo\/wp-json\/wp\/v2\/comments?post=15403"}],"version-history":[{"count":9,"href":"https:\/\/www.topohvar.at\/topo\/wp-json\/wp\/v2\/pages\/15403\/revisions"}],"predecessor-version":[{"id":53741,"href":"https:\/\/www.topohvar.at\/topo\/wp-json\/wp\/v2\/pages\/15403\/revisions\/53741"}],"up":[{"embeddable":true,"href":"https:\/\/www.topohvar.at\/topo\/wp-json\/wp\/v2\/pages\/80"}],"wp:attachment":[{"href":"https:\/\/www.topohvar.at\/topo\/wp-json\/wp\/v2\/media?parent=15403"}],"curies":[{"name":"wp","href":"https:\/\/api.w.org\/{rel}","templated":true}]}}