{"id":15441,"date":"2019-01-05T18:42:46","date_gmt":"2019-01-05T17:42:46","guid":{"rendered":"https:\/\/www.topohvar.at\/?page_id=15441"},"modified":"2023-08-13T08:51:46","modified_gmt":"2023-08-13T06:51:46","slug":"hv-tr-02-1","status":"publish","type":"page","link":"https:\/\/www.topohvar.at\/topo\/orte\/hv\/hv-tr-02-1\/","title":{"rendered":"HVAR &#8211; Trim\u00a0\u00bbHV-TR-02\u00ab"},"content":{"rendered":"<p><a name=\"seite_oben\"><\/a><br \/>\n<img loading=\"lazy\" decoding=\"async\" class=\"alignnone wp-image-15424 size-large\" src=\"https:\/\/www.topohvar.at\/wp-content\/uploads\/2019\/01\/HV-TR-02-1-1024x503.jpg\" alt=\"\" width=\"640\" height=\"314\" \/><\/p>\n<p><strong>Ime \/ Name<br \/>\n<\/strong>Trim\u00a0\u00bbHV-TR-02\u00ab<\/p>\n<p><strong>Code: <\/strong>HV-TR-02\u00a0 \u00a0 \u00a0 \u00a0 \u00a0 \u00a0 \u00a0 \u00a0 \u00a0 \u00a0 \u00a0 \u00a0 \u00a0 \u00a0 \u00a0 \u00a0 \u00a0 \u00a0 \u00a0<strong><a href=\"https:\/\/www.topohvar.at\/orte\/hv\/hv-tr-00-1\/\"><img loading=\"lazy\" decoding=\"async\" class=\"alignnone wp-image-12300 size-full\" src=\"https:\/\/www.topohvar.at\/wp-content\/uploads\/2018\/09\/push-vor-30.jpg\" alt=\"\" width=\"61\" height=\"30\" \/><\/a> <a href=\"https:\/\/www.topohvar.at\/orte\/hv\/hv-tr-01-1\/\"><img loading=\"lazy\" decoding=\"async\" class=\"alignnone wp-image-533 size-full\" src=\"https:\/\/www.topohvar.at\/wp-content\/uploads\/2018\/07\/push-l-30.jpg\" alt=\"\" width=\"61\" height=\"30\" \/><\/a> <a href=\"https:\/\/www.topohvar.at\/orte\/hv\/\"><img loading=\"lazy\" decoding=\"async\" class=\"alignnone wp-image-535 size-full\" src=\"https:\/\/www.topohvar.at\/wp-content\/uploads\/2018\/07\/push-o-30.jpg\" alt=\"\" width=\"61\" height=\"30\" \/><\/a> <a href=\"https:\/\/www.topohvar.at\/orte\/hv\/hv-tr-15-1\/\"><img loading=\"lazy\" decoding=\"async\" class=\"alignnone wp-image-536 size-full\" src=\"https:\/\/www.topohvar.at\/wp-content\/uploads\/2018\/07\/push-r-30.jpg\" alt=\"\" width=\"61\" height=\"30\" \/><\/a>\u00a0<\/strong><\/p>\n<hr \/>\n<p><strong>Adresa \/ Adresse<br \/>\n<\/strong>Hvar, cesta na Brusje<\/p>\n<p><strong>Lokacija \/ Position<a href=\"https:\/\/goo.gl\/maps\/rASHcvqcnx1Ujrf66\"><img loading=\"lazy\" decoding=\"async\" class=\"alignright wp-image-18024\" src=\"https:\/\/www.topohvar.at\/wp-content\/uploads\/2019\/01\/0384.jpg\" alt=\"\" width=\"133\" height=\"100\" \/><\/a><br \/>\n<\/strong><span style=\"color: #3366ff;\"><a style=\"color: #3366ff;\" href=\"https:\/\/goo.gl\/maps\/rASHcvqcnx1Ujrf66\">Latitude: N 43,18206\u00b0\u00a0 \u00a0Longitude: E 16,44506\u00b0 <\/a><\/span><strong><br \/>\n<\/strong>Visina \/ H\u00f6he: 63 m<\/p>\n<p><strong>Katastarska \u010destica \/ Grundst\u00fccke<br \/>\n<\/strong>792\/2<div class='content-column one_half'><div style=\"padding-right:6px;\"><p><strong>Datum snimanja \/ Erfassungsdatum<br \/>\n<\/strong>12.02.2015 14:51:02<\/p>\n<hr \/>\n<p><strong>Informacije<\/strong><\/p>\n<p>Relativno veliki trim nalazi se na padini nasuprot ceste za Brusje i okru\u017een je mo\u0107nim, \u0161irokim kamenim prstenom. Ima zanimljiv, za\u0161ti\u0107en ulazni prostor, koji se grani\u010di s potpornim zidom na padini. Trim je gra\u0111en od neisje\u010denih, o\u0161trih kamenih blokova u tradicionalnoj asocijaciji. Za ulaz u konkavni zid trima kori\u0161teni su vrlo veliki kameni blokovi. U svom ovalnom interijeru nalazi se na stra\u017enjoj strani male ni\u0161e. Kupola kruni\u0161e uspravni kamen.<\/p><\/div><\/div><div class='content-column one_half last_column'><div style=\"padding-right:0px;padding-left:6px;\"><p><strong>Stupanj za\u0161tite \/ Schutzstellung<br \/>\n<\/strong>&#8211;<\/p>\n<hr \/>\n<p><strong>Info<\/strong><\/p>\n<p>Der relativ gro\u00dfe Trim befindet sich am Abhang gegen\u00fcber der Stra\u00dfe nach Brusje und ist von einem m\u00e4chtigen, breiten Steinring umgeben. Er besitzt einen interessant geformten, gesch\u00fctzten Eingangsbereich, der mit einer St\u00fctzmauer an den Berghang grenzt. Der Bau wurde aus unbehauenen, kantigen Steinen in traditionellem Verband errichtet. F\u00fcr den Eingang in der konkaven Trimwand wurden sehr gro\u00dfe Steinbl\u00f6cke verwendet. In seinem ovalen Inneren befindet sich an der R\u00fcckseite eine kleine Nische. Die Kuppel kr\u00f6nt ein hochkant gestellter Stein<\/p><\/div><\/div><div class='clear_column'><\/div><div class='content-column one_half'><div style=\"padding-right:6px;\"><div id=\"attachment_21488\" style=\"width: 310px\" class=\"wp-caption aligncenter\"><img loading=\"lazy\" decoding=\"async\" aria-describedby=\"caption-attachment-21488\" class=\"wp-image-21488 size-full\" src=\"https:\/\/www.topohvar.at\/wp-content\/uploads\/2019\/04\/hv-tr-02-11.jpg\" alt=\"\" width=\"300\" height=\"300\" srcset=\"https:\/\/www.topohvar.at\/wp-content\/uploads\/2019\/04\/hv-tr-02-11.jpg 300w, https:\/\/www.topohvar.at\/wp-content\/uploads\/2019\/04\/hv-tr-02-11-150x150.jpg 150w\" sizes=\"auto, (max-width: 300px) 100vw, 300px\" \/><p id=\"caption-attachment-21488\" class=\"wp-caption-text\">Ulazni prostor \/ Eingangsbereich<\/p><\/div>\n<p>Dana 27.02.2019 trim je posje\u0107en i ustanovljeno je sljede\u0107e:<\/p>\n<p>Lokacija: grmlje<br \/>\nPodloga: padina<br \/>\nPovezan s: ure\u0111enom kamenom gomilom<br \/>\nUpotreba: ne koristi se<br \/>\nStanje: dobro sa\u010duvan<br \/>\nBroj stepenica trima: 1<br \/>\nDodatni kameni prsten: ure\u0111eni kameni prsten<br \/>\nStepeni\u0161te: nema<br \/>\nOblik kamena: uglast<br \/>\nPodru\u010dje ispred ulaza: lako dostupno<br \/>\nOrijentacija ulaza: Z (280\u00b0)<br \/>\nPromjer trima (cm): 400<br \/>\nVisina trima (cm): 290<br \/>\nVisina stepenica (cm): stepenica 1: 200<br \/>\nDebljina zida (cm): 75<br \/>\n\u0160irina vrata (cm): 75<br \/>\nVisina vrata (cm): 105<br \/>\n\u0160irina unutra (cm): 230 &#8211; 250<br \/>\nVisina unutra (cm): 240<br \/>\nVolumen iznutra (m3): 6,92<br \/>\nNi\u0161a 1 (P\/\u0160\/V\/D) (cm): 50 \/ 20 \/ 20 \/ 20<\/p><\/div><\/div><div class='content-column one_half last_column'><div style=\"padding-right:0px;padding-left:6px;\"><div id=\"attachment_21489\" style=\"width: 310px\" class=\"wp-caption alignnone\"><img loading=\"lazy\" decoding=\"async\" aria-describedby=\"caption-attachment-21489\" class=\"wp-image-21489 size-full\" src=\"https:\/\/www.topohvar.at\/wp-content\/uploads\/2019\/04\/hv-tr-02-13.jpg\" alt=\"\" width=\"300\" height=\"300\" srcset=\"https:\/\/www.topohvar.at\/wp-content\/uploads\/2019\/04\/hv-tr-02-13.jpg 300w, https:\/\/www.topohvar.at\/wp-content\/uploads\/2019\/04\/hv-tr-02-13-150x150.jpg 150w\" sizes=\"auto, (max-width: 300px) 100vw, 300px\" \/><p id=\"caption-attachment-21489\" class=\"wp-caption-text\">Konkavni ulazni zid \/ konkave Eingangswand<\/p><\/div>\n<p>Am 27.02.2019 wurde der Trim besucht und n\u00e4her untersucht:<\/p>\n<p>Standort: Buschwerk<br \/>\nUntergrund: Hanglage<br \/>\nVerbunden mit: Steinhaufen geordnet<br \/>\nNutzung: ungenutzt<br \/>\nZustand: gut erhalten<br \/>\nAnzahl der Trimstufen: 1<br \/>\nZus\u00e4tzlicher Steinring: Steinring geordnet<br \/>\nStiege: keine<br \/>\nSteinform: kantig<br \/>\nEingangsbereich: frei<br \/>\nEingangsseite: W (280\u00b0)<br \/>\nTrimdurchmesser (cm): 400<br \/>\nTrimh\u00f6he (cm): 290<br \/>\nH\u00f6he der Trimstufen (cm): Stufe 1: 200<br \/>\nWandst\u00e4rke (cm): 75<br \/>\nT\u00fcrbreite (cm): 75<br \/>\nT\u00fcrh\u00f6he (cm): 105<br \/>\nInnenraumbreite (cm): 230 &#8211; 250<br \/>\nInnenraumh\u00f6he (cm): 240<br \/>\nRaumvolumen (m3): 6,92<br \/>\nNische 1 (P\/B\/H\/T) (cm): 50 \/ 20 \/ 20 \/ 20<\/p><\/div><\/div><div class='clear_column'><\/div><\/p>\n<p><img loading=\"lazy\" decoding=\"async\" class=\"alignnone size-full wp-image-20792\" src=\"https:\/\/www.topohvar.at\/wp-content\/uploads\/2019\/03\/hv-tr-02-sca.jpg\" alt=\"\" width=\"600\" height=\"900\" srcset=\"https:\/\/www.topohvar.at\/wp-content\/uploads\/2019\/03\/hv-tr-02-sca.jpg 600w, https:\/\/www.topohvar.at\/wp-content\/uploads\/2019\/03\/hv-tr-02-sca-200x300.jpg 200w\" sizes=\"auto, (max-width: 600px) 100vw, 600px\" \/><\/p>\n<p style=\"text-align: right;\"><a href=\"#seite_oben\">natrag na vrh \/ Seitenanfang<\/a><\/p>\n<hr \/>\n<p><strong>Linkovi \/ Links<\/strong><\/p>\n<p><span style=\"color: #3366ff;\">&#8211;<\/span><\/p>\n","protected":false},"excerpt":{"rendered":"<p>Ime \/ Name Trim\u00a0\u00bbHV-TR-02\u00ab Code: HV-TR-02\u00a0 \u00a0 \u00a0 \u00a0 \u00a0 \u00a0 \u00a0 \u00a0 \u00a0 \u00a0 \u00a0 \u00a0 \u00a0 \u00a0 \u00a0 \u00a0 \u00a0 \u00a0 \u00a0 \u00a0 Adresa \/ Adresse Hvar, cesta na Brusje Lokacija \/ Position Latitude: N 43,18206\u00b0\u00a0 \u00a0Longitude: E &hellip; <a href=\"https:\/\/www.topohvar.at\/topo\/orte\/hv\/hv-tr-02-1\/\">Weiterlesen <span class=\"meta-nav\">&rarr;<\/span><\/a><\/p>\n","protected":false},"author":1,"featured_media":0,"parent":80,"menu_order":0,"comment_status":"closed","ping_status":"closed","template":"","meta":{"footnotes":""},"class_list":["post-15441","page","type-page","status-publish","hentry"],"_links":{"self":[{"href":"https:\/\/www.topohvar.at\/topo\/wp-json\/wp\/v2\/pages\/15441","targetHints":{"allow":["GET"]}}],"collection":[{"href":"https:\/\/www.topohvar.at\/topo\/wp-json\/wp\/v2\/pages"}],"about":[{"href":"https:\/\/www.topohvar.at\/topo\/wp-json\/wp\/v2\/types\/page"}],"author":[{"embeddable":true,"href":"https:\/\/www.topohvar.at\/topo\/wp-json\/wp\/v2\/users\/1"}],"replies":[{"embeddable":true,"href":"https:\/\/www.topohvar.at\/topo\/wp-json\/wp\/v2\/comments?post=15441"}],"version-history":[{"count":16,"href":"https:\/\/www.topohvar.at\/topo\/wp-json\/wp\/v2\/pages\/15441\/revisions"}],"predecessor-version":[{"id":63995,"href":"https:\/\/www.topohvar.at\/topo\/wp-json\/wp\/v2\/pages\/15441\/revisions\/63995"}],"up":[{"embeddable":true,"href":"https:\/\/www.topohvar.at\/topo\/wp-json\/wp\/v2\/pages\/80"}],"wp:attachment":[{"href":"https:\/\/www.topohvar.at\/topo\/wp-json\/wp\/v2\/media?parent=15441"}],"curies":[{"name":"wp","href":"https:\/\/api.w.org\/{rel}","templated":true}]}}