{"id":15443,"date":"2019-01-05T18:44:14","date_gmt":"2019-01-05T17:44:14","guid":{"rendered":"https:\/\/www.topohvar.at\/?page_id=15443"},"modified":"2022-11-20T10:28:58","modified_gmt":"2022-11-20T09:28:58","slug":"hv-tr-07-1-2","status":"publish","type":"page","link":"https:\/\/www.topohvar.at\/topo\/orte\/hv\/hv-tr-07-1-2\/","title":{"rendered":"HVAR &#8211; Trim\u00a0\u00bbHV-TR-07\u00ab"},"content":{"rendered":"<p><a name=\"seite_oben\"><\/a><br \/>\n<img loading=\"lazy\" decoding=\"async\" class=\"alignnone wp-image-15429 size-large\" src=\"https:\/\/www.topohvar.at\/wp-content\/uploads\/2019\/01\/hv-tr-07-1-1024x503.jpg\" alt=\"\" width=\"640\" height=\"314\" \/><\/p>\n<p><strong>Ime \/ Name<br \/>\n<\/strong>Trim\u00a0\u00bbHV-TR-07\u00ab<\/p>\n<p><strong>Code: <\/strong>HV-TR-07\u00a0 \u00a0 \u00a0 \u00a0 \u00a0 \u00a0 \u00a0 \u00a0 \u00a0 \u00a0 \u00a0 \u00a0 \u00a0 \u00a0 \u00a0 \u00a0 \u00a0 \u00a0 \u00a0<strong><a href=\"https:\/\/www.topohvar.at\/orte\/hv\/hv-tr-00-1\/\"><img loading=\"lazy\" decoding=\"async\" class=\"alignnone wp-image-12300 size-full\" src=\"https:\/\/www.topohvar.at\/wp-content\/uploads\/2018\/09\/push-vor-30.jpg\" alt=\"\" width=\"61\" height=\"30\" \/><\/a> <a href=\"https:\/\/www.topohvar.at\/orte\/hv\/hv-tr-17-1\/\"><img loading=\"lazy\" decoding=\"async\" class=\"alignnone wp-image-533 size-full\" src=\"https:\/\/www.topohvar.at\/wp-content\/uploads\/2018\/07\/push-l-30.jpg\" alt=\"\" width=\"61\" height=\"30\" \/><\/a> <a href=\"https:\/\/www.topohvar.at\/orte\/hv\/\"><img loading=\"lazy\" decoding=\"async\" class=\"alignnone wp-image-535 size-full\" src=\"https:\/\/www.topohvar.at\/wp-content\/uploads\/2018\/07\/push-o-30.jpg\" alt=\"\" width=\"61\" height=\"30\" \/><\/a> <a href=\"https:\/\/www.topohvar.at\/orte\/hv\/hv-tr-05-1\/\"><img loading=\"lazy\" decoding=\"async\" class=\"alignnone wp-image-536 size-full\" src=\"https:\/\/www.topohvar.at\/wp-content\/uploads\/2018\/07\/push-r-30.jpg\" alt=\"\" width=\"61\" height=\"30\" \/><\/a>\u00a0<\/strong><\/p>\n<hr \/>\n<p><strong>Adresa \/ Adresse<br \/>\n<\/strong>Hvar, Njive<\/p>\n<p><strong>Lokacija \/ Position<a href=\"https:\/\/goo.gl\/maps\/rySEVXN6f6Jjd7Yq6\"><img loading=\"lazy\" decoding=\"async\" class=\"alignright wp-image-18028\" src=\"https:\/\/www.topohvar.at\/wp-content\/uploads\/2019\/01\/1708.jpg\" alt=\"\" width=\"134\" height=\"100\" \/><\/a><br \/>\n<\/strong><span style=\"color: #3366ff;\"><a style=\"color: #3366ff;\" href=\"https:\/\/goo.gl\/maps\/rySEVXN6f6Jjd7Yq6\">Latitude: N 43,17147\u00b0\u00a0 \u00a0Longitude: E 16,47163\u00b0<\/a> <\/span><strong><br \/>\n<\/strong>Visina \/ H\u00f6he: 154 m<\/p>\n<p><strong>Katastarska \u010destica \/ Grundst\u00fccke<br \/>\n<\/strong>2511\/1<div class='content-column one_half'><div style=\"padding-right:6px;\"><p><strong>Datum snimanja \/ Erfassungsdatum<br \/>\n<\/strong>23.02.2018 14:24:00<\/p>\n<hr \/>\n<p><strong>Informacije<\/strong><\/p>\n<p>Mala, vrlo jednostavni trim okru\u017eena je maslinicima u podru\u010dju &#8222;Njive&#8220;. Od prvobitno ure\u0111enih slojeva neotkrivenog, o\u0161trog kamenja, prisutni su samo dijelovi prednjeg zida, kao i desna strana, koja se nastavlja u nizu kao potporni zid. Stra\u017enje podru\u010dje nestaje u hrpi kamenja. Dijelovi stratifikacije kamena nedostaju ve\u0107 lijevo od ulaza. Za ulaz su kori\u0161teni relativno veliki kameni blokovi. Unutra\u0161njost ima nepravilan tlocrt. Desno od ulaza je betonski bazen.<\/p><\/div><\/div><div class='content-column one_half last_column'><div style=\"padding-right:0px;padding-left:6px;\"><p><strong>Stupanj za\u0161tite \/ Schutzstellung<br \/>\n<\/strong>&#8211;<\/p>\n<hr \/>\n<p><strong>Info<\/strong><\/p>\n<p>Der kleine, sehr einfach gestaltete Trim befindet sich inmitten von Oliveng\u00e4rten in der Gegend \u201eNjive\u201c. Von der urspr\u00fcnglichen geordneten Schichtung aus unbehauenen, kantigen Steinen sind nur mehr Teile der Vorderwand vorhanden, sowie die rechte Seite, die sich in der Folge als St\u00fctzmauer fortsetzt. Der r\u00fcckw\u00e4rtige Bereich verschwindet in einem Steinhaufen. Links vom Eingang fehlen bereits Teile der Steinschichtung. F\u00fcr den Eingang wurden relativ gro\u00dfe Steinbl\u00f6cke verwendet. Das Innere hat einen unregelm\u00e4\u00dfigen Grindriss. Rechts vom Eingang befindet sich ein betoniertes Wasserbecken.<\/p><\/div><\/div><div class='clear_column'><\/div><div class='content-column one_half'><div style=\"padding-right:6px;\"><div id=\"attachment_21491\" style=\"width: 310px\" class=\"wp-caption aligncenter\"><img loading=\"lazy\" decoding=\"async\" aria-describedby=\"caption-attachment-21491\" class=\"wp-image-21491 size-full\" src=\"https:\/\/www.topohvar.at\/wp-content\/uploads\/2019\/04\/hv-tr-07-20.jpg\" alt=\"\" width=\"300\" height=\"300\" srcset=\"https:\/\/www.topohvar.at\/wp-content\/uploads\/2019\/04\/hv-tr-07-20.jpg 300w, https:\/\/www.topohvar.at\/wp-content\/uploads\/2019\/04\/hv-tr-07-20-150x150.jpg 150w\" sizes=\"auto, (max-width: 300px) 100vw, 300px\" \/><p id=\"caption-attachment-21491\" class=\"wp-caption-text\">Ulaz i mali bazen \/ Eingang und Wasserbecken<\/p><\/div>\n<p>Dana 28.02.2019 trim je posje\u0107en i ustanovljeno je sljede\u0107e:<\/p>\n<p>Lokacija: maslinik<br \/>\nPodloga: padina<br \/>\nPovezan s:<br \/>\n&#8211; nesre\u0111nom kamenom gomilom i pj0pverom<br \/>\nUpotreba: ne koristi se<br \/>\nStanje: mali dijelovi su se sru\u0161ili<br \/>\nBroj stepenica trima: 1<br \/>\nDodatni kameni prsten: nema kamenog prstena<br \/>\nStepeni\u0161te: nema<br \/>\nOblik kamena: uglast<br \/>\nPodru\u010dje ispred ulaza: lako dostupno<br \/>\nOrijentacija ulaza: J (190\u00b0)<br \/>\nPromjer trima (cm): 350<br \/>\nVisina trima (cm): 220<br \/>\nVisina stepenica (cm): stepenica 1: 120<br \/>\nDebljina zida (cm): 80<br \/>\n\u0160irina vrata (cm): 70<br \/>\nVisina vrata (cm): 120<br \/>\n\u0160irina unutra (cm): 170 &#8211; 220<br \/>\nVisina unutra (cm): 190<br \/>\nVolumen iznutra (m3): 4,16<br \/>\nNema ni\u0161e<\/p><\/div><\/div><div class='content-column one_half last_column'><div style=\"padding-right:0px;padding-left:6px;\"><div id=\"attachment_21492\" style=\"width: 310px\" class=\"wp-caption aligncenter\"><img loading=\"lazy\" decoding=\"async\" aria-describedby=\"caption-attachment-21492\" class=\"wp-image-21492 size-full\" src=\"https:\/\/www.topohvar.at\/wp-content\/uploads\/2019\/04\/hv-tr-07-23.jpg\" alt=\"\" width=\"300\" height=\"300\" srcset=\"https:\/\/www.topohvar.at\/wp-content\/uploads\/2019\/04\/hv-tr-07-23.jpg 300w, https:\/\/www.topohvar.at\/wp-content\/uploads\/2019\/04\/hv-tr-07-23-150x150.jpg 150w\" sizes=\"auto, (max-width: 300px) 100vw, 300px\" \/><p id=\"caption-attachment-21492\" class=\"wp-caption-text\">Stra\u017enji dio trima \/ R\u00fcckseite<\/p><\/div>\n<p>Am 28.02.2019 wurde der Trim besucht und n\u00e4her untersucht:<\/p>\n<p>Standort: Olivenhain<br \/>\nUntergrund: Hanglage<br \/>\nVerbunden mit:<br \/>\n&#8211; ungeordneter Steinhaufen und Wasserauffangbecken<br \/>\nNutzung: ungenutzt<br \/>\nZustand: kleine Teile abgest\u00fcrzt<br \/>\nAnzahl der Trimstufen: 1<br \/>\nZus\u00e4tzlicher Steinring: kein Steinring<br \/>\nStiege: keine<br \/>\nSteinform: kantig<br \/>\nEingangsbereich: frei<br \/>\nEingangsseite: S (190\u00b0)<br \/>\nTrimdurchmesser (cm): 350<br \/>\nTrimh\u00f6he (cm): 220<br \/>\nH\u00f6he der Trimstufen (cm): Stufe 1: 120<br \/>\nWandst\u00e4rke (cm): 80<br \/>\nT\u00fcrbreite (cm): 70<br \/>\nT\u00fcrh\u00f6he (cm): 120<br \/>\nInnenraumbreite (cm): 170 &#8211; 220<br \/>\nInnenraumh\u00f6he (cm): 190<br \/>\nRaumvolumen (m3): 4,16<br \/>\nKeine Nische<\/p><\/div><\/div><div class='clear_column'><\/div><\/p>\n<p><img loading=\"lazy\" decoding=\"async\" class=\"alignnone size-full wp-image-20797\" src=\"https:\/\/www.topohvar.at\/wp-content\/uploads\/2019\/03\/hv-tr-07-sca.jpg\" alt=\"\" width=\"600\" height=\"905\" srcset=\"https:\/\/www.topohvar.at\/wp-content\/uploads\/2019\/03\/hv-tr-07-sca.jpg 600w, https:\/\/www.topohvar.at\/wp-content\/uploads\/2019\/03\/hv-tr-07-sca-199x300.jpg 199w\" sizes=\"auto, (max-width: 600px) 100vw, 600px\" \/><\/p>\n<p style=\"text-align: right;\"><a href=\"#seite_oben\">natrag na vrh \/ Seitenanfang<\/a><\/p>\n<hr \/>\n<p><strong>Linkovi \/ Links<\/strong><\/p>\n<p><span style=\"color: #3366ff;\">&#8211;<\/span><\/p>\n","protected":false},"excerpt":{"rendered":"<p>Ime \/ Name Trim\u00a0\u00bbHV-TR-07\u00ab Code: HV-TR-07\u00a0 \u00a0 \u00a0 \u00a0 \u00a0 \u00a0 \u00a0 \u00a0 \u00a0 \u00a0 \u00a0 \u00a0 \u00a0 \u00a0 \u00a0 \u00a0 \u00a0 \u00a0 \u00a0 \u00a0 Adresa \/ Adresse Hvar, Njive Lokacija \/ Position Latitude: N 43,17147\u00b0\u00a0 \u00a0Longitude: E 16,47163\u00b0 Visina &hellip; <a href=\"https:\/\/www.topohvar.at\/topo\/orte\/hv\/hv-tr-07-1-2\/\">Weiterlesen <span class=\"meta-nav\">&rarr;<\/span><\/a><\/p>\n","protected":false},"author":1,"featured_media":0,"parent":80,"menu_order":0,"comment_status":"closed","ping_status":"closed","template":"","meta":{"footnotes":""},"class_list":["post-15443","page","type-page","status-publish","hentry"],"_links":{"self":[{"href":"https:\/\/www.topohvar.at\/topo\/wp-json\/wp\/v2\/pages\/15443","targetHints":{"allow":["GET"]}}],"collection":[{"href":"https:\/\/www.topohvar.at\/topo\/wp-json\/wp\/v2\/pages"}],"about":[{"href":"https:\/\/www.topohvar.at\/topo\/wp-json\/wp\/v2\/types\/page"}],"author":[{"embeddable":true,"href":"https:\/\/www.topohvar.at\/topo\/wp-json\/wp\/v2\/users\/1"}],"replies":[{"embeddable":true,"href":"https:\/\/www.topohvar.at\/topo\/wp-json\/wp\/v2\/comments?post=15443"}],"version-history":[{"count":19,"href":"https:\/\/www.topohvar.at\/topo\/wp-json\/wp\/v2\/pages\/15443\/revisions"}],"predecessor-version":[{"id":62113,"href":"https:\/\/www.topohvar.at\/topo\/wp-json\/wp\/v2\/pages\/15443\/revisions\/62113"}],"up":[{"embeddable":true,"href":"https:\/\/www.topohvar.at\/topo\/wp-json\/wp\/v2\/pages\/80"}],"wp:attachment":[{"href":"https:\/\/www.topohvar.at\/topo\/wp-json\/wp\/v2\/media?parent=15443"}],"curies":[{"name":"wp","href":"https:\/\/api.w.org\/{rel}","templated":true}]}}