{"id":15449,"date":"2019-01-05T18:48:42","date_gmt":"2019-01-05T17:48:42","guid":{"rendered":"https:\/\/www.topohvar.at\/?page_id=15449"},"modified":"2023-08-13T09:35:07","modified_gmt":"2023-08-13T07:35:07","slug":"hv-tr-04-1-2","status":"publish","type":"page","link":"https:\/\/www.topohvar.at\/topo\/orte\/hv\/hv-tr-04-1-2\/","title":{"rendered":"HVAR &#8211; Trim\u00a0\u00bbHV-TR-04\u00ab"},"content":{"rendered":"<p><a name=\"seite_oben\"><\/a><br \/>\n<img loading=\"lazy\" decoding=\"async\" class=\"alignnone wp-image-15426 size-large\" src=\"https:\/\/www.topohvar.at\/wp-content\/uploads\/2019\/01\/hv-tr-04-1-1024x503.jpg\" alt=\"\" width=\"640\" height=\"314\" \/><\/p>\n<p><strong>Ime \/ Name<br \/>\n<\/strong>Trim\u00a0\u00bbHV-TR-04\u00ab<\/p>\n<p><strong>Code: <\/strong>HV-TR-04\u00a0 \u00a0 \u00a0 \u00a0 \u00a0 \u00a0 \u00a0 \u00a0 \u00a0 \u00a0 \u00a0 \u00a0 \u00a0 \u00a0 \u00a0 \u00a0 \u00a0 \u00a0 \u00a0<strong><a href=\"https:\/\/www.topohvar.at\/orte\/hv\/hv-tr-00-1\/\"><img loading=\"lazy\" decoding=\"async\" class=\"alignnone wp-image-12300 size-full\" src=\"https:\/\/www.topohvar.at\/wp-content\/uploads\/2018\/09\/push-vor-30.jpg\" alt=\"\" width=\"61\" height=\"30\" \/><\/a> <a href=\"https:\/\/www.topohvar.at\/orte\/hv\/hv-tr-13-1\/\"><img loading=\"lazy\" decoding=\"async\" class=\"alignnone wp-image-533 size-full\" src=\"https:\/\/www.topohvar.at\/wp-content\/uploads\/2018\/07\/push-l-30.jpg\" alt=\"\" width=\"61\" height=\"30\" \/><\/a> <a href=\"https:\/\/www.topohvar.at\/orte\/hv\/\"><img loading=\"lazy\" decoding=\"async\" class=\"alignnone wp-image-535 size-full\" src=\"https:\/\/www.topohvar.at\/wp-content\/uploads\/2018\/07\/push-o-30.jpg\" alt=\"\" width=\"61\" height=\"30\" \/><\/a> <a href=\"https:\/\/www.topohvar.at\/orte\/hv\/hv-tr-08-1\/\"><img loading=\"lazy\" decoding=\"async\" class=\"alignnone wp-image-536 size-full\" src=\"https:\/\/www.topohvar.at\/wp-content\/uploads\/2018\/07\/push-r-30.jpg\" alt=\"\" width=\"61\" height=\"30\" \/><\/a>\u00a0<\/strong><\/p>\n<hr \/>\n<p><strong>Adresa \/ Adresse<br \/>\n<\/strong>Hvar, put od Milna<\/p>\n<p><strong>Lokacija \/ Position<a href=\"https:\/\/goo.gl\/maps\/RvghFQ8ku6DrcMNi8\"><img loading=\"lazy\" decoding=\"async\" class=\"alignright wp-image-18040\" src=\"https:\/\/www.topohvar.at\/wp-content\/uploads\/2019\/01\/0386.jpg\" alt=\"\" width=\"133\" height=\"100\" \/><\/a><br \/>\n<\/strong><span style=\"color: #3366ff;\"><a style=\"color: #3366ff;\" href=\"https:\/\/goo.gl\/maps\/RvghFQ8ku6DrcMNi8\">Latitude: N 43,16765\u00b0\u00a0 \u00a0Longitude: E 16,46584\u00b0<\/a> <\/span><strong><br \/>\n<\/strong>Visina \/ H\u00f6he: 81 m<\/p>\n<p><strong>Katastarska \u010destica \/ Grundst\u00fccke<br \/>\n<\/strong>2165<div class='content-column one_half'><div style=\"padding-right:6px;\"><p><strong>Datum snimanja \/ Erfassungsdatum<br \/>\n<\/strong>24.02.2016 14:25:00<\/p>\n<hr \/>\n<p><strong>Informacije<\/strong><\/p>\n<p>Trim se nalazi na padini iznad starog puta od Hvara prema Milne, skriven u grmlju. Stepenasti trim s dvije stepenice izra\u0111ena je od netretiranih, o\u0161trih kamenova razli\u010ditih veli\u010dina. Na desnoj strani trima nalazi se kameni prsten pomno slojevitog kamenja. Kroz ulaz od velikih kamenih blokova ulazite u unutra\u0161njost, koja se zna\u010dajno podi\u017ee prema stra\u017enjem dijelu. Unutra\u0161njost se ne su\u017eava ravnomjerno prema gore i sa visine od oko 2 m jasno se prote\u017ee prema gore. To je tako\u0111er vidljivo s vanjske strane njegovog strmog krova.<\/p><\/div><\/div><div class='content-column one_half last_column'><div style=\"padding-right:0px;padding-left:6px;\"><p><strong>Stupanj za\u0161tite \/ Schutzstellung<br \/>\n<\/strong>&#8211;<\/p>\n<hr \/>\n<p><strong>Info<\/strong><\/p>\n<p>Der Trim befindet sich am Abhang oberhalb des alten Wegs von Hvar nach Milna, versteckt im Buschwerk. Errichtet wurde der zweistufige Trim aus unbearbeiteten, kantigen Steinen unterschiedlicher Gr\u00f6\u00dfe. An die rechte Seite des Trims lehnt sich ein Steinring aus sorgf\u00e4ltig geschichteten Steinen. Durch den aus reativ gro\u00dfen Steinbl\u00f6cken gebildeten Eingang gelangt man in den Innenraum, der nach hinten deutlich ansteigt. Der Innenraum verj\u00fcngt sich nach oben nicht gleichm\u00e4\u00dfig und ist ab ca. 2 m H\u00f6he deutlich nach oben gestreckt. Dies wird auch au\u00dfen an seinem steilen Dach sichtbar.<\/p><\/div><\/div><div class='clear_column'><\/div><div class='content-column one_half'><div style=\"padding-right:6px;\"><div id=\"attachment_21502\" style=\"width: 310px\" class=\"wp-caption aligncenter\"><img loading=\"lazy\" decoding=\"async\" aria-describedby=\"caption-attachment-21502\" class=\"wp-image-21502 size-full\" src=\"https:\/\/www.topohvar.at\/wp-content\/uploads\/2019\/04\/hv-tr-04-20.jpg\" alt=\"\" width=\"300\" height=\"300\" srcset=\"https:\/\/www.topohvar.at\/wp-content\/uploads\/2019\/04\/hv-tr-04-20.jpg 300w, https:\/\/www.topohvar.at\/wp-content\/uploads\/2019\/04\/hv-tr-04-20-150x150.jpg 150w\" sizes=\"auto, (max-width: 300px) 100vw, 300px\" \/><p id=\"caption-attachment-21502\" class=\"wp-caption-text\">Ulaz \/ Eingang<\/p><\/div>\n<p>Dana 28.02.2019 trim je posje\u0107en i ustanovljeno je sljede\u0107e:<\/p>\n<p>Lokacija: grmlje<br \/>\nPodloga: padina<br \/>\nPovezan s: nije povezan, samostoje\u0107i, izoliran<br \/>\nUpotreba: ne koristi se<br \/>\nStanje: dobro sa\u010duvan<br \/>\nBroj stepenica trima: 2<br \/>\nDodatni kameni prsten: kameni prsten djelomi\u010dno<br \/>\nStepeni\u0161te: nema<br \/>\nOblik kamena: uglast<br \/>\nPodru\u010dje ispred ulaza: lako dostupno<br \/>\nOrijentacija ulaza: SI (30\u00b0)<br \/>\nPromjer trima (cm): 420<br \/>\nVisina trima (cm): 320<br \/>\nVisina stepenica (cm): stepenica 1: 180, stepenica 2: 240<br \/>\nDebljina zida (cm): 80<br \/>\n\u0160irina vrata (cm): 65<br \/>\nVisina vrata (cm): 105<br \/>\n\u0160irina unutra (cm): 220 &#8211; 250<br \/>\nVisina unutra (cm): 300<br \/>\nVolumen iznutra (m3): 7,38<br \/>\nNema ni\u0161e<\/p><\/div><\/div><div class='content-column one_half last_column'><div style=\"padding-right:0px;padding-left:6px;\"><div id=\"attachment_21503\" style=\"width: 310px\" class=\"wp-caption aligncenter\"><img loading=\"lazy\" decoding=\"async\" aria-describedby=\"caption-attachment-21503\" class=\"wp-image-21503 size-full\" src=\"https:\/\/www.topohvar.at\/wp-content\/uploads\/2019\/04\/hv-tr-04-21.jpg\" alt=\"\" width=\"300\" height=\"300\" srcset=\"https:\/\/www.topohvar.at\/wp-content\/uploads\/2019\/04\/hv-tr-04-21.jpg 300w, https:\/\/www.topohvar.at\/wp-content\/uploads\/2019\/04\/hv-tr-04-21-150x150.jpg 150w\" sizes=\"auto, (max-width: 300px) 100vw, 300px\" \/><p id=\"caption-attachment-21503\" class=\"wp-caption-text\">Unutra\u0161njost trima \/ Triminneres<\/p><\/div>\n<p>Am 28.02.2019 wurde der Trim besucht und n\u00e4her untersucht:<\/p>\n<p>Standort: Buschwerk<br \/>\nUntergrund: Hanglage<br \/>\nVerbunden mit: freistehend<br \/>\nNutzung: ungenutzt<br \/>\nZustand: gut erhalten<br \/>\nAnzahl der Trimstufen: 2<br \/>\nZus\u00e4tzlicher Steinring: Steinring teilweise<br \/>\nStiege: keine<br \/>\nSteinform: kantig<br \/>\nEingangsbereich: frei<br \/>\nEingangsseite: NO (30\u00b0)<br \/>\nTrimdurchmesser (cm): 420<br \/>\nTrimh\u00f6he (cm): 320<br \/>\nH\u00f6he der Trimstufen (cm): Stufe 1: 180, Stufe 2: 240<br \/>\nWandst\u00e4rke (cm): 80<br \/>\nT\u00fcrbreite (cm): 65<br \/>\nT\u00fcrh\u00f6he (cm): 105<br \/>\nInnenraumbreite (cm): 220 &#8211; 250<br \/>\nInnenraumh\u00f6he (cm): 300<br \/>\nRaumvolumen (m3): 7,38<br \/>\nKeine Nische<\/p><\/div><\/div><div class='clear_column'><\/div><\/p>\n<p><img loading=\"lazy\" decoding=\"async\" class=\"alignnone size-full wp-image-20794\" src=\"https:\/\/www.topohvar.at\/wp-content\/uploads\/2019\/03\/hv-tr-04-sca.jpg\" alt=\"\" width=\"600\" height=\"905\" srcset=\"https:\/\/www.topohvar.at\/wp-content\/uploads\/2019\/03\/hv-tr-04-sca.jpg 600w, https:\/\/www.topohvar.at\/wp-content\/uploads\/2019\/03\/hv-tr-04-sca-199x300.jpg 199w\" sizes=\"auto, (max-width: 600px) 100vw, 600px\" \/><\/p>\n<p style=\"text-align: right;\"><a href=\"#seite_oben\">natrag na vrh \/ Seitenanfang<\/a><\/p>\n<hr \/>\n<p><strong>Linkovi \/ Links<\/strong><\/p>\n<p><span style=\"color: #3366ff;\">&#8211;<\/span><\/p>\n","protected":false},"excerpt":{"rendered":"<p>Ime \/ Name Trim\u00a0\u00bbHV-TR-04\u00ab Code: HV-TR-04\u00a0 \u00a0 \u00a0 \u00a0 \u00a0 \u00a0 \u00a0 \u00a0 \u00a0 \u00a0 \u00a0 \u00a0 \u00a0 \u00a0 \u00a0 \u00a0 \u00a0 \u00a0 \u00a0 \u00a0 Adresa \/ Adresse Hvar, put od Milna Lokacija \/ Position Latitude: N 43,16765\u00b0\u00a0 \u00a0Longitude: E &hellip; <a href=\"https:\/\/www.topohvar.at\/topo\/orte\/hv\/hv-tr-04-1-2\/\">Weiterlesen <span class=\"meta-nav\">&rarr;<\/span><\/a><\/p>\n","protected":false},"author":1,"featured_media":0,"parent":80,"menu_order":0,"comment_status":"closed","ping_status":"closed","template":"","meta":{"footnotes":""},"class_list":["post-15449","page","type-page","status-publish","hentry"],"_links":{"self":[{"href":"https:\/\/www.topohvar.at\/topo\/wp-json\/wp\/v2\/pages\/15449","targetHints":{"allow":["GET"]}}],"collection":[{"href":"https:\/\/www.topohvar.at\/topo\/wp-json\/wp\/v2\/pages"}],"about":[{"href":"https:\/\/www.topohvar.at\/topo\/wp-json\/wp\/v2\/types\/page"}],"author":[{"embeddable":true,"href":"https:\/\/www.topohvar.at\/topo\/wp-json\/wp\/v2\/users\/1"}],"replies":[{"embeddable":true,"href":"https:\/\/www.topohvar.at\/topo\/wp-json\/wp\/v2\/comments?post=15449"}],"version-history":[{"count":16,"href":"https:\/\/www.topohvar.at\/topo\/wp-json\/wp\/v2\/pages\/15449\/revisions"}],"predecessor-version":[{"id":64016,"href":"https:\/\/www.topohvar.at\/topo\/wp-json\/wp\/v2\/pages\/15449\/revisions\/64016"}],"up":[{"embeddable":true,"href":"https:\/\/www.topohvar.at\/topo\/wp-json\/wp\/v2\/pages\/80"}],"wp:attachment":[{"href":"https:\/\/www.topohvar.at\/topo\/wp-json\/wp\/v2\/media?parent=15449"}],"curies":[{"name":"wp","href":"https:\/\/api.w.org\/{rel}","templated":true}]}}