{"id":1574,"date":"2018-07-30T16:38:45","date_gmt":"2018-07-30T14:38:45","guid":{"rendered":"https:\/\/www.topohvar.at\/?page_id=1574"},"modified":"2020-03-19T07:02:40","modified_gmt":"2020-03-19T06:02:40","slug":"do-cs-05-2","status":"publish","type":"page","link":"https:\/\/www.topohvar.at\/topo\/orte\/do\/do-cs-05-2\/","title":{"rendered":"DOL &#8211; Kapelica \u00bb\u0160imon Kun\u010di\u0107\u00ab"},"content":{"rendered":"<p><img loading=\"lazy\" decoding=\"async\" class=\"alignnone wp-image-1549 size-large\" src=\"https:\/\/www.topohvar.at\/wp-content\/uploads\/2018\/07\/DO-CS-05-1-1024x503.jpg\" alt=\"\" width=\"640\" height=\"314\" srcset=\"https:\/\/www.topohvar.at\/wp-content\/uploads\/2018\/07\/DO-CS-05-1-1024x503.jpg 1024w, https:\/\/www.topohvar.at\/wp-content\/uploads\/2018\/07\/DO-CS-05-1-300x147.jpg 300w, https:\/\/www.topohvar.at\/wp-content\/uploads\/2018\/07\/DO-CS-05-1-768x377.jpg 768w\" sizes=\"auto, (max-width: 640px) 100vw, 640px\" \/><\/p>\n<p><strong>Ime \/ Name<br \/>\n<\/strong>Kapelica \u00bb\u0160imon Kun\u010di\u0107\u00ab \/ Bildstock \u00bb\u0160imon Kun\u010di\u0107\u00ab<\/p>\n<p><strong>Code: <\/strong>DO-CS-05\u00a0 \u00a0 \u00a0 \u00a0 \u00a0 \u00a0 \u00a0 \u00a0 \u00a0 \u00a0 \u00a0 \u00a0 \u00a0 \u00a0 \u00a0 \u00a0 \u00a0 \u00a0\u00a0<strong><a href=\"https:\/\/www.topohvar.at\/orte\/do\/do-cs-01-2\/\"><img loading=\"lazy\" decoding=\"async\" class=\"alignnone wp-image-533 size-full\" src=\"https:\/\/www.topohvar.at\/wp-content\/uploads\/2018\/07\/push-l-30.jpg\" alt=\"\" width=\"61\" height=\"30\" \/><\/a> <a href=\"https:\/\/www.topohvar.at\/orte\/do\/\"><img loading=\"lazy\" decoding=\"async\" class=\"alignnone wp-image-535 size-full\" src=\"https:\/\/www.topohvar.at\/wp-content\/uploads\/2018\/07\/push-o-30.jpg\" alt=\"\" width=\"61\" height=\"30\" \/><\/a> <a href=\"https:\/\/www.topohvar.at\/orte\/do\/do-cs-14-2\/\"><img loading=\"lazy\" decoding=\"async\" class=\"alignnone wp-image-536 size-full\" src=\"https:\/\/www.topohvar.at\/wp-content\/uploads\/2018\/07\/push-r-30.jpg\" alt=\"\" width=\"61\" height=\"30\" \/><\/a><\/strong><\/p>\n<hr \/>\n<p><strong>Adresa \/ Adresse<br \/>\n<\/strong>Dol &#8211; Sv. Ane<\/p>\n<p><strong>Lokalna polo\u017eaj \/ Position<a href=\"https:\/\/goo.gl\/maps\/LLBaYfEEJLqQ7xCJ6\"><img loading=\"lazy\" decoding=\"async\" class=\"alignright wp-image-1627\" src=\"https:\/\/www.topohvar.at\/wp-content\/uploads\/2018\/07\/0078.jpg\" alt=\"\" width=\"134\" height=\"100\" \/><\/a><br \/>\n<\/strong><span style=\"color: #3366ff;\"><a style=\"color: #3366ff;\" href=\"https:\/\/goo.gl\/maps\/LLBaYfEEJLqQ7xCJ6\">Latitude: N 43,16819\u00b0\u00a0 \u00a0Longitude: E 16,62512\u00b0<\/a> <\/span><strong><br \/>\n<\/strong>Visina \/ H\u00f6he: 90\u00a0 m<\/p>\n<p><strong>Zemlji\u0161te \/ Grundst\u00fccke<br \/>\n<\/strong>2485\/1<div class='content-column one_half'><div style=\"padding-right:6px;\"><p><strong>Datum snimanja \/ Erfassungsdatum<br \/>\n<\/strong>12.05.2015 08:39:22<\/p>\n<hr \/>\n<p><strong>Informacije<\/strong><\/p>\n<p>Putno sveti\u0161te sagra\u0111eno je 1910. godine. Sastoji se od ni\u0161e koja se nalazi u vrtnom zidu. U njemu su slika i kip sv. Marija.<\/p><\/div><\/div><div class='content-column one_half last_column'><div style=\"padding-right:0px;padding-left:6px;\"><p><strong>Za\u0161titni polo\u017eaj \/ Schutzstellung<br \/>\n<\/strong>&#8211;<\/p>\n<hr \/>\n<p><strong>Info<\/strong><\/p>\n<p>Der Bildstock wurde im Jahr 1910 errichtet. Er besteht aus einer Nische die sich in einer Gartenmauer befindet. In ihr ist ein Bild und eine Statue der hl. Maria.<\/p><\/div><\/div><div class='clear_column'><\/div><div class='content-column one_half'><div style=\"padding-right:6px;\"><p>Natpis:<\/p>\n<p style=\"text-align: center;\">USPOMENA<br \/>\n\u0160IMUNA KUNI\u010cI\u0106<br \/>\nKLANJEMOSE TEBI 1910<br \/>\nDO\u017dJ??<\/p><\/div><\/div><div class='content-column one_half last_column'><div style=\"padding-right:0px;padding-left:6px;\"><p>Inschrift:<\/p>\n<p style=\"text-align: center;\">In Gedenken an<br \/>\nSimon Kun\u010di\u0107<br \/>\nWir verbeugen uns vor Dir. 1910<br \/>\nM. Do\u017ej??<\/p><\/div><\/div><div class='clear_column'><\/div><\/p>\n<hr \/>\n<p><strong>Linkovi \/ Links<\/strong><\/p>\n<p>&#8211;<\/p>\n","protected":false},"excerpt":{"rendered":"<p>Ime \/ Name Kapelica \u00bb\u0160imon Kun\u010di\u0107\u00ab \/ Bildstock \u00bb\u0160imon Kun\u010di\u0107\u00ab Code: DO-CS-05\u00a0 \u00a0 \u00a0 \u00a0 \u00a0 \u00a0 \u00a0 \u00a0 \u00a0 \u00a0 \u00a0 \u00a0 \u00a0 \u00a0 \u00a0 \u00a0 \u00a0 \u00a0\u00a0 Adresa \/ Adresse Dol &#8211; Sv. Ane Lokalna polo\u017eaj \/ Position &hellip; <a href=\"https:\/\/www.topohvar.at\/topo\/orte\/do\/do-cs-05-2\/\">Weiterlesen <span class=\"meta-nav\">&rarr;<\/span><\/a><\/p>\n","protected":false},"author":1,"featured_media":0,"parent":68,"menu_order":0,"comment_status":"closed","ping_status":"closed","template":"","meta":{"footnotes":""},"class_list":["post-1574","page","type-page","status-publish","hentry"],"_links":{"self":[{"href":"https:\/\/www.topohvar.at\/topo\/wp-json\/wp\/v2\/pages\/1574","targetHints":{"allow":["GET"]}}],"collection":[{"href":"https:\/\/www.topohvar.at\/topo\/wp-json\/wp\/v2\/pages"}],"about":[{"href":"https:\/\/www.topohvar.at\/topo\/wp-json\/wp\/v2\/types\/page"}],"author":[{"embeddable":true,"href":"https:\/\/www.topohvar.at\/topo\/wp-json\/wp\/v2\/users\/1"}],"replies":[{"embeddable":true,"href":"https:\/\/www.topohvar.at\/topo\/wp-json\/wp\/v2\/comments?post=1574"}],"version-history":[{"count":8,"href":"https:\/\/www.topohvar.at\/topo\/wp-json\/wp\/v2\/pages\/1574\/revisions"}],"predecessor-version":[{"id":33675,"href":"https:\/\/www.topohvar.at\/topo\/wp-json\/wp\/v2\/pages\/1574\/revisions\/33675"}],"up":[{"embeddable":true,"href":"https:\/\/www.topohvar.at\/topo\/wp-json\/wp\/v2\/pages\/68"}],"wp:attachment":[{"href":"https:\/\/www.topohvar.at\/topo\/wp-json\/wp\/v2\/media?parent=1574"}],"curies":[{"name":"wp","href":"https:\/\/api.w.org\/{rel}","templated":true}]}}