{"id":1756,"date":"2018-07-31T07:04:06","date_gmt":"2018-07-31T05:04:06","guid":{"rendered":"https:\/\/www.topohvar.at\/?page_id=1756"},"modified":"2020-03-29T18:21:34","modified_gmt":"2020-03-29T16:21:34","slug":"do-is-03-2","status":"publish","type":"page","link":"https:\/\/www.topohvar.at\/topo\/orte\/do\/do-is-03-2\/","title":{"rendered":"DOL &#8211; Spomen plo\u010da \u00bbna crkvu Sv. Mihovila\u00ab"},"content":{"rendered":"<p><img loading=\"lazy\" decoding=\"async\" class=\"alignnone wp-image-1742 size-large\" src=\"https:\/\/www.topohvar.at\/wp-content\/uploads\/2018\/07\/do-is-03-1-1024x503.jpg\" alt=\"\" width=\"640\" height=\"314\" srcset=\"https:\/\/www.topohvar.at\/wp-content\/uploads\/2018\/07\/do-is-03-1-1024x503.jpg 1024w, https:\/\/www.topohvar.at\/wp-content\/uploads\/2018\/07\/do-is-03-1-300x147.jpg 300w, https:\/\/www.topohvar.at\/wp-content\/uploads\/2018\/07\/do-is-03-1-768x377.jpg 768w\" sizes=\"auto, (max-width: 640px) 100vw, 640px\" \/><\/p>\n<p><strong>Ime \/ Name<br \/>\n<\/strong>Spomen plo\u010da \u00bbna crkvu sv. Mihovila\u00ab \/ Gedenktafel an der Kirche des hl. Erzengel Michael<\/p>\n<p><strong>Code: <\/strong>DO-IS-03\u00a0 \u00a0 \u00a0 \u00a0 \u00a0 \u00a0 \u00a0 \u00a0 \u00a0 \u00a0 \u00a0 \u00a0 \u00a0 \u00a0 \u00a0 \u00a0 \u00a0 \u00a0\u00a0<a href=\"https:\/\/www.topohvar.at\/orte\/do\/do-ip-01-2\/\"><img loading=\"lazy\" decoding=\"async\" class=\"alignnone wp-image-12300 size-full\" src=\"https:\/\/www.topohvar.at\/wp-content\/uploads\/2018\/09\/push-vor-30.jpg\" alt=\"\" width=\"61\" height=\"30\" \/><\/a>\u00a0<strong><a href=\"https:\/\/www.topohvar.at\/orte\/do\/do-is-06-2\/\"><img loading=\"lazy\" decoding=\"async\" class=\"alignnone wp-image-533 size-full\" src=\"https:\/\/www.topohvar.at\/wp-content\/uploads\/2018\/07\/push-l-30.jpg\" alt=\"\" width=\"61\" height=\"30\" \/><\/a> <a href=\"https:\/\/www.topohvar.at\/orte\/do\/\"><img loading=\"lazy\" decoding=\"async\" class=\"alignnone wp-image-535 size-full\" src=\"https:\/\/www.topohvar.at\/wp-content\/uploads\/2018\/07\/push-o-30.jpg\" alt=\"\" width=\"61\" height=\"30\" \/><\/a> <a href=\"https:\/\/www.topohvar.at\/orte\/do\/do-is-05-2\/\"><img loading=\"lazy\" decoding=\"async\" class=\"alignnone wp-image-536 size-full\" src=\"https:\/\/www.topohvar.at\/wp-content\/uploads\/2018\/07\/push-r-30.jpg\" alt=\"\" width=\"61\" height=\"30\" \/><\/a><\/strong><\/p>\n<hr \/>\n<p><strong>Adresa \/ Adresse<br \/>\n<\/strong>Dol &#8211; Sv. Mihovil, crkva Sv. Mihovil Arkan\u0111elo<\/p>\n<p><strong>Lokalna polo\u017eaj \/ Position<a href=\"https:\/\/goo.gl\/maps\/DeRqocPKkoxj57zj6\"><img loading=\"lazy\" decoding=\"async\" class=\"alignright wp-image-1791\" src=\"https:\/\/www.topohvar.at\/wp-content\/uploads\/2018\/07\/0066-1.jpg\" alt=\"\" width=\"134\" height=\"100\" \/><\/a><br \/>\n<\/strong><span style=\"color: #3366ff;\"><a style=\"color: #3366ff;\" href=\"https:\/\/goo.gl\/maps\/DeRqocPKkoxj57zj6\">Latitude: N 43,16892\u00b0\u00a0 \u00a0Longitude: E 16,61819\u00b0<\/a> <\/span><strong><br \/>\n<\/strong>Visina \/ H\u00f6he: 123 m<\/p>\n<p><strong>Zemlji\u0161te \/ Grundst\u00fccke<br \/>\n<\/strong>*117, 1071\/1, 1071\/2, 1071\/3<div class='content-column one_half'><div style=\"padding-right:6px;\"><p><strong>Datum snimanja \/ Erfassungsdatum<br \/>\n<\/strong>13.05.2013 11:00:00<\/p>\n<hr \/>\n<p><strong>Informacije<\/strong><\/p>\n<p>Spomen plo\u010da na zvoniku iznad ulaza u crkvu sv. Mihovila Arkan\u0111ela sa sljede\u0107im natpisom:<\/p><\/div><\/div><div class='content-column one_half last_column'><div style=\"padding-right:0px;padding-left:6px;\"><p><strong>Za\u0161titni polo\u017eaj \/ Schutzstellung<br \/>\n<\/strong>&#8211;<\/p>\n<hr \/>\n<p><strong>Info<\/strong><\/p>\n<p>Gedenktafel am Glockenturm \u00fcber dem Eingang zur Kirche zum hl. Erzengel Michael mit folgender\u00a0Inschrift:<\/p><\/div><\/div><div class='clear_column'><\/div><div class='content-column one_half'><div style=\"padding-right:6px;\"><p style=\"text-align: center;\">OVU CRKVU<br \/>\nOD DU\u0160OBRI\u017dNIKA DON JURJA CARI\u0106A ZAPO\u010cETU<br \/>\nZA DON IVANA KUNI\u010cI\u0106A DOVR\u0160ENU<br \/>\nVJERA PUKA, RAD BRATIMA<br \/>\nPOMO\u0106U VJEROZAKOSKE ZAKLADE<br \/>\nPO NIKOLU RA\u010cI\u0106U PODUZETNIKU<br \/>\nU \u010cAST<br \/>\nSV. MIHOVILA ARKANG\u0110ELA<br \/>\nNA MJESTU STARE<br \/>\n1885-1908<br \/>\nUZDICNU<\/p><\/div><\/div><div class='content-column one_half last_column'><div style=\"padding-right:0px;padding-left:6px;\"><p style=\"text-align: center;\">Der Bau dieser Kirche<br \/>\nwurde vom Seelsorger Don Juraj Cari\u0107<br \/>\nbegonnen und von<br \/>\nDon Ivan Kun\u010di\u0107 fertiggestellt.<br \/>\nEin Werk der Bruderschaft mit Hilfe<br \/>\nder religi\u00f6sen Stiftung durch den<br \/>\nUnternehmer Nikolo Ra\u010di\u0107<br \/>\nzu Ehren<br \/>\ndes Heiligen Erzengel Michael<br \/>\nin den Jahren 1885 \u2013 1908 an der Stelle<br \/>\nder alten Kirche errichtet.<\/p><\/div><\/div><div class='clear_column'><\/div><\/p>\n<hr \/>\n<div class='content-column one_half'><div style=\"padding-right:6px;\"><p>Uz obilje\u017eavanje 100 godina od zavr\u0161etka Prvog svjetskog rata, Udruga Tartajun financirala je restauraciju spomenika. Radove je izvela Lena Buzoli\u0107, konzervator- restaurator iz Hvara. Tom je prigodom restaurirala i natpis iznad ulaznih vrata \u017eupne crkve.<\/p><\/div><\/div><div class='content-column one_half last_column'><div style=\"padding-right:0px;padding-left:6px;\"><p>Anl\u00e4sslich des 100. Jahrestages (2014) zum Ende des Ersten Weltkriegs hat der Verein Tartajun die Restaurierung von Denkm\u00e4lern finanziert. Die Arbeiten wurden von Lena Buzolic, einer Restauratorin aus Hvar, durchgef\u00fchrt. Bei dieser Gelegenheit restaurierte sie auch die Inschrift \u00fcber der Eingangst\u00fcr der Pfarrkirche.<\/p><\/div><\/div><div class='clear_column'><\/div><\/p>\n<hr \/>\n<p><strong>Linkovi \/ Links<\/strong><\/p>\n<p><a href=\"https:\/\/www.topohvar.at\/topo\/orte\/do\/do-ci-01-2\/\"><span style=\"color: #3366ff;\">\u017dupna crkva \u00bbSv. Mihovil Arkan\u0111elo\u00ab \/ Pfarrkirche zum hl. Erzengel Michael<\/span><\/a><span style=\"color: #3366ff;\">\u00a0<\/span><\/p>\n","protected":false},"excerpt":{"rendered":"<p>Ime \/ Name Spomen plo\u010da \u00bbna crkvu sv. Mihovila\u00ab \/ Gedenktafel an der Kirche des hl. Erzengel Michael Code: DO-IS-03\u00a0 \u00a0 \u00a0 \u00a0 \u00a0 \u00a0 \u00a0 \u00a0 \u00a0 \u00a0 \u00a0 \u00a0 \u00a0 \u00a0 \u00a0 \u00a0 \u00a0 \u00a0\u00a0\u00a0 Adresa \/ Adresse &hellip; <a href=\"https:\/\/www.topohvar.at\/topo\/orte\/do\/do-is-03-2\/\">Weiterlesen <span class=\"meta-nav\">&rarr;<\/span><\/a><\/p>\n","protected":false},"author":1,"featured_media":0,"parent":68,"menu_order":0,"comment_status":"closed","ping_status":"closed","template":"","meta":{"footnotes":""},"class_list":["post-1756","page","type-page","status-publish","hentry"],"_links":{"self":[{"href":"https:\/\/www.topohvar.at\/topo\/wp-json\/wp\/v2\/pages\/1756","targetHints":{"allow":["GET"]}}],"collection":[{"href":"https:\/\/www.topohvar.at\/topo\/wp-json\/wp\/v2\/pages"}],"about":[{"href":"https:\/\/www.topohvar.at\/topo\/wp-json\/wp\/v2\/types\/page"}],"author":[{"embeddable":true,"href":"https:\/\/www.topohvar.at\/topo\/wp-json\/wp\/v2\/users\/1"}],"replies":[{"embeddable":true,"href":"https:\/\/www.topohvar.at\/topo\/wp-json\/wp\/v2\/comments?post=1756"}],"version-history":[{"count":18,"href":"https:\/\/www.topohvar.at\/topo\/wp-json\/wp\/v2\/pages\/1756\/revisions"}],"predecessor-version":[{"id":34453,"href":"https:\/\/www.topohvar.at\/topo\/wp-json\/wp\/v2\/pages\/1756\/revisions\/34453"}],"up":[{"embeddable":true,"href":"https:\/\/www.topohvar.at\/topo\/wp-json\/wp\/v2\/pages\/68"}],"wp:attachment":[{"href":"https:\/\/www.topohvar.at\/topo\/wp-json\/wp\/v2\/media?parent=1756"}],"curies":[{"name":"wp","href":"https:\/\/api.w.org\/{rel}","templated":true}]}}