{"id":1849,"date":"2018-07-31T12:32:15","date_gmt":"2018-07-31T10:32:15","guid":{"rendered":"https:\/\/www.topohvar.at\/?page_id=1849"},"modified":"2020-02-13T12:33:11","modified_gmt":"2020-02-13T11:33:11","slug":"do-mo-03-2","status":"publish","type":"page","link":"https:\/\/www.topohvar.at\/topo\/orte\/do\/do-mo-03-2\/","title":{"rendered":"DOL &#8211; Skulptura \u00bbTri plastike\/reljefa\u00ab"},"content":{"rendered":"<p><img loading=\"lazy\" decoding=\"async\" class=\"alignnone wp-image-1839 size-large\" src=\"https:\/\/www.topohvar.at\/wp-content\/uploads\/2018\/07\/do-mo-03-1-1024x503.jpg\" alt=\"\" width=\"640\" height=\"314\" srcset=\"https:\/\/www.topohvar.at\/wp-content\/uploads\/2018\/07\/do-mo-03-1-1024x503.jpg 1024w, https:\/\/www.topohvar.at\/wp-content\/uploads\/2018\/07\/do-mo-03-1-300x147.jpg 300w, https:\/\/www.topohvar.at\/wp-content\/uploads\/2018\/07\/do-mo-03-1-768x377.jpg 768w\" sizes=\"auto, (max-width: 640px) 100vw, 640px\" \/><\/p>\n<p><strong>Ime \/ Name<br \/>\n<\/strong>Skulptura \u00bbTri plastike\/reljefa\u00ab \/ drei Plastiken\/Reliefs<\/p>\n<p><strong>Code: <\/strong>DO-MO-03\u00a0 \u00a0 \u00a0 \u00a0 \u00a0 \u00a0 \u00a0 \u00a0 \u00a0 \u00a0 \u00a0 \u00a0 \u00a0 \u00a0 \u00a0 \u00a0 \u00a0 \u00a0\u00a0<strong><a href=\"https:\/\/www.topohvar.at\/orte\/do\/do-mo-02-2\/\"><img loading=\"lazy\" decoding=\"async\" class=\"alignnone wp-image-533 size-full\" src=\"https:\/\/www.topohvar.at\/wp-content\/uploads\/2018\/07\/push-l-30.jpg\" alt=\"\" width=\"61\" height=\"30\" \/><\/a> <a href=\"https:\/\/www.topohvar.at\/orte\/do\/\"><img loading=\"lazy\" decoding=\"async\" class=\"alignnone wp-image-535 size-full\" src=\"https:\/\/www.topohvar.at\/wp-content\/uploads\/2018\/07\/push-o-30.jpg\" alt=\"\" width=\"61\" height=\"30\" \/><\/a> <a href=\"https:\/\/www.topohvar.at\/orte\/do\/do-mo-04-1\/\"><img loading=\"lazy\" decoding=\"async\" class=\"alignnone wp-image-536 size-full\" src=\"https:\/\/www.topohvar.at\/wp-content\/uploads\/2018\/07\/push-r-30.jpg\" alt=\"\" width=\"61\" height=\"30\" \/><\/a><\/strong><\/p>\n<hr \/>\n<p><strong>Adresa \/ Adresse<br \/>\n<\/strong>Dol &#8211; Sv. Marije, Sansovi\u0107a Dvor<\/p>\n<p><strong>Lokalna polo\u017eaj \/ Position<a href=\"https:\/\/goo.gl\/maps\/CX1dAHZoeXwv5z86A\"><img loading=\"lazy\" decoding=\"async\" class=\"alignright wp-image-1853\" src=\"https:\/\/www.topohvar.at\/wp-content\/uploads\/2018\/07\/1483.jpg\" alt=\"\" width=\"134\" height=\"100\" \/><\/a><br \/>\n<\/strong><span style=\"color: #3366ff;\"><a style=\"color: #3366ff;\" href=\"https:\/\/goo.gl\/maps\/CX1dAHZoeXwv5z86A\">Latitude: N 43,16821\u00b0\u00a0 \u00a0Longitude: E 16,61304\u00b0<\/a> <\/span><strong><br \/>\n<\/strong>Visina \/ H\u00f6he: 81 m<\/p>\n<p><strong>Zemlji\u0161te \/ Grundst\u00fccke<br \/>\n<\/strong>*272, 783\/2<div class='content-column one_half'><div style=\"padding-right:6px;\"><p><strong>Datum snimanja \/ Erfassungsdatum<br \/>\n<\/strong>14.05.2017 16:24:20<\/p>\n<hr \/>\n<p><strong>Informacije<\/strong><\/p>\n<p>Tri kamena reljefa\/plastike nalaze se u zidu pored ulaza u ku\u0107u obitelji Tomija Du\u017eevi\u0107a.<\/p><\/div><\/div><div class='content-column one_half last_column'><div style=\"padding-right:0px;padding-left:6px;\"><p><strong>Za\u0161titni polo\u017eaj \/ Schutzstellung<br \/>\n<\/strong>&#8211;<\/p>\n<hr \/>\n<p><strong>Info<\/strong><\/p>\n<p>Die drei Plastiken\/Reliefs befinden sich in der Mauer neben dem Eingang zum Haus der Familie\u00a0Tomij Du\u017eevi\u0107.<\/p><\/div><\/div><div class='clear_column'><\/div><div class='content-column one_half'><div style=\"padding-right:6px;\"><p>S lijeve strane je lik golog \u010dovjeka, koji u lijevoj ruci dr\u017ei \u010deki\u0107, a desnom rukom pokriva genitalije.<\/p><\/div><\/div><div class='content-column one_half last_column'><div style=\"padding-right:0px;padding-left:6px;\"><p>Links ist die Figur eines nackten Mann, der einen Hammer in der linken Hand h\u00e4lt und seine Genitalien mit der rechten Hand bedeckt.<\/p><\/div><\/div><div class='clear_column'><\/div><div class='content-column one_half'><div style=\"padding-right:6px;\"><p>U sredini je poprsje \u010dovjeka prirodnog izgleda s okruglom glavom i zagonetnim osmijehom na licu.<\/p><\/div><\/div><div class='content-column one_half last_column'><div style=\"padding-right:0px;padding-left:6px;\"><p>In der Mitte befindet sich die\u00a0B\u00fcste eines nat\u00fcrlich aussehenden Mannes mit rundem Kopf und\u00a0 r\u00e4tselhaftem L\u00e4cheln im Gesicht.<\/p><\/div><\/div><div class='clear_column'><\/div><div class='content-column one_half'><div style=\"padding-right:6px;\"><p>Desna skulptura prikazuje mu\u0161ku osobu koja gleda prema gore, stilizirane ruke polo\u017eene na grudima dr\u017ee nepoznati predmet.<\/p><\/div><\/div><div class='content-column one_half last_column'><div style=\"padding-right:0px;padding-left:6px;\"><p>Die rechte Figur\u00a0zeigt einen aufschauenden Mann mit stilisierten Armen, die auf einem unbekannten Gegenstand auf seiner Brust ruhen.<\/p><\/div><\/div><div class='clear_column'><\/div><div class='content-column one_half'><div style=\"padding-right:6px;\"><p>Tri su skulpture uklonjene s izvornih polo\u017eaja tijekom obnove ku\u0107e i preseljene ovdje.<\/p><\/div><\/div><div class='content-column one_half last_column'><div style=\"padding-right:0px;padding-left:6px;\"><p>Diese drei Reliefs wurden im Zuge der Renovierung des Hauses von ihrer urspr\u00fcnglichen Stelle entfernt und hierher versetzt.<\/p><\/div><\/div><div class='clear_column'><\/div><\/p>\n<hr \/>\n<p><strong>Linkovi \/ Links<\/strong><\/p>\n<p><span style=\"color: #3366ff;\"><a style=\"color: #3366ff;\" href=\"http:\/\/www.tartajun.hr\/tartajun-10-broj\/\">Vi\u0161e o tri skulpture \/ Mehr zu den drei Skulpturen (Tartajun br. 10)<\/a><\/span><\/p>\n","protected":false},"excerpt":{"rendered":"<p>Ime \/ Name Skulptura \u00bbTri plastike\/reljefa\u00ab \/ drei Plastiken\/Reliefs Code: DO-MO-03\u00a0 \u00a0 \u00a0 \u00a0 \u00a0 \u00a0 \u00a0 \u00a0 \u00a0 \u00a0 \u00a0 \u00a0 \u00a0 \u00a0 \u00a0 \u00a0 \u00a0 \u00a0\u00a0 Adresa \/ Adresse Dol &#8211; Sv. Marije, Sansovi\u0107a Dvor Lokalna polo\u017eaj \/ &hellip; <a href=\"https:\/\/www.topohvar.at\/topo\/orte\/do\/do-mo-03-2\/\">Weiterlesen <span class=\"meta-nav\">&rarr;<\/span><\/a><\/p>\n","protected":false},"author":1,"featured_media":0,"parent":68,"menu_order":0,"comment_status":"closed","ping_status":"closed","template":"","meta":{"footnotes":""},"class_list":["post-1849","page","type-page","status-publish","hentry"],"_links":{"self":[{"href":"https:\/\/www.topohvar.at\/topo\/wp-json\/wp\/v2\/pages\/1849","targetHints":{"allow":["GET"]}}],"collection":[{"href":"https:\/\/www.topohvar.at\/topo\/wp-json\/wp\/v2\/pages"}],"about":[{"href":"https:\/\/www.topohvar.at\/topo\/wp-json\/wp\/v2\/types\/page"}],"author":[{"embeddable":true,"href":"https:\/\/www.topohvar.at\/topo\/wp-json\/wp\/v2\/users\/1"}],"replies":[{"embeddable":true,"href":"https:\/\/www.topohvar.at\/topo\/wp-json\/wp\/v2\/comments?post=1849"}],"version-history":[{"count":9,"href":"https:\/\/www.topohvar.at\/topo\/wp-json\/wp\/v2\/pages\/1849\/revisions"}],"predecessor-version":[{"id":31118,"href":"https:\/\/www.topohvar.at\/topo\/wp-json\/wp\/v2\/pages\/1849\/revisions\/31118"}],"up":[{"embeddable":true,"href":"https:\/\/www.topohvar.at\/topo\/wp-json\/wp\/v2\/pages\/68"}],"wp:attachment":[{"href":"https:\/\/www.topohvar.at\/topo\/wp-json\/wp\/v2\/media?parent=1849"}],"curies":[{"name":"wp","href":"https:\/\/api.w.org\/{rel}","templated":true}]}}