{"id":18802,"date":"2019-01-24T09:57:43","date_gmt":"2019-01-24T08:57:43","guid":{"rendered":"https:\/\/www.topohvar.at\/?page_id=18802"},"modified":"2024-11-01T15:18:40","modified_gmt":"2024-11-01T14:18:40","slug":"sg-op-08-1","status":"publish","type":"page","link":"https:\/\/www.topohvar.at\/topo\/orte\/sg\/sg-op-08-1\/","title":{"rendered":"STARI GRAD &#8211; Bunar (08) u ljetnikovca Hanibal Lu\u010di\u0107a"},"content":{"rendered":"<p><a name=\"seite_oben\"><br \/>\n<\/a><img loading=\"lazy\" decoding=\"async\" class=\"alignnone wp-image-18817 size-large\" src=\"https:\/\/www.topohvar.at\/wp-content\/uploads\/2019\/01\/sg-op-08-2-1024x503.jpg\" alt=\"\" width=\"640\" height=\"314\" srcset=\"https:\/\/www.topohvar.at\/wp-content\/uploads\/2019\/01\/sg-op-08-2-1024x503.jpg 1024w, https:\/\/www.topohvar.at\/wp-content\/uploads\/2019\/01\/sg-op-08-2-300x147.jpg 300w, https:\/\/www.topohvar.at\/wp-content\/uploads\/2019\/01\/sg-op-08-2-768x377.jpg 768w, https:\/\/www.topohvar.at\/wp-content\/uploads\/2019\/01\/sg-op-08-2.jpg 1080w\" sizes=\"auto, (max-width: 640px) 100vw, 640px\" \/><\/p>\n<p><strong>Ime \/ Name<br \/>\n<\/strong>Bunar (08) u ljetnikovca Hanibal Lu\u010di\u0107a \/ Brunnen (08) im Sommerhaus des Hanibal Lu\u010di\u0107<\/p>\n<p><strong>Code: <\/strong>SG-OP-08\u00a0 \u00a0 \u00a0 \u00a0 \u00a0 \u00a0 \u00a0 \u00a0 \u00a0 \u00a0 \u00a0 \u00a0 \u00a0 \u00a0 \u00a0 \u00a0 \u00a0 <a href=\"https:\/\/www.topohvar.at\/orte\/sg\/sg-op-00-1\/\"><img loading=\"lazy\" decoding=\"async\" class=\"alignnone wp-image-12300 size-full\" src=\"https:\/\/www.topohvar.at\/wp-content\/uploads\/2018\/09\/push-vor-30.jpg\" alt=\"\" width=\"61\" height=\"30\" \/><\/a>\u00a0<strong><a href=\"https:\/\/www.topohvar.at\/orte\/sg\/sg-op-ki-1\/\"><img loading=\"lazy\" decoding=\"async\" class=\"alignnone wp-image-533 size-full\" src=\"https:\/\/www.topohvar.at\/wp-content\/uploads\/2018\/07\/push-l-30.jpg\" alt=\"\" width=\"61\" height=\"30\" \/><\/a> <a href=\"https:\/\/www.topohvar.at\/orte\/sg\/\"><img loading=\"lazy\" decoding=\"async\" class=\"alignnone wp-image-535 size-full\" src=\"https:\/\/www.topohvar.at\/wp-content\/uploads\/2018\/07\/push-o-30.jpg\" alt=\"\" width=\"61\" height=\"30\" \/><\/a> <a href=\"https:\/\/www.topohvar.at\/orte\/sg\/sg-op-05-2\/\"><img loading=\"lazy\" decoding=\"async\" class=\"alignnone wp-image-536 size-full\" src=\"https:\/\/www.topohvar.at\/wp-content\/uploads\/2018\/07\/push-r-30.jpg\" alt=\"\" width=\"61\" height=\"30\" \/><\/a>\u00a0<\/strong><\/p>\n<hr \/>\n<p><strong>Adresa \/ Adresse<br \/>\n<\/strong>Stari Grad, Biskupija 7<\/p>\n<p><strong>Lokacija \/ Position<a href=\"https:\/\/goo.gl\/maps\/VUJEcqAFB2qT1BVP6\"><img loading=\"lazy\" decoding=\"async\" class=\"alignright wp-image-4430\" src=\"https:\/\/www.topohvar.at\/wp-content\/uploads\/2018\/08\/0632.jpg\" alt=\"\" width=\"134\" height=\"100\" \/><\/a><br \/>\n<\/strong><span style=\"color: #3366ff;\"><a style=\"color: #3366ff;\" href=\"https:\/\/goo.gl\/maps\/VUJEcqAFB2qT1BVP6\">Latitude: N 43,18340\u00b0\u00a0 \u00a0Longitude: E 16,59664\u00b0<\/a> <\/span><strong><br \/>\n<\/strong>Visina \/ H\u00f6he: 4 m<\/p>\n<p><strong>Katastarska \u010destica \/ Grundst\u00fccke<br \/>\n<\/strong>*184<div class='content-column one_half'><div style=\"padding-right:6px;\"><p><strong>Datum snimanja \/ Erfassungsdatum<br \/>\n<\/strong>25.05.2013 17:57:26<\/p>\n<hr \/>\n<p><strong>Informacije<\/strong><\/p>\n<p>Zgrade su u velikoj mjeri preure\u0111ene u 19. i 20. stolje\u0107u. Najo\u010duvanije je dvori\u0161te s terasom na konzolama i krunom bunara u sredi\u0161tu dvori\u0161ta.<\/p><\/div><\/div><div class='content-column one_half last_column'><div style=\"padding-right:0px;padding-left:6px;\"><p><strong>Stupanj za\u0161tite \/ Schutzstellung<br \/>\n<\/strong>RST-0017<\/p>\n<hr \/>\n<p><strong>Info<\/strong><\/p>\n<p>Im 19. Und 20, Jh. wurden die Geb\u00e4ude weitgehend umgestaltet. Am besten erhalten ist der Innenhof mit Terrasse auf Konsolen und die Brunnenkrone in der Mitte des Hofes.<\/p><\/div><\/div><div class='clear_column'><\/div><img loading=\"lazy\" decoding=\"async\" class=\"aligncenter size-full wp-image-69762\" src=\"https:\/\/www.topohvar.at\/wp-content\/uploads\/2024\/11\/sg-op-08-20.jpg\" alt=\"\" width=\"430\" height=\"530\" srcset=\"https:\/\/www.topohvar.at\/wp-content\/uploads\/2024\/11\/sg-op-08-20.jpg 430w, https:\/\/www.topohvar.at\/wp-content\/uploads\/2024\/11\/sg-op-08-20-243x300.jpg 243w\" sizes=\"auto, (max-width: 430px) 100vw, 430px\" \/><\/p>\n<p style=\"text-align: right;\"><a href=\"#seite_oben\">natrag na vrh \/ Seitenanfang<\/a><\/p>\n<hr \/>\n<p><strong>Linkovi \/ Links<\/strong><\/p>\n<p><span style=\"color: #3366ff;\"><a style=\"color: #3366ff;\" href=\"https:\/\/www.topohvar.at\/topo\/sg-tg-08-1\/\">Ljetnikovac Hanibal Lu\u010di\u0107a \/ Sommerhaus des Hanibal Lu\u010di\u0107<\/a><\/span><\/p>\n","protected":false},"excerpt":{"rendered":"<p>Ime \/ Name Bunar (08) u ljetnikovca Hanibal Lu\u010di\u0107a \/ Brunnen (08) im Sommerhaus des Hanibal Lu\u010di\u0107 Code: SG-OP-08\u00a0 \u00a0 \u00a0 \u00a0 \u00a0 \u00a0 \u00a0 \u00a0 \u00a0 \u00a0 \u00a0 \u00a0 \u00a0 \u00a0 \u00a0 \u00a0 \u00a0 \u00a0 \u00a0 Adresa \/ Adresse &hellip; <a href=\"https:\/\/www.topohvar.at\/topo\/orte\/sg\/sg-op-08-1\/\">Weiterlesen <span class=\"meta-nav\">&rarr;<\/span><\/a><\/p>\n","protected":false},"author":1,"featured_media":0,"parent":99,"menu_order":0,"comment_status":"closed","ping_status":"closed","template":"","meta":{"footnotes":""},"class_list":["post-18802","page","type-page","status-publish","hentry"],"_links":{"self":[{"href":"https:\/\/www.topohvar.at\/topo\/wp-json\/wp\/v2\/pages\/18802","targetHints":{"allow":["GET"]}}],"collection":[{"href":"https:\/\/www.topohvar.at\/topo\/wp-json\/wp\/v2\/pages"}],"about":[{"href":"https:\/\/www.topohvar.at\/topo\/wp-json\/wp\/v2\/types\/page"}],"author":[{"embeddable":true,"href":"https:\/\/www.topohvar.at\/topo\/wp-json\/wp\/v2\/users\/1"}],"replies":[{"embeddable":true,"href":"https:\/\/www.topohvar.at\/topo\/wp-json\/wp\/v2\/comments?post=18802"}],"version-history":[{"count":21,"href":"https:\/\/www.topohvar.at\/topo\/wp-json\/wp\/v2\/pages\/18802\/revisions"}],"predecessor-version":[{"id":69764,"href":"https:\/\/www.topohvar.at\/topo\/wp-json\/wp\/v2\/pages\/18802\/revisions\/69764"}],"up":[{"embeddable":true,"href":"https:\/\/www.topohvar.at\/topo\/wp-json\/wp\/v2\/pages\/99"}],"wp:attachment":[{"href":"https:\/\/www.topohvar.at\/topo\/wp-json\/wp\/v2\/media?parent=18802"}],"curies":[{"name":"wp","href":"https:\/\/api.w.org\/{rel}","templated":true}]}}