{"id":19357,"date":"2019-01-25T18:50:37","date_gmt":"2019-01-25T17:50:37","guid":{"rendered":"https:\/\/www.topohvar.at\/?page_id=19357"},"modified":"2025-06-11T13:26:06","modified_gmt":"2025-06-11T11:26:06","slug":"orte","status":"publish","type":"page","link":"https:\/\/www.topohvar.at\/topo\/orte\/","title":{"rendered":"Mjesta \/ Orte"},"content":{"rendered":"<p><a name=\"seite_oben\"><\/a><\/p>\r\n<hr \/>\r\n<div class='content-column one_half'><div style=\"padding-right:6px;\"><p><strong>Otok Hvar<\/strong> pripada Splitsko-dalmatinskoj \u017eupaniji. Politi\u010dki, otokom upravljaju 2 grada (Grad Hvar, Grad Stari Grad) i 2 op\u0107ine (Op\u0107ina Jelsa, Op\u0107ina Su\u0107uraj).<\/p><\/div><\/div><div class='content-column one_half last_column'><div style=\"padding-right:0px;padding-left:6px;\"><p><strong>Die Insel Hvar<\/strong> geh\u00f6rt zur Gespanschaft Split-Dalmatien. Politisch wird die Insel von 2 St\u00e4dten (Stadt Hvar, Stadt Stari Grad) und 2 Gemeinden (Gemeinde Jelsa, Gemeinde Su\u0107uraj) verwaltet.<\/p><\/div><\/div><div class='clear_column'><\/div><div class='content-column one_half'><div style=\"padding-right:6px;\"><p>Izbornik s desne strane vodi vas direktno do pojedinih naselja na otoku.<\/p><\/div><\/div><div class='content-column one_half last_column'><div style=\"padding-right:0px;padding-left:6px;\"><p>\u00dcber das Men\u00fc auf der rechten Seite gelangt man direkt zu den einzelnen Siedlungen der Insel.<\/p><\/div><\/div><div class='clear_column'><\/div><\/p>\r\n<p><a href=\"https:\/\/www.topohvar.at\/wp-content\/uploads\/2022\/10\/otok-hvar_orte.jpg\"><img loading=\"lazy\" decoding=\"async\" class=\"aligncenter wp-image-61402 size-full\" src=\"https:\/\/www.topohvar.at\/wp-content\/uploads\/2022\/10\/otok-hvar_orte.jpg\" alt=\"\" width=\"1080\" height=\"284\" srcset=\"https:\/\/www.topohvar.at\/wp-content\/uploads\/2022\/10\/otok-hvar_orte.jpg 1080w, https:\/\/www.topohvar.at\/wp-content\/uploads\/2022\/10\/otok-hvar_orte-300x79.jpg 300w, https:\/\/www.topohvar.at\/wp-content\/uploads\/2022\/10\/otok-hvar_orte-1024x269.jpg 1024w, https:\/\/www.topohvar.at\/wp-content\/uploads\/2022\/10\/otok-hvar_orte-768x202.jpg 768w\" sizes=\"auto, (max-width: 1080px) 100vw, 1080px\" \/><\/a><\/p>\r\n<hr \/>\r\n<div class='content-column one_fourth'><div style=\"padding-right:6px;\"><h5 style=\"width: 150px; background-color: #f59f9f; padding: 5px 0px 5px 5px;\"><strong>Grad Hvar<\/strong> ima 8 gradskih naselja: \/<br \/>Zur <strong>Stadt Hvar<\/strong> geh\u00f6ren 8 Siedlungen:<br \/><br \/>1\u00a0 <a href=\"https:\/\/www.topohvar.at\/topo\/orte\/hv\/\">Grad Hvar<\/a><br \/>2 <a href=\"https:\/\/www.topohvar.at\/topo\/orte\/br\/\">Brusje<\/a><br \/>3\u00a0 <a href=\"https:\/\/www.topohvar.at\/topo\/orte\/mi\/\">Milna<\/a><br \/>4\u00a0 <a href=\"https:\/\/www.topohvar.at\/topo\/orte\/gm\/\">Malo Grablje<\/a><br \/>5\u00a0 <a href=\"https:\/\/www.topohvar.at\/topo\/orte\/gv\/\">Velo Grablje<\/a><br \/>6\u00a0 <a href=\"https:\/\/www.topohvar.at\/topo\/orte\/zr\/\">Zara\u0107e<\/a><br \/>7\u00a0 <a href=\"https:\/\/www.topohvar.at\/topo\/orte\/sn\/\">Sveta Nedjelja<\/a><br \/>8\u00a0 <a href=\"https:\/\/www.topohvar.at\/topo\/orte\/ja\/\">Jagodna<\/a><br \/><br \/><br \/><br \/><br \/><br \/>Gradu Hvaru pripadaju i sljede\u0107i otoci:\u00a0<br \/>Zur Stadt Hvar geh\u00f6ren auch folgende Inseln:<br \/><br \/>9\u00a0 <a href=\"https:\/\/www.topohvar.at\/topo\/orte\/op\/\">Arhipelag paklenih otoka<\/a><br \/>10 <a href=\"https:\/\/www.topohvar.at\/topo\/orte\/od\/\">Oto\u010di\u0107 Duga<\/a><br \/>11 <a href=\"https:\/\/www.topohvar.at\/topo\/orte\/ol\/\">Oto\u010di\u0107i (Hridi) Lukavci<\/a><\/h5><\/div><\/div><div class='content-column one_fourth'><div style=\"padding-right:6px;\"><h5 style=\"width: 150px; background-color: #f2eca5; padding: 5px 0px 5px 5px;\">Gradu <strong>Stari Grad<\/strong> pripada 5 naselja: \/\u00a0 \u00a0\u00a0<br \/>Zur Stadt <strong>Stari Grad<\/strong> geh\u00f6ren 5 Siedlungen:<br \/><br \/>12 <a href=\"https:\/\/www.topohvar.at\/topo\/orte\/sg\/\">Grad Stari Grad<\/a><br \/>13 <a href=\"https:\/\/www.topohvar.at\/topo\/orte\/ru\/\">Rudina<\/a><br \/>14 <a href=\"https:\/\/www.topohvar.at\/topo\/orte\/sa\/\">Selca kod Starog Grada<\/a><br \/>15 <a href=\"https:\/\/www.topohvar.at\/topo\/orte\/do\/\">Dol<\/a><br \/>16 <a href=\"https:\/\/www.topohvar.at\/topo\/orte\/vj\/\">Vrbanj<\/a><\/h5><\/div><\/div><div class='content-column one_fourth'><div style=\"padding-right:6px;\"><h5 style=\"width: 155px; background-color: #b9fa78; padding: 5px 0px 5px 5px;\">U op\u0107ini <strong>Jelsa<\/strong> nalazi se 12 naselja: \/<br \/>In der Gemeinde <strong>Jelsa<\/strong> gibt es 12 Siedlungen:<br \/><br \/>17 <a href=\"https:\/\/www.topohvar.at\/topo\/orte\/je\/\">Jelsa<\/a><br \/>18 <a href=\"https:\/\/www.topohvar.at\/topo\/orte\/va\/\">Vrboska<\/a><br \/>19\u00a0<a href=\"https:\/\/www.topohvar.at\/topo\/orte\/sv\/\">Svir\u010de<\/a><br \/>20 <a href=\"https:\/\/www.topohvar.at\/topo\/orte\/vk\/\">Vrisnik<\/a><br \/>21 <a href=\"https:\/\/www.topohvar.at\/topo\/orte\/id\/\">Ivan Dolac<\/a><br \/>22 <a href=\"https:\/\/www.topohvar.at\/topo\/orte\/pi\/\">Pitve<\/a><br \/>23 <a href=\"https:\/\/www.topohvar.at\/topo\/orte\/zv\/\">Zavala<\/a><br \/>24 <a href=\"https:\/\/www.topohvar.at\/topo\/orte\/gd\/\">Gromin Dolac<\/a><br \/>27 <a href=\"https:\/\/www.topohvar.at\/topo\/orte\/hu\/\">Humac<\/a><br \/>28 <a href=\"https:\/\/www.topohvar.at\/topo\/orte\/po\/\">Poljica<\/a><br \/>29\u00a0<a href=\"https:\/\/www.topohvar.at\/topo\/orte\/za\/\">Zastra\u017ei\u0161\u0107e<\/a><br \/>30 <a href=\"https:\/\/www.topohvar.at\/topo\/orte\/gj\/\">Gdinj<\/a><br \/><br \/>Nadalje, u ovoj publikaciji posebno su opisani sljede\u0107i zaseoci u op\u0107ini Jelsa: \/<br \/>Weiters wurden in dieser Publikation noch folgende Weiler in der Gemeinde Jelsa gesondert beschrieben:<br \/><br \/>25 <a href=\"https:\/\/www.topohvar.at\/topo\/orte\/vh\/\">Vrh<\/a><br \/>26 <a href=\"https:\/\/www.topohvar.at\/topo\/orte\/pr\/\">Prapatna<\/a><br \/><br \/>Op\u0107ini Jelsa pripadaju i sljede\u0107i otoci: \/<br \/>Zur Gemeinde Jelsa geh\u00f6ren auch folgende Inseln:<br \/><br \/>31 <a href=\"https:\/\/www.topohvar.at\/topo\/orte\/oz\/\">Otok Ze\u010devo-Vrboske<\/a><br \/>32\u00a0<a href=\"https:\/\/www.topohvar.at\/topo\/orte\/os\/\" aria-current=\"page\">Otok \u0160\u0107edro<\/a><\/h5><\/div><\/div><div class='content-column one_fourth last_column'><div style=\"padding-right:0px;padding-left:6px;\"><h5 style=\"width: 155px; background-color: #ffdc52; padding: 5px 0px 5px 5px;\">U op\u0107ini <strong>Su\u0107uraj<\/strong> nalazi se 3 naselja: \/<br \/>Zur Gemeinde <strong>Su\u0107uraj<\/strong> geh\u00f6ren 3 Siedlungen:<br \/><br \/>33\u00a0<a href=\"https:\/\/www.topohvar.at\/topo\/orte\/su\/\">Su\u0107uraj<\/a><br \/>34\u00a0<a href=\"https:\/\/www.topohvar.at\/topo\/orte\/bo\/\">Bogomolje<\/a><br \/>35\u00a0<a href=\"https:\/\/www.topohvar.at\/topo\/orte\/sb\/\">Selca kod Bogomolja<\/a><\/h5><\/div><\/div><div class='clear_column'><\/div><\/p>\r\n<hr \/>\r\n<div class='content-column one_half'><div style=\"padding-right:6px;\"><p>Otok Hvar podijeljen je na <strong>15 katastarskih zajednica<\/strong>. Pojedini lokaliteti nisu uvijek posebne katastarske zajednice. Ovo je va\u017eno jer svojstva (brojevi posjeda) zabilje\u017eena za pojedine objekte na lokalitetu mogu pripadati drugoj katastarskoj zajednici.<\/p><\/div><\/div><div class='content-column one_half last_column'><div style=\"padding-right:0px;padding-left:6px;\"><p>Die Insel Hvar ist in <strong>15 Katastralgemeinde<\/strong>n unterteilt. Die einzelnen Ortschaften sind nicht immer auch eigene Katastralgemeinden. Dies ist insofern wichtig, als in einer Ortschaft die bei den einzelnen Objekten vermerkten Grundst\u00fccke (Grundst\u00fccksnummern) zu einer anderen Katastralgemeinde geh\u00f6ren k\u00f6nnen.<\/p><\/div><\/div><div class='clear_column'><\/div><\/p>\r\n<p><img loading=\"lazy\" decoding=\"async\" class=\"alignnone wp-image-60473 size-large\" src=\"https:\/\/www.topohvar.at\/wp-content\/uploads\/2022\/08\/otok-hvar-katast-1024x270.jpg\" alt=\"\" width=\"640\" height=\"169\" srcset=\"https:\/\/www.topohvar.at\/wp-content\/uploads\/2022\/08\/otok-hvar-katast-1024x270.jpg 1024w, https:\/\/www.topohvar.at\/wp-content\/uploads\/2022\/08\/otok-hvar-katast-300x79.jpg 300w, https:\/\/www.topohvar.at\/wp-content\/uploads\/2022\/08\/otok-hvar-katast-768x203.jpg 768w, https:\/\/www.topohvar.at\/wp-content\/uploads\/2022\/08\/otok-hvar-katast.jpg 1080w\" sizes=\"auto, (max-width: 640px) 100vw, 640px\" \/><\/p>\r\n<hr \/>\r\n<div class='content-column one_fourth'><div style=\"padding-right:6px;\"><h5 style=\"width: 150px; background-color: #f59f9f; padding: 5px 0px 5px 5px;\">Za podru\u010dje <strong>grada<\/strong> (op\u0107ine) <strong>Hvara<\/strong> vrijedi: \/<br \/>F\u00fcr den Bereich der <strong>Stadt<\/strong> (Stadtgemeinde) <strong>Hvar<\/strong> gilt:<br \/><br \/>Sopstvene katastarske zajednice su: \/<br \/>Eigene Katastralgemeinden:<br \/><br \/>1\u00a0 Grad Hvar<br \/>2 Brusje<br \/>3\u00a0 Grablje<br \/><br \/><br \/><br \/><br \/><br \/>Milna, otok Duga, oto\u010dni arhipelag Paklenica i hridi Lukavci pripadaju katastarskoj op\u0107ini Hvar. \/<br \/>Milna, die Inseln Duga,\u00a0 Pakleni und die Riffe Lukavci geh\u00f6ren zur Katastralgemeinde Hvar.<br \/><br \/>Malo Grablje, Velo Grablje i Zarace pripadaju katastarskoj op\u0107ini Grablje. \/<br \/>Malo Grablje, Velo Grablje und Zarace geh\u00f6ren zur Katastralgemeinde Grablje.\u00a0<\/h5>\r\n<h5 style=\"width: 150px; background-color: #b9fa78; padding: 5px 0px 5px 5px;\">Sveta Nedjelja i Jagodna pripadaju katastarskoj op\u0107ini Svir\u010de. \/<br \/>Sveta Nedjelja und Jagodna geh\u00f6ren zur Katastralgemeinde Svir\u010de.<\/h5><\/div><\/div><div class='content-column one_fourth'><div style=\"padding-right:6px;\"><h5 style=\"width: 150px; background-color: #f2eca5; padding: 5px 0px 5px 5px;\">Za podru\u010dje grada (op\u0107ine) <strong>Stari Grad<\/strong> vrijedi: \/<br \/>F\u00fcr die Stadtgemeinde <strong>Stari Grad<\/strong> gilt:<br \/><br \/>Sopstvene katastarske zajednice su: \/<br \/>Eigene Katastralgemeinden:<br \/><br \/>4 Stari Grad<br \/>5 Dol<br \/>6 Vrbanj<br \/><br \/><br \/><br \/><br \/><br \/>Rudina i Selca kod Starog Grada pripadaju katastarskoj op\u0107ini Stari Grad. \/<br \/>Rudina und Selca kod Staro Grada geh\u00f6ren zur Katastralgemeinde Stari Grad.<\/h5><\/div><\/div><div class='content-column one_fourth'><div style=\"padding-right:6px;\"><h5 style=\"width: 155px; background-color: #b9fa78; padding: 5px 0px 5px 5px;\">Za podru\u010dje op\u0107ine <strong>Jelsa<\/strong> vrijedi: \/<br \/>F\u00fcr den Bereich der Gemeinde <strong>Jelsa<\/strong> gilt:<br \/><br \/><br \/>Sopstvene katastarske zajednice su: \/<br \/>Eigene Katastralgemeinden sind:<br \/><br \/>7\u00a0 Jelsa<br \/>8\u00a0 Vrboska<br \/>9\u00a0 Svir\u010de<br \/>10 Vrisnik<br \/>11 Pitve<br \/>12 Zastra\u017ei\u0161\u0107e<br \/>13 Gdinj<br \/><br \/>Gromin Dolac, Humac, Prapatna i dijelovi Vrha pripadaju katastarskoj op\u0107ini Jelsa. \/<br \/>Gromin Dolac, Humac, Prapatna und Teile von Vrh geh\u00f6ren zur Katastralgemeinde Jelsa.<br \/><br \/>Ivan Dolac pripada katastarskoj op\u0107ini Vrisnik. \/<br \/>Ivan Dolac geh\u00f6rt zur Katastralgemeinde Vrisnik.<br \/><br \/>Zavala, otok \u0160\u0107edro i dijelovi Vrha pripadaju katastarskoj op\u0107ini Pitve. \/<br \/>Zavala, die Insel \u0160\u0107edro und Teile von Vrh geh\u00f6ren zur Katastralgemeinde Pitve.<br \/><br \/>Poljica pripadaju katastarskoj op\u0107ini Zastra\u017ei\u0161\u0107e. \/<br \/>Poljica geh\u00f6rt zur Katastralgemeinde Zastra\u017ei\u0161\u0107e.<br \/><br \/>Otok Ze\u010devo pripada katastarskoj op\u0107ini Vrboska. \/<br \/>Die Insel Ze\u010devo geh\u00f6rt zur Katastralgemeinde Vrboska.<\/h5><\/div><\/div><div class='content-column one_fourth last_column'><div style=\"padding-right:0px;padding-left:6px;\"><h5 style=\"width: 155px; background-color: #ffdc52; padding: 5px 0px 5px 5px;\">Za podru\u010dje op\u0107ine <strong>Su\u0107uraj<\/strong> vrijedi: \/<br \/>F\u00fcr den Bereich der Gemeinde <strong>Su\u0107uraj<\/strong> gilt:<br \/><br \/><br \/>Sopstvene katastarske zajednice su: \/<br \/>Eigene Katastralgemeinden sind:<br \/><br \/>14 Bogomolje<br \/>15 Su\u0107uraj<br \/><br \/><br \/><br \/><br \/><br \/><br \/>Selca kod Bogomolje pripada katastarskoj op\u0107ini Bogomolje. \/<br \/>Selca kod Bogomolje geh\u00f6rt zur Katastralgemeinde Bogomolje.<\/h5><\/div><\/div><div class='clear_column'><\/div><\/p>\r\n<p style=\"text-align: center;\">Ivor \/ Quelle:<br \/>Geoportal DGU, digitalni katastarski plan (DKP)<\/p>\r\n<hr \/>\r\n<p style=\"text-align: right;\"><span style=\"color: #3366ff;\"><a style=\"color: #3366ff;\" href=\"#seite_oben\">natrag na vrh \/ Seitenanfang<\/a><\/span><\/p>","protected":false},"excerpt":{"rendered":"<p>Ivor \/ Quelle:Geoportal DGU, digitalni katastarski plan (DKP) natrag na vrh \/ Seitenanfang<\/p>\n","protected":false},"author":1,"featured_media":0,"parent":0,"menu_order":0,"comment_status":"closed","ping_status":"closed","template":"","meta":{"footnotes":""},"class_list":["post-19357","page","type-page","status-publish","hentry"],"_links":{"self":[{"href":"https:\/\/www.topohvar.at\/topo\/wp-json\/wp\/v2\/pages\/19357","targetHints":{"allow":["GET"]}}],"collection":[{"href":"https:\/\/www.topohvar.at\/topo\/wp-json\/wp\/v2\/pages"}],"about":[{"href":"https:\/\/www.topohvar.at\/topo\/wp-json\/wp\/v2\/types\/page"}],"author":[{"embeddable":true,"href":"https:\/\/www.topohvar.at\/topo\/wp-json\/wp\/v2\/users\/1"}],"replies":[{"embeddable":true,"href":"https:\/\/www.topohvar.at\/topo\/wp-json\/wp\/v2\/comments?post=19357"}],"version-history":[{"count":129,"href":"https:\/\/www.topohvar.at\/topo\/wp-json\/wp\/v2\/pages\/19357\/revisions"}],"predecessor-version":[{"id":72676,"href":"https:\/\/www.topohvar.at\/topo\/wp-json\/wp\/v2\/pages\/19357\/revisions\/72676"}],"wp:attachment":[{"href":"https:\/\/www.topohvar.at\/topo\/wp-json\/wp\/v2\/media?parent=19357"}],"curies":[{"name":"wp","href":"https:\/\/api.w.org\/{rel}","templated":true}]}}