{"id":19382,"date":"2019-01-27T07:21:38","date_gmt":"2019-01-27T06:21:38","guid":{"rendered":"https:\/\/www.topohvar.at\/?page_id=19382"},"modified":"2022-02-09T18:32:24","modified_gmt":"2022-02-09T17:32:24","slug":"hv-pv-02-1","status":"publish","type":"page","link":"https:\/\/www.topohvar.at\/topo\/orte\/hv\/hv-pv-02-1\/","title":{"rendered":"HVAR &#8211; Povodni arheolo\u0161ki lokalitet \u00bbanti\u010dki brodolom (2)\u00ab"},"content":{"rendered":"<p style=\"text-align: center;\"><img loading=\"lazy\" decoding=\"async\" class=\"aligncenter wp-image-31380 size-full\" src=\"https:\/\/www.topohvar.at\/wp-content\/uploads\/2020\/02\/hv-pv-02-1.jpg\" alt=\"\" width=\"640\" height=\"315\" \/><em>(foto iz arhiva KO Split)<\/em><\/p>\n<p><strong>Ime \/ Name<br \/>\n<\/strong>Povodni arheolo\u0161ki lokalitet \u00bbanti\u010dki brodolom (2)\u00ab \/ Arch\u00e4ologische St\u00e4tte &#8211; antikes Schiffswrack (2)<\/p>\n<p><strong>Code: <\/strong>HV-PV-02\u00a0 \u00a0 \u00a0 \u00a0 \u00a0 \u00a0 \u00a0 \u00a0 \u00a0 \u00a0 \u00a0 \u00a0 \u00a0 \u00a0 \u00a0 \u00a0 \u00a0 \u00a0 \u00a0<strong><a href=\"https:\/\/www.topohvar.at\/orte\/hv\/hv-pv-01-1\/\"><img loading=\"lazy\" decoding=\"async\" class=\"alignnone wp-image-533 size-full\" src=\"https:\/\/www.topohvar.at\/wp-content\/uploads\/2018\/07\/push-l-30.jpg\" alt=\"\" width=\"61\" height=\"30\" \/><\/a> <a href=\"https:\/\/www.topohvar.at\/orte\/hv\/\"><img loading=\"lazy\" decoding=\"async\" class=\"alignnone wp-image-535 size-full\" src=\"https:\/\/www.topohvar.at\/wp-content\/uploads\/2018\/07\/push-o-30.jpg\" alt=\"\" width=\"61\" height=\"30\" \/><\/a> <a href=\"https:\/\/www.topohvar.at\/orte\/hv\/hv-pg-00-0\/\"><img loading=\"lazy\" decoding=\"async\" class=\"alignnone wp-image-536 size-full\" src=\"https:\/\/www.topohvar.at\/wp-content\/uploads\/2018\/07\/push-r-30.jpg\" alt=\"\" width=\"61\" height=\"30\" \/><\/a>\u00a0<\/strong><\/p>\n<hr \/>\n<p><strong>Adresa \/ Adresse<br \/>\n<\/strong>Hvar, Rt. Pelegrin, more<\/p>\n<p><strong>Lokalna polo\u017eaj \/ Position<a href=\"https:\/\/goo.gl\/maps\/v6zxYExkkKCGH9NV9\"><img loading=\"lazy\" decoding=\"async\" class=\"alignright wp-image-19385\" src=\"https:\/\/www.topohvar.at\/wp-content\/uploads\/2019\/01\/1291.jpg\" alt=\"\" width=\"133\" height=\"100\" \/><\/a><br \/>\n<\/strong><span style=\"color: #3366ff;\"><a style=\"color: #3366ff;\" href=\"https:\/\/goo.gl\/maps\/v6zxYExkkKCGH9NV9\">Latitude: N 43,19472\u00b0\u00a0 \u00a0Longitude: E 16,37111\u00b0 <\/a><\/span><strong><br \/>\n<\/strong>Visina \/ H\u00f6he: -0 m<\/p>\n<p><strong>Zemlji\u0161te \/ Grundst\u00fccke<br \/>\n<\/strong>&#8211;<div class='content-column one_half'><div style=\"padding-right:6px;\"><p><strong>Datum snimanja \/ Erfassungsdatum<br \/>\n<\/strong>01.01.2000 00:00:00<\/p>\n<hr \/>\n<p><strong>Informacije<\/strong><\/p>\n<p>U maloj uvali, u blizini svjetionika, oko 20 m, na prijelazu iz kamenog u pje\u0161\u010dano dno, nalaze se ostaci brodoloma. Po povr\u0161ini su razbacani ostaci razbijenih amfora i drugog kerami\u010dkog posu\u0111a. Lokacija nikad nije bila cjelovito istra\u017eivana. Tipologija amfora nije odre\u0111ena. Kerami\u010dko posu\u0111e je isto\u010dnomediteranskog porijekla. Brodolom se datira u 1 st. po Kr. Dio tereta je jo\u0161 pod pijeskom, a tu su i drveni ostaci brodske konstrukcije.<\/p><\/div><\/div><div class='content-column one_half last_column'><div style=\"padding-right:0px;padding-left:6px;\"><p><strong>Za\u0161titni polo\u017eaj \/ Schutzstellung<br \/>\n<\/strong>Z-0229<strong><br \/>\n<\/strong><\/p>\n<hr \/>\n<p><strong>Info<\/strong><\/p>\n<p>Das Schiffswrack befindet sich in der kleinen Bucht in der N\u00e4he des Leuchtturms, etwa 20 m, vom \u00dcbergang vom Felsen zum Sandboden. \u00dcberreste von zerbrochenen Amphoren und anderen Keramikgef\u00e4\u00dfen sind auf der Oberfl\u00e4che verstreut. Der Ort wurde noch nie vollst\u00e4ndig erkundet. Die Typologie der Amphoren wurde nicht bestimmt. Das Keramikkochgeschirr ist \u00f6stlichen mediterranen Ursprungs. Das Schiffswrack stammt aus dem 1. Jahrhundert nach Christus. Ein Teil der Ladung befindet sich noch unter dem Sand, und es gibt Holzreste der Schiffsstruktur.<\/p><\/div><\/div><div class='clear_column'><\/div><\/p>\n<hr \/>\n<p><strong>Linkovi \/ Links<\/strong><\/p>\n<p><span style=\"color: #3366ff;\">&#8211;<\/span><\/p>\n","protected":false},"excerpt":{"rendered":"<p>(foto iz arhiva KO Split) Ime \/ Name Povodni arheolo\u0161ki lokalitet \u00bbanti\u010dki brodolom (2)\u00ab \/ Arch\u00e4ologische St\u00e4tte &#8211; antikes Schiffswrack (2) Code: HV-PV-02\u00a0 \u00a0 \u00a0 \u00a0 \u00a0 \u00a0 \u00a0 \u00a0 \u00a0 \u00a0 \u00a0 \u00a0 \u00a0 \u00a0 \u00a0 \u00a0 \u00a0 \u00a0 &hellip; <a href=\"https:\/\/www.topohvar.at\/topo\/orte\/hv\/hv-pv-02-1\/\">Weiterlesen <span class=\"meta-nav\">&rarr;<\/span><\/a><\/p>\n","protected":false},"author":1,"featured_media":0,"parent":80,"menu_order":0,"comment_status":"closed","ping_status":"closed","template":"","meta":{"footnotes":""},"class_list":["post-19382","page","type-page","status-publish","hentry"],"_links":{"self":[{"href":"https:\/\/www.topohvar.at\/topo\/wp-json\/wp\/v2\/pages\/19382","targetHints":{"allow":["GET"]}}],"collection":[{"href":"https:\/\/www.topohvar.at\/topo\/wp-json\/wp\/v2\/pages"}],"about":[{"href":"https:\/\/www.topohvar.at\/topo\/wp-json\/wp\/v2\/types\/page"}],"author":[{"embeddable":true,"href":"https:\/\/www.topohvar.at\/topo\/wp-json\/wp\/v2\/users\/1"}],"replies":[{"embeddable":true,"href":"https:\/\/www.topohvar.at\/topo\/wp-json\/wp\/v2\/comments?post=19382"}],"version-history":[{"count":11,"href":"https:\/\/www.topohvar.at\/topo\/wp-json\/wp\/v2\/pages\/19382\/revisions"}],"predecessor-version":[{"id":57170,"href":"https:\/\/www.topohvar.at\/topo\/wp-json\/wp\/v2\/pages\/19382\/revisions\/57170"}],"up":[{"embeddable":true,"href":"https:\/\/www.topohvar.at\/topo\/wp-json\/wp\/v2\/pages\/80"}],"wp:attachment":[{"href":"https:\/\/www.topohvar.at\/topo\/wp-json\/wp\/v2\/media?parent=19382"}],"curies":[{"name":"wp","href":"https:\/\/api.w.org\/{rel}","templated":true}]}}